{"id":35020,"date":"2023-05-15T13:12:09","date_gmt":"2023-05-15T11:12:09","guid":{"rendered":"https:\/\/www.ynova.be\/?post_type=product&#038;p=35020"},"modified":"2023-05-15T13:12:11","modified_gmt":"2023-05-15T11:12:11","slug":"ep-whl-005","status":"publish","type":"product","link":"https:\/\/www.ynova.be\/en\/product\/ep-whl-005\/","title":{"rendered":"Viewsonic EP-WHL-005 wheel Kit for the kiosks"},"content":{"rendered":"<h2>Product overview<\/h2>\n<p>The wheel kit EP-WHL-005 is an essential accessory for the kiosks digital ViewSonic\u00ae EP5520, EP5520T, EP5540, EP5540T, EP5542 and EP5542T. Designed to provide convenient mobility and ease of movement, this wheel kit is specially designed to meet the needs of professional users and commercial environments.<\/p>\n<p>L&rsquo;installation de ce kit de roues est simple et rapide, gr\u00e2ce \u00e0 des dimensions de trou de vis de 73 mm x 45 mm (M8) qui correspondent parfaitement aux sp\u00e9cifications du kiosque ViewSonic\u00ae ePoster. Une fois install\u00e9es, les roues offrent une solution de mobilit\u00e9 pratique, permettant de d\u00e9placer facilement le kiosque d&rsquo;un endroit \u00e0 l&rsquo;autre sans effort suppl\u00e9mentaire.<\/p>\n<p>Pour garantir la s\u00e9curit\u00e9 lors du d\u00e9placement du kiosque, le kit de roues EP-WHL-005 est \u00e9quip\u00e9 de freins fiables. Les freins inclus assurent la stabilit\u00e9 du kiosque lorsque vous souhaitez le maintenir en place. Vous pouvez donc d\u00e9placer le kiosque en toute confiance, sachant qu&rsquo;il restera solidement positionn\u00e9 une fois les freins enclench\u00e9s.<\/p>\n<p>La qualit\u00e9 de fabrication du kit de roues EP-WHL-005 garantit une durabilit\u00e9 exceptionnelle. Fabriqu\u00e9 avec des mat\u00e9riaux de haute qualit\u00e9, ce kit est con\u00e7u pour r\u00e9sister \u00e0 une utilisation r\u00e9guli\u00e8re et aux conditions d&rsquo;environnement exigeantes. Les roues sont robustes et r\u00e9sistantes, assurant une longue dur\u00e9e de vie et une performance optimale.<\/p>\n<p>Que vous utilisiez le kiosque num\u00e9rique ViewSonic\u00ae pour des pr\u00e9sentations en entreprise, des expositions, des foires commerciales ou tout autre \u00e9v\u00e9nement, le kit de roues EP-WHL-005 est l&rsquo;accessoire parfait pour vous offrir une mobilit\u00e9 sans tracas. Profitez de la flexibilit\u00e9 de d\u00e9placer facilement votre kiosque d&rsquo;un endroit \u00e0 l&rsquo;autre, pour une exp\u00e9rience utilisateur am\u00e9lior\u00e9e et une adaptabilit\u00e9 accrue \u00e0 vos besoins en constante \u00e9volution.<\/p>\n<p>En conclusion, le kit de roues EP-WHL-005 est un compl\u00e9ment incontournable pour les kiosques num\u00e9riques ViewSonic\u00ae EP5520, EP5520T, EP5540, EP5540T, EP5542 et EP5542T. Avec sa facilit\u00e9 d&rsquo;installation, ses freins int\u00e9gr\u00e9s et sa durabilit\u00e9 exceptionnelle, ce kit de roues offre une solution pratique et fiable pour une mobilit\u00e9 ais\u00e9e des kiosques dans tous les environnements professionnels.<\/p>\n<p>&nbsp;<\/p>\n<table id=\"product-attribute-specs-table\" class=\"data table additional-attributes\">\n<caption class=\"table-caption\">Plus d&rsquo;information<\/caption>\n<tbody>\n<tr>\n<th class=\"col label\" scope=\"row\">Wireless connectivity<\/th>\n<td class=\"col data\" data-th=\"Wireless Connectivity\">N \/ A<\/td>\n<\/tr>\n<tr>\n<th class=\"col label\" scope=\"row\">PACKAGE CONTENTS<\/th>\n<td class=\"col data\" data-th=\"PACKAGE CONTENTS\">Wheels (x4), Screw (x16)<\/td>\n<\/tr>\n<\/tbody>\n<\/table>\n<p>&nbsp;<\/p>","protected":false},"excerpt":{"rendered":"<div class=\"page-title-wrapper product\">\n<h2 class=\"page-title\"><span class=\"base\" data-ui-id=\"page-title-wrapper\">EP-WHL-005<\/span><\/h2>\n<\/div>\n<div class=\"product attribute overview\">\n<div class=\"value\">\n<ul>\n<li>Wheel Kit for <strong>EP5520, EP5520T, EP5540, EP5540T, EP5542 and EP5542T<\/strong><\/li>\n<li>Provides easy mobility for the kiosks<\/li>\n<li>Brakes included<\/li>\n<li>Dimensions of screw hole : 73 mm x 45 mm (M8)<\/li>\n<\/ul>\n<\/div>\n<\/div>","protected":false},"featured_media":35023,"template":"","meta":{"_acf_changed":false},"product_brand":[],"product_cat":[645],"product_tag":[],"class_list":{"0":"post-35020","1":"product","2":"type-product","3":"status-publish","4":"has-post-thumbnail","6":"product_cat-accessoires-ecrans","8":"first","9":"instock","10":"taxable","11":"shipping-taxable","12":"purchasable","13":"product-type-simple"},"acf":[],"_links":{"self":[{"href":"https:\/\/www.ynova.be\/en\/wp-json\/wp\/v2\/product\/35020","targetHints":{"allow":["GET"]}}],"collection":[{"href":"https:\/\/www.ynova.be\/en\/wp-json\/wp\/v2\/product"}],"about":[{"href":"https:\/\/www.ynova.be\/en\/wp-json\/wp\/v2\/types\/product"}],"version-history":[{"count":0,"href":"https:\/\/www.ynova.be\/en\/wp-json\/wp\/v2\/product\/35020\/revisions"}],"wp:featuredmedia":[{"embeddable":true,"href":"https:\/\/www.ynova.be\/en\/wp-json\/wp\/v2\/media\/35023"}],"wp:attachment":[{"href":"https:\/\/www.ynova.be\/en\/wp-json\/wp\/v2\/media?parent=35020"}],"wp:term":[{"taxonomy":"product_brand","embeddable":true,"href":"https:\/\/www.ynova.be\/en\/wp-json\/wp\/v2\/product_brand?post=35020"},{"taxonomy":"product_cat","embeddable":true,"href":"https:\/\/www.ynova.be\/en\/wp-json\/wp\/v2\/product_cat?post=35020"},{"taxonomy":"product_tag","embeddable":true,"href":"https:\/\/www.ynova.be\/en\/wp-json\/wp\/v2\/product_tag?post=35020"}],"curies":[{"name":"wp","href":"https:\/\/api.w.org\/{rel}","templated":true}]}}