{"id":33937,"date":"2022-11-21T10:34:41","date_gmt":"2022-11-21T09:34:41","guid":{"rendered":"https:\/\/www.ynova.be\/?post_type=product&#038;p=33937"},"modified":"2022-11-23T11:40:45","modified_gmt":"2022-11-23T10:40:45","slug":"pd-65q","status":"publish","type":"product","link":"https:\/\/www.ynova.be\/en\/product\/pd-65q\/","title":{"rendered":"S\u00e9rie PD-Q &#8211; \u00c9crans commerciaux 4K Haute Luminosit\u00e9"},"content":{"rendered":"<div data-elementor-type=\"product-post\" data-elementor-id=\"33937\" class=\"elementor elementor-33937\" data-elementor-post-type=\"product\">\n\t\t\t\t\t\t<section class=\"elementor-section elementor-top-section elementor-element elementor-element-da4e152 elementor-section-boxed elementor-section-height-default elementor-section-height-default\" data-id=\"da4e152\" data-element_type=\"section\" data-e-type=\"section\" data-settings=\"{&quot;ekit_has_onepagescroll_dot&quot;:&quot;yes&quot;}\">\n\t\t\t\t\t\t<div class=\"elementor-container elementor-column-gap-default\">\n\t\t\t\t\t<div class=\"elementor-column elementor-col-100 elementor-top-column elementor-element elementor-element-7ac99ed\" data-id=\"7ac99ed\" data-element_type=\"column\" data-e-type=\"column\">\n\t\t\t<div class=\"elementor-widget-wrap elementor-element-populated\">\n\t\t\t\t\t\t<div class=\"elementor-element elementor-element-ae5eca0 elementor-widget elementor-widget-text-editor\" data-id=\"ae5eca0\" data-element_type=\"widget\" data-e-type=\"widget\" data-settings=\"{&quot;ekit_we_effect_on&quot;:&quot;none&quot;}\" data-widget_type=\"text-editor.default\">\n\t\t\t\t<div class=\"elementor-widget-container\">\n\t\t\t\t\t\t\t\t\t<div class=\"mb-5\"><div class=\"mb-5\"><p style=\"text-align: center;\">The PD series is a display screen professional and reliable with a 4K resolution and a brightness of 700 cd\/m2, suitable for use in terminals, airports, control rooms, and shopping malls. It has a large number of entries, including a playback function built-in USB, multiple I\/O ports and a location MDS. The screen of the professional quality of the PD series provides different types of solutions of dynamic display and allows you to stream multimedia contents horizontally or vertically.<\/p><p style=\"text-align: center;\">The PD series offers value-added features, including PID Command &amp; Ctrl is a software management screens to manage screens remotely via mobile devices, and the technology anti-remanence patented to ensure that the images displayed are uniform and bright while preventing image retention when static content is displayed for a long time.<\/p><\/div><\/div>\t\t\t\t\t\t\t\t<\/div>\n\t\t\t\t<\/div>\n\t\t\t\t<div class=\"elementor-element elementor-element-b268f08 elementor-widget elementor-widget-video\" data-id=\"b268f08\" data-element_type=\"widget\" data-e-type=\"widget\" data-settings=\"{&quot;youtube_url&quot;:&quot;https:\\\/\\\/youtu.be\\\/hDC-q2dkrRo&quot;,&quot;video_type&quot;:&quot;youtube&quot;,&quot;controls&quot;:&quot;yes&quot;,&quot;ekit_we_effect_on&quot;:&quot;none&quot;}\" data-widget_type=\"video.default\">\n\t\t\t\t<div class=\"elementor-widget-container\">\n\t\t\t\t\t\t\t<div class=\"elementor-wrapper elementor-open-inline\">\n\t\t\t<div class=\"elementor-video\"><\/div>\t\t<\/div>\n\t\t\t\t\t\t<\/div>\n\t\t\t\t<\/div>\n\t\t\t\t\t<\/div>\n\t\t<\/div>\n\t\t\t\t\t<\/div>\n\t\t<\/section>\n\t\t\t\t<section class=\"elementor-section elementor-top-section elementor-element elementor-element-9a765c8 elementor-section-boxed elementor-section-height-default elementor-section-height-default\" data-id=\"9a765c8\" data-element_type=\"section\" data-e-type=\"section\" data-settings=\"{&quot;ekit_has_onepagescroll_dot&quot;:&quot;yes&quot;}\">\n\t\t\t\t\t\t<div class=\"elementor-container elementor-column-gap-default\">\n\t\t\t\t\t<div class=\"elementor-column elementor-col-50 elementor-top-column elementor-element elementor-element-06a6a47\" data-id=\"06a6a47\" data-element_type=\"column\" data-e-type=\"column\">\n\t\t\t<div class=\"elementor-widget-wrap elementor-element-populated\">\n\t\t\t\t\t\t<div class=\"elementor-element elementor-element-f9e8e03 elementor-widget elementor-widget-text-editor\" data-id=\"f9e8e03\" data-element_type=\"widget\" data-e-type=\"widget\" data-settings=\"{&quot;ekit_we_effect_on&quot;:&quot;none&quot;}\" data-widget_type=\"text-editor.default\">\n\t\t\t\t<div class=\"elementor-widget-container\">\n\t\t\t\t\t\t\t\t\t<h2 class=\"mb-4\">HIGH BRIGHTNESS OF 700 CD\/M2<\/h2><div><p>The PD series enjoys a resolution UHD 4K, a color depth of 10 bits and a viewing angle of 178 degrees for excellent performance of colors.<\/p><p>In addition, the PD series is equipped with a slab of professional quality with high brightness of 700 cd\/m2 to generate crisp, clear images, bright and detailed even in the light of the day or in environments with bright interiors.<\/p><\/div>\t\t\t\t\t\t\t\t<\/div>\n\t\t\t\t<\/div>\n\t\t\t\t\t<\/div>\n\t\t<\/div>\n\t\t\t\t<div class=\"elementor-column elementor-col-50 elementor-top-column elementor-element elementor-element-af2b09d\" data-id=\"af2b09d\" data-element_type=\"column\" data-e-type=\"column\">\n\t\t\t<div class=\"elementor-widget-wrap elementor-element-populated\">\n\t\t\t\t\t\t<div class=\"elementor-element elementor-element-ceef5b9 elementor-widget elementor-widget-image\" data-id=\"ceef5b9\" data-element_type=\"widget\" data-e-type=\"widget\" data-settings=\"{&quot;ekit_we_effect_on&quot;:&quot;none&quot;}\" data-widget_type=\"image.default\">\n\t\t\t\t<div class=\"elementor-widget-container\">\n\t\t\t\t\t\t\t\t\t\t\t\t\t\t\t<img fetchpriority=\"high\" decoding=\"async\" width=\"560\" height=\"373\" src=\"https:\/\/www.ynova.be\/wp-content\/uploads\/2022\/11\/700-nits-High-Brightness.jpg\" class=\"attachment-large size-large wp-image-33952\" alt=\"\" srcset=\"https:\/\/www.ynova.be\/wp-content\/uploads\/2022\/11\/700-nits-High-Brightness.jpg 560w, https:\/\/www.ynova.be\/wp-content\/uploads\/2022\/11\/700-nits-High-Brightness-350x233.jpg 350w, https:\/\/www.ynova.be\/wp-content\/uploads\/2022\/11\/700-nits-High-Brightness-64x43.jpg 64w, https:\/\/www.ynova.be\/wp-content\/uploads\/2022\/11\/700-nits-High-Brightness-250x167.jpg 250w, https:\/\/www.ynova.be\/wp-content\/uploads\/2022\/11\/700-nits-High-Brightness-18x12.jpg 18w\" sizes=\"(max-width: 560px) 100vw, 560px\" \/>\t\t\t\t\t\t\t\t\t\t\t\t\t\t\t<\/div>\n\t\t\t\t<\/div>\n\t\t\t\t\t<\/div>\n\t\t<\/div>\n\t\t\t\t\t<\/div>\n\t\t<\/section>\n\t\t\t\t<section class=\"elementor-section elementor-top-section elementor-element elementor-element-806304b elementor-section-boxed elementor-section-height-default elementor-section-height-default\" data-id=\"806304b\" data-element_type=\"section\" data-e-type=\"section\" data-settings=\"{&quot;ekit_has_onepagescroll_dot&quot;:&quot;yes&quot;}\">\n\t\t\t\t\t\t<div class=\"elementor-container elementor-column-gap-default\">\n\t\t\t\t\t<div class=\"elementor-column elementor-col-50 elementor-top-column elementor-element elementor-element-7ec4bdc\" data-id=\"7ec4bdc\" data-element_type=\"column\" data-e-type=\"column\">\n\t\t\t<div class=\"elementor-widget-wrap elementor-element-populated\">\n\t\t\t\t\t\t<div class=\"elementor-element elementor-element-4e473e1 elementor-widget elementor-widget-image\" data-id=\"4e473e1\" data-element_type=\"widget\" data-e-type=\"widget\" data-settings=\"{&quot;ekit_we_effect_on&quot;:&quot;none&quot;}\" data-widget_type=\"image.default\">\n\t\t\t\t<div class=\"elementor-widget-container\">\n\t\t\t\t\t\t\t\t\t\t\t\t\t\t\t<img decoding=\"async\" width=\"560\" height=\"373\" src=\"https:\/\/www.ynova.be\/wp-content\/uploads\/2022\/11\/Commercial-grade-Panel-for-24-7-use-5.jpg\" class=\"attachment-large size-large wp-image-33953\" alt=\"\" srcset=\"https:\/\/www.ynova.be\/wp-content\/uploads\/2022\/11\/Commercial-grade-Panel-for-24-7-use-5.jpg 560w, https:\/\/www.ynova.be\/wp-content\/uploads\/2022\/11\/Commercial-grade-Panel-for-24-7-use-5-350x233.jpg 350w, https:\/\/www.ynova.be\/wp-content\/uploads\/2022\/11\/Commercial-grade-Panel-for-24-7-use-5-64x43.jpg 64w, https:\/\/www.ynova.be\/wp-content\/uploads\/2022\/11\/Commercial-grade-Panel-for-24-7-use-5-250x167.jpg 250w, https:\/\/www.ynova.be\/wp-content\/uploads\/2022\/11\/Commercial-grade-Panel-for-24-7-use-5-18x12.jpg 18w\" sizes=\"(max-width: 560px) 100vw, 560px\" \/>\t\t\t\t\t\t\t\t\t\t\t\t\t\t\t<\/div>\n\t\t\t\t<\/div>\n\t\t\t\t\t<\/div>\n\t\t<\/div>\n\t\t\t\t<div class=\"elementor-column elementor-col-50 elementor-top-column elementor-element elementor-element-a423075\" data-id=\"a423075\" data-element_type=\"column\" data-e-type=\"column\">\n\t\t\t<div class=\"elementor-widget-wrap elementor-element-populated\">\n\t\t\t\t\t\t<div class=\"elementor-element elementor-element-3e433a3 elementor-widget elementor-widget-text-editor\" data-id=\"3e433a3\" data-element_type=\"widget\" data-e-type=\"widget\" data-settings=\"{&quot;ekit_we_effect_on&quot;:&quot;none&quot;}\" data-widget_type=\"text-editor.default\">\n\t\t\t\t<div class=\"elementor-widget-container\">\n\t\t\t\t\t\t\t\t\t<h2 class=\"mb-4\">SLAB OF PROFESSIONAL QUALITY FOR USE 24H\/24 AND 7D\/7<\/h2><div><p>Designed to work 24\/24 and 7\/7, advertising AG Neovo are produced according to the highest professional standards, and receive high-quality components to ensure a long life in demanding environments.<\/p><\/div>\t\t\t\t\t\t\t\t<\/div>\n\t\t\t\t<\/div>\n\t\t\t\t\t<\/div>\n\t\t<\/div>\n\t\t\t\t\t<\/div>\n\t\t<\/section>\n\t\t\t\t<section class=\"elementor-section elementor-top-section elementor-element elementor-element-3967c22 elementor-section-boxed elementor-section-height-default elementor-section-height-default\" data-id=\"3967c22\" data-element_type=\"section\" data-e-type=\"section\" data-settings=\"{&quot;ekit_has_onepagescroll_dot&quot;:&quot;yes&quot;}\">\n\t\t\t\t\t\t<div class=\"elementor-container elementor-column-gap-default\">\n\t\t\t\t\t<div class=\"elementor-column elementor-col-50 elementor-top-column elementor-element elementor-element-7ee3b87\" data-id=\"7ee3b87\" data-element_type=\"column\" data-e-type=\"column\">\n\t\t\t<div class=\"elementor-widget-wrap elementor-element-populated\">\n\t\t\t\t\t\t<div class=\"elementor-element elementor-element-03a9cd1 elementor-widget elementor-widget-text-editor\" data-id=\"03a9cd1\" data-element_type=\"widget\" data-e-type=\"widget\" data-settings=\"{&quot;ekit_we_effect_on&quot;:&quot;none&quot;}\" data-widget_type=\"text-editor.default\">\n\t\t\t\t<div class=\"elementor-widget-container\">\n\t\t\t\t\t\t\t\t\t<h2 class=\"mb-4\">DESIGN SUITABLE FOR A MULTITUDE Of APPLICATIONS<\/h2><div><p>The PD series is suitable for signage and can perfectly be installed in either landscape or portrait mode to take advantage of more flexibility in terms of orientation of screens and responding to the needs of various scenarios.<\/p><\/div>\t\t\t\t\t\t\t\t<\/div>\n\t\t\t\t<\/div>\n\t\t\t\t\t<\/div>\n\t\t<\/div>\n\t\t\t\t<div class=\"elementor-column elementor-col-50 elementor-top-column elementor-element elementor-element-b312b51\" data-id=\"b312b51\" data-element_type=\"column\" data-e-type=\"column\">\n\t\t\t<div class=\"elementor-widget-wrap elementor-element-populated\">\n\t\t\t\t\t\t<div class=\"elementor-element elementor-element-f60aa2f elementor-widget elementor-widget-image\" data-id=\"f60aa2f\" data-element_type=\"widget\" data-e-type=\"widget\" data-settings=\"{&quot;ekit_we_effect_on&quot;:&quot;none&quot;}\" data-widget_type=\"image.default\">\n\t\t\t\t<div class=\"elementor-widget-container\">\n\t\t\t\t\t\t\t\t\t\t\t\t\t\t\t<img decoding=\"async\" width=\"560\" height=\"373\" src=\"https:\/\/www.ynova.be\/wp-content\/uploads\/2022\/11\/Patented-Anti-Burn-in-Technology.jpg\" class=\"attachment-large size-large wp-image-33954\" alt=\"\" srcset=\"https:\/\/www.ynova.be\/wp-content\/uploads\/2022\/11\/Patented-Anti-Burn-in-Technology.jpg 560w, https:\/\/www.ynova.be\/wp-content\/uploads\/2022\/11\/Patented-Anti-Burn-in-Technology-350x233.jpg 350w, https:\/\/www.ynova.be\/wp-content\/uploads\/2022\/11\/Patented-Anti-Burn-in-Technology-64x43.jpg 64w, https:\/\/www.ynova.be\/wp-content\/uploads\/2022\/11\/Patented-Anti-Burn-in-Technology-250x167.jpg 250w, https:\/\/www.ynova.be\/wp-content\/uploads\/2022\/11\/Patented-Anti-Burn-in-Technology-18x12.jpg 18w\" sizes=\"(max-width: 560px) 100vw, 560px\" \/>\t\t\t\t\t\t\t\t\t\t\t\t\t\t\t<\/div>\n\t\t\t\t<\/div>\n\t\t\t\t\t<\/div>\n\t\t<\/div>\n\t\t\t\t\t<\/div>\n\t\t<\/section>\n\t\t\t\t<section class=\"elementor-section elementor-top-section elementor-element elementor-element-4c5aa81 elementor-section-boxed elementor-section-height-default elementor-section-height-default\" data-id=\"4c5aa81\" data-element_type=\"section\" data-e-type=\"section\" data-settings=\"{&quot;ekit_has_onepagescroll_dot&quot;:&quot;yes&quot;}\">\n\t\t\t\t\t\t<div class=\"elementor-container elementor-column-gap-default\">\n\t\t\t\t\t<div class=\"elementor-column elementor-col-50 elementor-top-column elementor-element elementor-element-27ee896\" data-id=\"27ee896\" data-element_type=\"column\" data-e-type=\"column\">\n\t\t\t<div class=\"elementor-widget-wrap elementor-element-populated\">\n\t\t\t\t\t\t<div class=\"elementor-element elementor-element-ac107fc elementor-widget elementor-widget-image\" data-id=\"ac107fc\" data-element_type=\"widget\" data-e-type=\"widget\" data-settings=\"{&quot;ekit_we_effect_on&quot;:&quot;none&quot;}\" data-widget_type=\"image.default\">\n\t\t\t\t<div class=\"elementor-widget-container\">\n\t\t\t\t\t\t\t\t\t\t\t\t\t\t\t<img loading=\"lazy\" decoding=\"async\" width=\"560\" height=\"373\" src=\"https:\/\/www.ynova.be\/wp-content\/uploads\/2022\/11\/Flexible-Design-Capabilities-2.jpg\" class=\"attachment-large size-large wp-image-33955\" alt=\"\" srcset=\"https:\/\/www.ynova.be\/wp-content\/uploads\/2022\/11\/Flexible-Design-Capabilities-2.jpg 560w, https:\/\/www.ynova.be\/wp-content\/uploads\/2022\/11\/Flexible-Design-Capabilities-2-350x233.jpg 350w, https:\/\/www.ynova.be\/wp-content\/uploads\/2022\/11\/Flexible-Design-Capabilities-2-64x43.jpg 64w, https:\/\/www.ynova.be\/wp-content\/uploads\/2022\/11\/Flexible-Design-Capabilities-2-250x167.jpg 250w, https:\/\/www.ynova.be\/wp-content\/uploads\/2022\/11\/Flexible-Design-Capabilities-2-18x12.jpg 18w\" sizes=\"(max-width: 560px) 100vw, 560px\" \/>\t\t\t\t\t\t\t\t\t\t\t\t\t\t\t<\/div>\n\t\t\t\t<\/div>\n\t\t\t\t\t<\/div>\n\t\t<\/div>\n\t\t\t\t<div class=\"elementor-column elementor-col-50 elementor-top-column elementor-element elementor-element-f84c4ef\" data-id=\"f84c4ef\" data-element_type=\"column\" data-e-type=\"column\">\n\t\t\t<div class=\"elementor-widget-wrap elementor-element-populated\">\n\t\t\t\t\t\t<div class=\"elementor-element elementor-element-6f261db elementor-widget elementor-widget-text-editor\" data-id=\"6f261db\" data-element_type=\"widget\" data-e-type=\"widget\" data-settings=\"{&quot;ekit_we_effect_on&quot;:&quot;none&quot;}\" data-widget_type=\"text-editor.default\">\n\t\t\t\t<div class=\"elementor-widget-container\">\n\t\t\t\t\t\t\t\t\t<h2 class=\"mb-4\">CAPACITY INTEL\u00ae SDM OPTIONAL<\/h2><div><p>The location MDS system is designed for the display module Smart Display Module of Intel, delivering a powerful feature-digital display for applications that are more user-friendly.<\/p><\/div>\t\t\t\t\t\t\t\t<\/div>\n\t\t\t\t<\/div>\n\t\t\t\t\t<\/div>\n\t\t<\/div>\n\t\t\t\t\t<\/div>\n\t\t<\/section>\n\t\t\t\t<section class=\"elementor-section elementor-top-section elementor-element elementor-element-897f62e elementor-section-boxed elementor-section-height-default elementor-section-height-default\" data-id=\"897f62e\" data-element_type=\"section\" data-e-type=\"section\" data-settings=\"{&quot;ekit_has_onepagescroll_dot&quot;:&quot;yes&quot;}\">\n\t\t\t\t\t\t<div class=\"elementor-container elementor-column-gap-default\">\n\t\t\t\t\t<div class=\"elementor-column elementor-col-50 elementor-top-column elementor-element elementor-element-3cad4b5\" data-id=\"3cad4b5\" data-element_type=\"column\" data-e-type=\"column\">\n\t\t\t<div class=\"elementor-widget-wrap elementor-element-populated\">\n\t\t\t\t\t\t<div class=\"elementor-element elementor-element-d36e39e elementor-widget elementor-widget-text-editor\" data-id=\"d36e39e\" data-element_type=\"widget\" data-e-type=\"widget\" data-settings=\"{&quot;ekit_we_effect_on&quot;:&quot;none&quot;}\" data-widget_type=\"text-editor.default\">\n\t\t\t\t<div class=\"elementor-widget-container\">\n\t\t\t\t\t\t\t\t\t<h2 class=\"mb-4\">LOGIN FUNCTION IN A LOOP OR DAISY CHAIN VIA DISPLAYPORT\/IR\/RS232<\/h2><div><p>Thanks to the sign-in feature in a loop or Daisy Chain DisplayPort, video and audio can be distributed to multiple large displays AG Neovo with cables DisplayPort, which allows you to save a lot of time.<\/p><p>The ability to loop IR\/RS232 provides a single point of control, convenient for installations in multi-screen. Compared to a digital signage without loop DisplayPort\/RS232\/IR, it can be difficult to manage and configure multiple monitors.<\/p><\/div>\t\t\t\t\t\t\t\t<\/div>\n\t\t\t\t<\/div>\n\t\t\t\t\t<\/div>\n\t\t<\/div>\n\t\t\t\t<div class=\"elementor-column elementor-col-50 elementor-top-column elementor-element elementor-element-8e76849\" data-id=\"8e76849\" data-element_type=\"column\" data-e-type=\"column\">\n\t\t\t<div class=\"elementor-widget-wrap elementor-element-populated\">\n\t\t\t\t\t\t<div class=\"elementor-element elementor-element-1c30a23 elementor-widget elementor-widget-image\" data-id=\"1c30a23\" data-element_type=\"widget\" data-e-type=\"widget\" data-settings=\"{&quot;ekit_we_effect_on&quot;:&quot;none&quot;}\" data-widget_type=\"image.default\">\n\t\t\t\t<div class=\"elementor-widget-container\">\n\t\t\t\t\t\t\t\t\t\t\t\t\t\t\t<img loading=\"lazy\" decoding=\"async\" width=\"560\" height=\"373\" src=\"https:\/\/www.ynova.be\/wp-content\/uploads\/2022\/11\/Intel\u00ae-SDM-Ready-for-Smart-Signage-Solution.jpg\" class=\"attachment-large size-large wp-image-33956\" alt=\"\" srcset=\"https:\/\/www.ynova.be\/wp-content\/uploads\/2022\/11\/Intel\u00ae-SDM-Ready-for-Smart-Signage-Solution.jpg 560w, https:\/\/www.ynova.be\/wp-content\/uploads\/2022\/11\/Intel\u00ae-SDM-Ready-for-Smart-Signage-Solution-350x233.jpg 350w, https:\/\/www.ynova.be\/wp-content\/uploads\/2022\/11\/Intel\u00ae-SDM-Ready-for-Smart-Signage-Solution-64x43.jpg 64w, https:\/\/www.ynova.be\/wp-content\/uploads\/2022\/11\/Intel\u00ae-SDM-Ready-for-Smart-Signage-Solution-250x167.jpg 250w, https:\/\/www.ynova.be\/wp-content\/uploads\/2022\/11\/Intel\u00ae-SDM-Ready-for-Smart-Signage-Solution-18x12.jpg 18w\" sizes=\"(max-width: 560px) 100vw, 560px\" \/>\t\t\t\t\t\t\t\t\t\t\t\t\t\t\t<\/div>\n\t\t\t\t<\/div>\n\t\t\t\t\t<\/div>\n\t\t<\/div>\n\t\t\t\t\t<\/div>\n\t\t<\/section>\n\t\t\t\t<section class=\"elementor-section elementor-top-section elementor-element elementor-element-4ae0208 elementor-section-boxed elementor-section-height-default elementor-section-height-default\" data-id=\"4ae0208\" data-element_type=\"section\" data-e-type=\"section\" data-settings=\"{&quot;ekit_has_onepagescroll_dot&quot;:&quot;yes&quot;}\">\n\t\t\t\t\t\t<div class=\"elementor-container elementor-column-gap-default\">\n\t\t\t\t\t<div class=\"elementor-column elementor-col-50 elementor-top-column elementor-element elementor-element-6ae6c4e\" data-id=\"6ae6c4e\" data-element_type=\"column\" data-e-type=\"column\">\n\t\t\t<div class=\"elementor-widget-wrap elementor-element-populated\">\n\t\t\t\t\t\t<div class=\"elementor-element elementor-element-150fa2a elementor-widget elementor-widget-image\" data-id=\"150fa2a\" data-element_type=\"widget\" data-e-type=\"widget\" data-settings=\"{&quot;ekit_we_effect_on&quot;:&quot;none&quot;}\" data-widget_type=\"image.default\">\n\t\t\t\t<div class=\"elementor-widget-container\">\n\t\t\t\t\t\t\t\t\t\t\t\t\t\t\t<img loading=\"lazy\" decoding=\"async\" width=\"560\" height=\"373\" src=\"https:\/\/www.ynova.be\/wp-content\/uploads\/2022\/11\/Functionality.jpg\" class=\"attachment-large size-large wp-image-33957\" alt=\"\" srcset=\"https:\/\/www.ynova.be\/wp-content\/uploads\/2022\/11\/Functionality.jpg 560w, https:\/\/www.ynova.be\/wp-content\/uploads\/2022\/11\/Functionality-350x233.jpg 350w, https:\/\/www.ynova.be\/wp-content\/uploads\/2022\/11\/Functionality-64x43.jpg 64w, https:\/\/www.ynova.be\/wp-content\/uploads\/2022\/11\/Functionality-250x167.jpg 250w, https:\/\/www.ynova.be\/wp-content\/uploads\/2022\/11\/Functionality-18x12.jpg 18w\" sizes=\"(max-width: 560px) 100vw, 560px\" \/>\t\t\t\t\t\t\t\t\t\t\t\t\t\t\t<\/div>\n\t\t\t\t<\/div>\n\t\t\t\t\t<\/div>\n\t\t<\/div>\n\t\t\t\t<div class=\"elementor-column elementor-col-50 elementor-top-column elementor-element elementor-element-34f2e34\" data-id=\"34f2e34\" data-element_type=\"column\" data-e-type=\"column\">\n\t\t\t<div class=\"elementor-widget-wrap elementor-element-populated\">\n\t\t\t\t\t\t<div class=\"elementor-element elementor-element-28738ea elementor-widget elementor-widget-text-editor\" data-id=\"28738ea\" data-element_type=\"widget\" data-e-type=\"widget\" data-settings=\"{&quot;ekit_we_effect_on&quot;:&quot;none&quot;}\" data-widget_type=\"text-editor.default\">\n\t\t\t\t<div class=\"elementor-widget-container\">\n\t\t\t\t\t\t\t\t\t<h2 class=\"mb-4\">MANAGEMENT SCREENS REMOTELY VIA MOBILE DEVICES<\/h2><div><p>In addition to allowing users to order AG Neovo displays connections via LAN or RS232, PID Command &amp; Ctrl provides interfaces for Web and mobile, and intuitive for remote management, the parameters related to the on-screen display (OSD) and facilitates the creation of video walls.<\/p><p>The software also has features such as a simple calibration of the colors, temperature control, options lock function infrared\/keys and the follow-up duration of use for the daily maintenance.<\/p><\/div>\t\t\t\t\t\t\t\t<\/div>\n\t\t\t\t<\/div>\n\t\t\t\t\t<\/div>\n\t\t<\/div>\n\t\t\t\t\t<\/div>\n\t\t<\/section>\n\t\t\t\t<section class=\"elementor-section elementor-top-section elementor-element elementor-element-f0cd617 elementor-section-boxed elementor-section-height-default elementor-section-height-default\" data-id=\"f0cd617\" data-element_type=\"section\" data-e-type=\"section\" data-settings=\"{&quot;ekit_has_onepagescroll_dot&quot;:&quot;yes&quot;}\">\n\t\t\t\t\t\t<div class=\"elementor-container elementor-column-gap-default\">\n\t\t\t\t\t<div class=\"elementor-column elementor-col-100 elementor-top-column elementor-element elementor-element-ba87965\" data-id=\"ba87965\" data-element_type=\"column\" data-e-type=\"column\">\n\t\t\t<div class=\"elementor-widget-wrap elementor-element-populated\">\n\t\t\t\t\t\t<div class=\"elementor-element elementor-element-feb6af6 elementor-widget elementor-widget-toggle\" data-id=\"feb6af6\" data-element_type=\"widget\" data-e-type=\"widget\" data-settings=\"{&quot;ekit_we_effect_on&quot;:&quot;none&quot;}\" data-widget_type=\"toggle.default\">\n\t\t\t\t<div class=\"elementor-widget-container\">\n\t\t\t\t\t\t\t<div class=\"elementor-toggle\">\n\t\t\t\t\t\t\t<div class=\"elementor-toggle-item\">\n\t\t\t\t\t<div id=\"elementor-tab-title-2671\" class=\"elementor-tab-title\" data-tab=\"1\" role=\"button\" aria-controls=\"elementor-tab-content-2671\" aria-expanded=\"false\">\n\t\t\t\t\t\t\t\t\t\t\t\t<span class=\"elementor-toggle-icon elementor-toggle-icon-left\" aria-hidden=\"true\">\n\t\t\t\t\t\t\t\t\t\t\t\t\t\t\t<span class=\"elementor-toggle-icon-closed\"><i class=\"fas fa-caret-right\"><\/i><\/span>\n\t\t\t\t\t\t\t\t<span class=\"elementor-toggle-icon-opened\"><i class=\"elementor-toggle-icon-opened fas fa-caret-up\"><\/i><\/span>\n\t\t\t\t\t\t\t\t\t\t\t\t\t<\/span>\n\t\t\t\t\t\t\t\t\t\t\t\t<a class=\"elementor-toggle-title\" tabindex=\"0\">Specifications<\/a>\n\t\t\t\t\t<\/div>\n\n\t\t\t\t\t<div id=\"elementor-tab-content-2671\" class=\"elementor-tab-content elementor-clearfix\" data-tab=\"1\" role=\"region\" aria-labelledby=\"elementor-tab-title-2671\"><p>See the features on the website manufacturer :<\/p><ul><li><span style=\"color: #008000;\"><a style=\"color: #008000;\" href=\"https:\/\/www.agneovo.com\/fr\/digital-signage\/video-wall-displays\/pd-series\/pd-65q\" target=\"_blank\" rel=\"noopener\">Screen 65&#034;<\/a><\/span><\/li><li><span style=\"color: #008000;\"><a style=\"color: #008000;\" href=\"https:\/\/www.agneovo.com\/fr\/digital-signage\/video-wall-displays\/pd-series\/pd-55q\" target=\"_blank\" rel=\"noopener\">Screen 55&#034;<\/a><\/span><\/li><li><span style=\"color: #008000;\"><a style=\"color: #008000;\" href=\"https:\/\/www.agneovo.com\/fr\/digital-signage\/video-wall-displays\/pd-series\/pd-43q\" target=\"_blank\" rel=\"noopener\">Screen 43&#034;<\/a><\/span><\/li><\/ul><p>\u00a0<\/p><p>\u00a0<\/p><\/div>\n\t\t\t\t<\/div>\n\t\t\t\t\t\t\t\t<\/div>\n\t\t\t\t\t\t<\/div>\n\t\t\t\t<\/div>\n\t\t\t\t\t<\/div>\n\t\t<\/div>\n\t\t\t\t\t<\/div>\n\t\t<\/section>\n\t\t\t\t<\/div>","protected":false},"excerpt":{"rendered":"<h2 class=\"main\">Series PD-Q<\/h2>\n<div class=\"pds_subTitle text-dark mt-2 text-capitalize\">Screen Commercial 4K High Brightness 43, 55, 65 Inches<\/div>\n<div class=\"\"><\/div>\n<div class=\"woocommerce-product-details__short-description my-4\">\n<ul>\n<li>Resolution 4K UHD 3840 x 2160<\/li>\n<li>Panels of 700 nits brightness, providing clear images in bright areas<\/li>\n<li>Support DisplayPort series for convenient installation of video wall<\/li>\n<li>Slot Intel SDM ready for the integration of media players\/IPC<\/li>\n<li>Connection IR\/ RS232\/ RJ45 for control and management easy<\/li>\n<\/ul>\n<p><img loading=\"lazy\" decoding=\"async\" class=\"alignnone size-full wp-image-33943\" src=\"https:\/\/www.ynova.be\/wp-content\/uploads\/2022\/11\/Product-icons_PD-Series-Q-2.png\" alt=\"\" width=\"317\" height=\"71\" srcset=\"https:\/\/www.ynova.be\/wp-content\/uploads\/2022\/11\/Product-icons_PD-Series-Q-2.png 317w, https:\/\/www.ynova.be\/wp-content\/uploads\/2022\/11\/Product-icons_PD-Series-Q-2-64x14.png 64w, https:\/\/www.ynova.be\/wp-content\/uploads\/2022\/11\/Product-icons_PD-Series-Q-2-250x56.png 250w, https:\/\/www.ynova.be\/wp-content\/uploads\/2022\/11\/Product-icons_PD-Series-Q-2-18x4.png 18w\" sizes=\"(max-width: 317px) 100vw, 317px\" \/><\/p>\n<\/div>","protected":false},"featured_media":33945,"template":"","meta":{"_acf_changed":false},"product_brand":[],"product_cat":[545],"product_tag":[],"class_list":{"0":"post-33937","1":"product","2":"type-product","3":"status-publish","4":"has-post-thumbnail","6":"product_cat-ecrans-affichage-dynamique","8":"first","9":"instock","10":"taxable","11":"shipping-taxable","12":"purchasable","13":"product-type-variable"},"acf":[],"_links":{"self":[{"href":"https:\/\/www.ynova.be\/en\/wp-json\/wp\/v2\/product\/33937","targetHints":{"allow":["GET"]}}],"collection":[{"href":"https:\/\/www.ynova.be\/en\/wp-json\/wp\/v2\/product"}],"about":[{"href":"https:\/\/www.ynova.be\/en\/wp-json\/wp\/v2\/types\/product"}],"version-history":[{"count":0,"href":"https:\/\/www.ynova.be\/en\/wp-json\/wp\/v2\/product\/33937\/revisions"}],"wp:featuredmedia":[{"embeddable":true,"href":"https:\/\/www.ynova.be\/en\/wp-json\/wp\/v2\/media\/33945"}],"wp:attachment":[{"href":"https:\/\/www.ynova.be\/en\/wp-json\/wp\/v2\/media?parent=33937"}],"wp:term":[{"taxonomy":"product_brand","embeddable":true,"href":"https:\/\/www.ynova.be\/en\/wp-json\/wp\/v2\/product_brand?post=33937"},{"taxonomy":"product_cat","embeddable":true,"href":"https:\/\/www.ynova.be\/en\/wp-json\/wp\/v2\/product_cat?post=33937"},{"taxonomy":"product_tag","embeddable":true,"href":"https:\/\/www.ynova.be\/en\/wp-json\/wp\/v2\/product_tag?post=33937"}],"curies":[{"name":"wp","href":"https:\/\/api.w.org\/{rel}","templated":true}]}}