{"id":33635,"date":"2022-11-07T16:51:34","date_gmt":"2022-11-07T15:51:34","guid":{"rendered":"https:\/\/www.ynova.be\/?post_type=product&#038;p=33635"},"modified":"2022-11-07T16:51:35","modified_gmt":"2022-11-07T15:51:35","slug":"sx-15g-sx-17g-sx-19g","status":"publish","type":"product","link":"https:\/\/www.ynova.be\/en\/product\/sx-15g-sx-17g-sx-19g\/","title":{"rendered":"SX-15G &#8211; Moniteur de surveillance 15&Prime; 17&Prime; 19&Prime;"},"content":{"rendered":"<div data-elementor-type=\"product-post\" data-elementor-id=\"33635\" class=\"elementor elementor-33635\" data-elementor-post-type=\"product\">\n\t\t\t\t\t\t<section class=\"elementor-section elementor-top-section elementor-element elementor-element-ee91056 elementor-section-boxed elementor-section-height-default elementor-section-height-default\" data-id=\"ee91056\" data-element_type=\"section\" data-e-type=\"section\" data-settings=\"{&quot;ekit_has_onepagescroll_dot&quot;:&quot;yes&quot;}\">\n\t\t\t\t\t\t<div class=\"elementor-container elementor-column-gap-default\">\n\t\t\t\t\t<div class=\"elementor-column elementor-col-100 elementor-top-column elementor-element elementor-element-3e1cb73\" data-id=\"3e1cb73\" data-element_type=\"column\" data-e-type=\"column\">\n\t\t\t<div class=\"elementor-widget-wrap elementor-element-populated\">\n\t\t\t\t\t\t<div class=\"elementor-element elementor-element-f07b85d elementor-widget elementor-widget-text-editor\" data-id=\"f07b85d\" data-element_type=\"widget\" data-e-type=\"widget\" data-settings=\"{&quot;ekit_we_effect_on&quot;:&quot;none&quot;}\" data-widget_type=\"text-editor.default\">\n\t\t\t\t<div class=\"elementor-widget-container\">\n\t\t\t\t\t\t\t\t\t<p style=\"text-align: center;\">Ideal for surveillance applications ancient or modern, the SX series is equipped with an analog and digital connectivity as well as a Composite output for video-loops. Designed to last and to be efficient in its operations 24h\/24 and 7d\/7, it is the advanced Anti-Burn-in\u2122 AG Neovo, preventing image retention and allowing professionals to view the present and not the past. Associated with the optical glass NeoV\u2122 and a metal case, the screen is protected from damage and impacts incidental to withstand the most challenging environments. Extremely versatile and compatible, the SX series is the signage solution that is optimal for a smooth transition of video surveillance.<\/p>\t\t\t\t\t\t\t\t<\/div>\n\t\t\t\t<\/div>\n\t\t\t\t\t<\/div>\n\t\t<\/div>\n\t\t\t\t\t<\/div>\n\t\t<\/section>\n\t\t\t\t<section class=\"elementor-section elementor-top-section elementor-element elementor-element-f1e51cd elementor-section-boxed elementor-section-height-default elementor-section-height-default\" data-id=\"f1e51cd\" data-element_type=\"section\" data-e-type=\"section\" data-settings=\"{&quot;ekit_has_onepagescroll_dot&quot;:&quot;yes&quot;}\">\n\t\t\t\t\t\t<div class=\"elementor-container elementor-column-gap-default\">\n\t\t\t\t\t<div class=\"elementor-column elementor-col-50 elementor-top-column elementor-element elementor-element-e9f507d\" data-id=\"e9f507d\" data-element_type=\"column\" data-e-type=\"column\">\n\t\t\t<div class=\"elementor-widget-wrap elementor-element-populated\">\n\t\t\t\t\t\t<div class=\"elementor-element elementor-element-cfdd1dd elementor-widget elementor-widget-text-editor\" data-id=\"cfdd1dd\" data-element_type=\"widget\" data-e-type=\"widget\" data-settings=\"{&quot;ekit_we_effect_on&quot;:&quot;none&quot;}\" data-widget_type=\"text-editor.default\">\n\t\t\t\t<div class=\"elementor-widget-container\">\n\t\t\t\t\t\t\t\t\t<h2>RELIABILITY OF THE FIRST PLAN<\/h2><p>The SX series is designed specifically to address the challenge of operations 24h\/24 and 7d\/7. The advanced Anti-Burn-in\u2122 AG Neovo avoided also ghosting while providing mission-critical operations without interruption. Its metal housing and glass optics NeoV\u2122 protect not only the SX series against damage, but also facilitates maintenance.<\/p>\t\t\t\t\t\t\t\t<\/div>\n\t\t\t\t<\/div>\n\t\t\t\t\t<\/div>\n\t\t<\/div>\n\t\t\t\t<div class=\"elementor-column elementor-col-50 elementor-top-column elementor-element elementor-element-a1944a6\" data-id=\"a1944a6\" data-element_type=\"column\" data-e-type=\"column\">\n\t\t\t<div class=\"elementor-widget-wrap elementor-element-populated\">\n\t\t\t\t\t\t<div class=\"elementor-element elementor-element-6c3ec12 elementor-widget elementor-widget-image\" data-id=\"6c3ec12\" data-element_type=\"widget\" data-e-type=\"widget\" data-settings=\"{&quot;ekit_we_effect_on&quot;:&quot;none&quot;}\" data-widget_type=\"image.default\">\n\t\t\t\t<div class=\"elementor-widget-container\">\n\t\t\t\t\t\t\t\t\t\t\t\t\t\t\t<img fetchpriority=\"high\" decoding=\"async\" width=\"768\" height=\"512\" src=\"https:\/\/www.ynova.be\/wp-content\/uploads\/2022\/11\/Robust-Design-for-Critical-Surveillance-768x512.jpg\" class=\"attachment-medium_large size-medium_large wp-image-33656\" alt=\"S\u00e9rie d&#039;\u00e9cran SX avec bo\u00eetier en m\u00e9tal\" srcset=\"https:\/\/www.ynova.be\/wp-content\/uploads\/2022\/11\/Robust-Design-for-Critical-Surveillance-768x512.jpg 768w, https:\/\/www.ynova.be\/wp-content\/uploads\/2022\/11\/Robust-Design-for-Critical-Surveillance-350x233.jpg 350w, https:\/\/www.ynova.be\/wp-content\/uploads\/2022\/11\/Robust-Design-for-Critical-Surveillance-64x43.jpg 64w, https:\/\/www.ynova.be\/wp-content\/uploads\/2022\/11\/Robust-Design-for-Critical-Surveillance-250x167.jpg 250w, https:\/\/www.ynova.be\/wp-content\/uploads\/2022\/11\/Robust-Design-for-Critical-Surveillance-600x400.jpg 600w, https:\/\/www.ynova.be\/wp-content\/uploads\/2022\/11\/Robust-Design-for-Critical-Surveillance-18x12.jpg 18w, https:\/\/www.ynova.be\/wp-content\/uploads\/2022\/11\/Robust-Design-for-Critical-Surveillance.jpg 900w\" sizes=\"(max-width: 768px) 100vw, 768px\" \/>\t\t\t\t\t\t\t\t\t\t\t\t\t\t\t<\/div>\n\t\t\t\t<\/div>\n\t\t\t\t\t<\/div>\n\t\t<\/div>\n\t\t\t\t\t<\/div>\n\t\t<\/section>\n\t\t\t\t<section class=\"elementor-section elementor-top-section elementor-element elementor-element-6ee2097 elementor-section-boxed elementor-section-height-default elementor-section-height-default\" data-id=\"6ee2097\" data-element_type=\"section\" data-e-type=\"section\" data-settings=\"{&quot;ekit_has_onepagescroll_dot&quot;:&quot;yes&quot;}\">\n\t\t\t\t\t\t<div class=\"elementor-container elementor-column-gap-default\">\n\t\t\t\t\t<div class=\"elementor-column elementor-col-50 elementor-top-column elementor-element elementor-element-20d08ec\" data-id=\"20d08ec\" data-element_type=\"column\" data-e-type=\"column\">\n\t\t\t<div class=\"elementor-widget-wrap elementor-element-populated\">\n\t\t\t\t\t\t<div class=\"elementor-element elementor-element-f3cc323 elementor-widget elementor-widget-image\" data-id=\"f3cc323\" data-element_type=\"widget\" data-e-type=\"widget\" data-settings=\"{&quot;ekit_we_effect_on&quot;:&quot;none&quot;}\" data-widget_type=\"image.default\">\n\t\t\t\t<div class=\"elementor-widget-container\">\n\t\t\t\t\t\t\t\t\t\t\t\t\t\t\t<img decoding=\"async\" width=\"768\" height=\"512\" src=\"https:\/\/www.ynova.be\/wp-content\/uploads\/2022\/11\/Super-Resolution-768x512.jpg\" class=\"attachment-medium_large size-medium_large wp-image-33657\" alt=\"exemple de meilleure r\u00e9solution avec la s\u00e9rie SX\" srcset=\"https:\/\/www.ynova.be\/wp-content\/uploads\/2022\/11\/Super-Resolution-768x512.jpg 768w, https:\/\/www.ynova.be\/wp-content\/uploads\/2022\/11\/Super-Resolution-350x233.jpg 350w, https:\/\/www.ynova.be\/wp-content\/uploads\/2022\/11\/Super-Resolution-64x43.jpg 64w, https:\/\/www.ynova.be\/wp-content\/uploads\/2022\/11\/Super-Resolution-250x167.jpg 250w, https:\/\/www.ynova.be\/wp-content\/uploads\/2022\/11\/Super-Resolution-600x400.jpg 600w, https:\/\/www.ynova.be\/wp-content\/uploads\/2022\/11\/Super-Resolution-18x12.jpg 18w, https:\/\/www.ynova.be\/wp-content\/uploads\/2022\/11\/Super-Resolution.jpg 900w\" sizes=\"(max-width: 768px) 100vw, 768px\" \/>\t\t\t\t\t\t\t\t\t\t\t\t\t\t\t<\/div>\n\t\t\t\t<\/div>\n\t\t\t\t\t<\/div>\n\t\t<\/div>\n\t\t\t\t<div class=\"elementor-column elementor-col-50 elementor-top-column elementor-element elementor-element-8c4eacc\" data-id=\"8c4eacc\" data-element_type=\"column\" data-e-type=\"column\">\n\t\t\t<div class=\"elementor-widget-wrap elementor-element-populated\">\n\t\t\t\t\t\t<div class=\"elementor-element elementor-element-cb461a5 elementor-widget elementor-widget-text-editor\" data-id=\"cb461a5\" data-element_type=\"widget\" data-e-type=\"widget\" data-settings=\"{&quot;ekit_we_effect_on&quot;:&quot;none&quot;}\" data-widget_type=\"text-editor.default\">\n\t\t\t\t<div class=\"elementor-widget-container\">\n\t\t\t\t\t\t\t\t\t<h2>OPTIMIZED FOR SURVEILLANCE AND SECURITY<\/h2><p>Boasting a cutting-edge technology provide excellent resolution, the SX series can improve the images at a higher resolution and more detailed for better clarity.<\/p><p>In addition, specifically designed for control rooms for monitoring the mode-surveillance-friendly is preconfigured to maximize the clarity of the image in the case of surveillance footage in low light at night.<\/p>\t\t\t\t\t\t\t\t<\/div>\n\t\t\t\t<\/div>\n\t\t\t\t\t<\/div>\n\t\t<\/div>\n\t\t\t\t\t<\/div>\n\t\t<\/section>\n\t\t\t\t<section class=\"elementor-section elementor-top-section elementor-element elementor-element-b731165 elementor-section-boxed elementor-section-height-default elementor-section-height-default\" data-id=\"b731165\" data-element_type=\"section\" data-e-type=\"section\" data-settings=\"{&quot;ekit_has_onepagescroll_dot&quot;:&quot;yes&quot;}\">\n\t\t\t\t\t\t<div class=\"elementor-container elementor-column-gap-default\">\n\t\t\t\t\t<div class=\"elementor-column elementor-col-50 elementor-top-column elementor-element elementor-element-1561b14\" data-id=\"1561b14\" data-element_type=\"column\" data-e-type=\"column\">\n\t\t\t<div class=\"elementor-widget-wrap elementor-element-populated\">\n\t\t\t\t\t\t<div class=\"elementor-element elementor-element-0b83065 elementor-widget elementor-widget-text-editor\" data-id=\"0b83065\" data-element_type=\"widget\" data-e-type=\"widget\" data-settings=\"{&quot;ekit_we_effect_on&quot;:&quot;none&quot;}\" data-widget_type=\"text-editor.default\">\n\t\t\t\t<div class=\"elementor-widget-container\">\n\t\t\t\t\t\t\t\t\t<h2>HIGHLY VERSATILE AND COMPATIBLE<\/h2><p>The SX series supports multiple input sources video, old video camera to the latest equipment, HDMI and DisplayPort.<\/p><p>Its Composite input lockable and its Composite output loop make it easy to connect to other devices without the need for a dispatcher.<\/p>\t\t\t\t\t\t\t\t<\/div>\n\t\t\t\t<\/div>\n\t\t\t\t\t<\/div>\n\t\t<\/div>\n\t\t\t\t<div class=\"elementor-column elementor-col-50 elementor-top-column elementor-element elementor-element-8690e04\" data-id=\"8690e04\" data-element_type=\"column\" data-e-type=\"column\">\n\t\t\t<div class=\"elementor-widget-wrap elementor-element-populated\">\n\t\t\t\t\t\t<div class=\"elementor-element elementor-element-32cb120 elementor-widget elementor-widget-image\" data-id=\"32cb120\" data-element_type=\"widget\" data-e-type=\"widget\" data-settings=\"{&quot;ekit_we_effect_on&quot;:&quot;none&quot;}\" data-widget_type=\"image.default\">\n\t\t\t\t<div class=\"elementor-widget-container\">\n\t\t\t\t\t\t\t\t\t\t\t\t\t\t\t<img decoding=\"async\" width=\"768\" height=\"512\" src=\"https:\/\/www.ynova.be\/wp-content\/uploads\/2022\/11\/Versatile-Connectivity-with-BNC-and-HDMI-Inputs-768x512.jpg\" class=\"attachment-medium_large size-medium_large wp-image-33658\" alt=\"compatibilit\u00e9 polyvalente\" srcset=\"https:\/\/www.ynova.be\/wp-content\/uploads\/2022\/11\/Versatile-Connectivity-with-BNC-and-HDMI-Inputs-768x512.jpg 768w, https:\/\/www.ynova.be\/wp-content\/uploads\/2022\/11\/Versatile-Connectivity-with-BNC-and-HDMI-Inputs-350x233.jpg 350w, https:\/\/www.ynova.be\/wp-content\/uploads\/2022\/11\/Versatile-Connectivity-with-BNC-and-HDMI-Inputs-64x43.jpg 64w, https:\/\/www.ynova.be\/wp-content\/uploads\/2022\/11\/Versatile-Connectivity-with-BNC-and-HDMI-Inputs-250x167.jpg 250w, https:\/\/www.ynova.be\/wp-content\/uploads\/2022\/11\/Versatile-Connectivity-with-BNC-and-HDMI-Inputs-1024x683.jpg 1024w, https:\/\/www.ynova.be\/wp-content\/uploads\/2022\/11\/Versatile-Connectivity-with-BNC-and-HDMI-Inputs-600x400.jpg 600w, https:\/\/www.ynova.be\/wp-content\/uploads\/2022\/11\/Versatile-Connectivity-with-BNC-and-HDMI-Inputs-18x12.jpg 18w, https:\/\/www.ynova.be\/wp-content\/uploads\/2022\/11\/Versatile-Connectivity-with-BNC-and-HDMI-Inputs.jpg 1200w\" sizes=\"(max-width: 768px) 100vw, 768px\" \/>\t\t\t\t\t\t\t\t\t\t\t\t\t\t\t<\/div>\n\t\t\t\t<\/div>\n\t\t\t\t\t<\/div>\n\t\t<\/div>\n\t\t\t\t\t<\/div>\n\t\t<\/section>\n\t\t\t\t<section class=\"elementor-section elementor-top-section elementor-element elementor-element-3476aea elementor-section-boxed elementor-section-height-default elementor-section-height-default\" data-id=\"3476aea\" data-element_type=\"section\" data-e-type=\"section\" data-settings=\"{&quot;ekit_has_onepagescroll_dot&quot;:&quot;yes&quot;}\">\n\t\t\t\t\t\t<div class=\"elementor-container elementor-column-gap-default\">\n\t\t\t\t\t<div class=\"elementor-column elementor-col-100 elementor-top-column elementor-element elementor-element-11e63db\" data-id=\"11e63db\" data-element_type=\"column\" data-e-type=\"column\">\n\t\t\t<div class=\"elementor-widget-wrap elementor-element-populated\">\n\t\t\t\t\t\t<div class=\"elementor-element elementor-element-9ccd2b7 elementor-widget elementor-widget-toggle\" data-id=\"9ccd2b7\" data-element_type=\"widget\" data-e-type=\"widget\" data-settings=\"{&quot;ekit_we_effect_on&quot;:&quot;none&quot;}\" data-widget_type=\"toggle.default\">\n\t\t\t\t<div class=\"elementor-widget-container\">\n\t\t\t\t\t\t\t<div class=\"elementor-toggle\">\n\t\t\t\t\t\t\t<div class=\"elementor-toggle-item\">\n\t\t\t\t\t<div id=\"elementor-tab-title-1641\" class=\"elementor-tab-title\" data-tab=\"1\" role=\"button\" aria-controls=\"elementor-tab-content-1641\" aria-expanded=\"false\">\n\t\t\t\t\t\t\t\t\t\t\t\t<span class=\"elementor-toggle-icon elementor-toggle-icon-left\" aria-hidden=\"true\">\n\t\t\t\t\t\t\t\t\t\t\t\t\t\t\t<span class=\"elementor-toggle-icon-closed\"><i class=\"fas fa-caret-right\"><\/i><\/span>\n\t\t\t\t\t\t\t\t<span class=\"elementor-toggle-icon-opened\"><i class=\"elementor-toggle-icon-opened fas fa-caret-up\"><\/i><\/span>\n\t\t\t\t\t\t\t\t\t\t\t\t\t<\/span>\n\t\t\t\t\t\t\t\t\t\t\t\t<a class=\"elementor-toggle-title\" tabindex=\"0\">SPECIFICATIONS<\/a>\n\t\t\t\t\t<\/div>\n\n\t\t\t\t\t<div id=\"elementor-tab-content-1641\" class=\"elementor-tab-content elementor-clearfix\" data-tab=\"1\" role=\"region\" aria-labelledby=\"elementor-tab-title-1641\"><p>MANUFACTURER SPECIFICATIONS\u00a0<\/p><p class=\"main\"><span style=\"color: #008000;\"><a style=\"color: #008000;\" href=\"https:\/\/www.agneovo.com\/fr\/monitors\/security-surveillance\/sx-series\/sx-15g\" target=\"_blank\" rel=\"noopener\">SX-15G \u2013 15&#034;<\/a><\/span><\/p><p class=\"main\"><span style=\"color: #008000;\"><a style=\"color: #008000;\" href=\"https:\/\/www.agneovo.com\/fr\/monitors\/security-surveillance\/sx-series\/sx-17g\" target=\"_blank\" rel=\"noopener\">SX-17G \u2013 17&#034;<\/a><\/span><\/p><p class=\"main\"><span style=\"color: #008000;\"><a style=\"color: #008000;\" href=\"https:\/\/www.agneovo.com\/fr\/monitors\/security-surveillance\/sx-series\/sx-19g\" target=\"_blank\" rel=\"noopener\">SX-19G \u2013 19&#034;<\/a><\/span><\/p><p>\u00a0<\/p><p>\u00a0<\/p><\/div>\n\t\t\t\t<\/div>\n\t\t\t\t\t\t\t\t<\/div>\n\t\t\t\t\t\t<\/div>\n\t\t\t\t<\/div>\n\t\t\t\t\t<\/div>\n\t\t<\/div>\n\t\t\t\t\t<\/div>\n\t\t<\/section>\n\t\t\t\t<\/div>","protected":false},"excerpt":{"rendered":"<h2 style=\"text-align: center;\">SX-15G SX-17G SX-19G<\/h2>\n<h2 style=\"text-align: left;\">Monitor<\/h2>\n<ul>\n<li>15-inch XGA 1024 x 768 resolution with 4:3 format<\/li>\n<li>17-inch SXGA 1280 x 1024 resolution with a 5:4 format<\/li>\n<li>19-inch SXGA 1280 x 1024 resolution with a 5:4 format<\/li>\n<\/ul>\n<p>&nbsp;<\/p>\n<p>Versatile connectivity : VGA, DVI, HDMI, DisplayPort, Composite (BNC), S-Video output Ports with passive loop-composite (BNC)<\/p>\n<p>Advanced anti-burn-in to prevent ghosting<\/p>\n<p>Screen optical glass NeoV protecting the screen from scratches and other aggression<\/p>","protected":false},"featured_media":33642,"template":"","meta":{"_acf_changed":false},"product_brand":[],"product_cat":[673],"product_tag":[],"class_list":{"0":"post-33635","1":"product","2":"type-product","3":"status-publish","4":"has-post-thumbnail","6":"product_cat-moniteur-de-surveillance","8":"first","9":"instock","10":"taxable","11":"shipping-taxable","12":"purchasable","13":"product-type-variable"},"acf":[],"_links":{"self":[{"href":"https:\/\/www.ynova.be\/en\/wp-json\/wp\/v2\/product\/33635","targetHints":{"allow":["GET"]}}],"collection":[{"href":"https:\/\/www.ynova.be\/en\/wp-json\/wp\/v2\/product"}],"about":[{"href":"https:\/\/www.ynova.be\/en\/wp-json\/wp\/v2\/types\/product"}],"version-history":[{"count":0,"href":"https:\/\/www.ynova.be\/en\/wp-json\/wp\/v2\/product\/33635\/revisions"}],"wp:featuredmedia":[{"embeddable":true,"href":"https:\/\/www.ynova.be\/en\/wp-json\/wp\/v2\/media\/33642"}],"wp:attachment":[{"href":"https:\/\/www.ynova.be\/en\/wp-json\/wp\/v2\/media?parent=33635"}],"wp:term":[{"taxonomy":"product_brand","embeddable":true,"href":"https:\/\/www.ynova.be\/en\/wp-json\/wp\/v2\/product_brand?post=33635"},{"taxonomy":"product_cat","embeddable":true,"href":"https:\/\/www.ynova.be\/en\/wp-json\/wp\/v2\/product_cat?post=33635"},{"taxonomy":"product_tag","embeddable":true,"href":"https:\/\/www.ynova.be\/en\/wp-json\/wp\/v2\/product_tag?post=33635"}],"curies":[{"name":"wp","href":"https:\/\/api.w.org\/{rel}","templated":true}]}}