{"id":33564,"date":"2022-11-17T11:05:56","date_gmt":"2022-11-17T10:05:56","guid":{"rendered":"https:\/\/www.ynova.be\/?post_type=product&#038;p=33564"},"modified":"2022-11-17T11:31:22","modified_gmt":"2022-11-17T10:31:22","slug":"sc-22e-moniteur","status":"publish","type":"product","link":"https:\/\/www.ynova.be\/en\/product\/sc-22e-moniteur\/","title":{"rendered":"SC-22E &#8211; Moniteur De Surveillance 22 pouces avec connecteur BNC"},"content":{"rendered":"<div data-elementor-type=\"product-post\" data-elementor-id=\"33564\" class=\"elementor elementor-33564\" data-elementor-post-type=\"product\">\n\t\t\t\t\t\t<section class=\"elementor-section elementor-top-section elementor-element elementor-element-fe0e92d elementor-section-boxed elementor-section-height-default elementor-section-height-default\" data-id=\"fe0e92d\" data-element_type=\"section\" data-e-type=\"section\" data-settings=\"{&quot;ekit_has_onepagescroll_dot&quot;:&quot;yes&quot;}\">\n\t\t\t\t\t\t<div class=\"elementor-container elementor-column-gap-default\">\n\t\t\t\t\t<div class=\"elementor-column elementor-col-100 elementor-top-column elementor-element elementor-element-59fe1a7\" data-id=\"59fe1a7\" data-element_type=\"column\" data-e-type=\"column\">\n\t\t\t<div class=\"elementor-widget-wrap elementor-element-populated\">\n\t\t\t\t\t\t<div class=\"elementor-element elementor-element-bdb13f2 elementor-widget elementor-widget-text-editor\" data-id=\"bdb13f2\" data-element_type=\"widget\" data-e-type=\"widget\" data-settings=\"{&quot;ekit_we_effect_on&quot;:&quot;none&quot;}\" data-widget_type=\"text-editor.default\">\n\t\t\t\t<div class=\"elementor-widget-container\">\n\t\t\t\t\t\t\t\t\t<p>SC-22E Designed for operation 24h\/24 and 7d\/7, the screens monitoring of the SC series and have the technology Anti-Burn-in\u2122, which prevents the retention of the image, while continuously operating in environments of security and surveillance. The series also benefits from improved image quality and control of parameters such as the selection of the gamma curve* the adjustment of the black level*, the mechanism of contrast enhancement* and the mode CCTV that can generate an image more rich-even in lighting conditions are unfavourable from surveillance footage in low-light conditions.<\/p>\t\t\t\t\t\t\t\t<\/div>\n\t\t\t\t<\/div>\n\t\t\t\t\t<\/div>\n\t\t<\/div>\n\t\t\t\t\t<\/div>\n\t\t<\/section>\n\t\t\t\t<section class=\"elementor-section elementor-top-section elementor-element elementor-element-9df665e elementor-section-boxed elementor-section-height-default elementor-section-height-default\" data-id=\"9df665e\" data-element_type=\"section\" data-e-type=\"section\" data-settings=\"{&quot;ekit_has_onepagescroll_dot&quot;:&quot;yes&quot;}\">\n\t\t\t\t\t\t<div class=\"elementor-container elementor-column-gap-default\">\n\t\t\t\t\t<div class=\"elementor-column elementor-col-50 elementor-top-column elementor-element elementor-element-31d7c42\" data-id=\"31d7c42\" data-element_type=\"column\" data-e-type=\"column\">\n\t\t\t<div class=\"elementor-widget-wrap elementor-element-populated\">\n\t\t\t\t\t\t<div class=\"elementor-element elementor-element-4ba70ed elementor-widget elementor-widget-text-editor\" data-id=\"4ba70ed\" data-element_type=\"widget\" data-e-type=\"widget\" data-settings=\"{&quot;ekit_we_effect_on&quot;:&quot;none&quot;}\" data-widget_type=\"text-editor.default\">\n\t\t\t\t<div class=\"elementor-widget-container\">\n\t\t\t\t\t\t\t\t\t<h2>RELIABILITY OF PEAK<\/h2><p>The SC series is designed specifically to meet the challenge of operating 24h\/24 and 7d\/7.<\/p><p>The advanced Anti-Burn-in\u2122 AG Neovo also prevents the duplication of images during critical operations without interruption.<\/p>\t\t\t\t\t\t\t\t<\/div>\n\t\t\t\t<\/div>\n\t\t\t\t\t<\/div>\n\t\t<\/div>\n\t\t\t\t<div class=\"elementor-column elementor-col-50 elementor-top-column elementor-element elementor-element-2b4953c\" data-id=\"2b4953c\" data-element_type=\"column\" data-e-type=\"column\">\n\t\t\t<div class=\"elementor-widget-wrap elementor-element-populated\">\n\t\t\t\t\t\t<div class=\"elementor-element elementor-element-854cf2e elementor-widget elementor-widget-image\" data-id=\"854cf2e\" data-element_type=\"widget\" data-e-type=\"widget\" data-settings=\"{&quot;ekit_we_effect_on&quot;:&quot;none&quot;}\" data-widget_type=\"image.default\">\n\t\t\t\t<div class=\"elementor-widget-container\">\n\t\t\t\t\t\t\t\t\t\t\t\t\t\t\t<img fetchpriority=\"high\" decoding=\"async\" width=\"560\" height=\"373\" src=\"https:\/\/www.ynova.be\/wp-content\/uploads\/2022\/11\/Anti-Burn-in\u2122_parking-lot2.jpg\" class=\"attachment-large size-large wp-image-33571\" alt=\"exemple de la technologie Anti-Burn-in\" srcset=\"https:\/\/www.ynova.be\/wp-content\/uploads\/2022\/11\/Anti-Burn-in\u2122_parking-lot2.jpg 560w, https:\/\/www.ynova.be\/wp-content\/uploads\/2022\/11\/Anti-Burn-in\u2122_parking-lot2-350x233.jpg 350w, https:\/\/www.ynova.be\/wp-content\/uploads\/2022\/11\/Anti-Burn-in\u2122_parking-lot2-64x43.jpg 64w, https:\/\/www.ynova.be\/wp-content\/uploads\/2022\/11\/Anti-Burn-in\u2122_parking-lot2-250x167.jpg 250w, https:\/\/www.ynova.be\/wp-content\/uploads\/2022\/11\/Anti-Burn-in\u2122_parking-lot2-18x12.jpg 18w\" sizes=\"(max-width: 560px) 100vw, 560px\" \/>\t\t\t\t\t\t\t\t\t\t\t\t\t\t\t<\/div>\n\t\t\t\t<\/div>\n\t\t\t\t\t<\/div>\n\t\t<\/div>\n\t\t\t\t\t<\/div>\n\t\t<\/section>\n\t\t\t\t<section class=\"elementor-section elementor-top-section elementor-element elementor-element-8a0fbc9 elementor-section-boxed elementor-section-height-default elementor-section-height-default\" data-id=\"8a0fbc9\" data-element_type=\"section\" data-e-type=\"section\" data-settings=\"{&quot;ekit_has_onepagescroll_dot&quot;:&quot;yes&quot;}\">\n\t\t\t\t\t\t<div class=\"elementor-container elementor-column-gap-default\">\n\t\t\t\t\t<div class=\"elementor-column elementor-col-50 elementor-top-column elementor-element elementor-element-abf1569\" data-id=\"abf1569\" data-element_type=\"column\" data-e-type=\"column\">\n\t\t\t<div class=\"elementor-widget-wrap elementor-element-populated\">\n\t\t\t\t\t\t<div class=\"elementor-element elementor-element-c8a9e4c elementor-widget elementor-widget-image\" data-id=\"c8a9e4c\" data-element_type=\"widget\" data-e-type=\"widget\" data-settings=\"{&quot;ekit_we_effect_on&quot;:&quot;none&quot;}\" data-widget_type=\"image.default\">\n\t\t\t\t<div class=\"elementor-widget-container\">\n\t\t\t\t\t\t\t\t\t\t\t\t\t\t\t<img decoding=\"async\" width=\"560\" height=\"373\" src=\"https:\/\/www.ynova.be\/wp-content\/uploads\/2022\/11\/Enhanced-Gamma-Selection-2.jpg\" class=\"attachment-large size-large wp-image-33572\" alt=\"clart\u00e9 d&#039;image am\u00e9lior\u00e9e du SC-22E\" srcset=\"https:\/\/www.ynova.be\/wp-content\/uploads\/2022\/11\/Enhanced-Gamma-Selection-2.jpg 560w, https:\/\/www.ynova.be\/wp-content\/uploads\/2022\/11\/Enhanced-Gamma-Selection-2-350x233.jpg 350w, https:\/\/www.ynova.be\/wp-content\/uploads\/2022\/11\/Enhanced-Gamma-Selection-2-64x43.jpg 64w, https:\/\/www.ynova.be\/wp-content\/uploads\/2022\/11\/Enhanced-Gamma-Selection-2-250x167.jpg 250w, https:\/\/www.ynova.be\/wp-content\/uploads\/2022\/11\/Enhanced-Gamma-Selection-2-18x12.jpg 18w\" sizes=\"(max-width: 560px) 100vw, 560px\" \/>\t\t\t\t\t\t\t\t\t\t\t\t\t\t\t<\/div>\n\t\t\t\t<\/div>\n\t\t\t\t\t<\/div>\n\t\t<\/div>\n\t\t\t\t<div class=\"elementor-column elementor-col-50 elementor-top-column elementor-element elementor-element-e547b41\" data-id=\"e547b41\" data-element_type=\"column\" data-e-type=\"column\">\n\t\t\t<div class=\"elementor-widget-wrap elementor-element-populated\">\n\t\t\t\t\t\t<div class=\"elementor-element elementor-element-03a6f2d elementor-widget elementor-widget-text-editor\" data-id=\"03a6f2d\" data-element_type=\"widget\" data-e-type=\"widget\" data-settings=\"{&quot;ekit_we_effect_on&quot;:&quot;none&quot;}\" data-widget_type=\"text-editor.default\">\n\t\t\t\t<div class=\"elementor-widget-container\">\n\t\t\t\t\t\t\t\t\t<h2>MONITOR \/ IMAGE CLARITY ENHANCED<\/h2><p>Monitor, with images that are exceptionally bright with a selection of the curve gamma* in the foreground, and a possibility of adjustment of the black level* and a high dynamic contrast ratio of 20,000,000:1 : the SC series can capture details in dark and generate images on top of the range, thus improving the quality of image details.<\/p><p>A mode CCTV preconfigured has been developed specifically for the control room monitoring to adjust the video settings of the screen such as the sharpness, color temperature and brightness in order to maximize the clarity of the image, especially in the surveillance footage in low light at night.<\/p>\t\t\t\t\t\t\t\t<\/div>\n\t\t\t\t<\/div>\n\t\t\t\t\t<\/div>\n\t\t<\/div>\n\t\t\t\t\t<\/div>\n\t\t<\/section>\n\t\t\t\t<section class=\"elementor-section elementor-top-section elementor-element elementor-element-2c8a30b elementor-section-boxed elementor-section-height-default elementor-section-height-default\" data-id=\"2c8a30b\" data-element_type=\"section\" data-e-type=\"section\" data-settings=\"{&quot;ekit_has_onepagescroll_dot&quot;:&quot;yes&quot;}\">\n\t\t\t\t\t\t<div class=\"elementor-container elementor-column-gap-default\">\n\t\t\t\t\t<div class=\"elementor-column elementor-col-50 elementor-top-column elementor-element elementor-element-41f564d\" data-id=\"41f564d\" data-element_type=\"column\" data-e-type=\"column\">\n\t\t\t<div class=\"elementor-widget-wrap elementor-element-populated\">\n\t\t\t\t\t\t<div class=\"elementor-element elementor-element-0378a72 elementor-widget elementor-widget-text-editor\" data-id=\"0378a72\" data-element_type=\"widget\" data-e-type=\"widget\" data-settings=\"{&quot;ekit_we_effect_on&quot;:&quot;none&quot;}\" data-widget_type=\"text-editor.default\">\n\t\t\t\t<div class=\"elementor-widget-container\">\n\t\t\t\t\t\t\t\t\t<h2>SC-22E ADAPTABLE TO THE NEEDS OF YOUR ENVIRONMENT<\/h2><p>In a spirit of adaptability, the SC series offers a wide choice of configurations designed to allow you to tailor the display to your surveillance needs.<\/p><p>This includes on\/off switches to the blue screen or the LED power* and aspect ratios selectable whose 16:9, 4:3, 1:1* or even a zoom mode custom allows you to adjust the display to the terms and conditions of your room control independently of the input signal.<\/p>\t\t\t\t\t\t\t\t<\/div>\n\t\t\t\t<\/div>\n\t\t\t\t\t<\/div>\n\t\t<\/div>\n\t\t\t\t<div class=\"elementor-column elementor-col-50 elementor-top-column elementor-element elementor-element-f99fe82\" data-id=\"f99fe82\" data-element_type=\"column\" data-e-type=\"column\">\n\t\t\t<div class=\"elementor-widget-wrap elementor-element-populated\">\n\t\t\t\t\t\t<div class=\"elementor-element elementor-element-d4ed1c0 elementor-widget elementor-widget-image\" data-id=\"d4ed1c0\" data-element_type=\"widget\" data-e-type=\"widget\" data-settings=\"{&quot;ekit_we_effect_on&quot;:&quot;none&quot;}\" data-widget_type=\"image.default\">\n\t\t\t\t<div class=\"elementor-widget-container\">\n\t\t\t\t\t\t\t\t\t\t\t\t\t\t\t<img decoding=\"async\" width=\"560\" height=\"373\" src=\"https:\/\/www.ynova.be\/wp-content\/uploads\/2022\/11\/Enhanced-Gamma-Selection-2.jpg\" class=\"attachment-large size-large wp-image-33572\" alt=\"clart\u00e9 d&#039;image am\u00e9lior\u00e9e du SC-22E\" srcset=\"https:\/\/www.ynova.be\/wp-content\/uploads\/2022\/11\/Enhanced-Gamma-Selection-2.jpg 560w, https:\/\/www.ynova.be\/wp-content\/uploads\/2022\/11\/Enhanced-Gamma-Selection-2-350x233.jpg 350w, https:\/\/www.ynova.be\/wp-content\/uploads\/2022\/11\/Enhanced-Gamma-Selection-2-64x43.jpg 64w, https:\/\/www.ynova.be\/wp-content\/uploads\/2022\/11\/Enhanced-Gamma-Selection-2-250x167.jpg 250w, https:\/\/www.ynova.be\/wp-content\/uploads\/2022\/11\/Enhanced-Gamma-Selection-2-18x12.jpg 18w\" sizes=\"(max-width: 560px) 100vw, 560px\" \/>\t\t\t\t\t\t\t\t\t\t\t\t\t\t\t<\/div>\n\t\t\t\t<\/div>\n\t\t\t\t\t<\/div>\n\t\t<\/div>\n\t\t\t\t\t<\/div>\n\t\t<\/section>\n\t\t\t\t<section class=\"elementor-section elementor-top-section elementor-element elementor-element-4863515 elementor-section-boxed elementor-section-height-default elementor-section-height-default\" data-id=\"4863515\" data-element_type=\"section\" data-e-type=\"section\" data-settings=\"{&quot;ekit_has_onepagescroll_dot&quot;:&quot;yes&quot;}\">\n\t\t\t\t\t\t<div class=\"elementor-container elementor-column-gap-default\">\n\t\t\t\t\t<div class=\"elementor-column elementor-col-100 elementor-top-column elementor-element elementor-element-42a5823\" data-id=\"42a5823\" data-element_type=\"column\" data-e-type=\"column\">\n\t\t\t<div class=\"elementor-widget-wrap elementor-element-populated\">\n\t\t\t\t\t\t<div class=\"elementor-element elementor-element-ab283e0 elementor-widget elementor-widget-toggle\" data-id=\"ab283e0\" data-element_type=\"widget\" data-e-type=\"widget\" data-settings=\"{&quot;ekit_we_effect_on&quot;:&quot;none&quot;}\" data-widget_type=\"toggle.default\">\n\t\t\t\t<div class=\"elementor-widget-container\">\n\t\t\t\t\t\t\t<div class=\"elementor-toggle\">\n\t\t\t\t\t\t\t<div class=\"elementor-toggle-item\">\n\t\t\t\t\t<div id=\"elementor-tab-title-1791\" class=\"elementor-tab-title\" data-tab=\"1\" role=\"button\" aria-controls=\"elementor-tab-content-1791\" aria-expanded=\"false\">\n\t\t\t\t\t\t\t\t\t\t\t\t<span class=\"elementor-toggle-icon elementor-toggle-icon-left\" aria-hidden=\"true\">\n\t\t\t\t\t\t\t\t\t\t\t\t\t\t\t<span class=\"elementor-toggle-icon-closed\"><i class=\"fas fa-caret-right\"><\/i><\/span>\n\t\t\t\t\t\t\t\t<span class=\"elementor-toggle-icon-opened\"><i class=\"elementor-toggle-icon-opened fas fa-caret-up\"><\/i><\/span>\n\t\t\t\t\t\t\t\t\t\t\t\t\t<\/span>\n\t\t\t\t\t\t\t\t\t\t\t\t<a class=\"elementor-toggle-title\" tabindex=\"0\">SPECIFICATIONS SC-22E<\/a>\n\t\t\t\t\t<\/div>\n\n\t\t\t\t\t<div id=\"elementor-tab-content-1791\" class=\"elementor-tab-content elementor-clearfix\" data-tab=\"1\" role=\"region\" aria-labelledby=\"elementor-tab-title-1791\"><div class=\"tabData\"><div class=\"row border-bottom\"><h3 class=\"s_title col-xl-3 mt-4 mt-xl-0 mb-3 mb-xl-0\">Display 22 inches<\/h3><div class=\"col-xl-9\"><div class=\"s_data_list row\"><div class=\"s_dataLabel col-6 col-sm-4\">Type of display \/ VA<\/div><\/div><div class=\"s_data_list row\"><div class=\"s_dataLabel col-6 col-sm-4\">Screen size \/ 21,5&#034;<\/div><\/div><div class=\"s_data_list row\"><div class=\"s_dataLabel col-6 col-sm-4\">Resolution FHD 1920 x 1080<\/div><\/div><div class=\"s_data_list row\"><div class=\"s_dataLabel col-6 col-sm-4\"><span style=\"vertical-align: inherit;\"><span style=\"vertical-align: inherit;\">Pixel pitch \/ <\/span><\/span>0,248 mm<\/div><\/div><div class=\"s_data_list row\"><div class=\"s_dataLabel col-6 col-sm-4\">Brightness 250 cd\/m2<\/div><\/div><div class=\"s_data_list row\"><div class=\"s_dataLabel col-6 col-sm-4\">Contrast native \/ 20 000 000:1 (DCR)<\/div><\/div><div class=\"s_data_list row\"><div class=\"s_dataLabel col-6 col-sm-4\">View Angle (left\/right<br \/>high - \/low) \/ 170\u00b0\/160\u00b0<\/div><\/div><div class=\"s_data_list row\"><div class=\"s_dataLabel col-6 col-sm-4\">Display colors \/ 16.7 M<\/div><\/div><div class=\"s_data_list row\"><div class=\"s_dataLabel col-6 col-sm-4\"><span style=\"vertical-align: inherit;\"><span style=\"vertical-align: inherit;\">Range of colours \/ <\/span><\/span>NTSC 72 %<\/div><\/div><div class=\"s_data_list row\"><div class=\"s_dataLabel col-6 col-sm-4\">Response time \/ 3 milliseconds<\/div><\/div><div class=\"s_data_list row\"><div class=\"s_dataLabel col-6 col-sm-4\"><span style=\"vertical-align: inherit;\"><span style=\"vertical-align: inherit;\">Surface treatment \/ <\/span><\/span>Treatment antiglare (Haze 25%), hard coating 3H<\/div><\/div><\/div><\/div><div class=\"row border-bottom\"><h3 class=\"s_title col-xl-3 mt-4 mt-xl-0 mb-3 mb-xl-0\"><span style=\"vertical-align: inherit;\"><span style=\"vertical-align: inherit;\">Frequency<\/span><\/span><\/h3><div class=\"col-xl-9\"><div class=\"s_data_list row\"><div class=\"s_dataLabel col-6 col-sm-4\"><span style=\"vertical-align: inherit;\"><span style=\"vertical-align: inherit;\">Frequency (H) \/ <\/span><\/span>24kHz-83kHz<\/div><\/div><div class=\"s_data_list row\"><div class=\"s_dataLabel col-6 col-sm-4\"><span style=\"vertical-align: inherit;\"><span style=\"vertical-align: inherit;\">Frequency (V) \/ <\/span><\/span>50Hz-75Hz<\/div><\/div><\/div><\/div><div class=\"row border-bottom\"><h3 class=\"s_title col-xl-3 mt-4 mt-xl-0 mb-3 mb-xl-0\"><span style=\"vertical-align: inherit;\"><span style=\"vertical-align: inherit;\">Signal input<\/span><\/span><\/h3><div class=\"col-xl-9\"><div class=\"s_data_list row\"><div class=\"s_dataLabel col-6 col-sm-4\"><span style=\"vertical-align: inherit;\"><span style=\"vertical-align: inherit;\">HDMI \/ <\/span><\/span>1.4 x 1<\/div><\/div><div class=\"s_data_list row\"><div class=\"s_dataLabel col-6 col-sm-4\"><span style=\"vertical-align: inherit;\"><span style=\"vertical-align: inherit;\">VGA \/ <\/span><\/span>15-Pin D-Sub x 1<\/div><\/div><div class=\"s_data_list row\"><div class=\"s_dataLabel col-6 col-sm-4\">Composite BNC x 1<\/div><\/div><\/div><\/div><div class=\"row border-bottom\"><h3 class=\"s_title col-xl-3 mt-4 mt-xl-0 mb-3 mb-xl-0\">Signal output<\/h3><div class=\"col-xl-9\"><div class=\"s_data_list row\"><div class=\"s_dataLabel col-6 col-sm-4\">Composite BNC x 1<\/div><\/div><\/div><\/div><div class=\"row border-bottom\"><h3 class=\"s_title col-xl-3 mt-4 mt-xl-0 mb-3 mb-xl-0\">Other connectivity<\/h3><div class=\"col-xl-9\"><div class=\"s_data_list row\"><div class=\"s_dataLabel col-6 col-sm-4\">USB \/ usb 2.0 x 1 (Service Port)<\/div><\/div><\/div><\/div><div class=\"row border-bottom\"><h3 class=\"s_title col-xl-3 mt-4 mt-xl-0 mb-3 mb-xl-0\">His<\/h3><div class=\"col-xl-9\"><div class=\"s_data_list row\"><div class=\"s_dataLabel col-6 col-sm-4\">Audio In \/ Stereo Audio Jack (3.5 mm)<\/div><\/div><div class=\"s_data_list row\"><div class=\"s_dataLabel col-6 col-sm-4\">Audio Out \/ Stereo Audio Jack (3.5 mm)<\/div><\/div><div class=\"s_data_list row\"><div class=\"s_dataLabel col-6 col-sm-4\">Internal Speakers \/ 2W x 2<\/div><\/div><\/div><\/div><div class=\"row border-bottom\"><h3 class=\"s_title col-xl-3 mt-4 mt-xl-0 mb-3 mb-xl-0\">Power supply<\/h3><div class=\"col-xl-9\"><div class=\"s_data_list row\"><div class=\"s_dataLabel col-6 col-sm-4\">Current Source \/ Internal<br \/>Power requirements \/ AC 100-240V \/ 50\/60 Hz \/ On Mode 16W (On)<\/div><\/div><div class=\"s_data_list row\"><div class=\"s_dataLabel col-6 col-sm-4\">Standby Mode<\/div><\/div><div class=\"s_data_list row\"><div class=\"s_dataLabel col-6 col-sm-4\">Off Mode<\/div><\/div><\/div><\/div><div class=\"row border-bottom\"><h3 class=\"s_title col-xl-3 mt-4 mt-xl-0 mb-3 mb-xl-0\">Operating Conditions<\/h3><div class=\"col-xl-9\"><div class=\"s_data_list row\"><div class=\"s_dataLabel col-6 col-sm-4\">Temperature \/ 0\u00b0C-40\u00b0C (32\u00b0F-104\u00b0F)<\/div><\/div><div class=\"s_data_list row\"><div class=\"s_dataLabel col-6 col-sm-4\">Humidity \/ 10%-80% (non-condensing)<\/div><\/div><\/div><\/div><div class=\"row border-bottom\"><h3 class=\"s_title col-xl-3 mt-4 mt-xl-0 mb-3 mb-xl-0\">Storage Conditions<\/h3><div class=\"col-xl-9\"><div class=\"s_data_list row\"><div class=\"s_dataLabel col-6 col-sm-4\">Temperature \/ -20\u00b0C-55\u00b0C (-4\u00b0F-131\u00b0F)<\/div><\/div><div class=\"s_data_list row\"><div class=\"s_dataLabel col-6 col-sm-4\">Humidity \/ 5%-93% (non-condensing)<\/div><\/div><\/div><\/div><div class=\"row border-bottom\"><h3 class=\"s_title col-xl-3 mt-4 mt-xl-0 mb-3 mb-xl-0\">VESA wall mount<\/h3><div class=\"col-xl-9\"><div class=\"s_data_list row\"><div class=\"s_dataLabel col-6 col-sm-4\">VESA FPMPMI Yes (100 x 100 mm)<\/div><\/div><\/div><\/div><div class=\"row border-bottom\"><h3 class=\"s_title col-xl-3 mt-4 mt-xl-0 mb-3 mb-xl-0\">Stand<\/h3><div class=\"col-xl-9\"><div class=\"s_data_list row\"><div class=\"s_dataLabel col-6 col-sm-4\">Tilt -5\u00b0 to 23\u00b0<\/div><\/div><\/div><\/div><div class=\"row border-bottom\"><h3 class=\"s_title col-xl-3 mt-4 mt-xl-0 mb-3 mb-xl-0\">Security<\/h3><div class=\"col-xl-9\"><div class=\"s_data_list row\"><div class=\"s_dataLabel col-6 col-sm-4\">Slot Kensington security<\/div><\/div><\/div><\/div><div class=\"row border-bottom\"><h3 class=\"s_title col-xl-3 mt-4 mt-xl-0 mb-3 mb-xl-0\">Dimensions<\/h3><div class=\"col-xl-9\"><div class=\"s_data_list row\"><div class=\"s_dataLabel col-6 col-sm-4\">Product with stand (W x H x d) \/ 505,2 x 380,8 x 194,0 mm (19,9&#034; x 15.0&#034; x 7.6&#034;)<br \/>Product without stand (W x H x d) \/ 505,2 x 305,0 x 48.3 mm (19,9&#034; x 12.0&#034; x 1.9&#034;)<br \/>Packaging (L x H x P)\/ 557,0 x 387,0 x 117,0 mm (with 21.9&#034; x 15.2&#034; x 4.6&#034;)<\/div><\/div><\/div><\/div><div class=\"row border-bottom\"><h3 class=\"s_title col-xl-3 mt-4 mt-xl-0 mb-3 mb-xl-0\">Weight<\/h3><div class=\"col-xl-9\"><div class=\"s_data_list row\"><div class=\"s_dataLabel col-6 col-sm-4\">Product with Stand \/ 2,8 kg (6,2 lbs)<br \/>Product without Base \/ 2.4 kg (5,2 books)<br \/>Packaging \/ 4,2 kg (9,3 lb)<\/div><\/div><\/div><\/div><div class=\"row border-bottom\"><h3 class=\"s_title col-xl-3 mt-4 mt-xl-0 mb-3 mb-xl-0\">Certification<\/h3><div class=\"col-xl-9\"><div class=\"s_data_list row\"><div class=\"s_dataLabel col-6 col-sm-4\">Certifications &amp; Compliance<\/div><div class=\"d-flex flex-wrap col-6 col-sm-8\"><div class=\"s_dataValue\">FCC<br \/>THIS<br \/>LVD<br \/>WEEE<br \/>RoHS<br \/>REACH<br \/>ICES-003(Issue 7)<\/div><\/div><\/div><\/div><\/div><div class=\"row border-bottom\"><h3 class=\"s_title col-xl-3 mt-4 mt-xl-0 mb-3 mb-xl-0\">Accessories<\/h3><div class=\"col-xl-9\"><div class=\"s_data_list row\"><div class=\"s_dataLabel col-6 col-sm-4\">Audio cable<br \/>Power cord<br \/>Quick start Guide<br \/>VGA cable<br \/>Warranty card<\/div><\/div><\/div><\/div><div class=\"row border-bottom\"><h3 class=\"s_title col-xl-3 mt-4 mt-xl-0 mb-3 mb-xl-0\">Optional accessories<\/h3><div class=\"col-xl-9\"><div class=\"s_data_list row\"><div class=\"s_dataLabel col-6 col-sm-4\">Ceiling Mount (Landscape only)<\/div><div class=\"d-flex flex-wrap col-6 col-sm-8\"><div class=\"s_dataValue\">CMP-01 + WMK-03<\/div><\/div><\/div><div class=\"s_data_list row\"><div class=\"s_dataLabel col-6 col-sm-4\">Wall Mount (Landscape only)<\/div><div class=\"d-flex flex-wrap col-6 col-sm-8\"><div class=\"s_dataValue\">PMK-01<br \/>WMA-01<br \/>WMK-01<br \/>WMK-03<\/div><\/div><\/div><div class=\"s_data_list row\"><div class=\"s_dataLabel col-6 col-sm-4\">Desk mount (Landscape only)<\/div><div class=\"d-flex flex-wrap col-6 col-sm-8\"><div class=\"s_dataValue\">DMC-01<br \/>DMC-02D<br \/>DMS-01D<br \/>ES-02<\/div><\/div><\/div><\/div><\/div><\/div><\/div>\n\t\t\t\t<\/div>\n\t\t\t\t\t\t\t\t<\/div>\n\t\t\t\t\t\t<\/div>\n\t\t\t\t<\/div>\n\t\t\t\t\t<\/div>\n\t\t<\/div>\n\t\t\t\t\t<\/div>\n\t\t<\/section>\n\t\t\t\t<\/div>","protected":false},"excerpt":{"rendered":"<h2>SC-22<\/h2>\n<h2>Monitor 1080p 22 inch with BNC connector<\/h2>\n<ul>\n<li>Full HD resolution 1920 x 1080<\/li>\n<li>Versatile connectivity : VGA, HDMI, Composite (BNC),<\/li>\n<li>Two built-in speakers 2W<\/li>\n<li>Output Ports with passive loop-composite (BNC)<\/li>\n<li>Picture Mode CCTV (closed circuit) for a very detailed and clear in low-light scenes<\/li>\n<li>Designed and developed for continuous operation 24\/7<\/li>\n<\/ul>","protected":false},"featured_media":33866,"template":"","meta":{"_acf_changed":false},"product_brand":[],"product_cat":[673],"product_tag":[],"class_list":{"0":"post-33564","1":"product","2":"type-product","3":"status-publish","4":"has-post-thumbnail","6":"product_cat-moniteur-de-surveillance","8":"first","9":"instock","10":"taxable","11":"shipping-taxable","12":"purchasable","13":"product-type-simple"},"acf":[],"_links":{"self":[{"href":"https:\/\/www.ynova.be\/en\/wp-json\/wp\/v2\/product\/33564","targetHints":{"allow":["GET"]}}],"collection":[{"href":"https:\/\/www.ynova.be\/en\/wp-json\/wp\/v2\/product"}],"about":[{"href":"https:\/\/www.ynova.be\/en\/wp-json\/wp\/v2\/types\/product"}],"version-history":[{"count":0,"href":"https:\/\/www.ynova.be\/en\/wp-json\/wp\/v2\/product\/33564\/revisions"}],"wp:featuredmedia":[{"embeddable":true,"href":"https:\/\/www.ynova.be\/en\/wp-json\/wp\/v2\/media\/33866"}],"wp:attachment":[{"href":"https:\/\/www.ynova.be\/en\/wp-json\/wp\/v2\/media?parent=33564"}],"wp:term":[{"taxonomy":"product_brand","embeddable":true,"href":"https:\/\/www.ynova.be\/en\/wp-json\/wp\/v2\/product_brand?post=33564"},{"taxonomy":"product_cat","embeddable":true,"href":"https:\/\/www.ynova.be\/en\/wp-json\/wp\/v2\/product_cat?post=33564"},{"taxonomy":"product_tag","embeddable":true,"href":"https:\/\/www.ynova.be\/en\/wp-json\/wp\/v2\/product_tag?post=33564"}],"curies":[{"name":"wp","href":"https:\/\/api.w.org\/{rel}","templated":true}]}}