{"id":32864,"date":"2022-10-25T14:47:01","date_gmt":"2022-10-25T12:47:01","guid":{"rendered":"https:\/\/www.ynova.be\/?post_type=product&#038;p=32864"},"modified":"2022-10-25T16:56:10","modified_gmt":"2022-10-25T14:56:10","slug":"tx-22-white-moniteurtactile","status":"publish","type":"product","link":"https:\/\/www.ynova.be\/en\/product\/tx-22-white-moniteurtactile\/","title":{"rendered":"TX-22 White"},"content":{"rendered":"<div data-elementor-type=\"product-post\" data-elementor-id=\"32864\" class=\"elementor elementor-32864\" data-elementor-post-type=\"product\">\n\t\t\t\t\t\t<section class=\"elementor-section elementor-top-section elementor-element elementor-element-484a7ef elementor-section-boxed elementor-section-height-default elementor-section-height-default\" data-id=\"484a7ef\" data-element_type=\"section\" data-e-type=\"section\" data-settings=\"{&quot;ekit_has_onepagescroll_dot&quot;:&quot;yes&quot;}\">\n\t\t\t\t\t\t<div class=\"elementor-container elementor-column-gap-default\">\n\t\t\t\t\t<div class=\"elementor-column elementor-col-100 elementor-top-column elementor-element elementor-element-15961e8\" data-id=\"15961e8\" data-element_type=\"column\" data-e-type=\"column\">\n\t\t\t<div class=\"elementor-widget-wrap elementor-element-populated\">\n\t\t\t\t\t\t<div class=\"elementor-element elementor-element-dbbd235 elementor-widget elementor-widget-text-editor\" data-id=\"dbbd235\" data-element_type=\"widget\" data-e-type=\"widget\" data-settings=\"{&quot;ekit_we_effect_on&quot;:&quot;none&quot;}\" data-widget_type=\"text-editor.default\">\n\t\t\t\t<div class=\"elementor-widget-container\">\n\t\t\t\t\t\t\t\t\t<p style=\"text-align: center;\">Featuring an IPS panel with LED backlighting, the TX-22 offers more than just a Full HD resolution of 1920 x 1080. Its specific colours and patterns are perfectly visible from any angle. His touch technology projected capacitive allows users to navigate the display easily and with accuracy. Its great flexibility of tilt from -5 to 90 degrees ensures comfort and ergonomics of visualization in environments public and interactive. A glass coating allows easy cleaning and resistance to bacteria and dust. Finally, its metal chassis and its solid base to ensure stability and robustness.<\/p>\t\t\t\t\t\t\t\t<\/div>\n\t\t\t\t<\/div>\n\t\t\t\t\t<\/div>\n\t\t<\/div>\n\t\t\t\t\t<\/div>\n\t\t<\/section>\n\t\t\t\t<section class=\"elementor-section elementor-top-section elementor-element elementor-element-3bb12a3 elementor-section-boxed elementor-section-height-default elementor-section-height-default\" data-id=\"3bb12a3\" data-element_type=\"section\" data-e-type=\"section\" data-settings=\"{&quot;ekit_has_onepagescroll_dot&quot;:&quot;yes&quot;}\">\n\t\t\t\t\t\t<div class=\"elementor-container elementor-column-gap-default\">\n\t\t\t\t\t<div class=\"elementor-column elementor-col-100 elementor-top-column elementor-element elementor-element-087960b\" data-id=\"087960b\" data-element_type=\"column\" data-e-type=\"column\">\n\t\t\t<div class=\"elementor-widget-wrap elementor-element-populated\">\n\t\t\t\t\t\t<div class=\"elementor-element elementor-element-91943cc elementor-widget elementor-widget-video\" data-id=\"91943cc\" data-element_type=\"widget\" data-e-type=\"widget\" data-settings=\"{&quot;youtube_url&quot;:&quot;https:\\\/\\\/www.youtube.com\\\/watch?v=KxpSCwOgg58&amp;feature=emb_title&quot;,&quot;video_type&quot;:&quot;youtube&quot;,&quot;controls&quot;:&quot;yes&quot;,&quot;ekit_we_effect_on&quot;:&quot;none&quot;}\" data-widget_type=\"video.default\">\n\t\t\t\t<div class=\"elementor-widget-container\">\n\t\t\t\t\t\t\t<div class=\"elementor-wrapper elementor-open-inline\">\n\t\t\t<div class=\"elementor-video\"><\/div>\t\t<\/div>\n\t\t\t\t\t\t<\/div>\n\t\t\t\t<\/div>\n\t\t\t\t\t<\/div>\n\t\t<\/div>\n\t\t\t\t\t<\/div>\n\t\t<\/section>\n\t\t\t\t<section class=\"elementor-section elementor-top-section elementor-element elementor-element-3bf5464 elementor-section-boxed elementor-section-height-default elementor-section-height-default\" data-id=\"3bf5464\" data-element_type=\"section\" data-e-type=\"section\" data-settings=\"{&quot;ekit_has_onepagescroll_dot&quot;:&quot;yes&quot;}\">\n\t\t\t\t\t\t<div class=\"elementor-container elementor-column-gap-default\">\n\t\t\t\t\t<div class=\"elementor-column elementor-col-50 elementor-top-column elementor-element elementor-element-984a50b\" data-id=\"984a50b\" data-element_type=\"column\" data-e-type=\"column\">\n\t\t\t<div class=\"elementor-widget-wrap elementor-element-populated\">\n\t\t\t\t\t\t<div class=\"elementor-element elementor-element-fd364eb elementor-view-default elementor-widget elementor-widget-icon\" data-id=\"fd364eb\" data-element_type=\"widget\" data-e-type=\"widget\" data-settings=\"{&quot;ekit_we_effect_on&quot;:&quot;none&quot;}\" data-widget_type=\"icon.default\">\n\t\t\t\t<div class=\"elementor-widget-container\">\n\t\t\t\t\t\t\t<div class=\"elementor-icon-wrapper\">\n\t\t\t<div class=\"elementor-icon\">\n\t\t\t<i aria-hidden=\"true\" class=\"icon icon-warning\"><\/i>\t\t\t<\/div>\n\t\t<\/div>\n\t\t\t\t\t\t<\/div>\n\t\t\t\t<\/div>\n\t\t\t\t\t<\/div>\n\t\t<\/div>\n\t\t\t\t<div class=\"elementor-column elementor-col-50 elementor-top-column elementor-element elementor-element-174daae\" data-id=\"174daae\" data-element_type=\"column\" data-e-type=\"column\">\n\t\t\t<div class=\"elementor-widget-wrap elementor-element-populated\">\n\t\t\t\t\t\t<div class=\"elementor-element elementor-element-36f6b3b elementor-widget elementor-widget-text-editor\" data-id=\"36f6b3b\" data-element_type=\"widget\" data-e-type=\"widget\" data-settings=\"{&quot;ekit_we_effect_on&quot;:&quot;none&quot;}\" data-widget_type=\"text-editor.default\">\n\t\t\t\t<div class=\"elementor-widget-container\">\n\t\t\t\t\t\t\t\t\t<p style=\"text-align: left;\">Screens medical AG Neovo are designed and manufactured for use in health care environments, medical and clinical, but are not &#034;medical devices&#034; or that comply with the standard ISO 13485. The professional integration in a medical environment may require knowledge, skills, and specific certificates and is at all times the responsibility of the integrator.<\/p>\t\t\t\t\t\t\t\t<\/div>\n\t\t\t\t<\/div>\n\t\t\t\t\t<\/div>\n\t\t<\/div>\n\t\t\t\t\t<\/div>\n\t\t<\/section>\n\t\t\t\t<section class=\"elementor-section elementor-top-section elementor-element elementor-element-1e74055 elementor-section-boxed elementor-section-height-default elementor-section-height-default\" data-id=\"1e74055\" data-element_type=\"section\" data-e-type=\"section\" data-settings=\"{&quot;ekit_has_onepagescroll_dot&quot;:&quot;yes&quot;}\">\n\t\t\t\t\t\t<div class=\"elementor-container elementor-column-gap-default\">\n\t\t\t\t\t<div class=\"elementor-column elementor-col-50 elementor-top-column elementor-element elementor-element-3ffcc3f\" data-id=\"3ffcc3f\" data-element_type=\"column\" data-e-type=\"column\">\n\t\t\t<div class=\"elementor-widget-wrap elementor-element-populated\">\n\t\t\t\t\t\t<div class=\"elementor-element elementor-element-3ca77d3 elementor-widget elementor-widget-text-editor\" data-id=\"3ca77d3\" data-element_type=\"widget\" data-e-type=\"widget\" data-settings=\"{&quot;ekit_we_effect_on&quot;:&quot;none&quot;}\" data-widget_type=\"text-editor.default\">\n\t\t\t\t<div class=\"elementor-widget-container\">\n\t\t\t\t\t\t\t\t\t<h2>TOUCH SCREEN 10 TOUCH POINTS<\/h2><p>The integration of multi-touch technology with 10 points and multi-touch technology projected capacitive offers a tactile experience precise and accurate.<\/p>\t\t\t\t\t\t\t\t<\/div>\n\t\t\t\t<\/div>\n\t\t\t\t\t<\/div>\n\t\t<\/div>\n\t\t\t\t<div class=\"elementor-column elementor-col-50 elementor-top-column elementor-element elementor-element-c26c358\" data-id=\"c26c358\" data-element_type=\"column\" data-e-type=\"column\">\n\t\t\t<div class=\"elementor-widget-wrap elementor-element-populated\">\n\t\t\t\t\t\t<div class=\"elementor-element elementor-element-362030e elementor-widget elementor-widget-image\" data-id=\"362030e\" data-element_type=\"widget\" data-e-type=\"widget\" data-settings=\"{&quot;ekit_we_effect_on&quot;:&quot;none&quot;}\" data-widget_type=\"image.default\">\n\t\t\t\t<div class=\"elementor-widget-container\">\n\t\t\t\t\t\t\t\t\t\t\t\t\t\t\t<img fetchpriority=\"high\" decoding=\"async\" width=\"560\" height=\"373\" src=\"https:\/\/www.ynova.be\/wp-content\/uploads\/2022\/10\/10-Point-Multi-Touch-Display.jpg\" class=\"attachment-large size-large wp-image-32875\" alt=\"\u00e9cran multi tactile\" srcset=\"https:\/\/www.ynova.be\/wp-content\/uploads\/2022\/10\/10-Point-Multi-Touch-Display.jpg 560w, https:\/\/www.ynova.be\/wp-content\/uploads\/2022\/10\/10-Point-Multi-Touch-Display-350x233.jpg 350w, https:\/\/www.ynova.be\/wp-content\/uploads\/2022\/10\/10-Point-Multi-Touch-Display-64x43.jpg 64w, https:\/\/www.ynova.be\/wp-content\/uploads\/2022\/10\/10-Point-Multi-Touch-Display-250x167.jpg 250w, https:\/\/www.ynova.be\/wp-content\/uploads\/2022\/10\/10-Point-Multi-Touch-Display-18x12.jpg 18w\" sizes=\"(max-width: 560px) 100vw, 560px\" \/>\t\t\t\t\t\t\t\t\t\t\t\t\t\t\t<\/div>\n\t\t\t\t<\/div>\n\t\t\t\t\t<\/div>\n\t\t<\/div>\n\t\t\t\t\t<\/div>\n\t\t<\/section>\n\t\t\t\t<section class=\"elementor-section elementor-top-section elementor-element elementor-element-dc511a0 elementor-section-boxed elementor-section-height-default elementor-section-height-default\" data-id=\"dc511a0\" data-element_type=\"section\" data-e-type=\"section\" data-settings=\"{&quot;ekit_has_onepagescroll_dot&quot;:&quot;yes&quot;}\">\n\t\t\t\t\t\t<div class=\"elementor-container elementor-column-gap-default\">\n\t\t\t\t\t<div class=\"elementor-column elementor-col-50 elementor-top-column elementor-element elementor-element-146657b\" data-id=\"146657b\" data-element_type=\"column\" data-e-type=\"column\">\n\t\t\t<div class=\"elementor-widget-wrap elementor-element-populated\">\n\t\t\t\t\t\t<div class=\"elementor-element elementor-element-4bb40b2 elementor-widget elementor-widget-image\" data-id=\"4bb40b2\" data-element_type=\"widget\" data-e-type=\"widget\" data-settings=\"{&quot;ekit_we_effect_on&quot;:&quot;none&quot;}\" data-widget_type=\"image.default\">\n\t\t\t\t<div class=\"elementor-widget-container\">\n\t\t\t\t\t\t\t\t\t\t\t\t\t\t\t<img decoding=\"async\" width=\"560\" height=\"373\" src=\"https:\/\/www.ynova.be\/wp-content\/uploads\/2022\/10\/Maximise-User-Comfort.jpg\" class=\"attachment-large size-large wp-image-32876\" alt=\"\u00e9cran inclinable de -5\u00b0 \u00e0 90\u00b0\" srcset=\"https:\/\/www.ynova.be\/wp-content\/uploads\/2022\/10\/Maximise-User-Comfort.jpg 560w, https:\/\/www.ynova.be\/wp-content\/uploads\/2022\/10\/Maximise-User-Comfort-350x233.jpg 350w, https:\/\/www.ynova.be\/wp-content\/uploads\/2022\/10\/Maximise-User-Comfort-64x43.jpg 64w, https:\/\/www.ynova.be\/wp-content\/uploads\/2022\/10\/Maximise-User-Comfort-250x167.jpg 250w, https:\/\/www.ynova.be\/wp-content\/uploads\/2022\/10\/Maximise-User-Comfort-18x12.jpg 18w\" sizes=\"(max-width: 560px) 100vw, 560px\" \/>\t\t\t\t\t\t\t\t\t\t\t\t\t\t\t<\/div>\n\t\t\t\t<\/div>\n\t\t\t\t\t<\/div>\n\t\t<\/div>\n\t\t\t\t<div class=\"elementor-column elementor-col-50 elementor-top-column elementor-element elementor-element-be6cd8e\" data-id=\"be6cd8e\" data-element_type=\"column\" data-e-type=\"column\">\n\t\t\t<div class=\"elementor-widget-wrap elementor-element-populated\">\n\t\t\t\t\t\t<div class=\"elementor-element elementor-element-d9fe0de elementor-widget elementor-widget-text-editor\" data-id=\"d9fe0de\" data-element_type=\"widget\" data-e-type=\"widget\" data-settings=\"{&quot;ekit_we_effect_on&quot;:&quot;none&quot;}\" data-widget_type=\"text-editor.default\">\n\t\t\t\t<div class=\"elementor-widget-container\">\n\t\t\t\t\t\t\t\t\t<h2>OPTIMIZATION OF the COMFORT OF The USER\u00a0<\/h2><p>Its ergonomic design makes the TX-22 really user-friendly with a multitude of viewing angles and a wide tilt range possible, from -5\u00b0 to 90\u00b0.<\/p>\t\t\t\t\t\t\t\t<\/div>\n\t\t\t\t<\/div>\n\t\t\t\t\t<\/div>\n\t\t<\/div>\n\t\t\t\t\t<\/div>\n\t\t<\/section>\n\t\t\t\t<section class=\"elementor-section elementor-top-section elementor-element elementor-element-44944c5 elementor-section-boxed elementor-section-height-default elementor-section-height-default\" data-id=\"44944c5\" data-element_type=\"section\" data-e-type=\"section\" data-settings=\"{&quot;ekit_has_onepagescroll_dot&quot;:&quot;yes&quot;}\">\n\t\t\t\t\t\t<div class=\"elementor-container elementor-column-gap-default\">\n\t\t\t\t\t<div class=\"elementor-column elementor-col-50 elementor-top-column elementor-element elementor-element-4c24ef4\" data-id=\"4c24ef4\" data-element_type=\"column\" data-e-type=\"column\">\n\t\t\t<div class=\"elementor-widget-wrap elementor-element-populated\">\n\t\t\t\t\t\t<div class=\"elementor-element elementor-element-511c58c elementor-widget elementor-widget-text-editor\" data-id=\"511c58c\" data-element_type=\"widget\" data-e-type=\"widget\" data-settings=\"{&quot;ekit_we_effect_on&quot;:&quot;none&quot;}\" data-widget_type=\"text-editor.default\">\n\t\t\t\t<div class=\"elementor-widget-container\">\n\t\t\t\t\t\t\t\t\t<h2>SAFETY CERTIFICATION OF MEDICAL<\/h2><p>In contrast to the standard display, the TX-22 adopts a power supply with low voltage electrical medical-grade, specially designed to assure the safety, performance, and reliability, three key requirements are for environments of medical professionals. Compliance with standard IEC\/EN 60601-1 ensures their safe and reliable operation in the medical framework.<\/p>\t\t\t\t\t\t\t\t<\/div>\n\t\t\t\t<\/div>\n\t\t\t\t\t<\/div>\n\t\t<\/div>\n\t\t\t\t<div class=\"elementor-column elementor-col-50 elementor-top-column elementor-element elementor-element-c830cf8\" data-id=\"c830cf8\" data-element_type=\"column\" data-e-type=\"column\">\n\t\t\t<div class=\"elementor-widget-wrap elementor-element-populated\">\n\t\t\t\t\t\t<div class=\"elementor-element elementor-element-186efe7 elementor-widget elementor-widget-image\" data-id=\"186efe7\" data-element_type=\"widget\" data-e-type=\"widget\" data-settings=\"{&quot;ekit_we_effect_on&quot;:&quot;none&quot;}\" data-widget_type=\"image.default\">\n\t\t\t\t<div class=\"elementor-widget-container\">\n\t\t\t\t\t\t\t\t\t\t\t\t\t\t\t<img decoding=\"async\" width=\"560\" height=\"373\" src=\"https:\/\/www.ynova.be\/wp-content\/uploads\/2022\/10\/Medical-Grade-Safety-Certification.jpg\" class=\"attachment-large size-large wp-image-32877\" alt=\"Certification EN\/IEC 60601-1\" srcset=\"https:\/\/www.ynova.be\/wp-content\/uploads\/2022\/10\/Medical-Grade-Safety-Certification.jpg 560w, https:\/\/www.ynova.be\/wp-content\/uploads\/2022\/10\/Medical-Grade-Safety-Certification-350x233.jpg 350w, https:\/\/www.ynova.be\/wp-content\/uploads\/2022\/10\/Medical-Grade-Safety-Certification-64x43.jpg 64w, https:\/\/www.ynova.be\/wp-content\/uploads\/2022\/10\/Medical-Grade-Safety-Certification-250x167.jpg 250w, https:\/\/www.ynova.be\/wp-content\/uploads\/2022\/10\/Medical-Grade-Safety-Certification-18x12.jpg 18w\" sizes=\"(max-width: 560px) 100vw, 560px\" \/>\t\t\t\t\t\t\t\t\t\t\t\t\t\t\t<\/div>\n\t\t\t\t<\/div>\n\t\t\t\t\t<\/div>\n\t\t<\/div>\n\t\t\t\t\t<\/div>\n\t\t<\/section>\n\t\t\t\t<section class=\"elementor-section elementor-top-section elementor-element elementor-element-199873c elementor-section-boxed elementor-section-height-default elementor-section-height-default\" data-id=\"199873c\" data-element_type=\"section\" data-e-type=\"section\" data-settings=\"{&quot;ekit_has_onepagescroll_dot&quot;:&quot;yes&quot;}\">\n\t\t\t\t\t\t<div class=\"elementor-container elementor-column-gap-default\">\n\t\t\t\t\t<div class=\"elementor-column elementor-col-50 elementor-top-column elementor-element elementor-element-b8d6748\" data-id=\"b8d6748\" data-element_type=\"column\" data-e-type=\"column\">\n\t\t\t<div class=\"elementor-widget-wrap elementor-element-populated\">\n\t\t\t\t\t\t<div class=\"elementor-element elementor-element-918cba3 elementor-widget elementor-widget-image\" data-id=\"918cba3\" data-element_type=\"widget\" data-e-type=\"widget\" data-settings=\"{&quot;ekit_we_effect_on&quot;:&quot;none&quot;}\" data-widget_type=\"image.default\">\n\t\t\t\t<div class=\"elementor-widget-container\">\n\t\t\t\t\t\t\t\t\t\t\t\t\t\t\t<img loading=\"lazy\" decoding=\"async\" width=\"560\" height=\"373\" src=\"https:\/\/www.ynova.be\/wp-content\/uploads\/2022\/10\/Complete-Protection-Against-Dust-And-Water-Jets-1.jpg\" class=\"attachment-large size-large wp-image-32878\" alt=\"Un nettoyage facile et les \u00e9crans sont prot\u00e9g\u00e9s contre la poussi\u00e8re et les \u00e9claboussures d&#039;eau.\" srcset=\"https:\/\/www.ynova.be\/wp-content\/uploads\/2022\/10\/Complete-Protection-Against-Dust-And-Water-Jets-1.jpg 560w, https:\/\/www.ynova.be\/wp-content\/uploads\/2022\/10\/Complete-Protection-Against-Dust-And-Water-Jets-1-350x233.jpg 350w, https:\/\/www.ynova.be\/wp-content\/uploads\/2022\/10\/Complete-Protection-Against-Dust-And-Water-Jets-1-64x43.jpg 64w, https:\/\/www.ynova.be\/wp-content\/uploads\/2022\/10\/Complete-Protection-Against-Dust-And-Water-Jets-1-250x167.jpg 250w, https:\/\/www.ynova.be\/wp-content\/uploads\/2022\/10\/Complete-Protection-Against-Dust-And-Water-Jets-1-18x12.jpg 18w\" sizes=\"(max-width: 560px) 100vw, 560px\" \/>\t\t\t\t\t\t\t\t\t\t\t\t\t\t\t<\/div>\n\t\t\t\t<\/div>\n\t\t\t\t\t<\/div>\n\t\t<\/div>\n\t\t\t\t<div class=\"elementor-column elementor-col-50 elementor-top-column elementor-element elementor-element-c0c08cc\" data-id=\"c0c08cc\" data-element_type=\"column\" data-e-type=\"column\">\n\t\t\t<div class=\"elementor-widget-wrap elementor-element-populated\">\n\t\t\t\t\t\t<div class=\"elementor-element elementor-element-169d71b elementor-widget elementor-widget-text-editor\" data-id=\"169d71b\" data-element_type=\"widget\" data-e-type=\"widget\" data-settings=\"{&quot;ekit_we_effect_on&quot;:&quot;none&quot;}\" data-widget_type=\"text-editor.default\">\n\t\t\t\t<div class=\"elementor-widget-container\">\n\t\t\t\t\t\t\t\t\t<h2>COMPLETE PROTECTION AGAINST DUST AND WATER JETS\u00a0<\/h2><p>With the front panel rated IP65 rating, the TX-22 White is effectively protected against the ingress of dust and splashing liquids, a current risk in public places as demanding as hospitals, museums, and school laboratories.<\/p>\t\t\t\t\t\t\t\t<\/div>\n\t\t\t\t<\/div>\n\t\t\t\t\t<\/div>\n\t\t<\/div>\n\t\t\t\t\t<\/div>\n\t\t<\/section>\n\t\t\t\t<section class=\"elementor-section elementor-top-section elementor-element elementor-element-dc1ecf9 elementor-section-boxed elementor-section-height-default elementor-section-height-default\" data-id=\"dc1ecf9\" data-element_type=\"section\" data-e-type=\"section\" data-settings=\"{&quot;ekit_has_onepagescroll_dot&quot;:&quot;yes&quot;}\">\n\t\t\t\t\t\t<div class=\"elementor-container elementor-column-gap-default\">\n\t\t\t\t\t<div class=\"elementor-column elementor-col-100 elementor-top-column elementor-element elementor-element-36b3f4b\" data-id=\"36b3f4b\" data-element_type=\"column\" data-e-type=\"column\">\n\t\t\t<div class=\"elementor-widget-wrap elementor-element-populated\">\n\t\t\t\t\t\t<div class=\"elementor-element elementor-element-24e51b9 elementor-widget elementor-widget-toggle\" data-id=\"24e51b9\" data-element_type=\"widget\" data-e-type=\"widget\" data-settings=\"{&quot;ekit_we_effect_on&quot;:&quot;none&quot;}\" data-widget_type=\"toggle.default\">\n\t\t\t\t<div class=\"elementor-widget-container\">\n\t\t\t\t\t\t\t<div class=\"elementor-toggle\">\n\t\t\t\t\t\t\t<div class=\"elementor-toggle-item\">\n\t\t\t\t\t<div id=\"elementor-tab-title-3861\" class=\"elementor-tab-title\" data-tab=\"1\" role=\"button\" aria-controls=\"elementor-tab-content-3861\" aria-expanded=\"false\">\n\t\t\t\t\t\t\t\t\t\t\t\t<span class=\"elementor-toggle-icon elementor-toggle-icon-left\" aria-hidden=\"true\">\n\t\t\t\t\t\t\t\t\t\t\t\t\t\t\t<span class=\"elementor-toggle-icon-closed\"><i class=\"fas fa-caret-right\"><\/i><\/span>\n\t\t\t\t\t\t\t\t<span class=\"elementor-toggle-icon-opened\"><i class=\"elementor-toggle-icon-opened fas fa-caret-up\"><\/i><\/span>\n\t\t\t\t\t\t\t\t\t\t\t\t\t<\/span>\n\t\t\t\t\t\t\t\t\t\t\t\t<a class=\"elementor-toggle-title\" tabindex=\"0\">Specifications TX-22\t\t\t\t<\/a>\n\t\t\t\t\t<\/div>\n\n\t\t\t\t\t<div id=\"elementor-tab-content-3861\" class=\"elementor-tab-content elementor-clearfix\" data-tab=\"1\" role=\"region\" aria-labelledby=\"elementor-tab-title-3861\"><table id=\"product-attribute-specs-table\" class=\"data table additional-attributes\"><caption class=\"table-caption\">More information<\/caption><tbody><tr><th class=\"col label\" scope=\"row\">Reference<\/th><td class=\"col data\" data-th=\"R\u00e9f\u00e9rence\">TX-22<\/td><\/tr><tr><th class=\"col label\" scope=\"row\">Manufacturer<\/th><td class=\"col data\" data-th=\"Fabricant\">AG Neovo<\/td><\/tr><tr><th class=\"col label\" scope=\"row\">Warranty (months)<\/th><td class=\"col data\" data-th=\"Garantie (mois)\">24<\/td><\/tr><tr><th class=\"col label\" scope=\"row\">Frequency horizontal<\/th><td class=\"col data\" data-th=\"Frequence horizontale\">31.47kHz \u2013 82.3kHz<\/td><\/tr><tr><th class=\"col label\" scope=\"row\">Vertical frequency<\/th><td class=\"col data\" data-th=\"Fr\u00e9quence verticale\">56Hz \u2013 75Hz<\/td><\/tr><tr><th class=\"col label\" scope=\"row\">Packaging box<\/th><td class=\"col data\" data-th=\"Conditionnement boite\">No<\/td><\/tr><tr><th class=\"col label\" scope=\"row\">Dimensions<\/th><td class=\"col data\" data-th=\"Dimensions\">528 x 347 x 214 mm<\/td><\/tr><tr><th class=\"col label\" scope=\"row\">Power supplies<\/th><td class=\"col data\" data-th=\"Alimentations\">DC 12V<\/td><\/tr><tr><th class=\"col label\" scope=\"row\">Input Signal<\/th><td class=\"col data\" data-th=\"Signal entr\u00e9e\">1x DVI input, 1x USB, 1x VGA input, Power Input<\/td><\/tr><tr><th class=\"col label\" scope=\"row\">Sortie signal<\/th><td class=\"col data\" data-th=\"Sortie signal\">1x DVI output, 1x USB output, 1x VGA output<\/td><\/tr><tr><th class=\"col label\" scope=\"row\">Compatibility<\/th><td class=\"col data\" data-th=\"Compatibilit\u00e9\">MAC, SVGA, SXGA, VESA, VGA, XGA<\/td><\/tr><tr><th class=\"col label\" scope=\"row\">Consumption<\/th><td class=\"col data\" data-th=\"Consommation\">&lt; 27W<\/td><\/tr><tr><th class=\"col label\" scope=\"row\">Operating temperature<\/th><td class=\"col data\" data-th=\"Temp\u00e9rature de fonctionnement\">0\u00b0C ~ 40\u00b0C<\/td><\/tr><tr><th class=\"col label\" scope=\"row\">Divers<\/th><td class=\"col data\" data-th=\"Divers\">100 x 100mm<\/td><\/tr><tr><th class=\"col label\" scope=\"row\">Storage temperature<\/th><td class=\"col data\" data-th=\"Temp\u00e9rature de stockage\">-20\u00b0C ~ 60\u00b0C<\/td><\/tr><tr><th class=\"col label\" scope=\"row\">Resolution Max.<\/th><td class=\"col data\" data-th=\"R\u00e9solution Max.\">1920&#215;1080<\/td><\/tr><\/tbody><\/table><\/div>\n\t\t\t\t<\/div>\n\t\t\t\t\t\t\t<div class=\"elementor-toggle-item\">\n\t\t\t\t\t<div id=\"elementor-tab-title-3862\" class=\"elementor-tab-title\" data-tab=\"2\" role=\"button\" aria-controls=\"elementor-tab-content-3862\" aria-expanded=\"false\">\n\t\t\t\t\t\t\t\t\t\t\t\t<span class=\"elementor-toggle-icon elementor-toggle-icon-left\" aria-hidden=\"true\">\n\t\t\t\t\t\t\t\t\t\t\t\t\t\t\t<span class=\"elementor-toggle-icon-closed\"><i class=\"fas fa-caret-right\"><\/i><\/span>\n\t\t\t\t\t\t\t\t<span class=\"elementor-toggle-icon-opened\"><i class=\"elementor-toggle-icon-opened fas fa-caret-up\"><\/i><\/span>\n\t\t\t\t\t\t\t\t\t\t\t\t\t<\/span>\n\t\t\t\t\t\t\t\t\t\t\t\t<a class=\"elementor-toggle-title\" tabindex=\"0\">Download \t\t\t<\/a>\n\t\t\t\t\t<\/div>\n\n\t\t\t\t\t<div id=\"elementor-tab-content-3862\" class=\"elementor-tab-content elementor-clearfix\" data-tab=\"2\" role=\"region\" aria-labelledby=\"elementor-tab-title-3862\"><ul><li><span style=\"color: #008000;\"><a style=\"color: #008000;\" href=\"https:\/\/www.agneovo.com\/wp-content\/uploads\/2021\/07\/TX-22_White_DS_V015_20220509.pdf\" target=\"_blank\" rel=\"noopener\">TX-22 White Datasheet V1.5<\/a><\/span><\/li><\/ul><div class=\"row col-12 align-items-center dl-mb-2 px-0 mx-0\"><ul><li class=\"col-lg-7\"><span style=\"color: #008000;\"><a style=\"color: #008000;\" href=\"https:\/\/www.agneovo.com\/wp-content\/uploads\/2022\/02\/AG_Neovo_TX-22-White_Manual_Medical_V012_English.pdf\" target=\"_blank\" rel=\"noopener\">TX-22 White User Manual V1.2 English<\/a><\/span><\/li><li><span style=\"color: #008000;\"><a style=\"color: #008000;\" href=\"https:\/\/www.agneovo.com\/wp-content\/uploads\/2021\/07\/TX-22_white_CE_Declaration.pdf\" target=\"_blank\" rel=\"noopener\">TX-22_white_CE_Declaration<\/a><\/span><\/li><\/ul><\/div><\/div>\n\t\t\t\t<\/div>\n\t\t\t\t\t\t\t\t<\/div>\n\t\t\t\t\t\t<\/div>\n\t\t\t\t<\/div>\n\t\t\t\t\t<\/div>\n\t\t<\/div>\n\t\t\t\t\t<\/div>\n\t\t<\/section>\n\t\t\t\t<\/div>","protected":false},"excerpt":{"rendered":"<h2 class=\"main\">TX-22 WHITE \u2013 Touch-screen Monitor 1080p 22 Inch With Metal Housing<\/h2>\n<div class=\"woocommerce-product-details__short-description my-4\">\n<ul>\n<li>Full HD resolution 1920 x 1080<\/li>\n<li>Touch technology capacitive projected on a 10 points<\/li>\n<li>Durable metal body<\/li>\n<li>Adapter certified medical design medical IEC\/EN 60601-1<\/li>\n<li>Support &#034;Multi-touch&#034; via driver for the operating systems Linux and Android<\/li>\n<\/ul>\n<p>&nbsp;<\/p>\n<p><img loading=\"lazy\" decoding=\"async\" class=\"\" src=\"https:\/\/www.agneovo.com\/wp-content\/uploads\/2021\/09\/Product-icons_TX-22-white.png\" width=\"290\" height=\"64\" \/><\/p>\n<\/div>","protected":false},"featured_media":32865,"template":"","meta":{"_acf_changed":false},"product_brand":[],"product_cat":[658],"product_tag":[],"class_list":{"0":"post-32864","1":"product","2":"type-product","3":"status-publish","4":"has-post-thumbnail","6":"product_cat-moniteurs-de-sante","8":"first","9":"instock","10":"taxable","11":"shipping-taxable","12":"purchasable","13":"product-type-simple"},"acf":[],"_links":{"self":[{"href":"https:\/\/www.ynova.be\/en\/wp-json\/wp\/v2\/product\/32864","targetHints":{"allow":["GET"]}}],"collection":[{"href":"https:\/\/www.ynova.be\/en\/wp-json\/wp\/v2\/product"}],"about":[{"href":"https:\/\/www.ynova.be\/en\/wp-json\/wp\/v2\/types\/product"}],"version-history":[{"count":0,"href":"https:\/\/www.ynova.be\/en\/wp-json\/wp\/v2\/product\/32864\/revisions"}],"wp:featuredmedia":[{"embeddable":true,"href":"https:\/\/www.ynova.be\/en\/wp-json\/wp\/v2\/media\/32865"}],"wp:attachment":[{"href":"https:\/\/www.ynova.be\/en\/wp-json\/wp\/v2\/media?parent=32864"}],"wp:term":[{"taxonomy":"product_brand","embeddable":true,"href":"https:\/\/www.ynova.be\/en\/wp-json\/wp\/v2\/product_brand?post=32864"},{"taxonomy":"product_cat","embeddable":true,"href":"https:\/\/www.ynova.be\/en\/wp-json\/wp\/v2\/product_cat?post=32864"},{"taxonomy":"product_tag","embeddable":true,"href":"https:\/\/www.ynova.be\/en\/wp-json\/wp\/v2\/product_tag?post=32864"}],"curies":[{"name":"wp","href":"https:\/\/api.w.org\/{rel}","templated":true}]}}