{"id":24035,"date":"2022-03-30T13:34:40","date_gmt":"2022-03-30T11:34:40","guid":{"rendered":"https:\/\/www.ynova.be\/?post_type=product&#038;p=24035"},"modified":"2025-03-12T00:05:26","modified_gmt":"2025-03-11T23:05:26","slug":"boite-de-mise-a-lechelle-dynascan-video-vers-dvi-i-adhb801","status":"publish","type":"product","link":"https:\/\/www.ynova.be\/en\/product\/boite-de-mise-a-lechelle-dynascan-video-vers-dvi-i-adhb801\/","title":{"rendered":"Box of scaling DynaScan Video to DVI-I ADHB801"},"content":{"rendered":"<h3>ADHB801<\/h3>\n<p>Video inputs SD\/ED\/HD 1080p \u2013 supports PIP and PAP \u2013 Compatible HDMI and DVI 1.0 \u2013 IR Remote \u2013 Controllable by software and serial protocol available \u2013 supports applications of zoom, cropping, and video wall \u2013 Size compact ADHB801 is designed to facilitate the conversion between various video formats analog when it is used with public screens premium DynaScan. The video converter analog-to-digital universal ADHB801 offers a high compatibility between composite, component, DVI, VGA, HDMI, and S-Video to DVI. This unique device supports the conversion and scaling of analog and digital without loss of quality. With the deinterlacer advanced built-in, video inputs intertwined, such as component, composite and S-Video in, can be still improved. The video support, wide-range input and output can go up to WUXGA or 1080p. With the IR remote control included, the ADHB801 offers a very simple way to convert, change, adjust video in a practical way. With the supports PIP and PAP, users can display two video inputs at the same time.<\/p>\n<p>&nbsp;<\/p>\n<h3>Technical details<\/h3>\n<table class=\"specifications\">\n<tbody>\n<tr>\n<td>\n<div class=\"row\">\n<div class=\"column small-4\"><strong>Output Interface<\/strong><\/div>\n<div class=\"column small-8\">DVI<\/div>\n<\/div>\n<\/td>\n<\/tr>\n<tr>\n<td>\n<div class=\"row\">\n<div class=\"column small-4\"><strong>Quantity<\/strong><\/div>\n<div class=\"column small-8\">1<\/div>\n<\/div>\n<\/td>\n<\/tr>\n<\/tbody>\n<\/table>\n<h3>Ports and interfaces<\/h3>\n<table class=\"specifications\">\n<tbody>\n<tr>\n<td>\n<div class=\"row\">\n<div class=\"column small-4\"><strong>Host Interface<\/strong><\/div>\n<div class=\"column small-8\">DVI<\/div>\n<\/div>\n<\/td>\n<\/tr>\n<\/tbody>\n<\/table>\n<h3>Other features<\/h3>\n<table class=\"specifications\">\n<tbody>\n<tr>\n<td>\n<div class=\"row\">\n<div class=\"column small-4\"><strong>Video in<\/strong><\/div>\n<div class=\"column small-8\">DVI<\/div>\n<\/div>\n<\/td>\n<\/tr>\n<tr>\n<td>\n<div class=\"row\">\n<div class=\"column small-4\"><strong>Video output<\/strong><\/div>\n<div class=\"column small-8\">DVI, VGA<\/div>\n<\/div>\n<\/td>\n<\/tr>\n<\/tbody>\n<\/table>\n<h3>Design<\/h3>\n<table class=\"specifications\">\n<tbody>\n<tr>\n<td>\n<div class=\"row\">\n<div class=\"column small-4\"><strong>Colour of product<\/strong><\/div>\n<div class=\"column small-8\">Black<\/div>\n<\/div>\n<\/td>\n<\/tr>\n<\/tbody>\n<\/table>\n<h3>Performance<\/h3>\n<table class=\"specifications\">\n<tbody>\n<tr>\n<td>\n<div class=\"row\">\n<div class=\"column small-4\"><strong>Maximum video resolution<\/strong><\/div>\n<div class=\"column small-8\">1920 x 1050 pixels<\/div>\n<\/div>\n<\/td>\n<\/tr>\n<\/tbody>\n<\/table>\n<h3>Video<\/h3>\n<table class=\"specifications\">\n<tbody>\n<tr>\n<td>\n<div class=\"row\">\n<div class=\"column small-4\"><strong>Supported video Modes<\/strong><\/div>\n<div class=\"column small-8\">1080p<\/div>\n<\/div>\n<\/td>\n<\/tr>\n<tr>\n<td>\n<div class=\"row\">\n<div class=\"column small-4\"><strong>Maximum resolution<\/strong><\/div>\n<div class=\"column small-8\">1920 x 1050 pixels<\/div>\n<\/div>\n<\/td>\n<\/tr>\n<\/tbody>\n<\/table>","protected":false},"excerpt":{"rendered":"<h3>ADHB801<\/h3>\n<ul>\n<li><span>\u00c9volue les entr\u00e9es vid\u00e9o SD\/ED\/HD au format 1080p<\/span><\/li>\n<li><span>Prise en charge PIP et PAP<\/span><\/li>\n<li><span>Compatible HDMI et DVI 1.0<\/span><\/li>\n<li><span>T\u00e9l\u00e9commande infrarouge<\/span><\/li>\n<li><span>Contr\u00f4lable par logiciel et protocole s\u00e9rie disponible<\/span><\/li>\n<li><span>Prend en charge les applications de zoom, de recadrage et de mur TV<\/span><\/li>\n<\/ul>","protected":false},"featured_media":24051,"template":"","meta":{"_acf_changed":false},"product_brand":[755],"product_cat":[754],"product_tag":[],"class_list":{"0":"post-24035","1":"product","2":"type-product","3":"status-publish","4":"has-post-thumbnail","6":"product_brand-dynascan","7":"product_cat-ecran-vitrine","9":"first","10":"instock","11":"taxable","12":"shipping-taxable","13":"product-type-simple"},"acf":[],"_links":{"self":[{"href":"https:\/\/www.ynova.be\/en\/wp-json\/wp\/v2\/product\/24035","targetHints":{"allow":["GET"]}}],"collection":[{"href":"https:\/\/www.ynova.be\/en\/wp-json\/wp\/v2\/product"}],"about":[{"href":"https:\/\/www.ynova.be\/en\/wp-json\/wp\/v2\/types\/product"}],"version-history":[{"count":0,"href":"https:\/\/www.ynova.be\/en\/wp-json\/wp\/v2\/product\/24035\/revisions"}],"wp:featuredmedia":[{"embeddable":true,"href":"https:\/\/www.ynova.be\/en\/wp-json\/wp\/v2\/media\/24051"}],"wp:attachment":[{"href":"https:\/\/www.ynova.be\/en\/wp-json\/wp\/v2\/media?parent=24035"}],"wp:term":[{"taxonomy":"product_brand","embeddable":true,"href":"https:\/\/www.ynova.be\/en\/wp-json\/wp\/v2\/product_brand?post=24035"},{"taxonomy":"product_cat","embeddable":true,"href":"https:\/\/www.ynova.be\/en\/wp-json\/wp\/v2\/product_cat?post=24035"},{"taxonomy":"product_tag","embeddable":true,"href":"https:\/\/www.ynova.be\/en\/wp-json\/wp\/v2\/product_tag?post=24035"}],"curies":[{"name":"wp","href":"https:\/\/api.w.org\/{rel}","templated":true}]}}