{"id":23290,"date":"2022-03-25T15:23:12","date_gmt":"2022-03-25T14:23:12","guid":{"rendered":"https:\/\/www.ynova.be\/?post_type=product&#038;p=23290"},"modified":"2022-03-25T15:23:13","modified_gmt":"2022-03-25T14:23:13","slug":"processeur-video-haute-definition-vdwall-lvp100-led","status":"publish","type":"product","link":"https:\/\/www.ynova.be\/en\/product\/processeur-video-haute-definition-vdwall-lvp100-led\/","title":{"rendered":"Processor, high-definition video VDWALL LVP100 LED"},"content":{"rendered":"<p><strong>Characteristics of the processor, high-definition video VDWALL LVP100 LED :<\/strong><\/p>\n<p>1. Faroudja\u00ae Real Color\u00ae Real Color Image Processing, 10+ Bit Faroudja\u00ae DCDI De-interlacing Processing, Faroudja\u00ae TureLife\u2122 Augmented Video and Image<\/p>\n<p>2. 4 inputs, 2 outputs, double images, it is sufficient for the application requirements to small LED in most cases<\/p>\n<p>3. It allows access to set the output resolution to respond to the size of the LED screen<\/p>\n<p>4. DVI EDID allows you to freely set the input resolution to succeed the display point-to-point.<\/p>\n<p>5. Display PIP \/ PBP of 2 images, 3 modes double image custom preset<\/p>\n<p>6. Switching seamless, fade in and fade output<\/p>\n<p>7. Control method : operations on the buttons on the front panel, convenient and flexible for the users of the front panel.<\/p>\n<p>8. It is allowed to put 2 cards shipping within<\/p>\n<p>9. It is allowed to work seven days a week and twenty-four hours out of twenty-four. High reliability and stability.<\/p>\n<p>&nbsp;<\/p>\n<p><strong>Specifications of the processor, high-definition video VDWALL LVP100 LED :<\/strong><\/p>\n<p><strong>Specification of outputs\u00a0<\/strong><\/p>\n<table border=\"1\" cellspacing=\"0\" cellpadding=\"0\">\n<colgroup>\n<col span=\"3\" width=\"72\" \/><\/colgroup>\n<tbody>\n<tr>\n<td colspan=\"3\">\n<div align=\"center\"><strong>Specification of inputs<\/strong><\/div>\n<\/td>\n<\/tr>\n<tr>\n<td class=\"xl63\" width=\"205\" height=\"76\">Quantity\/type<\/td>\n<td class=\"xl65\" colspan=\"2\" width=\"410\">1 \u00d7 CVBS<br \/>\n1 \u00d7 VGA\u00a0<span class=\"font6\">\uff08<\/span><span class=\"font5\">RVBHV\u00a0<\/span><span class=\"font6\">\uff09<br \/>\n<\/span><span class=\"font5\">1 \u00d7 DVI\u00a0<\/span><span class=\"font6\">\uff08<\/span><span class=\"font5\">VESA\u00a0<\/span><span class=\"font6\">\uff09<br \/>\n<\/span><span class=\"font5\">1 \u00d7 HDMI\u00a0<\/span><span class=\"font6\">\uff08<\/span><span class=\"font5\">VESA\/CEA-861\u00a0<\/span><span class=\"font6\">\uff09<\/span><\/td>\n<\/tr>\n<tr>\n<td class=\"xl63\" width=\"205\" height=\"38\">Composite video input<br \/>\nSYS<\/td>\n<td class=\"xl65\" colspan=\"2\" width=\"410\">PAL\/NTSC<\/td>\n<\/tr>\n<tr>\n<td class=\"xl63\" width=\"205\" height=\"57\">Impedance<br \/>\namplitude composite video<\/td>\n<td class=\"xl65\" colspan=\"2\" width=\"410\">1V (p_p) \/ 75\u03a9<\/td>\n<\/tr>\n<tr>\n<td class=\"xl63\" width=\"205\" height=\"19\">FormatVGA<\/td>\n<td class=\"xl63\" width=\"205\">PC (VESA standard)<\/td>\n<td class=\"xl63\" width=\"205\">\u22642048\u00d71152_60Hz<\/td>\n<\/tr>\n<tr>\n<td class=\"xl63\" width=\"205\" height=\"38\">Amplitude VGA<br \/>\nimpedance<\/td>\n<td class=\"xl65\" colspan=\"2\" width=\"410\">R\u00a0<span class=\"font6\">\u3001<\/span><span class=\"font5\">G\u00a0<\/span><span class=\"font6\">\u3001<\/span><span class=\"font5\">B = 0.7 V(p_p) \/ 75\u03a9<\/span><\/td>\n<\/tr>\n<tr>\n<td class=\"xl63\" width=\"205\" height=\"19\">DVI Format<\/td>\n<td class=\"xl63\" width=\"205\">PC (VESA standard)<\/td>\n<td class=\"xl63\" width=\"205\">\u22642304\u00d71152_60Hz<\/td>\n<\/tr>\n<tr>\n<td class=\"xl63\" width=\"205\" height=\"19\">HDMI Format<\/td>\n<td class=\"xl63\" width=\"205\">PC (VESA standard)<\/td>\n<td class=\"xl63\" width=\"205\">\u22641920\u00d71080_60Hz<\/td>\n<\/tr>\n<tr>\n<td class=\"xl63\" width=\"205\" height=\"19\">HDMI1.3 (CEA-861)<\/td>\n<td class=\"xl65\" colspan=\"2\" width=\"410\">\u22641080p_60Hz<\/td>\n<\/tr>\n<tr>\n<td class=\"xl63\" width=\"205\" height=\"76\">Input Interface<\/td>\n<td class=\"xl65\" colspan=\"2\" width=\"410\">CVBS : BNC<br \/>\nVGA : 15pin D_Sub (female)<br \/>\nDVI : 24+1 DVI_D (female)<br \/>\nHDMI : HDMI type A<\/td>\n<\/tr>\n<tr>\n<td class=\"xl63\" width=\"205\" height=\"19\">Quantity \/ Type<\/td>\n<td class=\"xl65\" colspan=\"2\" width=\"410\">2\u00d7DVI<\/td>\n<\/tr>\n<tr>\n<td class=\"xl67\" height=\"247\">DVI Format<\/td>\n<td class=\"xl65\" colspan=\"2\" width=\"410\">1024 \u00d7 768_60Hz \/ 75Hz<br \/>\n1080 \u00d7 1920_60Hz<br \/>\n1200 \u00d7 1600_60Hz<br \/>\n1280 \u00d7 1024_60Hz \/ 75Hz<br \/>\n1600 \u00d7 1200_60Hz-<br \/>\n1920 \u00d7 1080_50Hz \/ 60Hz-<br \/>\n1366 \u00d7 768_60Hz-<br \/>\n1440 \u00d7 900_60Hz-<br \/>\n1536 \u00d7 1536_60Hz-<br \/>\n1920 \u00d7 \u00d7 1200_60Hz2048 1152_60Hz<br \/>\n2304 \u00d7 1152_60Hz<br \/>\n2560 \u00d7 \u00d7 816_60Hz2048 1152_60Hz<br \/>\n2304\u00d71152_60Hz<br \/>\n2560\u00d7816_60Hz<\/td>\n<\/tr>\n<tr>\n<td class=\"xl63\" width=\"205\" height=\"19\">Output Interface<\/td>\n<td class=\"xl65\" colspan=\"2\" width=\"410\">DVI OUTPUT\u00a0<span class=\"font6\">:\u00a0<\/span><span class=\"font5\">24+1 DVI_D<\/span><\/td>\n<\/tr>\n<tr>\n<td class=\"xl63\" width=\"205\" height=\"19\">Control Ports<\/td>\n<td class=\"xl65\" colspan=\"2\" width=\"410\">RS232 (optional)<\/td>\n<\/tr>\n<tr>\n<td class=\"xl63\" width=\"205\" height=\"19\">Input voltage<\/td>\n<td class=\"xl65\" colspan=\"2\" width=\"410\">100-240 VAC 50\/60 Hz<\/td>\n<\/tr>\n<tr>\n<td class=\"xl63\" width=\"205\" height=\"38\">Power consumption<\/td>\n<td class=\"xl65\" colspan=\"2\" width=\"410\">\u226425W<\/td>\n<\/tr>\n<tr>\n<td class=\"xl63\" width=\"205\" height=\"38\">Temperature<br \/>\nthe environment<\/td>\n<td class=\"xl65\" colspan=\"2\" width=\"410\">0-45\u00a0<span class=\"font6\">\u2103<\/span><\/td>\n<\/tr>\n<tr>\n<td class=\"xl63\" width=\"205\" height=\"38\">Humidity<br \/>\nthe environment<\/td>\n<td class=\"xl65\" colspan=\"2\" width=\"410\">15-85%<\/td>\n<\/tr>\n<tr>\n<td class=\"xl63\" width=\"205\" height=\"38\">Product size<\/td>\n<td class=\"xl65\" colspan=\"2\" width=\"410\">482,6 (L) x 200 (l) x 44 (H) mm<\/td>\n<\/tr>\n<tr>\n<td class=\"xl63\" width=\"205\" height=\"38\">Packaging size<\/td>\n<td class=\"xl65\" colspan=\"2\" width=\"410\">535 (L) x 315 (W) x 145 (H) mm<\/td>\n<\/tr>\n<tr>\n<td class=\"xl63\" width=\"205\" height=\"19\">Weight<\/td>\n<td class=\"xl65\" colspan=\"2\" width=\"410\">GW : 4 Kg, NW : 2.5 Kg<\/td>\n<\/tr>\n<tr>\n<td class=\"xl63\" width=\"205\" height=\"76\">Standard accessories<\/td>\n<td class=\"xl65\" colspan=\"2\" width=\"410\">Power cord 1.5 m \u00d7 1 DVI Cable 1.5 m \u00d7 1<br \/>\nUser manual \u00d7 1 CD of operations, \u00d7 1 Adapter BNC-to-RCA \u00d7 1<\/td>\n<\/tr>\n<tr>\n<td class=\"xl63\" width=\"205\" height=\"38\">Optional accessories<\/td>\n<td class=\"xl65\" colspan=\"2\" width=\"410\">LED sending cards \u00d7 2<\/td>\n<\/tr>\n<\/tbody>\n<\/table>\n<p><strong>Connection diagram of the video processor, high-definition VDWALL LVP100 LED :<\/strong><\/p>\n<p><img fetchpriority=\"high\" decoding=\"async\" class=\"wp-image-23298 alignleft\" src=\"https:\/\/www.ynova.be\/wp-content\/uploads\/2022\/03\/LVP100-4-250x164.jpg\" alt=\"\" width=\"752\" height=\"493\" srcset=\"https:\/\/www.ynova.be\/wp-content\/uploads\/2022\/03\/LVP100-4-250x164.jpg 250w, https:\/\/www.ynova.be\/wp-content\/uploads\/2022\/03\/LVP100-4-350x229.jpg 350w, https:\/\/www.ynova.be\/wp-content\/uploads\/2022\/03\/LVP100-4-64x42.jpg 64w, https:\/\/www.ynova.be\/wp-content\/uploads\/2022\/03\/LVP100-4-768x503.jpg 768w, https:\/\/www.ynova.be\/wp-content\/uploads\/2022\/03\/LVP100-4-600x393.jpg 600w, https:\/\/www.ynova.be\/wp-content\/uploads\/2022\/03\/LVP100-4-18x12.jpg 18w, https:\/\/www.ynova.be\/wp-content\/uploads\/2022\/03\/LVP100-4.jpg 1000w\" sizes=\"(max-width: 752px) 100vw, 752px\" \/><\/p>\n<p>&nbsp;<\/p>\n<p>&nbsp;<\/p>\n<p>&nbsp;<\/p>\n<p>&nbsp;<\/p>\n<p>&nbsp;<\/p>\n<p>&nbsp;<\/p>\n<p>&nbsp;<\/p>\n<p>&nbsp;<\/p>\n<p>&nbsp;<\/p>\n<p>&nbsp;<\/p>\n<p>&nbsp;<\/p>\n<p>&nbsp;<\/p>\n<p>&nbsp;<\/p>\n<p><strong>Dimension of the product of the processor, high-definition video VDWALL LVP100 LED :<\/strong><\/p>\n<p><img decoding=\"async\" class=\"wp-image-23300 alignleft\" src=\"https:\/\/www.ynova.be\/wp-content\/uploads\/2022\/03\/LVP100-2-250x164.jpg\" alt=\"\" width=\"686\" height=\"450\" srcset=\"https:\/\/www.ynova.be\/wp-content\/uploads\/2022\/03\/LVP100-2-250x164.jpg 250w, https:\/\/www.ynova.be\/wp-content\/uploads\/2022\/03\/LVP100-2-350x229.jpg 350w, https:\/\/www.ynova.be\/wp-content\/uploads\/2022\/03\/LVP100-2-64x42.jpg 64w, https:\/\/www.ynova.be\/wp-content\/uploads\/2022\/03\/LVP100-2-768x503.jpg 768w, https:\/\/www.ynova.be\/wp-content\/uploads\/2022\/03\/LVP100-2-600x393.jpg 600w, https:\/\/www.ynova.be\/wp-content\/uploads\/2022\/03\/LVP100-2-18x12.jpg 18w, https:\/\/www.ynova.be\/wp-content\/uploads\/2022\/03\/LVP100-2.jpg 1000w\" sizes=\"(max-width: 686px) 100vw, 686px\" \/><\/p>\n<p><img decoding=\"async\" class=\"wp-image-23303 alignnone\" src=\"https:\/\/www.ynova.be\/wp-content\/uploads\/2022\/03\/LVP100-3-250x164.jpg\" alt=\"\" width=\"693\" height=\"455\" srcset=\"https:\/\/www.ynova.be\/wp-content\/uploads\/2022\/03\/LVP100-3-250x164.jpg 250w, https:\/\/www.ynova.be\/wp-content\/uploads\/2022\/03\/LVP100-3-350x229.jpg 350w, https:\/\/www.ynova.be\/wp-content\/uploads\/2022\/03\/LVP100-3-64x42.jpg 64w, https:\/\/www.ynova.be\/wp-content\/uploads\/2022\/03\/LVP100-3-768x503.jpg 768w, https:\/\/www.ynova.be\/wp-content\/uploads\/2022\/03\/LVP100-3-600x393.jpg 600w, https:\/\/www.ynova.be\/wp-content\/uploads\/2022\/03\/LVP100-3-18x12.jpg 18w, https:\/\/www.ynova.be\/wp-content\/uploads\/2022\/03\/LVP100-3.jpg 1000w\" sizes=\"(max-width: 693px) 100vw, 693px\" \/><\/p>","protected":false},"excerpt":{"rendered":"<p>Caract\u00e9ristiques du processeur vid\u00e9o haute d\u00e9finition VDWALL LVP100 LED\u00a0: 1. Faroudja\u00ae Real Color\u00ae Real Color Image Processing, 10+ Bit Faroudja\u00ae DCDI De-interlacing Processing, Faroudja\u00ae TureLife&#x2122; Augmented Video and Image 2. 4 entr\u00e9es, 2 sorties, doubles images, c&rsquo;est suffisant pour les exigences d&rsquo;application aux petites LED dans la plupart des cas 3. Il permet un acc\u00e8s [&hellip;]<\/p>\n","protected":false},"featured_media":23291,"template":"","meta":{"_acf_changed":false},"product_brand":[],"product_cat":[644],"product_tag":[],"class_list":{"0":"post-23290","1":"product","2":"type-product","3":"status-publish","4":"has-post-thumbnail","6":"product_cat-processeur-video","8":"first","9":"instock","10":"taxable","11":"shipping-taxable","12":"product-type-simple"},"acf":[],"_links":{"self":[{"href":"https:\/\/www.ynova.be\/en\/wp-json\/wp\/v2\/product\/23290","targetHints":{"allow":["GET"]}}],"collection":[{"href":"https:\/\/www.ynova.be\/en\/wp-json\/wp\/v2\/product"}],"about":[{"href":"https:\/\/www.ynova.be\/en\/wp-json\/wp\/v2\/types\/product"}],"version-history":[{"count":0,"href":"https:\/\/www.ynova.be\/en\/wp-json\/wp\/v2\/product\/23290\/revisions"}],"wp:featuredmedia":[{"embeddable":true,"href":"https:\/\/www.ynova.be\/en\/wp-json\/wp\/v2\/media\/23291"}],"wp:attachment":[{"href":"https:\/\/www.ynova.be\/en\/wp-json\/wp\/v2\/media?parent=23290"}],"wp:term":[{"taxonomy":"product_brand","embeddable":true,"href":"https:\/\/www.ynova.be\/en\/wp-json\/wp\/v2\/product_brand?post=23290"},{"taxonomy":"product_cat","embeddable":true,"href":"https:\/\/www.ynova.be\/en\/wp-json\/wp\/v2\/product_cat?post=23290"},{"taxonomy":"product_tag","embeddable":true,"href":"https:\/\/www.ynova.be\/en\/wp-json\/wp\/v2\/product_tag?post=23290"}],"curies":[{"name":"wp","href":"https:\/\/api.w.org\/{rel}","templated":true}]}}