{"id":23139,"date":"2022-03-31T11:23:29","date_gmt":"2022-03-31T09:23:29","guid":{"rendered":"https:\/\/www.ynova.be\/?post_type=product&#038;p=23139"},"modified":"2022-03-31T11:42:20","modified_gmt":"2022-03-31T09:42:20","slug":"at-series-receiving-cards","status":"publish","type":"product","link":"https:\/\/www.ynova.be\/en\/product\/at-series-receiving-cards\/","title":{"rendered":"Cart of receiver of the AT series,"},"content":{"rendered":"<div class=\"elementor-element elementor-element-b70e9e9 elementor-widget elementor-widget-heading\" data-id=\"b70e9e9\" data-element_type=\"widget\" data-widget_type=\"heading.default\">\n<div class=\"elementor-widget-container\">\n<h2 class=\"elementor-heading-title elementor-size-default\">Mapping<\/h2>\n<\/div>\n<\/div>\n<div class=\"elementor-element elementor-element-46ede7c elementor-widget elementor-widget-text-editor\" data-id=\"46ede7c\" data-element_type=\"widget\" data-widget_type=\"text-editor.default\">\n<div class=\"elementor-widget-container\">\n<div class=\"elementor-text-editor elementor-clearfix\">\n<p>The cabinet target can view the serial number of the card receiver and the information on the Ethernet port. Allows a clear understanding of the position and the location of the receiver board in the signal path, for an adjustment practice.<\/p>\n<\/div>\n<\/div>\n<\/div>\n<div class=\"elementor-element elementor-element-c16e9a6 elementor-widget elementor-widget-image\" data-id=\"c16e9a6\" data-element_type=\"widget\" data-widget_type=\"image.default\">\n<div class=\"elementor-widget-container\">\n<div class=\"elementor-image\"><img fetchpriority=\"high\" decoding=\"async\" class=\"wp-image-23161 alignnone\" src=\"https:\/\/www.ynova.be\/wp-content\/uploads\/2022\/03\/AT-series-3-250x118.png\" alt=\"\" width=\"907\" height=\"428\" srcset=\"https:\/\/www.ynova.be\/wp-content\/uploads\/2022\/03\/AT-series-3-250x118.png 250w, https:\/\/www.ynova.be\/wp-content\/uploads\/2022\/03\/AT-series-3-350x165.png 350w, https:\/\/www.ynova.be\/wp-content\/uploads\/2022\/03\/AT-series-3-64x30.png 64w, https:\/\/www.ynova.be\/wp-content\/uploads\/2022\/03\/AT-series-3-768x362.png 768w, https:\/\/www.ynova.be\/wp-content\/uploads\/2022\/03\/AT-series-3-600x282.png 600w, https:\/\/www.ynova.be\/wp-content\/uploads\/2022\/03\/AT-series-3-18x8.png 18w, https:\/\/www.ynova.be\/wp-content\/uploads\/2022\/03\/AT-series-3.png 1024w\" sizes=\"(max-width: 907px) 100vw, 907px\" \/><\/div>\n<\/div>\n<\/div>\n<div><\/div>\n<div>\n<div class=\"elementor-element elementor-element-9e5a355 elementor-widget elementor-widget-heading\" data-id=\"9e5a355\" data-element_type=\"widget\" data-widget_type=\"heading.default\">\n<div class=\"elementor-widget-container\">\n<h2 class=\"elementor-heading-title elementor-size-default\">High level of stability and reliability<\/h2>\n<\/div>\n<\/div>\n<div class=\"elementor-element elementor-element-5400787 elementor-widget elementor-widget-text-editor\" data-id=\"5400787\" data-element_type=\"widget\" data-widget_type=\"text-editor.default\">\n<div class=\"elementor-widget-container\">\n<div class=\"elementor-text-editor elementor-clearfix\">\n<p>High density connectors built for protection against the dust and the release and a stable transmission of the signal.<\/p>\n<\/div>\n<\/div>\n<\/div>\n<\/div>\n<div class=\"elementor-image\"><\/div>\n<div><img decoding=\"async\" class=\"wp-image-23142 aligncenter\" src=\"https:\/\/www.ynova.be\/wp-content\/uploads\/2022\/03\/AT-series-4-250x96.png\" alt=\"\" width=\"909\" height=\"349\" srcset=\"https:\/\/www.ynova.be\/wp-content\/uploads\/2022\/03\/AT-series-4-250x96.png 250w, https:\/\/www.ynova.be\/wp-content\/uploads\/2022\/03\/AT-series-4-350x135.png 350w, https:\/\/www.ynova.be\/wp-content\/uploads\/2022\/03\/AT-series-4-64x25.png 64w, https:\/\/www.ynova.be\/wp-content\/uploads\/2022\/03\/AT-series-4-768x295.png 768w, https:\/\/www.ynova.be\/wp-content\/uploads\/2022\/03\/AT-series-4-600x231.png 600w, https:\/\/www.ynova.be\/wp-content\/uploads\/2022\/03\/AT-series-4-18x7.png 18w, https:\/\/www.ynova.be\/wp-content\/uploads\/2022\/03\/AT-series-4.png 796w\" sizes=\"(max-width: 909px) 100vw, 909px\" \/><\/div>\n<div><\/div>\n<div><\/div>\n<div>\n<div class=\"elementor-element elementor-element-280f559 elementor-widget elementor-widget-heading\" data-id=\"280f559\" data-element_type=\"widget\" data-widget_type=\"heading.default\">\n<div class=\"elementor-widget-container\">\n<h2 class=\"elementor-heading-title elementor-size-default\">rotation 90\u00b0<\/h2>\n<\/div>\n<\/div>\n<div class=\"elementor-element elementor-element-69f995b elementor-widget elementor-widget-text-editor\" data-id=\"69f995b\" data-element_type=\"widget\" data-widget_type=\"text-editor.default\">\n<div class=\"elementor-widget-container\">\n<div class=\"elementor-text-editor elementor-clearfix\">\n<p>Can set up rotations of 90\u00b0 and a multiple of 90\u00b0, giving you more creativity and flexibility in the display of the image, and providing a display to be more dynamic.<\/p>\n<\/div>\n<p><img decoding=\"async\" class=\"wp-image-23190 aligncenter\" src=\"https:\/\/www.ynova.be\/wp-content\/uploads\/2022\/03\/AT-series-5-250x132.jpg\" alt=\"\" width=\"938\" height=\"495\" srcset=\"https:\/\/www.ynova.be\/wp-content\/uploads\/2022\/03\/AT-series-5-250x132.jpg 250w, https:\/\/www.ynova.be\/wp-content\/uploads\/2022\/03\/AT-series-5-350x185.jpg 350w, https:\/\/www.ynova.be\/wp-content\/uploads\/2022\/03\/AT-series-5-64x34.jpg 64w, https:\/\/www.ynova.be\/wp-content\/uploads\/2022\/03\/AT-series-5-768x405.jpg 768w, https:\/\/www.ynova.be\/wp-content\/uploads\/2022\/03\/AT-series-5-600x316.jpg 600w, https:\/\/www.ynova.be\/wp-content\/uploads\/2022\/03\/AT-series-5-18x9.jpg 18w, https:\/\/www.ynova.be\/wp-content\/uploads\/2022\/03\/AT-series-5.jpg 1024w\" sizes=\"(max-width: 938px) 100vw, 938px\" \/><\/p>\n<\/div>\n<div class=\"elementor-element elementor-element-e530a51 elementor-widget elementor-widget-heading\" data-id=\"e530a51\" data-element_type=\"widget\" data-widget_type=\"heading.default\">\n<div class=\"elementor-widget-container\">\n<h2 class=\"elementor-heading-title elementor-size-default\">Low latency<\/h2>\n<\/div>\n<\/div>\n<div class=\"elementor-element elementor-element-58d3e3e elementor-widget elementor-widget-text-editor\" data-id=\"58d3e3e\" data-element_type=\"widget\" data-widget_type=\"text-editor.default\">\n<div class=\"elementor-widget-container\">\n<div class=\"elementor-text-editor elementor-clearfix\">\n<p>Reduced the latency of the card segment of the receipt of the signal chain, reaching as little as 1 image.<\/p>\n<p>Difference between low latency and zero latency<\/p>\n<\/div>\n<\/div>\n<\/div>\n<\/div>\n<\/div>\n<p><img loading=\"lazy\" decoding=\"async\" class=\"wp-image-23231 alignleft\" src=\"https:\/\/www.ynova.be\/wp-content\/uploads\/2022\/03\/Lowlatency-1-250x140.png\" alt=\"\" width=\"535\" height=\"300\" srcset=\"https:\/\/www.ynova.be\/wp-content\/uploads\/2022\/03\/Lowlatency-1-250x140.png 250w, https:\/\/www.ynova.be\/wp-content\/uploads\/2022\/03\/Lowlatency-1-350x197.png 350w, https:\/\/www.ynova.be\/wp-content\/uploads\/2022\/03\/Lowlatency-1-64x36.png 64w, https:\/\/www.ynova.be\/wp-content\/uploads\/2022\/03\/Lowlatency-1-600x337.png 600w, https:\/\/www.ynova.be\/wp-content\/uploads\/2022\/03\/Lowlatency-1-18x10.png 18w, https:\/\/www.ynova.be\/wp-content\/uploads\/2022\/03\/Lowlatency-1.png 703w\" sizes=\"(max-width: 535px) 100vw, 535px\" \/><img loading=\"lazy\" decoding=\"async\" class=\"wp-image-23232 alignleft\" src=\"https:\/\/www.ynova.be\/wp-content\/uploads\/2022\/03\/Lowlatency-2-250x143.png\" alt=\"\" width=\"517\" height=\"296\" srcset=\"https:\/\/www.ynova.be\/wp-content\/uploads\/2022\/03\/Lowlatency-2-250x143.png 250w, https:\/\/www.ynova.be\/wp-content\/uploads\/2022\/03\/Lowlatency-2-350x200.png 350w, https:\/\/www.ynova.be\/wp-content\/uploads\/2022\/03\/Lowlatency-2-64x37.png 64w, https:\/\/www.ynova.be\/wp-content\/uploads\/2022\/03\/Lowlatency-2-600x343.png 600w, https:\/\/www.ynova.be\/wp-content\/uploads\/2022\/03\/Lowlatency-2-18x10.png 18w, https:\/\/www.ynova.be\/wp-content\/uploads\/2022\/03\/Lowlatency-2.png 690w\" sizes=\"(max-width: 517px) 100vw, 517px\" \/><\/p>\n<h3 class=\"elementor-image-box-title\"><\/h3>\n<p>&nbsp;<\/p>\n<p>&nbsp;<\/p>\n<p>&nbsp;<\/p>\n<p>&nbsp;<\/p>\n<p>&nbsp;<\/p>\n<p>&nbsp;<\/p>\n<p>&nbsp;<\/p>\n<p>&nbsp;<\/p>\n<div class=\"elementor-element elementor-element-5a5fdc6 elementor-widget elementor-widget-heading\" data-id=\"5a5fdc6\" data-element_type=\"widget\" data-widget_type=\"heading.default\">\n<div class=\"elementor-widget-container\">\n<h2 class=\"elementor-heading-title elementor-size-default\">Rapid Correction of seam lines of light and dark<\/h2>\n<\/div>\n<\/div>\n<div class=\"elementor-element elementor-element-f1082e7 elementor-widget elementor-widget-text-editor\" data-id=\"f1082e7\" data-element_type=\"widget\" data-widget_type=\"text-editor.default\">\n<div class=\"elementor-widget-container\">\n<div class=\"elementor-text-editor elementor-clearfix\">\n<p>Resolves quickly sewing the rows of light and dark where to attach the cabinets or modules.<br \/>\nThe correction of the lines of stitching are instant and easy to perform.<\/p>\n<\/div>\n<p><img loading=\"lazy\" decoding=\"async\" class=\"alignnone wp-image-23238\" src=\"https:\/\/www.ynova.be\/wp-content\/uploads\/2022\/03\/AT-series-9-201x250.png\" alt=\"\" width=\"473\" height=\"589\" srcset=\"https:\/\/www.ynova.be\/wp-content\/uploads\/2022\/03\/AT-series-9-201x250.png 201w, https:\/\/www.ynova.be\/wp-content\/uploads\/2022\/03\/AT-series-9-350x435.png 350w, https:\/\/www.ynova.be\/wp-content\/uploads\/2022\/03\/AT-series-9-64x80.png 64w, https:\/\/www.ynova.be\/wp-content\/uploads\/2022\/03\/AT-series-9-10x12.png 10w, https:\/\/www.ynova.be\/wp-content\/uploads\/2022\/03\/AT-series-9.png 580w\" sizes=\"(max-width: 473px) 100vw, 473px\" \/><img loading=\"lazy\" decoding=\"async\" class=\"wp-image-23239 alignnone\" src=\"https:\/\/www.ynova.be\/wp-content\/uploads\/2022\/03\/AT-series-10-201x250.png\" alt=\"\" width=\"473\" height=\"588\" srcset=\"https:\/\/www.ynova.be\/wp-content\/uploads\/2022\/03\/AT-series-10-201x250.png 201w, https:\/\/www.ynova.be\/wp-content\/uploads\/2022\/03\/AT-series-10-350x435.png 350w, https:\/\/www.ynova.be\/wp-content\/uploads\/2022\/03\/AT-series-10-64x80.png 64w, https:\/\/www.ynova.be\/wp-content\/uploads\/2022\/03\/AT-series-10-10x12.png 10w, https:\/\/www.ynova.be\/wp-content\/uploads\/2022\/03\/AT-series-10.png 580w\" sizes=\"(max-width: 473px) 100vw, 473px\" \/><\/p>\n<\/div>\n<div class=\"elementor-element elementor-element-3a750ee elementor-widget elementor-widget-heading\" data-id=\"3a750ee\" data-element_type=\"widget\" data-widget_type=\"heading.default\">\n<div class=\"elementor-widget-container\">\n<h2 class=\"elementor-heading-title elementor-size-default\"><\/h2>\n<\/div>\n<\/div>\n<div class=\"elementor-element elementor-element-146c956 elementor-widget elementor-widget-text-editor\" data-id=\"146c956\" data-element_type=\"widget\" data-widget_type=\"text-editor.default\">\n<div class=\"elementor-widget-container\">\n<div class=\"elementor-text-editor elementor-clearfix\">\n<p>Resolves quickly sewing the rows of light and dark where to attach the cabinets or modules.<br \/>\nThe correction of the lines of stitching are instant and easy to perform.<\/p>\n<\/div>\n<p><img loading=\"lazy\" decoding=\"async\" class=\"alignnone wp-image-23243\" src=\"https:\/\/www.ynova.be\/wp-content\/uploads\/2022\/03\/AT-series-8-250x94.png\" alt=\"\" width=\"1043\" height=\"392\" srcset=\"https:\/\/www.ynova.be\/wp-content\/uploads\/2022\/03\/AT-series-8-250x94.png 250w, https:\/\/www.ynova.be\/wp-content\/uploads\/2022\/03\/AT-series-8-350x131.png 350w, https:\/\/www.ynova.be\/wp-content\/uploads\/2022\/03\/AT-series-8-64x24.png 64w, https:\/\/www.ynova.be\/wp-content\/uploads\/2022\/03\/AT-series-8-1024x384.png 1024w, https:\/\/www.ynova.be\/wp-content\/uploads\/2022\/03\/AT-series-8-768x288.png 768w, https:\/\/www.ynova.be\/wp-content\/uploads\/2022\/03\/AT-series-8-600x225.png 600w, https:\/\/www.ynova.be\/wp-content\/uploads\/2022\/03\/AT-series-8-18x7.png 18w, https:\/\/www.ynova.be\/wp-content\/uploads\/2022\/03\/AT-series-8.png 1126w\" sizes=\"(max-width: 1043px) 100vw, 1043px\" \/><\/p>\n<\/div>\n<\/div>\n<\/div>","protected":false},"excerpt":{"rendered":"<p>Cartographie L&rsquo;armoire cible peut afficher le num\u00e9ro de s\u00e9rie de la carte de r\u00e9ception et les informations sur le port Ethernet.\u00a0Permet une compr\u00e9hension claire de la position et de l&#8217;emplacement de la carte de r\u00e9ception dans le chemin du signal, pour un r\u00e9glage pratique. Haut niveau de stabilit\u00e9 et de fiabilit\u00e9 Connecteurs haute densit\u00e9 int\u00e9gr\u00e9s [&hellip;]<\/p>\n","protected":false},"featured_media":23140,"template":"","meta":{"_acf_changed":false},"product_brand":[],"product_cat":[643],"product_tag":[],"class_list":{"0":"post-23139","1":"product","2":"type-product","3":"status-publish","4":"has-post-thumbnail","6":"product_cat-systeme-de-controle-led","8":"first","9":"instock","10":"taxable","11":"shipping-taxable","12":"product-type-simple"},"acf":[],"_links":{"self":[{"href":"https:\/\/www.ynova.be\/en\/wp-json\/wp\/v2\/product\/23139","targetHints":{"allow":["GET"]}}],"collection":[{"href":"https:\/\/www.ynova.be\/en\/wp-json\/wp\/v2\/product"}],"about":[{"href":"https:\/\/www.ynova.be\/en\/wp-json\/wp\/v2\/types\/product"}],"version-history":[{"count":0,"href":"https:\/\/www.ynova.be\/en\/wp-json\/wp\/v2\/product\/23139\/revisions"}],"wp:featuredmedia":[{"embeddable":true,"href":"https:\/\/www.ynova.be\/en\/wp-json\/wp\/v2\/media\/23140"}],"wp:attachment":[{"href":"https:\/\/www.ynova.be\/en\/wp-json\/wp\/v2\/media?parent=23139"}],"wp:term":[{"taxonomy":"product_brand","embeddable":true,"href":"https:\/\/www.ynova.be\/en\/wp-json\/wp\/v2\/product_brand?post=23139"},{"taxonomy":"product_cat","embeddable":true,"href":"https:\/\/www.ynova.be\/en\/wp-json\/wp\/v2\/product_cat?post=23139"},{"taxonomy":"product_tag","embeddable":true,"href":"https:\/\/www.ynova.be\/en\/wp-json\/wp\/v2\/product_tag?post=23139"}],"curies":[{"name":"wp","href":"https:\/\/api.w.org\/{rel}","templated":true}]}}