{"id":23107,"date":"2022-03-23T13:19:40","date_gmt":"2022-03-23T12:19:40","guid":{"rendered":"https:\/\/www.ynova.be\/?post_type=product&#038;p=23107"},"modified":"2022-10-05T11:43:55","modified_gmt":"2022-10-05T09:43:55","slug":"mctrl300-controleur-independant","status":"publish","type":"product","link":"https:\/\/www.ynova.be\/en\/product\/mctrl300-controleur-independant\/","title":{"rendered":"MCTRL300 controller independent"},"content":{"rendered":"<p><strong>CARACTERISTIQUES MCTRL300<\/strong><\/p>\n<p>1 \u00d7 DVI input<\/p>\n<p>1 \u00d7 audio input<\/p>\n<p>1 \u00d7 control port USB type B<\/p>\n<p>Control Ports UART to cascade devices for a consistent control.<\/p>\n<p>Two outputs Ethernet.<\/p>\n<p>Supports new generation of calibration technology, which is fast and efficient.<\/p>\n<p>1 \u00d7 connector light sensor.<\/p>\n<p>Supports resolutions up to 2048 \u00d7 668 @ 60 Hz, and backwards compatibility.<\/p>\n<p>Supports a variety of video formats.<\/p>\n<p>&nbsp;<\/p>\n<p><strong>CARATERISTIQUES SPECIFIQUES MCTRL300<\/strong><\/p>\n<table>\n<tbody>\n<tr>\n<td width=\"79\">Connector<\/td>\n<td width=\"85\">Connector name<\/td>\n<td width=\"365\">\u00a0description<\/td>\n<\/tr>\n<tr>\n<td rowspan=\"2\" width=\"79\">Inputs<\/td>\n<td width=\"85\">DVI INPUT<\/td>\n<td width=\"365\">\n<ul>\n<li>DVI single link<\/li>\n<li>Resolution up to 1920\u00d71200@60Hz and is compatible to the bottom<\/li>\n<li>Custom resolutions supported :\n<ul>\n<li>Resolution with maximum width : 3840\u00d7600@60Hz Resolution with maximum height : 800\u00d72560@60Hz<\/li>\n<\/ul>\n<\/li>\n<\/ul>\n<\/td>\n<\/tr>\n<tr>\n<td width=\"85\">AUDIO<\/td>\n<td width=\"365\">Audio input connector<\/td>\n<\/tr>\n<tr>\n<td width=\"79\">Output<\/td>\n<td width=\"85\">RJ45 \u00d7 2<\/td>\n<td width=\"365\">\n<ul>\n<li>2 outputs Gigabit Ethernet<\/li>\n<li>Maximum load capacity of a single Ethernet port : 650 000 pixels<\/li>\n<li>Support redundancy between Ethernet ports.<\/li>\n<\/ul>\n<\/td>\n<\/tr>\n<tr>\n<td width=\"79\">\u00a0function<\/td>\n<td width=\"85\">LIGHT SENSOR<\/td>\n<td width=\"365\">Connect the light sensor to monitor ambient light in order to achieve an automatic adjustment of the brightness of the screen.<\/td>\n<\/tr>\n<tr>\n<td width=\"79\">Connector<\/td>\n<td width=\"85\">Connector name<\/td>\n<td width=\"365\">description<\/td>\n<\/tr>\n<tr>\n<td rowspan=\"2\" width=\"79\">Control<\/td>\n<td width=\"85\">UART INPUT\/OUTPUT<\/td>\n<td width=\"365\">Ports of entry and exit for the devices in cascade<\/td>\n<\/tr>\n<tr>\n<td width=\"85\">USB<\/td>\n<td width=\"365\">Control Port USB type B for connection to PC<\/td>\n<\/tr>\n<tr>\n<td width=\"79\">Power<\/td>\n<td colspan=\"2\" width=\"450\">AC 100V-240V~50\/60Hz<\/td>\n<\/tr>\n<tr>\n<td colspan=\"3\" width=\"529\">Indicators<\/td>\n<\/tr>\n<tr>\n<td width=\"79\">Operation<\/td>\n<td colspan=\"2\" width=\"450\">Indicator of operation of the device. Work status:<\/p>\n<ul>\n<li>Slow flashing : input video unavailable<\/li>\n<li>Flashing normally : video input available<\/li>\n<li>Fast flashing : The screen displays the boot image.<\/li>\n<li>Breathing : is the redundancy of the Ethernet port has taken effect.<\/li>\n<\/ul>\n<\/td>\n<\/tr>\n<tr>\n<td width=\"79\">STATUS<\/td>\n<td colspan=\"2\" width=\"450\">Power indicator of the device. Work status:<\/p>\n<ul>\n<li>On : the power supply is normal.<\/li>\n<li>Off : The power is not being supplied or the power supply is abnormal.<\/li>\n<\/ul>\n<\/td>\n<\/tr>\n<\/tbody>\n<\/table>","protected":false},"excerpt":{"rendered":"<p><strong>DESCRITPION MCTRL300<\/strong><\/p>\n<p>MCTRL300 est la carte de contr\u00f4le ind\u00e9pendante de la s\u00e9rie M3 et prend en charge l\u2019entr\u00e9e audio et vid\u00e9o. Le M3 se charge de l\u2019encodage et du traitement des donn\u00e9es, en envoyant l\u2019audio et la vid\u00e9o \u00e0 l\u2019\u00e9cran.<\/p>\n<p>Une seule carte prend en charge une capacit\u00e9 de chargement maximale de 2048 \u00d7 668 \u00e0 60 Hz.\u00a0Il communique avec le PC via le port USB pour plus de commodit\u00e9.<\/p>\n<p>DVI video input<\/p>\n<p>Audio Transmission<\/p>\n<p>Output dual Ethernet, with hot backup of Ethernet cable double and backup for multiple controllers<\/p>\n<p>Control of the USB port, for the cascade and the control of several units<\/p>\n<p>Loading capacity of 1.3 million pixels, with resolutions of 1280\u00d71024@60Hz, 1024\u00d71200@60Hz, 1600\u00d7848@60Hz, 1920\u00d7712@69Hz, 2048\u00d7668@60Hz and maximum height : 3840 ; Height maximum : 3840<\/p>\n<p>1 interface de capteur de lumi\u00e8re, ajuste automatiquement la luminosit\u00e9 de l\u2019\u00e9cran<\/p>\n<p>Independent power supply<\/p>\n<p>Certifications : CE, RoHS, EAC, FCC, IC<\/p>","protected":false},"featured_media":23109,"template":"","meta":{"_acf_changed":false},"product_brand":[],"product_cat":[643],"product_tag":[],"class_list":{"0":"post-23107","1":"product","2":"type-product","3":"status-publish","4":"has-post-thumbnail","6":"product_cat-systeme-de-controle-led","8":"first","9":"instock","10":"taxable","11":"shipping-taxable","12":"product-type-simple"},"acf":[],"_links":{"self":[{"href":"https:\/\/www.ynova.be\/en\/wp-json\/wp\/v2\/product\/23107","targetHints":{"allow":["GET"]}}],"collection":[{"href":"https:\/\/www.ynova.be\/en\/wp-json\/wp\/v2\/product"}],"about":[{"href":"https:\/\/www.ynova.be\/en\/wp-json\/wp\/v2\/types\/product"}],"version-history":[{"count":0,"href":"https:\/\/www.ynova.be\/en\/wp-json\/wp\/v2\/product\/23107\/revisions"}],"wp:featuredmedia":[{"embeddable":true,"href":"https:\/\/www.ynova.be\/en\/wp-json\/wp\/v2\/media\/23109"}],"wp:attachment":[{"href":"https:\/\/www.ynova.be\/en\/wp-json\/wp\/v2\/media?parent=23107"}],"wp:term":[{"taxonomy":"product_brand","embeddable":true,"href":"https:\/\/www.ynova.be\/en\/wp-json\/wp\/v2\/product_brand?post=23107"},{"taxonomy":"product_cat","embeddable":true,"href":"https:\/\/www.ynova.be\/en\/wp-json\/wp\/v2\/product_cat?post=23107"},{"taxonomy":"product_tag","embeddable":true,"href":"https:\/\/www.ynova.be\/en\/wp-json\/wp\/v2\/product_tag?post=23107"}],"curies":[{"name":"wp","href":"https:\/\/api.w.org\/{rel}","templated":true}]}}