{"id":22161,"date":"2022-03-09T10:11:35","date_gmt":"2022-03-09T09:11:35","guid":{"rendered":"https:\/\/www.ynova.be\/?post_type=product&#038;p=22161"},"modified":"2022-05-16T13:51:34","modified_gmt":"2022-05-16T11:51:34","slug":"hera-p5-6-6-8-10-16-module-led-exterieur-a-economie-denergie","status":"publish","type":"product","link":"https:\/\/www.ynova.be\/en\/product\/hera-p5-6-6-8-10-16-module-led-exterieur-a-economie-denergie\/","title":{"rendered":"Hera P5, 6.6, 8, 10, 16 Module outdoor LED energy-saving"},"content":{"rendered":"<h4><strong>Module LED ext\u00e9rieur Option de maintenance avant ou arri\u00e8re<\/strong><\/h4>\n<p>Carrying out the maintenance of the module, the power supply and the card to the reception desk in the front or rear, save your maintenance costs.<\/p>\n<h4><strong>Energy saving \u226550 %, environment protection<\/strong><\/h4>\n<p>Adopt high brightness with an LED lamp low power consumption, energy saving\u226530%, if you adopt technique of main patent, a total energy saving \u226550%.<\/p>\n<h4><strong>Path of the free return service, excellent display effect<\/strong><\/h4>\n<p>Adopt dual service of the series black kingkong among the basic techniques. Color scale of diffusion level, color temperature and brightness can be adjusted intelligently, color smooth, color ratio is high, the images of nature.<\/p>\n<h4><strong>IP65<\/strong><\/h4>\n<p>IP65 for modules, meets the installation requirements naked outdoors.<\/p>\n<h4><strong>Solution platform and backup<\/strong><\/h4>\n<p>Black Surface dark, firm and flat, parts module anti-UV, which ensures a firm form of the display. Power supplier and control system, a backup solution is available to ensure. Camera optional, Lan cable, 3G, WIFI, multi-control, ethernet for options of data transmission.<\/p>\n<h4><strong>Suitable for multiple places of application<\/strong><\/h4>\n<p>Ideal for media, outdoor advertising, culture and tourism of the government projects and business, sports, and commercial real estate.<\/p>\n<h4><strong>Specifications<\/strong><\/h4>\n<div class=\"table-responsive\">\n<table border=\"1\">\n<tbody>\n<tr>\n<td>Product Serises<\/td>\n<td colspan=\"5\">\u00a0C-Easy<\/td>\n<\/tr>\n<tr>\n<td>Pixel Pitch<\/td>\n<td colspan=\"5\">5,6.67,8,10,16 mm<\/td>\n<\/tr>\n<tr>\n<td>Module size<\/td>\n<td colspan=\"5\">\u00a0320*320mm<\/td>\n<\/tr>\n<tr>\n<td>Brightness<\/td>\n<td colspan=\"5\">\u00a0\u22648500nit<\/td>\n<\/tr>\n<tr>\n<td>Color temperature<\/td>\n<td colspan=\"5\">\u00a06500~8500K<\/td>\n<\/tr>\n<tr>\n<td>Refresh frequency<\/td>\n<td colspan=\"5\">\u00a01920~3840HZ<\/td>\n<\/tr>\n<tr>\n<td>Working temperature<\/td>\n<td colspan=\"5\">\u00a0-20~50\u2103<\/td>\n<\/tr>\n<tr>\n<td>Protection grade<\/td>\n<td colspan=\"5\">\u00a0IP65\/IP54<\/td>\n<\/tr>\n<\/tbody>\n<\/table>\n<\/div>\n<p>&nbsp;<\/p>","protected":false},"excerpt":{"rendered":"<p>Module LED ext\u00e9rieur P5, P6.67, P8, P10, P16 est un module rempla\u00e7able \u00e9tanche \u00e0 l&rsquo;eau, \u00e0 \u00e9conomie d&rsquo;\u00e9nergie, \u00e0 l&rsquo;avant et \u00e0 l&rsquo;arri\u00e8re.<\/p>\n<p>Benefits :<\/p>\n<p>1. Energy saving\u226530 %.<\/p>\n<p>2. Brightness\u22648500Nits<\/p>\n<p>3. High accuracy and flatness high.<\/p>\n<p>4. - Swap Modules, fast and easy replacement.<\/p>\n<p>5. Maintenance of the front or rear.<\/p>\n<p>6. Degree of protection IP65<\/p>\n<p>7. Module size 320*320mm, you can assemble it in screens of different sizes.<\/p>\n<p>You are interested ? then your wait is over !<\/p>\n<p>&#034;The display of the prices is not available, <span style=\"color: #333333;\"><a style=\"color: #333333;\" href=\"http:\/\/www.ynova.be\/en\/devis\/\"><span style=\"color: #0000ff;\">please contact us to make an estimate<\/span>\u00a0<\/a><\/span>\u00ab\u00a0<\/p>","protected":false},"featured_media":22178,"template":"","meta":{"_acf_changed":false},"product_brand":[],"product_cat":[642],"product_tag":[],"class_list":{"0":"post-22161","1":"product","2":"type-product","3":"status-publish","4":"has-post-thumbnail","6":"product_cat-outdoor-led","8":"first","9":"instock","10":"taxable","11":"shipping-taxable","12":"product-type-simple"},"acf":[],"_links":{"self":[{"href":"https:\/\/www.ynova.be\/en\/wp-json\/wp\/v2\/product\/22161","targetHints":{"allow":["GET"]}}],"collection":[{"href":"https:\/\/www.ynova.be\/en\/wp-json\/wp\/v2\/product"}],"about":[{"href":"https:\/\/www.ynova.be\/en\/wp-json\/wp\/v2\/types\/product"}],"version-history":[{"count":0,"href":"https:\/\/www.ynova.be\/en\/wp-json\/wp\/v2\/product\/22161\/revisions"}],"wp:featuredmedia":[{"embeddable":true,"href":"https:\/\/www.ynova.be\/en\/wp-json\/wp\/v2\/media\/22178"}],"wp:attachment":[{"href":"https:\/\/www.ynova.be\/en\/wp-json\/wp\/v2\/media?parent=22161"}],"wp:term":[{"taxonomy":"product_brand","embeddable":true,"href":"https:\/\/www.ynova.be\/en\/wp-json\/wp\/v2\/product_brand?post=22161"},{"taxonomy":"product_cat","embeddable":true,"href":"https:\/\/www.ynova.be\/en\/wp-json\/wp\/v2\/product_cat?post=22161"},{"taxonomy":"product_tag","embeddable":true,"href":"https:\/\/www.ynova.be\/en\/wp-json\/wp\/v2\/product_tag?post=22161"}],"curies":[{"name":"wp","href":"https:\/\/api.w.org\/{rel}","templated":true}]}}