{"id":22145,"date":"2022-03-08T16:40:25","date_gmt":"2022-03-08T15:40:25","guid":{"rendered":"https:\/\/www.ynova.be\/?post_type=product&#038;p=22145"},"modified":"2022-05-16T13:55:04","modified_gmt":"2022-05-16T11:55:04","slug":"apollon-p456-610-panneau-led-exterieur-sans-armoire","status":"publish","type":"product","link":"https:\/\/www.ynova.be\/en\/product\/apollon-p456-610-panneau-led-exterieur-sans-armoire\/","title":{"rendered":"Apollo P4,5,6.6,10 Panel outdoor LED without control cabinet"},"content":{"rendered":"<h2>Panneau LED ext\u00e9rieur<\/h2>\n<h4>Fully modular design<\/h4>\n<p>Fully modular design for assembly and repair easy<img decoding=\"async\" src=\"https:\/\/www.chipshow.com\/js\/htmledit\/kindeditor\/attached\/20211208\/20211208174414_43963.jpg\" \/><\/p>\n<h4>Light and end<\/h4>\n<p>The weight of the modules is 3.55 kg\/piece<\/p>\n<p><img decoding=\"async\" src=\"https:\/\/www.chipshow.com\/js\/htmledit\/kindeditor\/attached\/20211209\/20211209134248_83842.jpg\" \/><\/p>\n<h4>Design out wardrobe<\/h4>\n<p>Only need a simple frame to hold the modules, which can reduce a large installation cost<\/p>\n<p><img decoding=\"async\" src=\"https:\/\/www.chipshow.com\/js\/htmledit\/kindeditor\/attached\/20211208\/20211208174343_57622.jpg\" \/><\/p>\n<h4>Maintenance before<\/h4>\n<p>When the screen is just right against the wall, no need to tunnel maintenance at the rear, it may be reduced from 800 to 1000 mm at the rear.<\/p>\n<p><img decoding=\"async\" src=\"https:\/\/www.chipshow.com\/js\/htmledit\/kindeditor\/attached\/20211208\/20211208175034_24230.jpg\" \/><\/p>\n<h4>Quick Installation<\/h4>\n<p>Pin localized, locks, quick, no screws required, and power supply cable net cable 2 in 1, easy and quick to install<\/p>\n<p><img decoding=\"async\" src=\"https:\/\/www.chipshow.com\/js\/htmledit\/kindeditor\/attached\/20211221\/20211221180706_67314.jpg\" \/><\/p>\n<h4>Specifications Panneau LED ext\u00e9rieur<\/h4>\n<p>&nbsp;<\/p>\n<div class=\"table-responsive\">\n<table border=\"1\" align=\"center\">\n<tbody>\n<tr>\n<td>Product<\/td>\n<td colspan=\"4\">\u00a0C-Smart<\/td>\n<\/tr>\n<tr>\n<td>Pixel Pitch<\/td>\n<td colspan=\"4\">\u00a04,5,6.67,10(SMD),10(DIP)mm<\/td>\n<\/tr>\n<tr>\n<td>Module size<\/td>\n<td colspan=\"4\">640*320mm<\/td>\n<\/tr>\n<tr>\n<td>Module weight<\/td>\n<td colspan=\"4\">3.55 kg\/pc<\/td>\n<\/tr>\n<tr>\n<td>Panel size<\/td>\n<td colspan=\"4\">640*320*75mm<\/td>\n<\/tr>\n<tr>\n<td>Panel weight<\/td>\n<td colspan=\"4\">6.5 kg\/pc<\/td>\n<\/tr>\n<tr>\n<td>Brightness<\/td>\n<td colspan=\"4\">\u00a04500~8500nits<\/td>\n<\/tr>\n<tr>\n<td>Color temperature<\/td>\n<td colspan=\"4\">\u00a06500~8000K<\/td>\n<\/tr>\n<tr>\n<td>Refresh frequency<\/td>\n<td colspan=\"4\">\u00a01920~3840HZ<\/td>\n<\/tr>\n<tr>\n<td>Working temperature<\/td>\n<td colspan=\"4\">\u00a0-20~50\u2103<\/td>\n<\/tr>\n<tr>\n<td>IP grade<\/td>\n<td colspan=\"4\">\u00a0IP65 front &amp; rear<\/td>\n<\/tr>\n<\/tbody>\n<\/table>\n<\/div>","protected":false},"excerpt":{"rendered":"<p>C-Smart est un Panneau LED ext\u00e9rieur r\u00e9parable int\u00e9gr\u00e9 \u00e0 l&rsquo;avant et \u00e0 l&rsquo;arri\u00e8re. Aucune conception d&rsquo;armoire, seulement besoin d&rsquo;un cadre simple pour maintenir les modules, ce qui peut r\u00e9duire un co\u00fbt d&rsquo;installation important.<\/p>\n<p>Benefits :<\/p>\n<p>1. Fully modular design for assembly and repair easy.<\/p>\n<p>2. Light weight : the weight of the modules is 3.55 kg\/piece.<\/p>\n<p>3. Doesn&#039;t need space to the rear for maintenance, it can save space of 800 to 1000 mm in relation to the maintenance screen back to normal.<\/p>\n<p>4. Receiver board and integrated power supply with memory data.<\/p>\n<p>5. Components fully sealed, connections tight simplified.<\/p>\n<p>6. Natural cooling without a fan.<\/p>\n<p>7. Maximum brightness<\/p>\n<p>8. Low power consumption.<\/p>\n<p>Application :<\/p>\n<p>Used for signs of monuments, message centers, led, signs, poles and signs, pylons, etc, it can also be assembled in a large display panel.<\/p>\n<p>You are interested ? then your wait is over !<\/p>\n<p>&#034;The display of the prices is not available, <span style=\"color: #333333;\"><a style=\"color: #333333;\" href=\"http:\/\/www.ynova.be\/en\/devis\/\"><span style=\"color: #0000ff;\">please contact us to make an estimate<\/span>\u00a0<\/a><\/span>\u00ab\u00a0<\/p>","protected":false},"featured_media":22146,"template":"","meta":{"_acf_changed":false},"product_brand":[],"product_cat":[642],"product_tag":[],"class_list":{"0":"post-22145","1":"product","2":"type-product","3":"status-publish","4":"has-post-thumbnail","6":"product_cat-outdoor-led","8":"first","9":"instock","10":"taxable","11":"shipping-taxable","12":"product-type-simple"},"acf":[],"_links":{"self":[{"href":"https:\/\/www.ynova.be\/en\/wp-json\/wp\/v2\/product\/22145","targetHints":{"allow":["GET"]}}],"collection":[{"href":"https:\/\/www.ynova.be\/en\/wp-json\/wp\/v2\/product"}],"about":[{"href":"https:\/\/www.ynova.be\/en\/wp-json\/wp\/v2\/types\/product"}],"version-history":[{"count":0,"href":"https:\/\/www.ynova.be\/en\/wp-json\/wp\/v2\/product\/22145\/revisions"}],"wp:featuredmedia":[{"embeddable":true,"href":"https:\/\/www.ynova.be\/en\/wp-json\/wp\/v2\/media\/22146"}],"wp:attachment":[{"href":"https:\/\/www.ynova.be\/en\/wp-json\/wp\/v2\/media?parent=22145"}],"wp:term":[{"taxonomy":"product_brand","embeddable":true,"href":"https:\/\/www.ynova.be\/en\/wp-json\/wp\/v2\/product_brand?post=22145"},{"taxonomy":"product_cat","embeddable":true,"href":"https:\/\/www.ynova.be\/en\/wp-json\/wp\/v2\/product_cat?post=22145"},{"taxonomy":"product_tag","embeddable":true,"href":"https:\/\/www.ynova.be\/en\/wp-json\/wp\/v2\/product_tag?post=22145"}],"curies":[{"name":"wp","href":"https:\/\/api.w.org\/{rel}","templated":true}]}}