{"id":22135,"date":"2022-03-08T16:27:35","date_gmt":"2022-03-08T15:27:35","guid":{"rendered":"https:\/\/www.ynova.be\/?post_type=product&#038;p=22135"},"modified":"2022-05-16T14:00:49","modified_gmt":"2022-05-16T12:00:49","slug":"ecran-led-de-sport-ares-p810","status":"publish","type":"product","link":"https:\/\/www.ynova.be\/en\/product\/ecran-led-de-sport-ares-p810\/","title":{"rendered":"LED screen sports Ares P8,10"},"content":{"rendered":"<h4>Technology is the virtual replacement<\/h4>\n<p>Les publicit\u00e9s vues sur l&rsquo;\u00e9cran LED du p\u00e9rim\u00e8tre du stade pendant la couverture de la diffusion \u00e9taient compl\u00e8tement diff\u00e9rentes de celles du stade et diff\u00e9rentes dans chaque territoire cibl\u00e9.<\/p>\n<p><img fetchpriority=\"high\" decoding=\"async\" class=\"alignnone wp-image-22136\" src=\"https:\/\/www.ynova.be\/wp-content\/uploads\/2022\/03\/20210421164801_32368-250x53.jpg\" alt=\"\" width=\"920\" height=\"195\" srcset=\"https:\/\/www.ynova.be\/wp-content\/uploads\/2022\/03\/20210421164801_32368-250x53.jpg 250w, https:\/\/www.ynova.be\/wp-content\/uploads\/2022\/03\/20210421164801_32368-350x74.jpg 350w, https:\/\/www.ynova.be\/wp-content\/uploads\/2022\/03\/20210421164801_32368-64x14.jpg 64w, https:\/\/www.ynova.be\/wp-content\/uploads\/2022\/03\/20210421164801_32368-1024x216.jpg 1024w, https:\/\/www.ynova.be\/wp-content\/uploads\/2022\/03\/20210421164801_32368-768x162.jpg 768w, https:\/\/www.ynova.be\/wp-content\/uploads\/2022\/03\/20210421164801_32368-600x127.jpg 600w, https:\/\/www.ynova.be\/wp-content\/uploads\/2022\/03\/20210421164801_32368-1536x324.jpg 1536w, https:\/\/www.ynova.be\/wp-content\/uploads\/2022\/03\/20210421164801_32368-1320x278.jpg 1320w, https:\/\/www.ynova.be\/wp-content\/uploads\/2022\/03\/20210421164801_32368.jpg 1920w\" sizes=\"(max-width: 920px) 100vw, 920px\" \/><\/p>\n<h4>Front maintenance<\/h4>\n<p>If a problem occurs during the game, it could be solved in a few seconds.<\/p>\n<p><img decoding=\"async\" class=\"alignnone wp-image-22138\" src=\"https:\/\/www.ynova.be\/wp-content\/uploads\/2022\/03\/20210517120317_22391-250x87.jpg\" alt=\"\" width=\"922\" height=\"321\" srcset=\"https:\/\/www.ynova.be\/wp-content\/uploads\/2022\/03\/20210517120317_22391-250x87.jpg 250w, https:\/\/www.ynova.be\/wp-content\/uploads\/2022\/03\/20210517120317_22391-350x121.jpg 350w, https:\/\/www.ynova.be\/wp-content\/uploads\/2022\/03\/20210517120317_22391-64x22.jpg 64w, https:\/\/www.ynova.be\/wp-content\/uploads\/2022\/03\/20210517120317_22391-1024x355.jpg 1024w, https:\/\/www.ynova.be\/wp-content\/uploads\/2022\/03\/20210517120317_22391-768x266.jpg 768w, https:\/\/www.ynova.be\/wp-content\/uploads\/2022\/03\/20210517120317_22391-600x208.jpg 600w, https:\/\/www.ynova.be\/wp-content\/uploads\/2022\/03\/20210517120317_22391-1536x533.jpg 1536w, https:\/\/www.ynova.be\/wp-content\/uploads\/2022\/03\/20210517120317_22391-1320x458.jpg 1320w, https:\/\/www.ynova.be\/wp-content\/uploads\/2022\/03\/20210517120317_22391.jpg 1920w\" sizes=\"(max-width: 922px) 100vw, 922px\" \/><\/p>\n<h4>Design of the protection kit flexible<\/h4>\n<p>Il peut assurer la s\u00e9curit\u00e9 du joueur lorsqu&rsquo;il frappe contre l&rsquo;\u00e9cran.<\/p>\n<p><img decoding=\"async\" class=\"alignnone wp-image-22139\" src=\"https:\/\/www.ynova.be\/wp-content\/uploads\/2022\/03\/20210421163803_21230-250x110.jpg\" alt=\"\" width=\"930\" height=\"409\" srcset=\"https:\/\/www.ynova.be\/wp-content\/uploads\/2022\/03\/20210421163803_21230-250x110.jpg 250w, https:\/\/www.ynova.be\/wp-content\/uploads\/2022\/03\/20210421163803_21230-350x153.jpg 350w, https:\/\/www.ynova.be\/wp-content\/uploads\/2022\/03\/20210421163803_21230-64x28.jpg 64w, https:\/\/www.ynova.be\/wp-content\/uploads\/2022\/03\/20210421163803_21230-1024x449.jpg 1024w, https:\/\/www.ynova.be\/wp-content\/uploads\/2022\/03\/20210421163803_21230-600x263.jpg 600w\" sizes=\"(max-width: 930px) 100vw, 930px\" \/><\/p>\n<h4>Efficient cooling system<\/h4>\n<p>Cooling system negative pressure dual-stream and technologies of heat dissipation in the cabinet exterior<\/p>\n<p><img loading=\"lazy\" decoding=\"async\" class=\"alignnone wp-image-22140\" src=\"https:\/\/www.ynova.be\/wp-content\/uploads\/2022\/03\/20210421161127_86552-250x78.jpg\" alt=\"\" width=\"929\" height=\"290\" srcset=\"https:\/\/www.ynova.be\/wp-content\/uploads\/2022\/03\/20210421161127_86552-250x78.jpg 250w, https:\/\/www.ynova.be\/wp-content\/uploads\/2022\/03\/20210421161127_86552-350x109.jpg 350w, https:\/\/www.ynova.be\/wp-content\/uploads\/2022\/03\/20210421161127_86552-64x20.jpg 64w, https:\/\/www.ynova.be\/wp-content\/uploads\/2022\/03\/20210421161127_86552-1024x320.jpg 1024w, https:\/\/www.ynova.be\/wp-content\/uploads\/2022\/03\/20210421161127_86552-768x240.jpg 768w, https:\/\/www.ynova.be\/wp-content\/uploads\/2022\/03\/20210421161127_86552-600x188.jpg 600w, https:\/\/www.ynova.be\/wp-content\/uploads\/2022\/03\/20210421161127_86552-1536x480.jpg 1536w, https:\/\/www.ynova.be\/wp-content\/uploads\/2022\/03\/20210421161127_86552-1320x413.jpg 1320w, https:\/\/www.ynova.be\/wp-content\/uploads\/2022\/03\/20210421161127_86552.jpg 1920w\" sizes=\"(max-width: 929px) 100vw, 929px\" \/><\/p>\n<h4>Remote monitoring by application<\/h4>\n<p>Disponible pour la surveillance \u00e0 distance par application\u00a0: heures de fonctionnement, humidit\u00e9 et temp\u00e9rature de l&rsquo;armoire int\u00e9rieure, d\u00e9tection individuelle des LED, \u00e9tat des alimentations, modules, c\u00e2bles, etc.<\/p>\n<h4>Specifications<\/h4>\n<p>&nbsp;<\/p>\n<div class=\"table-responsive\">\n<table border=\"1\" align=\"center\">\n<tbody>\n<tr>\n<td>Product Serises<\/td>\n<td>C-Sport<\/td>\n<\/tr>\n<tr>\n<td>Pixel Pitch<\/td>\n<td>\u00a08, 10mm<\/td>\n<\/tr>\n<tr>\n<td>Cabinet size<\/td>\n<td>\u00a0960*960mm<\/td>\n<\/tr>\n<tr>\n<td>Brightness<\/td>\n<td>\u00a0\u22645800nit<\/td>\n<\/tr>\n<tr>\n<td>Color temperature<\/td>\n<td>\u00a06000~8000K<\/td>\n<\/tr>\n<tr>\n<td>Refresh frequency<\/td>\n<td>\u00a01920~3840HZ<\/td>\n<\/tr>\n<tr>\n<td>Working temperature<\/td>\n<td>\u00a0-20~50\u2103<\/td>\n<\/tr>\n<tr>\n<td>Protection grade<\/td>\n<td>\u00a0IP65\/IP54<\/td>\n<\/tr>\n<\/tbody>\n<\/table>\n<\/div>\n<p>&nbsp;<\/p>","protected":false},"excerpt":{"rendered":"<p>L&rsquo;\u00e9cran LED P8, P10 ar\u00e9s adopte la technologie de remplacement virtuel. Les publicit\u00e9s virtuelles pourraient \u00eatre transmises \u00e0 diff\u00e9rents pays au lieu des publicit\u00e9s r\u00e9elles dans le stade.<\/p>\n<p>Avantages \u00c9cran LED de sport:<\/p>\n<p>\u2022 LED display, perimeter intelligent.<br \/>\n\u2022 Technology of virtual replacement, powered by the IR LEDS.<br \/>\n\u2022 Conception rapide de l&rsquo;armoire d&rsquo;installation et de maintenance.<br \/>\n\u2022 Design protection kit flexible to protect players from damage.<br \/>\n\u2022 System heat dissipation to negative pressure, which further guarantees the reliability.<br \/>\n\u2022 Available for remote monitoring by App.<\/p>\n<p>You are interested ? then your wait is over !<\/p>\n<p>&#034;The display of the prices is not available, <span style=\"color: #333333;\"><a style=\"color: #333333;\" href=\"http:\/\/www.ynova.be\/en\/devis\/\"><span style=\"color: #0000ff;\">please contact us to make an estimate<\/span>\u00a0<\/a><\/span>\u00ab\u00a0<\/p>","protected":false},"featured_media":22142,"template":"","meta":{"_acf_changed":false},"product_brand":[],"product_cat":[642],"product_tag":[],"class_list":{"0":"post-22135","1":"product","2":"type-product","3":"status-publish","4":"has-post-thumbnail","6":"product_cat-outdoor-led","8":"first","9":"instock","10":"taxable","11":"shipping-taxable","12":"product-type-simple"},"acf":[],"_links":{"self":[{"href":"https:\/\/www.ynova.be\/en\/wp-json\/wp\/v2\/product\/22135","targetHints":{"allow":["GET"]}}],"collection":[{"href":"https:\/\/www.ynova.be\/en\/wp-json\/wp\/v2\/product"}],"about":[{"href":"https:\/\/www.ynova.be\/en\/wp-json\/wp\/v2\/types\/product"}],"version-history":[{"count":0,"href":"https:\/\/www.ynova.be\/en\/wp-json\/wp\/v2\/product\/22135\/revisions"}],"wp:featuredmedia":[{"embeddable":true,"href":"https:\/\/www.ynova.be\/en\/wp-json\/wp\/v2\/media\/22142"}],"wp:attachment":[{"href":"https:\/\/www.ynova.be\/en\/wp-json\/wp\/v2\/media?parent=22135"}],"wp:term":[{"taxonomy":"product_brand","embeddable":true,"href":"https:\/\/www.ynova.be\/en\/wp-json\/wp\/v2\/product_brand?post=22135"},{"taxonomy":"product_cat","embeddable":true,"href":"https:\/\/www.ynova.be\/en\/wp-json\/wp\/v2\/product_cat?post=22135"},{"taxonomy":"product_tag","embeddable":true,"href":"https:\/\/www.ynova.be\/en\/wp-json\/wp\/v2\/product_tag?post=22135"}],"curies":[{"name":"wp","href":"https:\/\/api.w.org\/{rel}","templated":true}]}}