{"id":22125,"date":"2022-03-08T16:07:53","date_gmt":"2022-03-08T15:07:53","guid":{"rendered":"https:\/\/www.ynova.be\/?post_type=product&#038;p=22125"},"modified":"2022-05-16T13:41:32","modified_gmt":"2022-05-16T11:41:32","slug":"hermes-p2-6-2-97-3-91-4-81-ecran-led-de-scene","status":"publish","type":"product","link":"https:\/\/www.ynova.be\/en\/product\/hermes-p2-6-2-97-3-91-4-81-ecran-led-de-scene\/","title":{"rendered":"Hermes P2.6, 2.97, 3.91, 4.81 LED Screen stage"},"content":{"rendered":"<h4>Installation method<\/h4>\n<p>Suspended Installation, vertical installation, installation curved<\/p>\n<p><img fetchpriority=\"high\" decoding=\"async\" class=\"alignnone wp-image-22128\" src=\"https:\/\/www.ynova.be\/wp-content\/uploads\/2022\/03\/20210811154031_29154-250x104.jpg\" alt=\"\" width=\"656\" height=\"273\" srcset=\"https:\/\/www.ynova.be\/wp-content\/uploads\/2022\/03\/20210811154031_29154-250x104.jpg 250w, https:\/\/www.ynova.be\/wp-content\/uploads\/2022\/03\/20210811154031_29154-350x146.jpg 350w, https:\/\/www.ynova.be\/wp-content\/uploads\/2022\/03\/20210811154031_29154-64x27.jpg 64w, https:\/\/www.ynova.be\/wp-content\/uploads\/2022\/03\/20210811154031_29154-1024x427.jpg 1024w, https:\/\/www.ynova.be\/wp-content\/uploads\/2022\/03\/20210811154031_29154-768x320.jpg 768w, https:\/\/www.ynova.be\/wp-content\/uploads\/2022\/03\/20210811154031_29154-600x250.jpg 600w, https:\/\/www.ynova.be\/wp-content\/uploads\/2022\/03\/20210811154031_29154-1536x640.jpg 1536w, https:\/\/www.ynova.be\/wp-content\/uploads\/2022\/03\/20210811154031_29154-1320x550.jpg 1320w, https:\/\/www.ynova.be\/wp-content\/uploads\/2022\/03\/20210811154031_29154.jpg 1920w\" sizes=\"(max-width: 656px) 100vw, 656px\" \/><\/p>\n<h4>Protection IP65 (outdoor)<\/h4>\n<p>Applied to outdoor use, weatherproof and corrosion resistance salt spray<\/p>\n<p><img decoding=\"async\" class=\"alignnone wp-image-22129\" src=\"https:\/\/www.ynova.be\/wp-content\/uploads\/2022\/03\/20211109143435_96457-250x99.jpg\" alt=\"\" width=\"662\" height=\"262\" srcset=\"https:\/\/www.ynova.be\/wp-content\/uploads\/2022\/03\/20211109143435_96457-250x99.jpg 250w, https:\/\/www.ynova.be\/wp-content\/uploads\/2022\/03\/20211109143435_96457-350x139.jpg 350w, https:\/\/www.ynova.be\/wp-content\/uploads\/2022\/03\/20211109143435_96457-64x25.jpg 64w, https:\/\/www.ynova.be\/wp-content\/uploads\/2022\/03\/20211109143435_96457-1024x407.jpg 1024w, https:\/\/www.ynova.be\/wp-content\/uploads\/2022\/03\/20211109143435_96457-1536x611.jpg 1536w, https:\/\/www.ynova.be\/wp-content\/uploads\/2022\/03\/20211109143435_96457-1320x525.jpg 1320w, https:\/\/www.ynova.be\/wp-content\/uploads\/2022\/03\/20211109143435_96457.jpg 1920w\" sizes=\"(max-width: 662px) 100vw, 662px\" \/><\/p>\n<h4>Modules P2.6, P2.97, P3.9, P4.8 available<\/h4>\n<p>&nbsp;<\/p>\n<p><img decoding=\"async\" class=\"alignnone wp-image-22130\" src=\"https:\/\/www.ynova.be\/wp-content\/uploads\/2022\/03\/20210428175832_85003-250x76.jpg\" alt=\"\" width=\"667\" height=\"203\" srcset=\"https:\/\/www.ynova.be\/wp-content\/uploads\/2022\/03\/20210428175832_85003-250x76.jpg 250w, https:\/\/www.ynova.be\/wp-content\/uploads\/2022\/03\/20210428175832_85003-350x107.jpg 350w, https:\/\/www.ynova.be\/wp-content\/uploads\/2022\/03\/20210428175832_85003-64x20.jpg 64w, https:\/\/www.ynova.be\/wp-content\/uploads\/2022\/03\/20210428175832_85003-1024x313.jpg 1024w, https:\/\/www.ynova.be\/wp-content\/uploads\/2022\/03\/20210428175832_85003-768x235.jpg 768w, https:\/\/www.ynova.be\/wp-content\/uploads\/2022\/03\/20210428175832_85003-600x184.jpg 600w, https:\/\/www.ynova.be\/wp-content\/uploads\/2022\/03\/20210428175832_85003-1536x470.jpg 1536w, https:\/\/www.ynova.be\/wp-content\/uploads\/2022\/03\/20210428175832_85003-1320x404.jpg 1320w, https:\/\/www.ynova.be\/wp-content\/uploads\/2022\/03\/20210428175832_85003.jpg 1778w\" sizes=\"(max-width: 667px) 100vw, 667px\" \/><\/p>\n<h4>Application<\/h4>\n<p>Rent for wedding, conference, concert, launch events, etc all kinds of activities. Can also be used for fixed installation.<\/p>\n<p>&nbsp;<\/p>\n<p><img loading=\"lazy\" decoding=\"async\" class=\"alignnone wp-image-22131\" src=\"https:\/\/www.ynova.be\/wp-content\/uploads\/2022\/03\/20210427115927_91808-250x195.jpg\" alt=\"\" width=\"671\" height=\"523\" srcset=\"https:\/\/www.ynova.be\/wp-content\/uploads\/2022\/03\/20210427115927_91808-250x195.jpg 250w, https:\/\/www.ynova.be\/wp-content\/uploads\/2022\/03\/20210427115927_91808-350x272.jpg 350w, https:\/\/www.ynova.be\/wp-content\/uploads\/2022\/03\/20210427115927_91808-64x50.jpg 64w, https:\/\/www.ynova.be\/wp-content\/uploads\/2022\/03\/20210427115927_91808-1024x797.jpg 1024w, https:\/\/www.ynova.be\/wp-content\/uploads\/2022\/03\/20210427115927_91808-768x598.jpg 768w, https:\/\/www.ynova.be\/wp-content\/uploads\/2022\/03\/20210427115927_91808-600x467.jpg 600w, https:\/\/www.ynova.be\/wp-content\/uploads\/2022\/03\/20210427115927_91808-1536x1195.jpg 1536w, https:\/\/www.ynova.be\/wp-content\/uploads\/2022\/03\/20210427115927_91808-1320x1027.jpg 1320w, https:\/\/www.ynova.be\/wp-content\/uploads\/2022\/03\/20210427115927_91808.jpg 1920w\" sizes=\"(max-width: 671px) 100vw, 671px\" \/><\/p>\n<p>&nbsp;<\/p>\n<p>&nbsp;<\/p>","protected":false},"excerpt":{"rendered":"<p>Herm\u00e8s est un \u00c9cran LED de sc\u00e8ne \u00e0 haute performance pour une vari\u00e9t\u00e9 d&rsquo;activit\u00e9s, des armoires en aluminium moul\u00e9 sous pression avec des serrures rapides et des connecteurs de c\u00e2ble aident les utilisateurs \u00e0 installer et \u00e0 d\u00e9monter rapidement et facilement pour une vari\u00e9t\u00e9 d&rsquo;\u00e9v\u00e9nements. en attendant, il est capable d&rsquo;ajouter des verrous d&rsquo;\u00e9chelle pour cr\u00e9er un \u00e9cran LED courbe.<\/p>\n<p>Features:<\/p>\n<p>\u2022 Pixel pitch : 2.6 in, 2,97, 3.91 in, 4,81 mm (outside and inside)<\/p>\n<p>\u2022 Size : 500*500\/500*1000mm<\/p>\n<p>\u2022 Installation magnetic modules (indoor), fast assembly and disassembly.<\/p>\n<p>\u2022 Cabinets of different batches are of the same size, strong and durable, not easy to deform.<\/p>\n<p>\u2022 The box is made of cast aluminum, flatness ultra-high flatness entire wardrobe \u2264 0.01 mm.<\/p>\n<p>\u2022 Devices fast and with a long lifespan connected to the power supply and data, 500, 000 times to unplug and plug it in.<\/p>\n<p>\u2022 Easy operation, one-click to illuminate the display.<\/p>\n<p>Application:<\/p>\n<p>Rent for a wedding, a conference, a concert, launch events, etc all kinds of activities, and can also be used for the installation of hotfixes advertising as led screen truck.<\/p>\n<p>You are interested ? then your wait is over !<\/p>\n<p>&#034;The display of the prices is not available, <span style=\"color: #333333;\"><a style=\"color: #333333;\" href=\"http:\/\/www.ynova.be\/en\/devis\/\"><span style=\"color: #0000ff;\">please contact us to make an estimate<\/span>\u00a0<\/a><\/span>\u00ab\u00a0<\/p>","protected":false},"featured_media":22127,"template":"","meta":{"_acf_changed":false},"product_brand":[],"product_cat":[642,166],"product_tag":[],"class_list":{"0":"post-22125","1":"product","2":"type-product","3":"status-publish","4":"has-post-thumbnail","6":"product_cat-outdoor-led","7":"product_cat-indoor","9":"first","10":"instock","11":"taxable","12":"shipping-taxable","13":"product-type-simple"},"acf":[],"_links":{"self":[{"href":"https:\/\/www.ynova.be\/en\/wp-json\/wp\/v2\/product\/22125","targetHints":{"allow":["GET"]}}],"collection":[{"href":"https:\/\/www.ynova.be\/en\/wp-json\/wp\/v2\/product"}],"about":[{"href":"https:\/\/www.ynova.be\/en\/wp-json\/wp\/v2\/types\/product"}],"version-history":[{"count":0,"href":"https:\/\/www.ynova.be\/en\/wp-json\/wp\/v2\/product\/22125\/revisions"}],"wp:featuredmedia":[{"embeddable":true,"href":"https:\/\/www.ynova.be\/en\/wp-json\/wp\/v2\/media\/22127"}],"wp:attachment":[{"href":"https:\/\/www.ynova.be\/en\/wp-json\/wp\/v2\/media?parent=22125"}],"wp:term":[{"taxonomy":"product_brand","embeddable":true,"href":"https:\/\/www.ynova.be\/en\/wp-json\/wp\/v2\/product_brand?post=22125"},{"taxonomy":"product_cat","embeddable":true,"href":"https:\/\/www.ynova.be\/en\/wp-json\/wp\/v2\/product_cat?post=22125"},{"taxonomy":"product_tag","embeddable":true,"href":"https:\/\/www.ynova.be\/en\/wp-json\/wp\/v2\/product_tag?post=22125"}],"curies":[{"name":"wp","href":"https:\/\/api.w.org\/{rel}","templated":true}]}}