{"id":22110,"date":"2022-03-08T15:53:39","date_gmt":"2022-03-08T14:53:39","guid":{"rendered":"https:\/\/www.ynova.be\/?post_type=product&#038;p=22110"},"modified":"2022-05-16T13:44:04","modified_gmt":"2022-05-16T11:44:04","slug":"athena-led-de-scene-p2-62-973-914-81","status":"publish","type":"product","link":"https:\/\/www.ynova.be\/en\/product\/athena-led-de-scene-p2-62-973-914-81\/","title":{"rendered":"Athena LED stage P2.A 6.2.97,3.91,4.81"},"content":{"rendered":"<h4>Light and end<\/h4>\n<p>500*500 mm, thickness only to 86 cm, and 7.5 ~ 8.5 kg\/cabinet ; a person can wear, saving you time and effort<\/p>\n<p><img fetchpriority=\"high\" decoding=\"async\" class=\"alignnone wp-image-22111\" src=\"https:\/\/www.ynova.be\/wp-content\/uploads\/2022\/03\/20211028152712_11684-250x153.jpg\" alt=\"\" width=\"752\" height=\"460\" srcset=\"https:\/\/www.ynova.be\/wp-content\/uploads\/2022\/03\/20211028152712_11684-250x153.jpg 250w, https:\/\/www.ynova.be\/wp-content\/uploads\/2022\/03\/20211028152712_11684-350x214.jpg 350w, https:\/\/www.ynova.be\/wp-content\/uploads\/2022\/03\/20211028152712_11684-64x39.jpg 64w, https:\/\/www.ynova.be\/wp-content\/uploads\/2022\/03\/20211028152712_11684-768x470.jpg 768w, https:\/\/www.ynova.be\/wp-content\/uploads\/2022\/03\/20211028152712_11684-600x367.jpg 600w, https:\/\/www.ynova.be\/wp-content\/uploads\/2022\/03\/20211028152712_11684.jpg 1000w\" sizes=\"(max-width: 752px) 100vw, 752px\" \/><\/p>\n<h4>Wardrobe pressure die-cast aluminium<\/h4>\n<p>High strength, high toughness, high precision<\/p>\n<p><img decoding=\"async\" class=\"alignnone wp-image-22113\" src=\"https:\/\/www.ynova.be\/wp-content\/uploads\/2022\/03\/20211028155654_66929_cleanup-250x144.jpg\" alt=\"\" width=\"479\" height=\"276\" srcset=\"https:\/\/www.ynova.be\/wp-content\/uploads\/2022\/03\/20211028155654_66929_cleanup-250x144.jpg 250w, https:\/\/www.ynova.be\/wp-content\/uploads\/2022\/03\/20211028155654_66929_cleanup-350x201.jpg 350w, https:\/\/www.ynova.be\/wp-content\/uploads\/2022\/03\/20211028155654_66929_cleanup-64x37.jpg 64w, https:\/\/www.ynova.be\/wp-content\/uploads\/2022\/03\/20211028155654_66929_cleanup-600x345.jpg 600w, https:\/\/www.ynova.be\/wp-content\/uploads\/2022\/03\/20211028155654_66929_cleanup.jpg 720w\" sizes=\"(max-width: 479px) 100vw, 479px\" \/><\/p>\n<h4>Flatness high<\/h4>\n<p>Flatness ultra-high flatness error of the entire screen \u2264 0.01 mm<\/p>\n<p><img decoding=\"async\" class=\"alignnone wp-image-22115\" src=\"https:\/\/www.ynova.be\/wp-content\/uploads\/2022\/03\/20211028115517_98986_cleanup-250x143.jpg\" alt=\"\" width=\"456\" height=\"261\" srcset=\"https:\/\/www.ynova.be\/wp-content\/uploads\/2022\/03\/20211028115517_98986_cleanup-250x143.jpg 250w, https:\/\/www.ynova.be\/wp-content\/uploads\/2022\/03\/20211028115517_98986_cleanup-350x200.jpg 350w, https:\/\/www.ynova.be\/wp-content\/uploads\/2022\/03\/20211028115517_98986_cleanup-64x37.jpg 64w, https:\/\/www.ynova.be\/wp-content\/uploads\/2022\/03\/20211028115517_98986_cleanup-600x343.jpg 600w, https:\/\/www.ynova.be\/wp-content\/uploads\/2022\/03\/20211028115517_98986_cleanup.jpg 720w\" sizes=\"(max-width: 456px) 100vw, 456px\" \/><\/p>\n<h4>Quick Installation<\/h4>\n<p>The cabinet UDLR uses a quick-lock, two seconds cabinets adjacent locked, the wiring of the air intake connects more quickly.<\/p>\n<p><img loading=\"lazy\" decoding=\"async\" class=\"alignnone wp-image-22117\" src=\"https:\/\/www.ynova.be\/wp-content\/uploads\/2022\/03\/20211028152734_21964-250x150.jpg\" alt=\"\" width=\"777\" height=\"466\" srcset=\"https:\/\/www.ynova.be\/wp-content\/uploads\/2022\/03\/20211028152734_21964-250x150.jpg 250w, https:\/\/www.ynova.be\/wp-content\/uploads\/2022\/03\/20211028152734_21964-350x209.jpg 350w, https:\/\/www.ynova.be\/wp-content\/uploads\/2022\/03\/20211028152734_21964-64x38.jpg 64w, https:\/\/www.ynova.be\/wp-content\/uploads\/2022\/03\/20211028152734_21964-600x359.jpg 600w, https:\/\/www.ynova.be\/wp-content\/uploads\/2022\/03\/20211028152734_21964.jpg 1000w\" sizes=\"(max-width: 777px) 100vw, 777px\" \/><\/p>\n<h4>Specifications<\/h4>\n<p>&nbsp;<\/p>\n<div class=\"table-responsive\">\n<table border=\"1\" align=\"center\">\n<tbody>\n<tr>\n<td style=\"text-align: left;\">Product Serises<\/td>\n<td style=\"text-align: left;\">C-Lite-D<\/td>\n<\/tr>\n<tr>\n<td>Pixel Pitch<\/td>\n<td>2.6, 2.97, 3.91, 4.81 mm<\/td>\n<\/tr>\n<tr>\n<td>Cabinet size<\/td>\n<td>500*500\/500*1000mm<\/td>\n<\/tr>\n<tr>\n<td>Brightness (indoor)<\/td>\n<td>800~1000nit<\/td>\n<\/tr>\n<tr>\n<td style=\"text-align: left;\">Brightness (outdoor)<\/td>\n<td>4000~5000nit<\/td>\n<\/tr>\n<tr>\n<td>Color temperature<\/td>\n<td>6500~8500K<\/td>\n<\/tr>\n<tr>\n<td>Refresh frequency<\/td>\n<td>3840HZ<\/td>\n<\/tr>\n<tr>\n<td>Working temperature<\/td>\n<td>-20~50\u2103<\/td>\n<\/tr>\n<tr>\n<td>Protection grade<\/td>\n<td>IP65\/IP54(outdoor)<\/td>\n<\/tr>\n<\/tbody>\n<\/table>\n<\/div>","protected":false},"excerpt":{"rendered":"<p>Ath\u00e9na est un \u00e9cran LED de sc\u00e8ne \u00a0haut de gamme pour une vari\u00e9t\u00e9 d&rsquo;activit\u00e9s, son bo\u00eetier de commande peut \u00eatre cliqu\u00e9 par des verrous et un tampon de protection emp\u00eache les lampes dans les coins contre les dommages, il vous apportera une meilleure exp\u00e9rience d&rsquo;installation et de d\u00e9montage.<\/p>\n<p>Features<\/p>\n<p>1. Location available : P2.6, P2.97, P3.91, P4.81 indoor\/outdoor<\/p>\n<p>2. Cabinet size : 500*500mm\/500*1000mm<\/p>\n<p>3. Brightness : 800~1000nit (inside), 4500~6500nit (outside).<\/p>\n<p>4. Built-in power supply and card receipt. Connect and disconnect in 1 second.<\/p>\n<p>5. Quick-lock top to bottom, left to right, 2 seconds to connect the cabinets.<\/p>\n<p>6. Die-cast aluminum, high-strength, high tenacity, high precision, flatness ultra-high flatness error of the entire screen \u2264 0.01 mm.<\/p>\n<p>7. Design anti-collision at the bottom of the cabinet, placing the beads on the side for precise alignment.<\/p>\n<p>8. Good design for heat dissipation, no need cooling fan, and air conditioner, less noise during work.<\/p>\n<p>9. High level of protection, resistance to weather and corrosion by salt spray.<\/p>\n<p>10. A variety of installation methods, can be raised, fixed, stacked.<\/p>\n<p>You are interested ? then your wait is over !<\/p>\n<p>&#034;The display of the prices is not available, <span style=\"color: #333333;\"><a style=\"color: #333333;\" href=\"http:\/\/www.ynova.be\/en\/devis\/\"><span style=\"color: #0000ff;\">please contact us to make an estimate<\/span>\u00a0<\/a><\/span>\u00ab\u00a0<\/p>","protected":false},"featured_media":22120,"template":"","meta":{"_acf_changed":false},"product_brand":[],"product_cat":[166,642],"product_tag":[],"class_list":{"0":"post-22110","1":"product","2":"type-product","3":"status-publish","4":"has-post-thumbnail","6":"product_cat-indoor","7":"product_cat-outdoor-led","9":"first","10":"instock","11":"taxable","12":"shipping-taxable","13":"product-type-simple"},"acf":[],"_links":{"self":[{"href":"https:\/\/www.ynova.be\/en\/wp-json\/wp\/v2\/product\/22110","targetHints":{"allow":["GET"]}}],"collection":[{"href":"https:\/\/www.ynova.be\/en\/wp-json\/wp\/v2\/product"}],"about":[{"href":"https:\/\/www.ynova.be\/en\/wp-json\/wp\/v2\/types\/product"}],"version-history":[{"count":0,"href":"https:\/\/www.ynova.be\/en\/wp-json\/wp\/v2\/product\/22110\/revisions"}],"wp:featuredmedia":[{"embeddable":true,"href":"https:\/\/www.ynova.be\/en\/wp-json\/wp\/v2\/media\/22120"}],"wp:attachment":[{"href":"https:\/\/www.ynova.be\/en\/wp-json\/wp\/v2\/media?parent=22110"}],"wp:term":[{"taxonomy":"product_brand","embeddable":true,"href":"https:\/\/www.ynova.be\/en\/wp-json\/wp\/v2\/product_brand?post=22110"},{"taxonomy":"product_cat","embeddable":true,"href":"https:\/\/www.ynova.be\/en\/wp-json\/wp\/v2\/product_cat?post=22110"},{"taxonomy":"product_tag","embeddable":true,"href":"https:\/\/www.ynova.be\/en\/wp-json\/wp\/v2\/product_tag?post=22110"}],"curies":[{"name":"wp","href":"https:\/\/api.w.org\/{rel}","templated":true}]}}