{"id":22097,"date":"2022-03-08T15:34:33","date_gmt":"2022-03-08T14:34:33","guid":{"rendered":"https:\/\/www.ynova.be\/?post_type=product&#038;p=22097"},"modified":"2022-05-16T13:46:03","modified_gmt":"2022-05-16T11:46:03","slug":"hera-p810-ecran-led-a-film-transparent-dinterieur","status":"publish","type":"product","link":"https:\/\/www.ynova.be\/en\/product\/hera-p810-ecran-led-a-film-transparent-dinterieur\/","title":{"rendered":"Hera P8,10 Indoor Clear Film LED Display"},"content":{"rendered":"<h1>\u00c9cran LED \u00e0 film transparent<\/h1>\n<p><img fetchpriority=\"high\" decoding=\"async\" class=\"alignnone wp-image-22098\" src=\"https:\/\/www.ynova.be\/wp-content\/uploads\/2022\/03\/20210929112707_40163-250x223.jpg\" alt=\"\" width=\"589\" height=\"525\" srcset=\"https:\/\/www.ynova.be\/wp-content\/uploads\/2022\/03\/20210929112707_40163-250x223.jpg 250w, https:\/\/www.ynova.be\/wp-content\/uploads\/2022\/03\/20210929112707_40163-350x312.jpg 350w, https:\/\/www.ynova.be\/wp-content\/uploads\/2022\/03\/20210929112707_40163-64x57.jpg 64w, https:\/\/www.ynova.be\/wp-content\/uploads\/2022\/03\/20210929112707_40163-768x684.jpg 768w, https:\/\/www.ynova.be\/wp-content\/uploads\/2022\/03\/20210929112707_40163-600x535.jpg 600w, https:\/\/www.ynova.be\/wp-content\/uploads\/2022\/03\/20210929112707_40163.jpg 790w\" sizes=\"(max-width: 589px) 100vw, 589px\" \/><\/p>\n<h4 id=\"tw-target-text\" class=\"tw-data-text tw-text-large tw-ta\" dir=\"ltr\" data-placeholder=\"Traduction\"><span class=\"Y2IQFc\" lang=\"fr\">Ultra-light and ultra-thin, high-quality materials<\/span><\/h4>\n<p dir=\"ltr\" data-placeholder=\"Traduction\"><img decoding=\"async\" class=\"alignnone wp-image-22099\" src=\"https:\/\/www.ynova.be\/wp-content\/uploads\/2022\/03\/20210929112353_66995-250x233.jpg\" alt=\"\" width=\"595\" height=\"555\" srcset=\"https:\/\/www.ynova.be\/wp-content\/uploads\/2022\/03\/20210929112353_66995-250x233.jpg 250w, https:\/\/www.ynova.be\/wp-content\/uploads\/2022\/03\/20210929112353_66995-350x327.jpg 350w, https:\/\/www.ynova.be\/wp-content\/uploads\/2022\/03\/20210929112353_66995-64x60.jpg 64w, https:\/\/www.ynova.be\/wp-content\/uploads\/2022\/03\/20210929112353_66995-768x716.jpg 768w, https:\/\/www.ynova.be\/wp-content\/uploads\/2022\/03\/20210929112353_66995-600x560.jpg 600w, https:\/\/www.ynova.be\/wp-content\/uploads\/2022\/03\/20210929112353_66995.jpg 790w\" sizes=\"(max-width: 595px) 100vw, 595px\" \/><\/p>\n<h4 id=\"tw-target-text\" class=\"tw-data-text tw-text-large tw-ta\" dir=\"ltr\" data-placeholder=\"Traduction\"><span class=\"Y2IQFc\" lang=\"fr\">No size limit, splicing unlimited<\/span><\/h4>\n<p class=\"tw-data-text tw-text-large tw-ta\" dir=\"ltr\" data-placeholder=\"Traduction\"><span class=\"Y2IQFc\" lang=\"fr\"><img decoding=\"async\" class=\"alignnone wp-image-22100\" src=\"https:\/\/www.ynova.be\/wp-content\/uploads\/2022\/03\/\u00b5-169x250.jpg\" alt=\"\" width=\"567\" height=\"839\" srcset=\"https:\/\/www.ynova.be\/wp-content\/uploads\/2022\/03\/\u00b5-169x250.jpg 169w, https:\/\/www.ynova.be\/wp-content\/uploads\/2022\/03\/\u00b5-350x519.jpg 350w, https:\/\/www.ynova.be\/wp-content\/uploads\/2022\/03\/\u00b5-64x95.jpg 64w\" sizes=\"(max-width: 567px) 100vw, 567px\" \/><\/span><\/p>\n<h4 id=\"tw-target-text\" class=\"tw-data-text tw-text-large tw-ta\" dir=\"ltr\" data-placeholder=\"Traduction\"><span class=\"Y2IQFc\" lang=\"fr\">The rate of transparency high and no noise !<\/span><\/h4>\n<p dir=\"ltr\" data-placeholder=\"Traduction\"><img loading=\"lazy\" decoding=\"async\" class=\"alignnone wp-image-22101\" src=\"https:\/\/www.ynova.be\/wp-content\/uploads\/2022\/03\/20210929112858_27510-250x233.jpg\" alt=\"\" width=\"615\" height=\"574\" srcset=\"https:\/\/www.ynova.be\/wp-content\/uploads\/2022\/03\/20210929112858_27510-250x233.jpg 250w, https:\/\/www.ynova.be\/wp-content\/uploads\/2022\/03\/20210929112858_27510-350x326.jpg 350w, https:\/\/www.ynova.be\/wp-content\/uploads\/2022\/03\/20210929112858_27510-64x60.jpg 64w, https:\/\/www.ynova.be\/wp-content\/uploads\/2022\/03\/20210929112858_27510-768x715.jpg 768w\" sizes=\"(max-width: 615px) 100vw, 615px\" \/><\/p>\n<h4 dir=\"ltr\" data-placeholder=\"Traduction\">Directly pasted on the glass transparent or suspended installation<\/h4>\n<p dir=\"ltr\" data-placeholder=\"Traduction\"><img loading=\"lazy\" decoding=\"async\" class=\"alignnone wp-image-22102\" src=\"https:\/\/www.ynova.be\/wp-content\/uploads\/2022\/03\/20210929113329_13331-250x170.jpg\" alt=\"\" width=\"619\" height=\"421\" srcset=\"https:\/\/www.ynova.be\/wp-content\/uploads\/2022\/03\/20210929113329_13331-250x170.jpg 250w, https:\/\/www.ynova.be\/wp-content\/uploads\/2022\/03\/20210929113329_13331-350x238.jpg 350w, https:\/\/www.ynova.be\/wp-content\/uploads\/2022\/03\/20210929113329_13331-64x44.jpg 64w, https:\/\/www.ynova.be\/wp-content\/uploads\/2022\/03\/20210929113329_13331-768x522.jpg 768w, https:\/\/www.ynova.be\/wp-content\/uploads\/2022\/03\/20210929113329_13331-600x408.jpg 600w, https:\/\/www.ynova.be\/wp-content\/uploads\/2022\/03\/20210929113329_13331.jpg 790w\" sizes=\"(max-width: 619px) 100vw, 619px\" \/><\/p>\n<h4>Specifications<\/h4>\n<div class=\"table-responsive\">\n<table border=\"1\" align=\"center\">\n<tbody>\n<tr>\n<td>Product<\/td>\n<td>C-Wind Transparent Flim LED Screen<\/td>\n<\/tr>\n<tr>\n<td>Pixel pitch<\/td>\n<td>8mm, 10mm<\/td>\n<\/tr>\n<tr>\n<td>Module size<\/td>\n<td>960mm*320mm*3~6mm<\/td>\n<\/tr>\n<tr>\n<td>Weight and thickness<\/td>\n<td>3.5 kg\/\u33a1<\/td>\n<\/tr>\n<tr>\n<td>Dustproof rate<\/td>\n<td>\u226596%<\/td>\n<\/tr>\n<tr>\n<td>Permeability<\/td>\n<td>\u226585%<\/td>\n<\/tr>\n<tr>\n<td>White balance brightness<\/td>\n<td>4500CD\/\u33a1<\/td>\n<\/tr>\n<tr>\n<td>Frame change frequency<\/td>\n<td>50Hz &amp; 60Hz<\/td>\n<\/tr>\n<tr>\n<td>Continuous working time<\/td>\n<td>\u226572 hours<\/td>\n<\/tr>\n<tr>\n<td>Refresh rate<\/td>\n<td>\u226510000 Hz<\/td>\n<\/tr>\n<tr>\n<td>Drive method<\/td>\n<td>Static<\/td>\n<\/tr>\n<tr>\n<td>Max power consumption<\/td>\n<td>300~800W\/\u33a1<\/td>\n<\/tr>\n<tr>\n<td>Average power consumption<\/td>\n<td>100~400W\/\u33a1<\/td>\n<\/tr>\n<tr>\n<td>Working environment<\/td>\n<td>-10\uff5e+65 \u2103\/ 10\uff5e90 %HR<\/td>\n<\/tr>\n<tr>\n<td>Cooling method<\/td>\n<td>Natural heat dissipation principle, no fan and air conditioner<\/td>\n<\/tr>\n<tr>\n<td>Certification<\/td>\n<td>3C, FCC, CE, RoHS, fire test report, etc<\/td>\n<\/tr>\n<\/tbody>\n<\/table>\n<\/div>\n<p dir=\"ltr\" data-placeholder=\"Traduction\">","protected":false},"excerpt":{"rendered":"<p>\u00c9cran LED \u00e0 film transparent<\/p>\n<p>Avec les caract\u00e9ristiques de haute transparence, d&rsquo;installation invisible et de haute luminosit\u00e9, il est tr\u00e8s bon d&rsquo;aider l&rsquo;image de marque des entreprises.<\/p>\n<p>Benefits<\/p>\n<p>1. Bending arbitrary cut-off length arbitrary<\/p>\n<p>2. Good light transmission, transparency of 45% to 90%<\/p>\n<p>3. Thin and light : weight : 3.5 kg\/\u33a1, thickness : 3-6 mm<\/p>\n<p>4. Seulement besoin d&rsquo;une structure en acier simple, ce qui r\u00e9duit les co\u00fbts<\/p>\n<p>5. Installation and maintenance fast<\/p>\n<p>Installation<br \/>\nDirectly pasted on the glass transparent or suspended installation<\/p>\n<p>Application<\/p>\n<p>Event on stage, shopping mall, chain stores, museum of science, window, glass, building curtain wall glass, industry, rental, new, retail, etc<\/p>\n<p>You are interested ? then your wait is over !<\/p>\n<p>&#034;The display of the prices is not available, <span style=\"color: #333333;\"><a style=\"color: #333333;\" href=\"http:\/\/www.ynova.be\/en\/devis\/\"><span style=\"color: #0000ff;\">please contact us to make an estimate<\/span>\u00a0<\/a><\/span>\u00ab\u00a0<\/p>","protected":false},"featured_media":22105,"template":"","meta":{"_acf_changed":false},"product_brand":[],"product_cat":[166],"product_tag":[],"class_list":{"0":"post-22097","1":"product","2":"type-product","3":"status-publish","4":"has-post-thumbnail","6":"product_cat-indoor","8":"first","9":"instock","10":"taxable","11":"shipping-taxable","12":"product-type-simple"},"acf":[],"_links":{"self":[{"href":"https:\/\/www.ynova.be\/en\/wp-json\/wp\/v2\/product\/22097","targetHints":{"allow":["GET"]}}],"collection":[{"href":"https:\/\/www.ynova.be\/en\/wp-json\/wp\/v2\/product"}],"about":[{"href":"https:\/\/www.ynova.be\/en\/wp-json\/wp\/v2\/types\/product"}],"version-history":[{"count":0,"href":"https:\/\/www.ynova.be\/en\/wp-json\/wp\/v2\/product\/22097\/revisions"}],"wp:featuredmedia":[{"embeddable":true,"href":"https:\/\/www.ynova.be\/en\/wp-json\/wp\/v2\/media\/22105"}],"wp:attachment":[{"href":"https:\/\/www.ynova.be\/en\/wp-json\/wp\/v2\/media?parent=22097"}],"wp:term":[{"taxonomy":"product_brand","embeddable":true,"href":"https:\/\/www.ynova.be\/en\/wp-json\/wp\/v2\/product_brand?post=22097"},{"taxonomy":"product_cat","embeddable":true,"href":"https:\/\/www.ynova.be\/en\/wp-json\/wp\/v2\/product_cat?post=22097"},{"taxonomy":"product_tag","embeddable":true,"href":"https:\/\/www.ynova.be\/en\/wp-json\/wp\/v2\/product_tag?post=22097"}],"curies":[{"name":"wp","href":"https:\/\/api.w.org\/{rel}","templated":true}]}}