{"id":22075,"date":"2022-03-08T14:55:16","date_gmt":"2022-03-08T13:55:16","guid":{"rendered":"https:\/\/www.ynova.be\/?post_type=product&#038;p=22075"},"modified":"2022-05-16T13:49:43","modified_gmt":"2022-05-16T11:49:43","slug":"ecran-led-commercial-interieur-c-max-p2-533-34","status":"publish","type":"product","link":"https:\/\/www.ynova.be\/en\/product\/ecran-led-commercial-interieur-c-max-p2-533-34\/","title":{"rendered":"LED screen indoor shopping Hades P2.5,3,3.3,4"},"content":{"rendered":"<pre id=\"tw-target-text\" class=\"tw-data-text tw-text-large tw-ta\" dir=\"ltr\" data-placeholder=\"Traduction\"><\/pre>\n<h4>Specifications \u00c9cran LED commercial<\/h4>\n<p>&nbsp;<\/p>\n<div class=\"table-responsive\">\n<table border=\"1\">\n<tbody>\n<tr>\n<td>Products series<\/td>\n<td>C-Max<\/td>\n<\/tr>\n<tr>\n<td>Pixel Pitch<\/td>\n<td>2.5, 3, 3.3, 4mm<\/td>\n<\/tr>\n<tr>\n<td>Pixel color<\/td>\n<td>\n<p class=\"\">1R1G1B<\/p>\n<\/td>\n<\/tr>\n<tr>\n<td>\n<p class=\"\">LED Pixel<\/p>\n<\/td>\n<td>SMD<\/td>\n<\/tr>\n<tr>\n<td>Module size<\/td>\n<td>320*160mm<\/td>\n<\/tr>\n<tr>\n<td>Cabinet Material<\/td>\n<td>Magnesium alloy<\/td>\n<\/tr>\n<tr>\n<td>Cabinet weight<\/td>\n<td>7.5 kg\/pcs<\/td>\n<\/tr>\n<tr>\n<td>Cabinet size<\/td>\n<td>640*480*70mm<\/td>\n<\/tr>\n<tr>\n<td>Brightness<\/td>\n<td>\u2264800 nits<\/td>\n<\/tr>\n<tr>\n<td>Color temperature<\/td>\n<td>6000~8000 K<\/td>\n<\/tr>\n<tr>\n<td>View angel<\/td>\n<td>H\uff1a120\u00b0, V\uff1a120\u00b0<\/td>\n<\/tr>\n<tr>\n<td>Refresh frequency<\/td>\n<td>1920~3840HZ<\/td>\n<\/tr>\n<tr>\n<td>Gray grade<\/td>\n<td>\u226514bit<\/td>\n<\/tr>\n<tr>\n<td>Working temperature<\/td>\n<td>-20\u2103~50\u2103<\/td>\n<\/tr>\n<tr>\n<td>Protection grade<\/td>\n<td>Front\/Back\uff1aIP40<\/td>\n<\/tr>\n<\/tbody>\n<\/table>\n<\/div>","protected":false},"excerpt":{"rendered":"<h2>\u00c9cran LED commercial int\u00e9rieur<\/h2>\n<p>P2.5, P3, P3.3, P4 Had\u00e8s est le pr\u00e9f\u00e9r\u00e9, simple et durable, la m\u00eame proportion de source vid\u00e9o que l&rsquo;\u00e9cran LCD peut remplacer directement l&rsquo;\u00e9cran LCD.<\/p>\n<p>Benefits :<\/p>\n<p>1. Cabinet size 640 mm * 480 mm. can be assembled with a variety of great displays 4:3 and 16:9.<\/p>\n<p>2. Mounted directly on the wall, save space and labor.<\/p>\n<p>3. The cabinet is magnesium alloy lightweight.<\/p>\n<p>4. Installation of wall mount, fully usable at the front for the module, power supply and cards.<\/p>\n<p>5. Flatness, easy to install and disassemble<\/p>\n<p>6. The cabinet adopts the internal wiring simple, which performs perfectly in the splicing of the cabinet.<\/p>\n<p>7. Perfect design of the PCB of the lamp, IC high-end, easy to get a gray high refresh rate, brightness.<\/p>\n<p>8. Good heat dissipation, no noise, energy saving and environmental protection.<\/p>\n<p>Applications:<\/p>\n<p>\u00c9cran LED commercial \/\/ Largement utilis\u00e9 dans l&rsquo;affichage commercial, la publicit\u00e9 fixe int\u00e9rieure, l&rsquo;auditorium, la salle de conf\u00e9rence, le banquet, le vestibule, la d\u00e9monstration d&rsquo;exposition, le transport, le studio, le contr\u00f4le de commande.<\/p>\n<p>You are interested ? then your wait is over !<\/p>\n<p>&#034;The display of the prices is not available, <span style=\"color: #333333;\"><a style=\"color: #333333;\" href=\"http:\/\/www.ynova.be\/en\/devis\/\"><span style=\"color: #0000ff;\">please contact us to make an estimate<\/span>\u00a0<\/a><\/span>\u00ab\u00a0<\/p>","protected":false},"featured_media":22079,"template":"","meta":{"_acf_changed":false},"product_brand":[],"product_cat":[166],"product_tag":[],"class_list":{"0":"post-22075","1":"product","2":"type-product","3":"status-publish","4":"has-post-thumbnail","6":"product_cat-indoor","8":"first","9":"instock","10":"taxable","11":"shipping-taxable","12":"product-type-simple"},"acf":[],"_links":{"self":[{"href":"https:\/\/www.ynova.be\/en\/wp-json\/wp\/v2\/product\/22075","targetHints":{"allow":["GET"]}}],"collection":[{"href":"https:\/\/www.ynova.be\/en\/wp-json\/wp\/v2\/product"}],"about":[{"href":"https:\/\/www.ynova.be\/en\/wp-json\/wp\/v2\/types\/product"}],"version-history":[{"count":0,"href":"https:\/\/www.ynova.be\/en\/wp-json\/wp\/v2\/product\/22075\/revisions"}],"wp:featuredmedia":[{"embeddable":true,"href":"https:\/\/www.ynova.be\/en\/wp-json\/wp\/v2\/media\/22079"}],"wp:attachment":[{"href":"https:\/\/www.ynova.be\/en\/wp-json\/wp\/v2\/media?parent=22075"}],"wp:term":[{"taxonomy":"product_brand","embeddable":true,"href":"https:\/\/www.ynova.be\/en\/wp-json\/wp\/v2\/product_brand?post=22075"},{"taxonomy":"product_cat","embeddable":true,"href":"https:\/\/www.ynova.be\/en\/wp-json\/wp\/v2\/product_cat?post=22075"},{"taxonomy":"product_tag","embeddable":true,"href":"https:\/\/www.ynova.be\/en\/wp-json\/wp\/v2\/product_tag?post=22075"}],"curies":[{"name":"wp","href":"https:\/\/api.w.org\/{rel}","templated":true}]}}