{"id":22066,"date":"2022-03-08T14:46:19","date_gmt":"2022-03-08T13:46:19","guid":{"rendered":"https:\/\/www.ynova.be\/?post_type=product&#038;p=22066"},"modified":"2022-05-16T13:50:54","modified_gmt":"2022-05-16T11:50:54","slug":"ecran-led-commercial-interieur","status":"publish","type":"product","link":"https:\/\/www.ynova.be\/en\/product\/ecran-led-commercial-interieur\/","title":{"rendered":"Dionysus P0.95,1.26,1.58,1.9 LED Screen indoor shopping"},"content":{"rendered":"<h2>\u00c9cran LED commercial int\u00e9rieur<\/h2>\n<h4>Design size-user-friendly 4: 3 and 16: 9<\/h4>\n<p>Depending on the size of the video is 16: 9 and 4: 3, the product adapts to the monitoring signal of the security, control cabinets planning to form an LED screen size 16: 9, which is also compatible with the video source is 4: 3 to meet the requirements of the clients.<\/p>\n<p><img fetchpriority=\"high\" decoding=\"async\" class=\"alignnone wp-image-22067\" src=\"https:\/\/www.ynova.be\/wp-content\/uploads\/2022\/03\/20210428164545_55648-250x96.jpg\" alt=\"\" width=\"1044\" height=\"401\" srcset=\"https:\/\/www.ynova.be\/wp-content\/uploads\/2022\/03\/20210428164545_55648-250x96.jpg 250w, https:\/\/www.ynova.be\/wp-content\/uploads\/2022\/03\/20210428164545_55648-350x134.jpg 350w, https:\/\/www.ynova.be\/wp-content\/uploads\/2022\/03\/20210428164545_55648-64x25.jpg 64w, https:\/\/www.ynova.be\/wp-content\/uploads\/2022\/03\/20210428164545_55648-1024x393.jpg 1024w, https:\/\/www.ynova.be\/wp-content\/uploads\/2022\/03\/20210428164545_55648-768x295.jpg 768w, https:\/\/www.ynova.be\/wp-content\/uploads\/2022\/03\/20210428164545_55648-600x230.jpg 600w, https:\/\/www.ynova.be\/wp-content\/uploads\/2022\/03\/20210428164545_55648-1536x589.jpg 1536w, https:\/\/www.ynova.be\/wp-content\/uploads\/2022\/03\/20210428164545_55648-1320x506.jpg 1320w, https:\/\/www.ynova.be\/wp-content\/uploads\/2022\/03\/20210428164545_55648.jpg 1799w\" sizes=\"(max-width: 1044px) 100vw, 1044px\" \/><\/p>\n<h4 id=\"tw-target-text\" class=\"tw-data-text tw-text-large tw-ta\" dir=\"ltr\" data-placeholder=\"Traduction\"><span class=\"Y2IQFc\" lang=\"fr\">&#039;t need steel frame, mounted directly to the wall, same video source as the LCD screen<\/span><\/h4>\n<p class=\"tw-data-text tw-text-large tw-ta\" dir=\"ltr\" data-placeholder=\"Traduction\"><span class=\"Y2IQFc\" lang=\"fr\">widely used in auditorium, conference room, banquet room, the circulation system, control and monitoring.<\/span><\/p>\n<p dir=\"ltr\" data-placeholder=\"Traduction\"><img decoding=\"async\" class=\"alignnone wp-image-22068\" src=\"https:\/\/www.ynova.be\/wp-content\/uploads\/2022\/03\/20210428163943_54315-250x113.jpg\" alt=\"\" width=\"1053\" height=\"476\" srcset=\"https:\/\/www.ynova.be\/wp-content\/uploads\/2022\/03\/20210428163943_54315-250x113.jpg 250w, https:\/\/www.ynova.be\/wp-content\/uploads\/2022\/03\/20210428163943_54315-350x158.jpg 350w, https:\/\/www.ynova.be\/wp-content\/uploads\/2022\/03\/20210428163943_54315-64x29.jpg 64w, https:\/\/www.ynova.be\/wp-content\/uploads\/2022\/03\/20210428163943_54315-1024x462.jpg 1024w, https:\/\/www.ynova.be\/wp-content\/uploads\/2022\/03\/20210428163943_54315-768x347.jpg 768w, https:\/\/www.ynova.be\/wp-content\/uploads\/2022\/03\/20210428163943_54315-600x271.jpg 600w, https:\/\/www.ynova.be\/wp-content\/uploads\/2022\/03\/20210428163943_54315-1536x694.jpg 1536w, https:\/\/www.ynova.be\/wp-content\/uploads\/2022\/03\/20210428163943_54315-1320x596.jpg 1320w, https:\/\/www.ynova.be\/wp-content\/uploads\/2022\/03\/20210428163943_54315.jpg 1911w\" sizes=\"(max-width: 1053px) 100vw, 1053px\" \/><\/p>\n<h4 id=\"tw-target-text\" class=\"tw-data-text tw-text-large tw-ta\" dir=\"ltr\" data-placeholder=\"Traduction\"><span class=\"Y2IQFc\" lang=\"fr\">Modules, ultra-thin and ultra-light <\/span><\/h4>\n<p class=\"tw-data-text tw-text-large tw-ta\" dir=\"ltr\" data-placeholder=\"Traduction\"><span class=\"Y2IQFc\" lang=\"fr\">Modular design for the modules and the cabinet, simplifies the complex connection, the installation of a frontal and maintenance. plug in and use. signal connection quality military<\/span><\/p>\n<p dir=\"ltr\" data-placeholder=\"Traduction\"><img decoding=\"async\" class=\"alignnone wp-image-22069\" src=\"https:\/\/www.ynova.be\/wp-content\/uploads\/2022\/03\/20210423002214_10847-250x110.jpg\" alt=\"\" width=\"1064\" height=\"468\" srcset=\"https:\/\/www.ynova.be\/wp-content\/uploads\/2022\/03\/20210423002214_10847-250x110.jpg 250w, https:\/\/www.ynova.be\/wp-content\/uploads\/2022\/03\/20210423002214_10847-350x155.jpg 350w, https:\/\/www.ynova.be\/wp-content\/uploads\/2022\/03\/20210423002214_10847-64x28.jpg 64w, https:\/\/www.ynova.be\/wp-content\/uploads\/2022\/03\/20210423002214_10847-768x339.jpg 768w, https:\/\/www.ynova.be\/wp-content\/uploads\/2022\/03\/20210423002214_10847-600x265.jpg 600w\" sizes=\"(max-width: 1064px) 100vw, 1064px\" \/><\/p>\n<h4>Specifications<\/h4>\n<p>&nbsp;<\/p>\n<div class=\"table-responsive\">\n<table border=\"1\" align=\"center\">\n<tbody>\n<tr>\n<td>Products series<\/td>\n<td colspan=\"4\">C-Pad-U<\/td>\n<\/tr>\n<tr>\n<td>Pixel Pitch<\/td>\n<td>0.95 mm<\/td>\n<td>1.26 mm<\/td>\n<td>1.58 mm<\/td>\n<td>1.9 mm<\/td>\n<\/tr>\n<tr>\n<td>Cabinet Material<\/td>\n<td colspan=\"4\">Cast aluminum<\/td>\n<\/tr>\n<tr>\n<td>Cabinet Weight<\/td>\n<td colspan=\"4\">8kg\/Cabinet<\/td>\n<\/tr>\n<tr>\n<td>Cabinet size<\/td>\n<td colspan=\"4\">608*342*60mm<\/td>\n<\/tr>\n<tr>\n<td>Brightness<\/td>\n<td>\u2265300 nit<\/td>\n<td>\u2265400 nit<\/td>\n<td colspan=\"2\">\u2265500 nit<\/td>\n<\/tr>\n<tr>\n<td>Color temperature<\/td>\n<td colspan=\"4\">6000~8000 K<\/td>\n<\/tr>\n<tr>\n<td>View angel<\/td>\n<td colspan=\"4\">H\uff1a160\u00b0, V\uff1a160\u00b0<\/td>\n<\/tr>\n<tr>\n<td>Refresh frequency<\/td>\n<td colspan=\"4\">1920~3840HZ<\/td>\n<\/tr>\n<tr>\n<td>Gray grade<\/td>\n<td colspan=\"4\">14bits<\/td>\n<\/tr>\n<tr>\n<td>Working temperature<\/td>\n<td colspan=\"4\">-10\u2103~40\u2103<\/td>\n<\/tr>\n<tr>\n<td>Protection grade<\/td>\n<td colspan=\"4\">Front\/Back\uff1aIP40<\/td>\n<\/tr>\n<\/tbody>\n<\/table>\n<\/div>","protected":false},"excerpt":{"rendered":"<p id=\"tw-target-text\" class=\"tw-data-text tw-text-large tw-ta\" dir=\"ltr\" data-placeholder=\"Traduction\"><span class=\"Y2IQFc\" lang=\"fr\">\u00c9cran LED commercial int\u00e9rieur : P0.95, P1.26, P1.58, P1.9 Dionysos est une solution de montage mural rapide et facile, con\u00e7ue dans un rapport 16:9 parfait pour obtenir un mur vid\u00e9o LED HD 2K 4K et un affichage convivial pour les cam\u00e9ras.<\/span><\/p>\n<p class=\"tw-data-text tw-text-large tw-ta\" dir=\"ltr\" data-placeholder=\"Traduction\"><span class=\"Y2IQFc\" lang=\"fr\">D\u00e9tails rapides \u00c9cran LED commercial int\u00e9rieur : <\/span><\/p>\n<p class=\"tw-data-text tw-text-large tw-ta\" dir=\"ltr\" data-placeholder=\"Traduction\"><span class=\"Y2IQFc\" lang=\"fr\">\u2022 Small pixel pitch : P0,95, P1,26, P1,58, P1,9 <\/span><\/p>\n<p class=\"tw-data-text tw-text-large tw-ta\" dir=\"ltr\" data-placeholder=\"Traduction\"><span class=\"Y2IQFc\" lang=\"fr\">\u2022 Ultra-thin : 60 mm, Ultra-light weight : 8 kg\/piece <\/span><\/p>\n<p class=\"tw-data-text tw-text-large tw-ta\" dir=\"ltr\" data-placeholder=\"Traduction\"><span class=\"Y2IQFc\" lang=\"fr\">\u2022 Refresh rate 3 840 Hz \u2022 Angle of view horizontal and vertical 160 \u00b0 <\/span><\/p>\n<p class=\"tw-data-text tw-text-large tw-ta\" dir=\"ltr\" data-placeholder=\"Traduction\"><span class=\"Y2IQFc\" lang=\"fr\">\u2022 Golden ratio 16:9, size wardrobe 608*342mm, 4 cabinets form an LED screen 55 inch. <\/span><\/p>\n<p class=\"tw-data-text tw-text-large tw-ta\" dir=\"ltr\" data-placeholder=\"Traduction\"><span class=\"Y2IQFc\" lang=\"fr\">\u2022 Modules magnetic and design fully serviceable at the front, installation and maintenance easy. <\/span><\/p>\n<p class=\"tw-data-text tw-text-large tw-ta\" dir=\"ltr\" data-placeholder=\"Traduction\"><span class=\"Y2IQFc\" lang=\"fr\">\u2022 The lightweight design of the tiles allows you to pack and stack easily. <\/span><\/p>\n<p class=\"tw-data-text tw-text-large tw-ta\" dir=\"ltr\" data-placeholder=\"Traduction\"><span class=\"Y2IQFc\" lang=\"fr\">\u2022 The internal wiring is fully quick release, which allows for maintenance without tools. <\/span><\/p>\n<p class=\"tw-data-text tw-text-large tw-ta\" dir=\"ltr\" data-placeholder=\"Traduction\"><span class=\"Y2IQFc\" lang=\"fr\">\u2022 Refresh rate 3840 Hz, which eliminates the scan lines and the flicker of your screen on the camera. <\/span><\/p>\n<p class=\"tw-data-text tw-text-large tw-ta\" dir=\"ltr\" data-placeholder=\"Traduction\"><span class=\"Y2IQFc\" lang=\"fr\">\u2022 Angle of view: horizontal and vertical 160\u00b0, and capabilities of grey levels increased. Application: Widely used in auditorium, conference room, banquet room, security monitoring, the control system, etc<\/span><\/p>\n<p>You are interested ? then your wait is over !<\/p>\n<p>&#034;The display of the prices is not available, <span style=\"color: #333333;\"><a style=\"color: #333333;\" href=\"http:\/\/www.ynova.be\/en\/devis\/\"><span style=\"color: #0000ff;\">please contact us to make an estimate<\/span>\u00a0<\/a><\/span>\u00ab\u00a0<\/p>","protected":false},"featured_media":22071,"template":"","meta":{"_acf_changed":false},"product_brand":[],"product_cat":[166],"product_tag":[],"class_list":{"0":"post-22066","1":"product","2":"type-product","3":"status-publish","4":"has-post-thumbnail","6":"product_cat-indoor","8":"first","9":"instock","10":"taxable","11":"shipping-taxable","12":"product-type-simple"},"acf":[],"_links":{"self":[{"href":"https:\/\/www.ynova.be\/en\/wp-json\/wp\/v2\/product\/22066","targetHints":{"allow":["GET"]}}],"collection":[{"href":"https:\/\/www.ynova.be\/en\/wp-json\/wp\/v2\/product"}],"about":[{"href":"https:\/\/www.ynova.be\/en\/wp-json\/wp\/v2\/types\/product"}],"version-history":[{"count":0,"href":"https:\/\/www.ynova.be\/en\/wp-json\/wp\/v2\/product\/22066\/revisions"}],"wp:featuredmedia":[{"embeddable":true,"href":"https:\/\/www.ynova.be\/en\/wp-json\/wp\/v2\/media\/22071"}],"wp:attachment":[{"href":"https:\/\/www.ynova.be\/en\/wp-json\/wp\/v2\/media?parent=22066"}],"wp:term":[{"taxonomy":"product_brand","embeddable":true,"href":"https:\/\/www.ynova.be\/en\/wp-json\/wp\/v2\/product_brand?post=22066"},{"taxonomy":"product_cat","embeddable":true,"href":"https:\/\/www.ynova.be\/en\/wp-json\/wp\/v2\/product_cat?post=22066"},{"taxonomy":"product_tag","embeddable":true,"href":"https:\/\/www.ynova.be\/en\/wp-json\/wp\/v2\/product_tag?post=22066"}],"curies":[{"name":"wp","href":"https:\/\/api.w.org\/{rel}","templated":true}]}}