{"id":22044,"date":"2022-03-08T14:23:47","date_gmt":"2022-03-08T13:23:47","guid":{"rendered":"https:\/\/www.ynova.be\/?post_type=product&#038;p=22044"},"modified":"2022-05-16T14:10:21","modified_gmt":"2022-05-16T12:10:21","slug":"hera-p25-ecran-de-rideau-led-transparent-exterieur","status":"publish","type":"product","link":"https:\/\/www.ynova.be\/en\/product\/hera-p25-ecran-de-rideau-led-transparent-exterieur\/","title":{"rendered":"Hera P25 Screen LED curtain transparent outside"},"content":{"rendered":"<h4>Structure Design<\/h4>\n<p><img fetchpriority=\"high\" decoding=\"async\" class=\"alignnone wp-image-22045\" src=\"https:\/\/www.ynova.be\/wp-content\/uploads\/2022\/03\/20210422233344_51285-250x153.jpg\" alt=\"\" width=\"966\" height=\"591\" srcset=\"https:\/\/www.ynova.be\/wp-content\/uploads\/2022\/03\/20210422233344_51285-250x153.jpg 250w, https:\/\/www.ynova.be\/wp-content\/uploads\/2022\/03\/20210422233344_51285-350x214.jpg 350w, https:\/\/www.ynova.be\/wp-content\/uploads\/2022\/03\/20210422233344_51285-64x39.jpg 64w, https:\/\/www.ynova.be\/wp-content\/uploads\/2022\/03\/20210422233344_51285-1024x626.jpg 1024w, https:\/\/www.ynova.be\/wp-content\/uploads\/2022\/03\/20210422233344_51285-768x470.jpg 768w, https:\/\/www.ynova.be\/wp-content\/uploads\/2022\/03\/20210422233344_51285-600x367.jpg 600w, https:\/\/www.ynova.be\/wp-content\/uploads\/2022\/03\/20210422233344_51285-1536x940.jpg 1536w, https:\/\/www.ynova.be\/wp-content\/uploads\/2022\/03\/20210422233344_51285-1320x808.jpg 1320w, https:\/\/www.ynova.be\/wp-content\/uploads\/2022\/03\/20210422233344_51285.jpg 1744w\" sizes=\"(max-width: 966px) 100vw, 966px\" \/><\/p>\n<h4>Specifications \u00c9cran de rideau<\/h4>\n<p>&nbsp;<\/p>\n<div class=\"table-responsive\">\n<table border=\"1\">\n<tbody>\n<tr>\n<td>Products series<\/td>\n<td>C-Wind 25<\/td>\n<\/tr>\n<tr>\n<td>Pixel Pitch<\/td>\n<td>25mm<\/td>\n<\/tr>\n<tr>\n<td>Module size<\/td>\n<td>1500*125mm<\/td>\n<\/tr>\n<tr>\n<td>Driving way<\/td>\n<td>Static<\/td>\n<\/tr>\n<tr>\n<td>Cabinet Material<\/td>\n<td>Aluminum<\/td>\n<\/tr>\n<tr>\n<td>Cabinet Weight<\/td>\n<td>8kg\/Cabinet<\/td>\n<\/tr>\n<tr>\n<td>Cabinet size<\/td>\n<td>1500*500mm<\/td>\n<\/tr>\n<tr>\n<td>Brightness<\/td>\n<td>\u22657000 nit<\/td>\n<\/tr>\n<tr>\n<td>Color temperature<\/td>\n<td>3200~9300 K<\/td>\n<\/tr>\n<tr>\n<td>view angel<\/td>\n<td>H\uff1a90\u00b0, V\uff1a55\u00b0<\/td>\n<\/tr>\n<tr>\n<td>Maximum power<\/td>\n<td>270W\/\u33a1<\/td>\n<\/tr>\n<tr>\n<td>Average power<\/td>\n<td>90W\/\u33a1<\/td>\n<\/tr>\n<tr>\n<td>Refresh frequency<\/td>\n<td>3840HZ<\/td>\n<\/tr>\n<tr>\n<td>Gray grade<\/td>\n<td>14bit<\/td>\n<\/tr>\n<tr>\n<td>Working temperature<\/td>\n<td>-40\u2103~50\u2103<\/td>\n<\/tr>\n<tr>\n<td>Protection grade<\/td>\n<td>Front\/Back\uff1aIP65\/IP65<\/td>\n<\/tr>\n<\/tbody>\n<\/table>\n<\/div>","protected":false},"excerpt":{"rendered":"<p id=\"tw-target-text\" class=\"tw-data-text tw-text-large tw-ta\" dir=\"ltr\" data-placeholder=\"Traduction\"><span class=\"Y2IQFc\" lang=\"fr\">Cet \u00c9cran de rideau est excellent pour l&rsquo;installation ext\u00e9rieure d&rsquo;un mur-rideau en verre. Pas besoin de structure en acier lors de l&rsquo;installation, r\u00e9duisant le poids de la structure en acier de 50 kg\/m2, 60 % \u00e0 80 % de transparence, rendant le mur-rideau en verre plus vivant et sans affecter les vues. <\/span><\/p>\n<p class=\"tw-data-text tw-text-large tw-ta\" dir=\"ltr\" data-placeholder=\"Traduction\"><span class=\"Y2IQFc\" lang=\"fr\">Benefits : <\/span><\/p>\n<p class=\"tw-data-text tw-text-large tw-ta\" dir=\"ltr\" data-placeholder=\"Traduction\"><span class=\"Y2IQFc\" lang=\"fr\">1. Lightweight, thin and transparent <\/span><\/p>\n<p class=\"tw-data-text tw-text-large tw-ta\" dir=\"ltr\" data-placeholder=\"Traduction\"><span class=\"Y2IQFc\" lang=\"fr\">2. The rate of transparency up to 63% <\/span><\/p>\n<p class=\"tw-data-text tw-text-large tw-ta\" dir=\"ltr\" data-placeholder=\"Traduction\"><span class=\"Y2IQFc\" lang=\"fr\">3. Strong adaptability 4. Low power consumption <\/span><\/p>\n<p class=\"tw-data-text tw-text-large tw-ta\" dir=\"ltr\" data-placeholder=\"Traduction\"><span class=\"Y2IQFc\" lang=\"fr\">5. Repairable front and rear <\/span><\/p>\n<p class=\"tw-data-text tw-text-large tw-ta\" dir=\"ltr\" data-placeholder=\"Traduction\"><span class=\"Y2IQFc\" lang=\"fr\">6. High-cost, without support structure <\/span><\/p>\n<p class=\"tw-data-text tw-text-large tw-ta\" dir=\"ltr\" data-placeholder=\"Traduction\"><span class=\"Y2IQFc\" lang=\"fr\">7. Connect and disconnect quickly the power cable and the signal cable Application: curtain wall glass exterior top, wall exterior, exhibition hall, airport, park-like landscape, etc<\/span><\/p>\n<p>You are interested ? then your wait is over !<\/p>\n<p>&#034;The display of the prices is not available, <span style=\"color: #333333;\"><a style=\"color: #333333;\" href=\"http:\/\/www.ynova.be\/en\/devis\/\"><span style=\"color: #0000ff;\">please contact us to make an estimate<\/span>\u00a0<\/a><\/span>\u00ab\u00a0<\/p>","protected":false},"featured_media":22050,"template":"","meta":{"_acf_changed":false},"product_brand":[],"product_cat":[642],"product_tag":[],"class_list":{"0":"post-22044","1":"product","2":"type-product","3":"status-publish","4":"has-post-thumbnail","6":"product_cat-outdoor-led","8":"first","9":"instock","10":"taxable","11":"shipping-taxable","12":"product-type-simple"},"acf":[],"_links":{"self":[{"href":"https:\/\/www.ynova.be\/en\/wp-json\/wp\/v2\/product\/22044","targetHints":{"allow":["GET"]}}],"collection":[{"href":"https:\/\/www.ynova.be\/en\/wp-json\/wp\/v2\/product"}],"about":[{"href":"https:\/\/www.ynova.be\/en\/wp-json\/wp\/v2\/types\/product"}],"version-history":[{"count":0,"href":"https:\/\/www.ynova.be\/en\/wp-json\/wp\/v2\/product\/22044\/revisions"}],"wp:featuredmedia":[{"embeddable":true,"href":"https:\/\/www.ynova.be\/en\/wp-json\/wp\/v2\/media\/22050"}],"wp:attachment":[{"href":"https:\/\/www.ynova.be\/en\/wp-json\/wp\/v2\/media?parent=22044"}],"wp:term":[{"taxonomy":"product_brand","embeddable":true,"href":"https:\/\/www.ynova.be\/en\/wp-json\/wp\/v2\/product_brand?post=22044"},{"taxonomy":"product_cat","embeddable":true,"href":"https:\/\/www.ynova.be\/en\/wp-json\/wp\/v2\/product_cat?post=22044"},{"taxonomy":"product_tag","embeddable":true,"href":"https:\/\/www.ynova.be\/en\/wp-json\/wp\/v2\/product_tag?post=22044"}],"curies":[{"name":"wp","href":"https:\/\/api.w.org\/{rel}","templated":true}]}}