{"id":21957,"date":"2022-03-08T12:53:35","date_gmt":"2022-03-08T11:53:35","guid":{"rendered":"https:\/\/www.ynova.be\/?post_type=product&#038;p=21957"},"modified":"2022-07-16T11:12:02","modified_gmt":"2022-07-16T09:12:02","slug":"c-fit-p456-6810-ecran-led-publicitaire-multifonctionnel-exterieur","status":"publish","type":"product","link":"https:\/\/www.ynova.be\/en\/product\/c-fit-p456-6810-ecran-led-publicitaire-multifonctionnel-exterieur\/","title":{"rendered":"Artemis P4,5,6.6,8,10 LED Screen advertising multifunctional outdoor"},"content":{"rendered":"<h4 class=\"tw-data-text tw-text-large tw-ta\" dir=\"ltr\" data-placeholder=\"Traduction\"><span class=\"Y2IQFc\" lang=\"fr\">\u00c9cran LED publicitaire avec une armoire en alliage de magn\u00e9sium <\/span><\/h4>\n<p class=\"tw-data-text tw-text-large tw-ta\" dir=\"ltr\" data-placeholder=\"Traduction\"><span class=\"Y2IQFc\" lang=\"fr\">15 kg\/m2 lighter and 20 % thinner than the wardrobe in iron, which allows you to save the transport space, reduce the weight of the delivery and the requirements of working capital buildings and steel structures. <\/span><\/p>\n<h4 class=\"tw-data-text tw-text-large tw-ta\" dir=\"ltr\" data-placeholder=\"Traduction\"><span class=\"Y2IQFc\" lang=\"fr\">Multi-function fixed Installation advertising, add a bar flying, connectors and a lock quick for the rental, adding a rubber pad and a stand for the display perimeter.\u00a0<\/span><\/h4>\n<p dir=\"ltr\" data-placeholder=\"Traduction\"><img fetchpriority=\"high\" decoding=\"async\" class=\"alignnone wp-image-22020\" src=\"https:\/\/www.ynova.be\/wp-content\/uploads\/2022\/03\/20210426105608_47487-250x155.jpg\" alt=\"\" width=\"610\" height=\"378\" srcset=\"https:\/\/www.ynova.be\/wp-content\/uploads\/2022\/03\/20210426105608_47487-250x155.jpg 250w, https:\/\/www.ynova.be\/wp-content\/uploads\/2022\/03\/20210426105608_47487-350x217.jpg 350w, https:\/\/www.ynova.be\/wp-content\/uploads\/2022\/03\/20210426105608_47487-64x40.jpg 64w, https:\/\/www.ynova.be\/wp-content\/uploads\/2022\/03\/20210426105608_47487-768x475.jpg 768w, https:\/\/www.ynova.be\/wp-content\/uploads\/2022\/03\/20210426105608_47487-600x371.jpg 600w, https:\/\/www.ynova.be\/wp-content\/uploads\/2022\/03\/20210426105608_47487.jpg 800w\" sizes=\"(max-width: 610px) 100vw, 610px\" \/><\/p>\n<h4>Standard Modules<\/h4>\n<p id=\"tw-target-text\" class=\"tw-data-text tw-text-large tw-ta\" dir=\"ltr\" data-placeholder=\"Traduction\"><span class=\"Y2IQFc\" lang=\"fr\">Modules outdoor P4 to P16 available. A wardrobe is all of the modules pixel pitch in order to reduce the costs of upgrading.<\/span><\/p>\n<p><img decoding=\"async\" class=\"alignnone wp-image-22022\" src=\"https:\/\/www.ynova.be\/wp-content\/uploads\/2022\/03\/20210428201751_83791-1-250x103.jpg\" alt=\"\" width=\"676\" height=\"279\" srcset=\"https:\/\/www.ynova.be\/wp-content\/uploads\/2022\/03\/20210428201751_83791-1-250x103.jpg 250w, https:\/\/www.ynova.be\/wp-content\/uploads\/2022\/03\/20210428201751_83791-1-350x144.jpg 350w, https:\/\/www.ynova.be\/wp-content\/uploads\/2022\/03\/20210428201751_83791-1-64x26.jpg 64w, https:\/\/www.ynova.be\/wp-content\/uploads\/2022\/03\/20210428201751_83791-1-1024x421.jpg 1024w, https:\/\/www.ynova.be\/wp-content\/uploads\/2022\/03\/20210428201751_83791-1-768x316.jpg 768w, https:\/\/www.ynova.be\/wp-content\/uploads\/2022\/03\/20210428201751_83791-1-600x247.jpg 600w, https:\/\/www.ynova.be\/wp-content\/uploads\/2022\/03\/20210428201751_83791-1-1536x631.jpg 1536w, https:\/\/www.ynova.be\/wp-content\/uploads\/2022\/03\/20210428201751_83791-1-2048x842.jpg 2048w, https:\/\/www.ynova.be\/wp-content\/uploads\/2022\/03\/20210428201751_83791-1-1320x543.jpg 1320w\" sizes=\"(max-width: 676px) 100vw, 676px\" \/><\/p>\n<h4 id=\"tw-target-text\" class=\"tw-data-text tw-text-large tw-ta\" dir=\"ltr\" data-placeholder=\"Traduction\"><span class=\"Y2IQFc\" lang=\"fr\">Efficient cooling system<\/span><\/h4>\n<p class=\"tw-data-text tw-text-large tw-ta\" dir=\"ltr\" data-placeholder=\"Traduction\"><span class=\"Y2IQFc\" lang=\"fr\"> Cooling system negative pressure dual-stream and technologies of heat dissipation in the cabinet exterior<\/span><\/p>\n<p dir=\"ltr\" data-placeholder=\"Traduction\"><img decoding=\"async\" class=\"alignnone wp-image-22023\" src=\"https:\/\/www.ynova.be\/wp-content\/uploads\/2022\/03\/20210811173500_19704-2-250x104.jpg\" alt=\"\" width=\"709\" height=\"295\" srcset=\"https:\/\/www.ynova.be\/wp-content\/uploads\/2022\/03\/20210811173500_19704-2-250x104.jpg 250w, https:\/\/www.ynova.be\/wp-content\/uploads\/2022\/03\/20210811173500_19704-2-350x146.jpg 350w, https:\/\/www.ynova.be\/wp-content\/uploads\/2022\/03\/20210811173500_19704-2-64x27.jpg 64w, https:\/\/www.ynova.be\/wp-content\/uploads\/2022\/03\/20210811173500_19704-2-1024x427.jpg 1024w, https:\/\/www.ynova.be\/wp-content\/uploads\/2022\/03\/20210811173500_19704-2-768x320.jpg 768w, https:\/\/www.ynova.be\/wp-content\/uploads\/2022\/03\/20210811173500_19704-2-600x250.jpg 600w, https:\/\/www.ynova.be\/wp-content\/uploads\/2022\/03\/20210811173500_19704-2-1536x640.jpg 1536w, https:\/\/www.ynova.be\/wp-content\/uploads\/2022\/03\/20210811173500_19704-2-1320x550.jpg 1320w, https:\/\/www.ynova.be\/wp-content\/uploads\/2022\/03\/20210811173500_19704-2.jpg 1920w\" sizes=\"(max-width: 709px) 100vw, 709px\" \/><\/p>\n<h4 class=\"tw-data-text tw-text-large tw-ta\" dir=\"ltr\" data-placeholder=\"Traduction\"><span class=\"Y2IQFc\" lang=\"fr\">Design of the structure of the cabinet<\/span><\/h4>\n<p dir=\"ltr\" data-placeholder=\"Traduction\">\n<h4>Details of the wardrobe<\/h4>\n<p>Display of the pin location, quick lock, position of the hole on the inside, handle, rubber ring, waterproof, singal water and power connector<\/p>\n<p><img loading=\"lazy\" decoding=\"async\" class=\"alignnone wp-image-22025\" src=\"https:\/\/www.ynova.be\/wp-content\/uploads\/2022\/03\/20210812145004_79065-6-250x104.jpg\" alt=\"\" width=\"690\" height=\"287\" srcset=\"https:\/\/www.ynova.be\/wp-content\/uploads\/2022\/03\/20210812145004_79065-6-250x104.jpg 250w, https:\/\/www.ynova.be\/wp-content\/uploads\/2022\/03\/20210812145004_79065-6-350x146.jpg 350w, https:\/\/www.ynova.be\/wp-content\/uploads\/2022\/03\/20210812145004_79065-6-64x27.jpg 64w, https:\/\/www.ynova.be\/wp-content\/uploads\/2022\/03\/20210812145004_79065-6-1024x427.jpg 1024w, https:\/\/www.ynova.be\/wp-content\/uploads\/2022\/03\/20210812145004_79065-6-768x320.jpg 768w, https:\/\/www.ynova.be\/wp-content\/uploads\/2022\/03\/20210812145004_79065-6-600x250.jpg 600w, https:\/\/www.ynova.be\/wp-content\/uploads\/2022\/03\/20210812145004_79065-6-1536x640.jpg 1536w, https:\/\/www.ynova.be\/wp-content\/uploads\/2022\/03\/20210812145004_79065-6-1320x550.jpg 1320w, https:\/\/www.ynova.be\/wp-content\/uploads\/2022\/03\/20210812145004_79065-6.jpg 1920w\" sizes=\"(max-width: 690px) 100vw, 690px\" \/><\/p>\n<p>&nbsp;<\/p>\n<div id=\"KnM9nf\">\n<div id=\"tw-smenu\" class=\"tw-menu\"><\/div>\n<p>&nbsp;<\/p>\n<\/div>\n<div class=\"QmZWSe\">\n<div class=\"DHcWmd\"><\/div>\n<\/div>\n<div class=\"oSioSc\">\n<div id=\"tw-target\">\n<div id=\"kAz1tf\" class=\"g9WsWb\">\n<div id=\"tw-target-text-container\" class=\"tw-ta-container F0azHf tw-nfl\" tabindex=\"0\">\n<h4 id=\"tw-target-text\" class=\"tw-data-text tw-text-large tw-ta\" dir=\"ltr\" data-placeholder=\"Traduction\"><span class=\"Y2IQFc\" lang=\"fr\">Caract\u00e9ristiques \u00c9cran LED publicitaire<\/span><\/h4>\n<\/div>\n<\/div>\n<\/div>\n<\/div>\n<p>&nbsp;<\/p>\n<div class=\"table-responsive\">\n<table border=\"1\">\n<tbody>\n<tr>\n<td>Product Serises<\/td>\n<td colspan=\"7\">C-Fit<\/td>\n<\/tr>\n<tr>\n<td>Pixel Pitch<\/td>\n<td colspan=\"7\">4,5,6,6.67,8,10(SMD),10(DIP)mm<\/td>\n<\/tr>\n<tr>\n<td>Cabinet size<\/td>\n<td colspan=\"7\">960*960*140mm<\/td>\n<\/tr>\n<tr>\n<td>Cabinet weight<\/td>\n<td colspan=\"7\">28\u00b10.5 kg<\/td>\n<\/tr>\n<tr>\n<td>Brightness<\/td>\n<td colspan=\"7\">5500~8000nit<\/td>\n<\/tr>\n<tr>\n<td>Color temperature<\/td>\n<td colspan=\"7\">\u00a06500~8500K<\/td>\n<\/tr>\n<tr>\n<td>Refresh frequency<\/td>\n<td colspan=\"7\">1920~3840HZ<\/td>\n<\/tr>\n<tr>\n<td>Working temperature<\/td>\n<td colspan=\"7\">\u00a0-20~+50\u2103<\/td>\n<\/tr>\n<tr>\n<td>Protection grade<\/td>\n<td colspan=\"7\">\u00a0IP65\/IP54<\/td>\n<\/tr>\n<\/tbody>\n<\/table>\n<\/div>\n<p>&nbsp;<\/p>\n<pre id=\"tw-target-text\" class=\"tw-data-text tw-text-large tw-ta\" dir=\"ltr\" data-placeholder=\"Traduction\"><\/pre>\n<pre id=\"tw-target-text\" class=\"tw-data-text tw-text-large tw-ta\" dir=\"ltr\" data-placeholder=\"Traduction\"><span class=\"Y2IQFc\" lang=\"fr\">\u00a0<\/span><\/pre>","protected":false},"excerpt":{"rendered":"<p id=\"tw-target-text\" class=\"tw-data-text tw-text-large tw-ta\" dir=\"ltr\" data-placeholder=\"Traduction\"><span class=\"Y2IQFc\" lang=\"fr\">Art\u00e9mis P4,5,6.6,8,10 \u00c9cran LED publicitaire multifonctionnel ext\u00e9rieur L&rsquo;\u00e9cran LED C-Fit P4, P5, P6, P6.67, P8, P10 est une solution de publicit\u00e9 ext\u00e9rieure multifonctionnelle, il vaut chaque centime. <\/span><\/p>\n<p class=\"tw-data-text tw-text-large tw-ta\" dir=\"ltr\" data-placeholder=\"Traduction\"><span class=\"Y2IQFc\" lang=\"fr\">Benefits : <\/span><\/p>\n<p class=\"tw-data-text tw-text-large tw-ta\" dir=\"ltr\" data-placeholder=\"Traduction\"><span class=\"Y2IQFc\" lang=\"fr\">1. Thinner and lighter : 15 kg\/m2 lighter and 20 % thinner than the wardrobe in iron, which allows you to save the transport space, reduce the weight of the delivery and the requirements of working capital buildings and steel structures. <\/span><\/p>\n<p class=\"tw-data-text tw-text-large tw-ta\" dir=\"ltr\" data-placeholder=\"Traduction\"><span class=\"Y2IQFc\" lang=\"fr\">2. Multi-function : fixed installation advertising, add a bar flying, connectors and a lock quick for the rental, adding a rubber pad and a support for displaying the perimeter <\/span><\/p>\n<p class=\"tw-data-text tw-text-large tw-ta\" dir=\"ltr\" data-placeholder=\"Traduction\"><span class=\"Y2IQFc\" lang=\"fr\">3. Cost-effective: wardrobe magnesium alloy, resistance to corrosion and rust <\/span><\/p>\n<p class=\"tw-data-text tw-text-large tw-ta\" dir=\"ltr\" data-placeholder=\"Traduction\"><span class=\"Y2IQFc\" lang=\"fr\">4. Standard Modules : modules outdoor P3 P20 5. Fast delivery : products in batches, automatic, stock, huge, shorten the delivery time 6. Superior accuracy : process CNC, tolerance of contour \u00b1 0.1 mm, tolerance of flatness<\/span><\/p>\n<p>You are interested ? then your wait is over !<\/p>\n<p>&#034;The display of the prices is not available, <span style=\"color: #333333;\"><a style=\"color: #333333;\" href=\"http:\/\/www.ynova.be\/en\/devis\/\"><span style=\"color: #0000ff;\">please contact us to make an estimate<\/span>\u00a0<\/a><\/span>\u00ab\u00a0<\/p>","protected":false},"featured_media":21985,"template":"","meta":{"_acf_changed":false},"product_brand":[],"product_cat":[642],"product_tag":[],"class_list":{"0":"post-21957","1":"product","2":"type-product","3":"status-publish","4":"has-post-thumbnail","6":"product_cat-outdoor-led","8":"first","9":"instock","10":"taxable","11":"shipping-taxable","12":"product-type-simple"},"acf":[],"_links":{"self":[{"href":"https:\/\/www.ynova.be\/en\/wp-json\/wp\/v2\/product\/21957","targetHints":{"allow":["GET"]}}],"collection":[{"href":"https:\/\/www.ynova.be\/en\/wp-json\/wp\/v2\/product"}],"about":[{"href":"https:\/\/www.ynova.be\/en\/wp-json\/wp\/v2\/types\/product"}],"version-history":[{"count":0,"href":"https:\/\/www.ynova.be\/en\/wp-json\/wp\/v2\/product\/21957\/revisions"}],"wp:featuredmedia":[{"embeddable":true,"href":"https:\/\/www.ynova.be\/en\/wp-json\/wp\/v2\/media\/21985"}],"wp:attachment":[{"href":"https:\/\/www.ynova.be\/en\/wp-json\/wp\/v2\/media?parent=21957"}],"wp:term":[{"taxonomy":"product_brand","embeddable":true,"href":"https:\/\/www.ynova.be\/en\/wp-json\/wp\/v2\/product_brand?post=21957"},{"taxonomy":"product_cat","embeddable":true,"href":"https:\/\/www.ynova.be\/en\/wp-json\/wp\/v2\/product_cat?post=21957"},{"taxonomy":"product_tag","embeddable":true,"href":"https:\/\/www.ynova.be\/en\/wp-json\/wp\/v2\/product_tag?post=21957"}],"curies":[{"name":"wp","href":"https:\/\/api.w.org\/{rel}","templated":true}]}}