{"id":18684,"date":"2022-01-28T12:18:05","date_gmt":"2022-01-28T11:18:05","guid":{"rendered":"https:\/\/www.ynova.be\/?post_type=product&#038;p=18684"},"modified":"2022-06-20T14:19:44","modified_gmt":"2022-06-20T12:19:44","slug":"td2220-2","status":"publish","type":"product","link":"https:\/\/www.ynova.be\/en\/product\/td2220-2\/","title":{"rendered":"TD2220-2"},"content":{"rendered":"<div id=\"feature1\">\n<h1>\u00e9cran multitouche avec duret\u00e9 de surface de 7H<\/h1>\n<p>Vous pourrez facilement toucher, glisser, redimensionner et manipuler des photos, des documents ou des pages web, tout comme vous le faites sur votre appareil mobile pr\u00e9f\u00e9r\u00e9. La duret\u00e9 de surface de 7H r\u00e9sistante aux \u00e9gratignures assure une exp\u00e9rience constante de haute qualit\u00e9 et de durabilit\u00e9.<br \/>\n* La technologie tactile optique utilise des cam\u00e9ras infrarouges et de la lumi\u00e8re pour d\u00e9tecter les contacts sur le panneau. Toute forme de contact, qu&rsquo;il s&rsquo;agisse d&rsquo;un doigt, d&rsquo;un stylet, d&rsquo;un toucher gant\u00e9, etc., peut \u00eatre utilis\u00e9 pour saisir des commandes sur l&rsquo;\u00e9cran avec une grande pr\u00e9cision. De plus, les \u00e9crans tactiles optiques ont tendance \u00e0 r\u00e9sister dans le temps. Cependant, la lumi\u00e8re directe du soleil, une lampe halog\u00e8ne ou des \u00e9metteurs IR peuvent provoquer des interf\u00e9rences lumineuses et des dysfonctionnements au toucher.<\/p>\n<div class=\"rc-feature\"><img decoding=\"async\" src=\"https:\/\/www.viewsonic.com\/vsAssetFile\/global\/img\/resize\/uk\/td2220-2\/7H-Hardness-Graphic_TD2220.webp\" \/><\/div>\n<\/div>\n<div id=\"feature3\">\n<h1><\/h1>\n<h1>\u00c9cran \u00e0 pleine r\u00e9solution HD 1080p de 1920 x 1080<\/h1>\n<p>Le moniteur \u00e0 pleine r\u00e9solution de 22 po (21,5 po de surface de vision) supporte l\u2019utilisation intense que n\u00e9cessitent les applications commerciales, la modification de vid\u00e9os et d\u2019images ainsi que le divertissement. 20,000,000:1 offre une image nette avec beaucoup de d\u00e9tails.<\/p>\n<div class=\"rc-feature\"><img \/><\/div>\n<\/div>\n<div id=\"feature4\">\n<h1>Les entr\u00e9es num\u00e9rique\/analogique OptiSync \u00e9tendent vos possibilit\u00e9s de connectivit\u00e9<\/h1>\n<p>Le TD2220-2 supporte la fonction \u00e0 touches de WindowsMD 7 et WindowsMD 8 et utilise le port USB DIH (dispositif d\u2019interface humaine) lui permettant d\u2019\u00eatre pr\u00eat \u00e0 l\u2019utilisation. Le TD2220-2 peut se connecter dans un port USB pour un fonctionnement instantan\u00e9 \u00e0 deux touches et pour naviguer facilement dans les fonctions tactiles intuitives. Deux ports USB pour une connectivit\u00e9 suppl\u00e9mentaires aux p\u00e9riph\u00e9riques et aux appareils \u00e9lectroniques. La technologie d\u2019entr\u00e9e multimode accepte aussi bien les signaux num\u00e9riques (DVI) qu\u2019analogiques (VGA), pour une compatibilit\u00e9 et une polyvalence de configuration optimales.<\/p>\n<div class=\"rc-feature\"><img decoding=\"async\" src=\"https:\/\/www.viewsonic.com\/vsAssetFile\/global\/img\/resize\/uk\/td2220-2\/27567.webp\" \/><\/div>\n<\/div>\n<div id=\"feature5\">\n<h1><\/h1>\n<div class=\"rc-feature\"><img fetchpriority=\"high\" decoding=\"async\" src=\"https:\/\/www.viewsonic.com\/vsAssetFile\/global\/img\/resize\/uk\/td2220-2\/30307.webp\" alt=\"\" width=\"471\" height=\"381\" \/><\/div>\n<\/div>\n<div>\n<div class=\"col-lg-12\">\n<h2 class=\"text-center\">SP\u00c9CIFICATIONS<\/h2>\n<\/div>\n<div class=\"col-lg-12 columns\">\n<div id=\"spec-area\" class=\"row\">\n<h4><span class=\"spec-item\">LCD<\/span><\/h4>\n<ul>\n<li class=\"spec-data\"><strong>Type:\u00a0<\/strong>\u00c9cran DEL couleur \u00e0 matrice active (TFT) de 22 po (21,5 po d\u2019affichage)<\/li>\n<li class=\"spec-data\"><strong>Rapport de contraste:\u00a0<\/strong>1,000:1 (typ.)<\/li>\n<li class=\"spec-data\"><strong>Angles de vue:\u00a0<\/strong>170\u00ba (horizontal), 160\u00ba (vertical)<\/li>\n<li class=\"spec-data\"><strong>Zone d&rsquo;affichage:\u00a0<\/strong>18,8 po (horizontal) x 10,6 po (vertical); 21,5 po (diagonal)<\/li>\n<li class=\"spec-data\"><strong>R\u00e9solution optimale:\u00a0<\/strong>1920&#215;1080<\/li>\n<li class=\"spec-data\"><strong>Temps de r\u00e9ponse:\u00a0<\/strong>5 ms (standard)<\/li>\n<li class=\"spec-data\"><strong>Surface panneau:\u00a0<\/strong>couche dure (7H)<\/li>\n<li class=\"spec-data\"><strong>Luminosit\u00e9:\u00a0<\/strong>200 cd\/m\u00b2 (standard)<\/li>\n<li class=\"spec-data\"><strong>Rapport de contraste dynamique:\u00a0<\/strong>20,000,000:1<\/li>\n<li class=\"spec-data\"><strong>R\u00e9tro\u00e9clairage:\u00a0<\/strong>Lumi\u00e8re blanche \u00e0 DEL<\/li>\n<li class=\"spec-data\"><strong>Dur\u00e9e de vie du r\u00e9tro\u00e9clairage:\u00a0<\/strong>40,000 heures (minimum)<\/li>\n<\/ul>\n<h4><span class=\"spec-item\">COLORS<\/span><\/h4>\n<ul>\n<li class=\"spec-data\">Black<\/li>\n<\/ul>\n<h4><span class=\"spec-item\">COMPATIBILIT\u00c9<\/span><\/h4>\n<ul>\n<li class=\"spec-data\"><strong>Ordinateur:\u00a0<\/strong>Compatible avec les PC (WindowsMD 7 \/ WindowsMD 8 \/ WindowsMD 10)<\/li>\n<li class=\"spec-data\"><strong>Mac\u00ae:\u00a0<\/strong>s\/o<\/li>\n<\/ul>\n<h4><span class=\"spec-item\">Dimensions (mm)<\/span><\/h4>\n<ul>\n<li class=\"spec-data\"><strong>Physique avec support:\u00a0<\/strong>511 x 635 x 240 mm \/ 20,11 x 14,37 x 9,45 po<\/li>\n<li class=\"spec-data\"><strong>Physique sans support:\u00a0<\/strong>511 x 310 x 66 mm \/ 20,11 x 12,22 x 8,43 po<\/li>\n<li class=\"spec-data\"><strong>Emballage (LxHxP):\u00a0<\/strong>570 x 427 x 214 mm \/ 22,44 x 16,81 x 8,43 po<\/li>\n<\/ul>\n<h4><span class=\"spec-item\">NORMES<\/span><\/h4>\n<ul>\n<li class=\"spec-data\">cULus, FCC-B, ICES003, Energy Star 8.0, CEC, MX-CoC, Mexico Energy, REACH, WEEE, BSMI, RCM, GEMS, VCCI, KC, e-Standby, BIS, CCC, China RoHS, China Energy Label, CECP<\/li>\n<\/ul>\n<h4><span class=\"spec-item\">Entr\u00e9e vid\u00e9o<\/span><\/h4>\n<ul>\n<li class=\"spec-data\"><strong>Analogique:\u00a0<\/strong>Analogique RVB (0,7 \/ 1,0 de tension cr\u00eate \u00e0 cr\u00eate, 75 ohms)<\/li>\n<li class=\"spec-data\"><strong>Fr\u00e9quence:\u00a0<\/strong>Fh : 24~83 kHz, Fv : 50~76 Hz<\/li>\n<li class=\"spec-data\"><strong>Synchronisation:\u00a0<\/strong>Synchronisation distincte<\/li>\n<li class=\"spec-data\"><strong>Num\u00e9rique:\u00a0<\/strong>DVI (TMDS, 100 ohms)<\/li>\n<\/ul>\n<h4><span class=\"spec-item\">CONNECTEURS<\/span><\/h4>\n<ul>\n<li class=\"spec-data\"><strong>Alimentation:\u00a0<\/strong>Carte d\u2019alimentation interne, prise \u00e0 trois fiches (CEE22)<\/li>\n<\/ul>\n<h4><span class=\"spec-item\">Alimentation<\/span><\/h4>\n<ul>\n<li class=\"spec-data\"><strong>\u00c9conomie:\u00a0<\/strong>18 W (standard)<\/li>\n<li class=\"spec-data\"><strong>Optimale:\u00a0<\/strong>21 W (standard)<\/li>\n<li class=\"spec-data\"><strong>Tension:\u00a0<\/strong>CA 100\u2013240 V (universel), 50 \/ 60 Hz<\/li>\n<li class=\"spec-data\"><strong>Consommation:\u00a0<\/strong>26 W (standard) \/ 43 W (max.)<\/li>\n<\/ul>\n<h4><span class=\"spec-item\">COMMANDES<\/span><\/h4>\n<ul>\n<li class=\"spec-data\"><strong>Panneau frontal:\u00a0<\/strong>1, 2, bas, haut, mise en marche<\/li>\n<li class=\"spec-data\"><strong>OSD:\u00a0<\/strong>Ajustement automatique de l\u2019image, contraste\/luminosit\u00e9, s\u00e9lection de l\u2019entr\u00e9e (D-SUB, DVI-D), ajustement audio (volume, sourdine), ajustement de la couleur (sRVB, bleu\u00e2tre, froid, natif, chaud, couleur utilisateur, [R, V, B]), information, ajustement manuel de l\u2019image (dimension de la position H\/V, r\u00e9glage pr\u00e9cis, nettet\u00e9, rapport de contraste dynamique, temps de r\u00e9ponse, rapport hauteur\/largeur, mode \u00ab \u00c9co \u00bb), menu des r\u00e9glages (s\u00e9lection de la langue, avis de r\u00e9solution, position de l\u2019affichage \u00e0 l\u2019\u00e9cran, arr\u00eat de l\u2019affichage \u00e0 l\u2019\u00e9cran, arri\u00e8re-plan d\u2019affichage \u00e0 l\u2019\u00e9cran, arr\u00eat automatique, indicateur d\u2019alimentation), rappel de m\u00e9moire<\/li>\n<\/ul>\n<h4><span class=\"spec-item\">CONDITIONS D&rsquo;EXPLOITATION<\/span><\/h4>\n<ul>\n<li class=\"spec-data\"><strong>Temp\u00e9rature:\u00a0<\/strong>0 \u00e0 40 \u00b0C (32 \u00e0 104 \u00b0F)<\/li>\n<li class=\"spec-data\"><strong>Humidit\u00e9:\u00a0<\/strong>20 \u00e0 90 % (sans condensation)<\/li>\n<\/ul>\n<h4><span class=\"spec-item\">MONTAGE VESA&#x2122;<\/span><\/h4>\n<ul>\n<li class=\"spec-data\">100 mm x 100 mm<\/li>\n<\/ul>\n<h4><span class=\"spec-item\">ERGONOMIE<\/span><\/h4>\n<ul>\n<li class=\"spec-data\"><strong>Inclinaison:\u00a0<\/strong>20\u00ba~5\u00ba<\/li>\n<\/ul>\n<h4><span class=\"spec-item\">Poids<\/span><\/h4>\n<ul>\n<li class=\"spec-data\"><strong>Brut:\u00a0<\/strong>6,45 kg \/ 14,22 lb<\/li>\n<li class=\"spec-data\"><strong>Net avec le support:\u00a0<\/strong>4,92 kg \/ 10,85 lb<\/li>\n<li class=\"spec-data\"><strong>Net sans le support:\u00a0<\/strong>3,96 kg \/ 8,73 lb<\/li>\n<\/ul>\n<\/div>\n<\/div>\n<\/div>\n","protected":false},"excerpt":{"rendered":"<h2>INTRODUCTION TD2220-2<\/h2>\n<p>Le TD2220-2 de 22 po (21,5 po de surface de vision) de ViewSonicMD est un moniteur multitouches \u00e0 pleine r\u00e9solution de 1920 x 1080 et r\u00e9tro\u00e9clairage \u00e0 DEL, avec haut-parleurs int\u00e9gr\u00e9s, entr\u00e9es DVI et VGA et fixation murale VESA.<\/p>\n<p>Il pr\u00e9sente un rapport de contraste M\u00c9GA dynamique de 20,000,000:1 pour des images nettes, et le mode \u00ab \u00c9co \u00bb pour \u00e9conomiser jusqu\u2019\u00e0 40 %* d\u2019\u00e9nergie sont inclus automatiquement dans la nouvelle offre du moniteur de 22 po (21,5 po de surface de vision). Id\u00e9al pour les applications commerciales et personnelles, le TD2220-2 supporte les pilotes USB tactiles DIH et est enti\u00e8rement compatible avec WindowsMD 7 et WindowsMD 8 et WindowsMD 10. Le TD2220-2 est une solution unique pour vos besoins en moniteurs multitouches.<\/p>","protected":false},"featured_media":18690,"template":"","meta":{"_acf_changed":false},"product_brand":[],"product_cat":[582],"product_tag":[],"class_list":{"0":"post-18684","1":"product","2":"type-product","3":"status-publish","4":"has-post-thumbnail","6":"product_cat-moniteur-tactile","8":"first","9":"instock","10":"taxable","11":"shipping-taxable","12":"product-type-simple"},"acf":[],"_links":{"self":[{"href":"https:\/\/www.ynova.be\/en\/wp-json\/wp\/v2\/product\/18684","targetHints":{"allow":["GET"]}}],"collection":[{"href":"https:\/\/www.ynova.be\/en\/wp-json\/wp\/v2\/product"}],"about":[{"href":"https:\/\/www.ynova.be\/en\/wp-json\/wp\/v2\/types\/product"}],"version-history":[{"count":0,"href":"https:\/\/www.ynova.be\/en\/wp-json\/wp\/v2\/product\/18684\/revisions"}],"wp:featuredmedia":[{"embeddable":true,"href":"https:\/\/www.ynova.be\/en\/wp-json\/wp\/v2\/media\/18690"}],"wp:attachment":[{"href":"https:\/\/www.ynova.be\/en\/wp-json\/wp\/v2\/media?parent=18684"}],"wp:term":[{"taxonomy":"product_brand","embeddable":true,"href":"https:\/\/www.ynova.be\/en\/wp-json\/wp\/v2\/product_brand?post=18684"},{"taxonomy":"product_cat","embeddable":true,"href":"https:\/\/www.ynova.be\/en\/wp-json\/wp\/v2\/product_cat?post=18684"},{"taxonomy":"product_tag","embeddable":true,"href":"https:\/\/www.ynova.be\/en\/wp-json\/wp\/v2\/product_tag?post=18684"}],"curies":[{"name":"wp","href":"https:\/\/api.w.org\/{rel}","templated":true}]}}