{"id":17902,"date":"2022-01-25T15:29:58","date_gmt":"2022-01-25T14:29:58","guid":{"rendered":"https:\/\/www.ynova.be\/?post_type=product&#038;p=17902"},"modified":"2022-10-24T15:28:38","modified_gmt":"2022-10-24T13:28:38","slug":"digital-totem-fabric","status":"publish","type":"product","link":"https:\/\/www.ynova.be\/en\/product\/digital-totem-fabric\/","title":{"rendered":"Digital Totem \u2013 Fabric"},"content":{"rendered":"<h2>Digital Totem \u2013 Fabric<\/h2>\n<h4><em>Customize your totem<\/em><\/h4>\n<p>Give weight to your message with the totem fabric digital. Show a video message on the screen and display your logo or brand of your business with a tight cloth printed to the front under the screen and a complete visual to the rear. Thanks to the fabric, you can customize your totem and frequently changing messages. Add a seasonal theme or promotional totem with a visual fabric SEG and change it whenever you want.<\/p>\n<h4><em>Important specifications<\/em><\/h4>\n<p>The digital totem comes with a tension fabric printed by thermal sublimation high quality print on the lower portion of the front of the totem pole and on the whole back. The totem pole is available in sizes 43&#034;, 50&#034; and 55&#034;. The standard housing is available in black, but other RAL colours are possible on request. The digital totem fabric can only be used indoors. Ask your vendor to provide you with more detailed information.<\/p>\n<h4><em>Match your content to the totem<\/em><\/h4>\n<p>For your content, just simply change the printed fabric of the totem pole. Like our other totems digital, it also comes with the plug and play system, content management remotely. You can change your content using the USB or WiFi. Online control of the digital totem fabric is only available with the visual front-end. If you want to order the print to the rear, please contact your dealer for details and prices.<\/p>\n<p>&nbsp;<\/p>\n<p><!--more--><\/p>\n<table class=\"table table-striped\">\n<thead>\n<tr>\n<td>\n<h4 style=\"text-align: center\"><span style=\"color: #808080\"><em>Specification<\/em><\/span><\/h4>\n<\/td>\n<\/tr>\n<\/thead>\n<tbody>\n<tr>\n<td><span style=\"color: #808080\">Version<\/span><\/td>\n<td><span style=\"color: #808080\">Single-sided<\/span><\/td>\n<\/tr>\n<tr>\n<td><span style=\"color: #808080\">Width (mm)<\/span><\/td>\n<td><span style=\"color: #808080\">575 | 649 | 662 | 725<\/span><\/td>\n<\/tr>\n<tr>\n<td><span style=\"color: #808080\">Height (mm)<\/span><\/td>\n<td><span style=\"color: #808080\">1819 | 1885 | 1953<\/span><\/td>\n<\/tr>\n<tr>\n<td><span style=\"color: #808080\">Length (mm)<\/span><\/td>\n<td><span style=\"color: #808080\">460 | 490 | 520<\/span><\/td>\n<\/tr>\n<tr>\n<td><span style=\"color: #808080\">Volume (l)<\/span><\/td>\n<td><span style=\"color: #808080\">0<\/span><\/td>\n<\/tr>\n<tr>\n<td><span style=\"color: #808080\">Width of the packing unit (mm)<\/span><\/td>\n<td><span style=\"color: #808080\">1200<\/span><\/td>\n<\/tr>\n<tr>\n<td><span style=\"color: #808080\">Height of the packing unit (mm)<\/span><\/td>\n<td><span style=\"color: #808080\">800<\/span><\/td>\n<\/tr>\n<tr>\n<td><span style=\"color: #808080\">Length packing unit (mm)<\/span><\/td>\n<td><span style=\"color: #808080\">1963 | 2029 | 2097<\/span><\/td>\n<\/tr>\n<tr>\n<td><span style=\"color: #808080\">Packaging unit<\/span><\/td>\n<td><span style=\"color: #808080\">1<\/span><\/td>\n<\/tr>\n<tr>\n<td><span style=\"color: #808080\">Number of pieces per pallet<\/span><\/td>\n<td><span style=\"color: #808080\">2<\/span><\/td>\n<\/tr>\n<tr class=\"show-more\">\n<td><span style=\"color: #808080\">Net weight (kg)<\/span><\/td>\n<td><span style=\"color: #808080\">43,25 | 47,8 | 49,85<\/span><\/td>\n<\/tr>\n<tr class=\"show-more\">\n<td><span style=\"color: #808080\">Total weight (kg)<\/span><\/td>\n<td><span style=\"color: #808080\">50,5 | 56 | 59<\/span><\/td>\n<\/tr>\n<tr class=\"show-more\">\n<td><span style=\"color: #808080\">Guarantee (m)<\/span><\/td>\n<td><span style=\"color: #808080\">0 | 24<\/span><\/td>\n<\/tr>\n<tr class=\"show-more\">\n<td><span style=\"color: #808080\">Electrical energy<\/span><\/td>\n<td><span style=\"color: #808080\">No | Yes<\/span><\/td>\n<\/tr>\n<tr class=\"show-more\">\n<td><span style=\"color: #808080\">Wattage<\/span><\/td>\n<td><span style=\"color: #808080\">110 W | 138W | 143 W<\/span><\/td>\n<\/tr>\n<tr class=\"show-more\">\n<td><span style=\"color: #808080\">Color<\/span><\/td>\n<td><span style=\"color: #808080\">Money<\/span><\/td>\n<\/tr>\n<tr class=\"show-more\">\n<td><span style=\"color: #808080\">For<\/span><\/td>\n<td><span style=\"color: #808080\">Printed fabric for T-Frame<\/span><\/td>\n<\/tr>\n<tr class=\"show-more\">\n<td><span style=\"color: #808080\">Installation<\/span><\/td>\n<td><span style=\"color: #808080\">Stand-alone<\/span><\/td>\n<\/tr>\n<\/tbody>\n<\/table>","protected":false},"excerpt":{"rendered":"<p><span style=\"color: #339966\">\u2714 <\/span>Unique digital display Solution combined<\/p>\n<p><span style=\"color: #339966\">\u2714 <\/span>Digital Totem with face cloth-voltage thermal sublimation<\/p>\n<p><span style=\"color: #339966\">\u2714 <\/span>Display housing, luxurious design textile and individual screen Samsung business<\/p>\n<p>( !! The type of printing is the front side only. We recommend that you also order a graph sided, by e-mail info@ynova.be !! )<\/p>\n<p>Vous \u00eates int\u00e9ress\u00e9(e) ? alors n&rsquo;attendez plus !<\/p>\n<p>\u00ab\u00a0Produit customisable, <span style=\"color: #333333\"><a style=\"color: #333333\" href=\"http:\/\/www.ynova.be\/en\/devis\/\"><span style=\"color: #0000ff\">please contact us to make an estimate<\/span>\u00a0<\/a><\/span>\u00ab\u00a0<\/p>","protected":false},"featured_media":17905,"template":"","meta":{"_acf_changed":false},"product_brand":[],"product_cat":[549,577],"product_tag":[],"class_list":{"0":"post-17902","1":"product","2":"type-product","3":"status-publish","4":"has-post-thumbnail","6":"product_cat-eposters-totem-ecran-tactile-digital-dynamique","7":"product_cat-nouveau-totem","9":"first","10":"instock","11":"taxable","12":"shipping-taxable","13":"product-type-simple"},"acf":[],"_links":{"self":[{"href":"https:\/\/www.ynova.be\/en\/wp-json\/wp\/v2\/product\/17902","targetHints":{"allow":["GET"]}}],"collection":[{"href":"https:\/\/www.ynova.be\/en\/wp-json\/wp\/v2\/product"}],"about":[{"href":"https:\/\/www.ynova.be\/en\/wp-json\/wp\/v2\/types\/product"}],"version-history":[{"count":0,"href":"https:\/\/www.ynova.be\/en\/wp-json\/wp\/v2\/product\/17902\/revisions"}],"wp:featuredmedia":[{"embeddable":true,"href":"https:\/\/www.ynova.be\/en\/wp-json\/wp\/v2\/media\/17905"}],"wp:attachment":[{"href":"https:\/\/www.ynova.be\/en\/wp-json\/wp\/v2\/media?parent=17902"}],"wp:term":[{"taxonomy":"product_brand","embeddable":true,"href":"https:\/\/www.ynova.be\/en\/wp-json\/wp\/v2\/product_brand?post=17902"},{"taxonomy":"product_cat","embeddable":true,"href":"https:\/\/www.ynova.be\/en\/wp-json\/wp\/v2\/product_cat?post=17902"},{"taxonomy":"product_tag","embeddable":true,"href":"https:\/\/www.ynova.be\/en\/wp-json\/wp\/v2\/product_tag?post=17902"}],"curies":[{"name":"wp","href":"https:\/\/api.w.org\/{rel}","templated":true}]}}