{"id":17890,"date":"2022-01-25T15:16:48","date_gmt":"2022-01-25T14:16:48","guid":{"rendered":"https:\/\/www.ynova.be\/?post_type=product&#038;p=17890"},"modified":"2022-10-24T15:47:40","modified_gmt":"2022-10-24T13:47:40","slug":"digital-totem-43-50-55","status":"publish","type":"product","link":"https:\/\/www.ynova.be\/en\/product\/digital-totem-43-50-55\/","title":{"rendered":"Digital Totem"},"content":{"rendered":"<h2>Digital Totem<\/h2>\n<h4><em>Pay Attention to the screen!<\/em><\/h4>\n<p>Get your message out in the middle of this totem digital signage edge. Perfect for use at the entrance of the stores, exhibitions or shopping malls. The casing very resistant and is composed of an aluminum frame and steel panels, and tempered glass to protect the screen. A film touch can be applied to provide a touch feature.<\/p>\n<h4><em>Robust and durable<\/em><\/h4>\n<p>Le bo\u00eetier verrouillable est con\u00e7u pour prot\u00e9ger et compl\u00e9ter l\u2019\u00e9cran Samsung professionnel qui se trouve \u00e0 l\u2019int\u00e9rieur. La lourde plaque d\u2019acier de base a une \u00e9paisseur de 8\u00a0mm, assurant une bonne stabilit\u00e9. La plaque d\u2019acier peut \u00e9galement \u00eatre modifi\u00e9e pour une fixation au sol. Disponible en \u00e9crans 43&Prime;, 50&Prime; et 55&Prime;. La surchauffe est \u00e9vit\u00e9e gr\u00e2ce aux fentes de ventilation, de sorte que le totem r\u00e9siste \u00e0 des temp\u00e9ratures allant jusqu\u2019\u00e0 40 degr\u00e9s Celsius. Utilisation en int\u00e9rieur uniquement.<\/p>\n<h4><em>Manage your content<\/em><\/h4>\n<p>Change your message quickly and simply thanks to the content management system at a distance. Use the USB and the remote control or the Wi-fi to change the video or images<\/p>\n<p>&nbsp;<\/p>\n<p><!--more--><\/p>\n<p>&nbsp;<\/p>\n<table class=\"table table-striped\">\n<thead>\n<tr>\n<td>\n<h4 style=\"text-align: center;\"><span style=\"color: #999999;\"><em>Specification<\/em><\/span><\/h4>\n<\/td>\n<\/tr>\n<\/thead>\n<tbody>\n<tr>\n<td><span style=\"color: #999999;\">Version<\/span><\/td>\n<td><span style=\"color: #999999;\">Single-sided<\/span><\/td>\n<\/tr>\n<tr>\n<td><span style=\"color: #999999;\">Width (mm)<\/span><\/td>\n<td><span style=\"color: #999999;\">719<\/span><\/td>\n<\/tr>\n<tr>\n<td><span style=\"color: #999999;\">Height (mm)<\/span><\/td>\n<td><span style=\"color: #999999;\">2020<\/span><\/td>\n<\/tr>\n<tr>\n<td><span style=\"color: #999999;\">Length (mm)<\/span><\/td>\n<td><span style=\"color: #999999;\">650<\/span><\/td>\n<\/tr>\n<tr>\n<td><span style=\"color: #999999;\">Width of the packing unit (mm)<\/span><\/td>\n<td><span style=\"color: #999999;\">1200<\/span><\/td>\n<\/tr>\n<tr>\n<td><span style=\"color: #999999;\">Height of the packing unit (mm)<\/span><\/td>\n<td><span style=\"color: #999999;\">800<\/span><\/td>\n<\/tr>\n<tr>\n<td><span style=\"color: #999999;\">Length packing unit (mm)<\/span><\/td>\n<td><span style=\"color: #999999;\">2170<\/span><\/td>\n<\/tr>\n<tr>\n<td><span style=\"color: #999999;\">Packaging unit<\/span><\/td>\n<td><span style=\"color: #999999;\">1<\/span><\/td>\n<\/tr>\n<tr>\n<td><span style=\"color: #999999;\">Number of pieces per pallet<\/span><\/td>\n<td><span style=\"color: #999999;\">1<\/span><\/td>\n<\/tr>\n<tr>\n<td><span style=\"color: #999999;\">Net weight (kg)<\/span><\/td>\n<td><span style=\"color: #999999;\">94,2<\/span><\/td>\n<\/tr>\n<tr class=\"show-more\">\n<td><span style=\"color: #999999;\">Total weight (kg)<\/span><\/td>\n<td><span style=\"color: #999999;\">122,2<\/span><\/td>\n<\/tr>\n<tr class=\"show-more\">\n<td><span style=\"color: #999999;\">Guarantee (m)<\/span><\/td>\n<td><span style=\"color: #999999;\">24<\/span><\/td>\n<\/tr>\n<tr class=\"show-more\">\n<td><span style=\"color: #999999;\">Electrical energy<\/span><\/td>\n<td><span style=\"color: #999999;\">Yes<\/span><\/td>\n<\/tr>\n<tr class=\"show-more\">\n<td><span style=\"color: #999999;\">Wattage<\/span><\/td>\n<td><span style=\"color: #999999;\">110 W<\/span><\/td>\n<\/tr>\n<\/tbody>\n<\/table>\n<h4><\/h4>","protected":false},"excerpt":{"rendered":"<p><span style=\"color: #339966;\">\u2714 <\/span>Facade in toughened safety glass to protect the screen of vandalism<\/p>\n<p><span style=\"color: #339966;\">\u2714\u00a0<\/span>Heavy Base steel of 8 mm, ensuring good stability, also fixable to the ground<\/p>\n<p><span style=\"color: #339966;\">\u2714 <\/span>Les ventilateurs de refroidissement emp\u00eachent la surchauffe et permettent un fonctionnement a des temp\u00e9ratures allant jusqu&rsquo;\u00e0 40o Celsius<\/p>\n<p>You are interested ? then your wait is over !<\/p>\n<p>&#034;The display of the prices is not available, <span style=\"color: #333333;\"><a style=\"color: #333333;\" href=\"http:\/\/www.ynova.be\/en\/devis\/\"><span style=\"color: #0000ff;\">please contact us to make an estimate<\/span>\u00a0<\/a><\/span>\u00ab\u00a0<\/p>","protected":false},"featured_media":17894,"template":"","meta":{"_acf_changed":false},"product_brand":[],"product_cat":[549,577],"product_tag":[],"class_list":{"0":"post-17890","1":"product","2":"type-product","3":"status-publish","4":"has-post-thumbnail","6":"product_cat-eposters-totem-ecran-tactile-digital-dynamique","7":"product_cat-nouveau-totem","9":"first","10":"instock","11":"taxable","12":"shipping-taxable","13":"product-type-variable"},"acf":[],"_links":{"self":[{"href":"https:\/\/www.ynova.be\/en\/wp-json\/wp\/v2\/product\/17890","targetHints":{"allow":["GET"]}}],"collection":[{"href":"https:\/\/www.ynova.be\/en\/wp-json\/wp\/v2\/product"}],"about":[{"href":"https:\/\/www.ynova.be\/en\/wp-json\/wp\/v2\/types\/product"}],"version-history":[{"count":0,"href":"https:\/\/www.ynova.be\/en\/wp-json\/wp\/v2\/product\/17890\/revisions"}],"wp:featuredmedia":[{"embeddable":true,"href":"https:\/\/www.ynova.be\/en\/wp-json\/wp\/v2\/media\/17894"}],"wp:attachment":[{"href":"https:\/\/www.ynova.be\/en\/wp-json\/wp\/v2\/media?parent=17890"}],"wp:term":[{"taxonomy":"product_brand","embeddable":true,"href":"https:\/\/www.ynova.be\/en\/wp-json\/wp\/v2\/product_brand?post=17890"},{"taxonomy":"product_cat","embeddable":true,"href":"https:\/\/www.ynova.be\/en\/wp-json\/wp\/v2\/product_cat?post=17890"},{"taxonomy":"product_tag","embeddable":true,"href":"https:\/\/www.ynova.be\/en\/wp-json\/wp\/v2\/product_tag?post=17890"}],"curies":[{"name":"wp","href":"https:\/\/api.w.org\/{rel}","templated":true}]}}