{"id":16512,"date":"2021-10-11T16:39:01","date_gmt":"2021-10-11T14:39:01","guid":{"rendered":"https:\/\/www.ynova.be\/?post_type=product&#038;p=16512"},"modified":"2022-08-25T14:37:48","modified_gmt":"2022-08-25T12:37:48","slug":"vb-stnd-004-support-motorise","status":"publish","type":"product","link":"https:\/\/www.ynova.be\/en\/product\/vb-stnd-004-support-motorise\/","title":{"rendered":"VB-STND-004 motorized Support"},"content":{"rendered":"<h1>VB-STND-004<\/h1>\n<h2>Motorized Support<\/h2>\n<div class=\"tagline-row\">\n<ul>\n<li>Password-built-in cable for power supply<\/li>\n<li>Built-in command to the screen (IFP5550 \/ IFP6550 \/ IFP7550 \/ IFP8650)<\/li>\n<li>Tray built-in for storing pencils, or other objects<\/li>\n<\/ul>\n<p>Featuring a lift motorized silent, the motorized support ViewSonic\u00ae VB-STND-004 fits securely to the interactive flat screens ViewSonic ViewBoard\u00ae 55\u201c, 65\u201c, 75\u201c and 86\u201c or any other screen weighing up to 100 kg. Thanks to the built-in command on the screen, the bracket can be oriented directly from the touch screen of the ViewBoard (IFP5550 \/ IFP6550 \/ IFP7550 \/ IFP8650), allowing you to climb up or down easily the screen ViewBoard. A solid design ensures that the support and the screen remain straight once fixed to the ground.<\/p>\n<p>&nbsp;<\/p>\n<\/div>","protected":false},"excerpt":{"rendered":"<p>VB-STND-004 Support motoris\u00e9 Passe-c\u00e2bles int\u00e9gr\u00e9 pour l\u2019alimentation Commande int\u00e9gr\u00e9e \u00e0 l\u2019\u00e9cran (IFP5550 \/ IFP6550 \/ IFP7550 \/ IFP8650) Plateau int\u00e9gr\u00e9 pour ranger les crayons ou autres objets Dot\u00e9 d&rsquo;un \u00e9l\u00e9vateur motoris\u00e9 silencieux, le support motoris\u00e9 ViewSonic\u00ae VB-STND-004 s&rsquo;adapte en toute s\u00e9curit\u00e9 aux \u00e9crans plats interactifs ViewSonic ViewBoard\u00ae 55\u201c, 65\u201c, 75\u201c et 86\u201c ou tout autre [&hellip;]<\/p>\n","protected":false},"featured_media":16513,"template":"","meta":{"_acf_changed":false},"product_brand":[],"product_cat":[554],"product_tag":[],"class_list":{"0":"post-16512","1":"product","2":"type-product","3":"status-publish","4":"has-post-thumbnail","6":"product_cat-support-pour-ecran","8":"first","9":"instock","10":"taxable","11":"shipping-taxable","12":"purchasable","13":"product-type-simple"},"acf":[],"_links":{"self":[{"href":"https:\/\/www.ynova.be\/en\/wp-json\/wp\/v2\/product\/16512","targetHints":{"allow":["GET"]}}],"collection":[{"href":"https:\/\/www.ynova.be\/en\/wp-json\/wp\/v2\/product"}],"about":[{"href":"https:\/\/www.ynova.be\/en\/wp-json\/wp\/v2\/types\/product"}],"version-history":[{"count":0,"href":"https:\/\/www.ynova.be\/en\/wp-json\/wp\/v2\/product\/16512\/revisions"}],"wp:featuredmedia":[{"embeddable":true,"href":"https:\/\/www.ynova.be\/en\/wp-json\/wp\/v2\/media\/16513"}],"wp:attachment":[{"href":"https:\/\/www.ynova.be\/en\/wp-json\/wp\/v2\/media?parent=16512"}],"wp:term":[{"taxonomy":"product_brand","embeddable":true,"href":"https:\/\/www.ynova.be\/en\/wp-json\/wp\/v2\/product_brand?post=16512"},{"taxonomy":"product_cat","embeddable":true,"href":"https:\/\/www.ynova.be\/en\/wp-json\/wp\/v2\/product_cat?post=16512"},{"taxonomy":"product_tag","embeddable":true,"href":"https:\/\/www.ynova.be\/en\/wp-json\/wp\/v2\/product_tag?post=16512"}],"curies":[{"name":"wp","href":"https:\/\/api.w.org\/{rel}","templated":true}]}}