{"id":16436,"date":"2021-10-04T10:34:11","date_gmt":"2021-10-04T08:34:11","guid":{"rendered":"https:\/\/www.ynova.be\/?post_type=product&#038;p=16436"},"modified":"2022-08-25T15:01:16","modified_gmt":"2022-08-25T13:01:16","slug":"myviewboard-box-vbs100","status":"publish","type":"product","link":"https:\/\/www.ynova.be\/en\/product\/myviewboard-box-vbs100\/","title":{"rendered":"VBS100 Box screen share with Android built-in"},"content":{"rendered":"<div class=\"row py-5 align-items-center justify-content-center\">\n<h2>VBS100<\/h2>\n<div>\n<h2><span>Bo\u00eetier ViewBoard pour \u00e9crans tactiles<\/span><\/h2>\n<\/div>\n<div class=\"col-12 col-md-7\"><img decoding=\"async\" src=\"https:\/\/www.viewsonic.com\/media\/primaryfeature\/image\/cache\/800x\/r\/e\/remote_collaboration_and_distance_learning_700w.jpg\" alt=\"\" \/><\/div>\n<div class=\"col-12 col-md-5 pt-5 pt-md-0 text-center text-md-left\">\n<h3><span>COLLABORATION \u00c0 DISTANCE ET PR\u00c9SENTATIONS SANS FIL<\/span><\/h3>\n<p class=\"text\"><span>Avec l&rsquo;application int\u00e9gr\u00e9e myViewBoard Display, ViewBoard Box peut refl\u00e9ter n&rsquo;importe quelle toile myViewBoard partout dans le monde.\u00a0Le code de s\u00e9curit\u00e9 fourni garantit que seuls les utilisateurs d\u00e9sign\u00e9s peuvent voir et partager la toile, ce qui rend la ViewBoard Box id\u00e9ale pour la collaboration \u00e0 distance et les pr\u00e9sentations sans fil.<\/span><\/p>\n<\/div>\n<\/div>\n<div class=\"row py-5 align-items-center justify-content-center flex-row-reverse\">\n<div class=\"col-12 col-md-7\"><img decoding=\"async\" src=\"https:\/\/www.viewsonic.com\/media\/primaryfeature\/image\/cache\/800x\/e\/a\/easy_digital_whiteboarding_700w.jpg\" alt=\"\" \/><\/div>\n<div class=\"col-12 col-md-5 pt-5 pt-md-0 text-center text-md-left\">\n<h3><span>TABLEAU BLANC NUM\u00c9RIQUE FACILE<\/span><\/h3>\n<p class=\"text\"><span>Compatible avec les projecteurs interactifs, les \u00e9crans plats interactifs et les moniteurs tactiles, le ViewBoard Box transforme instantan\u00e9ment n&rsquo;importe quel \u00e9cran tactile en tableau blanc num\u00e9rique.\u00a0Il fournit un moyen facile de partager votre canevas interactif avec plusieurs participants \u00e0 la fois localement et \u00e0 distance.<\/span><\/p>\n<\/div>\n<\/div>\n<div class=\"row py-5 align-items-center justify-content-center\">\n<div class=\"col-12 col-md-7\"><img decoding=\"async\" src=\"https:\/\/www.viewsonic.com\/media\/primaryfeature\/image\/cache\/800x\/s\/m\/smart_podium_functionality_700w.jpg\" alt=\"\" \/><\/div>\n<div class=\"col-12 col-md-5 pt-5 pt-md-0 text-center text-md-left\">\n<h3><span>FONCTIONNALIT\u00c9 DE PODIUM INTELLIGENT<\/span><\/h3>\n<p class=\"text\"><span>Lorsqu&rsquo;il est combin\u00e9 avec l&rsquo;\u00e9cran tactile ViewSonic TD2455, le ViewBoard Box peut transformer n&rsquo;importe quel podium ou pupitre en un centre de pr\u00e9sentation interactif.\u00a0La toile num\u00e9rique de l&rsquo;\u00e9cran tactile peut \u00eatre reproduite sur n&rsquo;importe quel \u00e9cran de projecteur ou \u00e9cran grand format.\u00a0Cela signifie que les pr\u00e9sentateurs \u00e0 l&rsquo;avant d&rsquo;un auditorium ou d&rsquo;une salle de classe peuvent manipuler le contenu sur l&rsquo;\u00e9cran tactile TD2455, et les t\u00e9l\u00e9spectateurs peuvent voir ce contenu sur l&rsquo;\u00e9cran plus grand.\u00a0De plus, la ViewBoard Box permet aux utilisateurs d&rsquo;acc\u00e9der \u00e0 l&rsquo;\u00e9cosyst\u00e8me myViewBoard qui comprend des applications telles que WhiteBoard, Display, Manager et plus encore.<\/span><\/p>\n<\/div>\n<\/div>\n<div class=\"row py-5 align-items-center justify-content-center flex-row-reverse\">\n<div class=\"col-12 col-md-7\"><img decoding=\"async\" src=\"https:\/\/www.viewsonic.com\/media\/primaryfeature\/image\/cache\/800x\/r\/s\/rs232_device_control_700w.jpg\" alt=\"\" \/><\/div>\n<div class=\"col-12 col-md-5 pt-5 pt-md-0 text-center text-md-left\">\n<h3><span>CONTR\u00d4LE DE P\u00c9RIPH\u00c9RIQUE RS232<\/span><\/h3>\n<p class=\"text\"><span>L&rsquo;administrateur informatique peut surveiller, programmer et g\u00e9rer \u00e0 distance les \u00e9crans connect\u00e9s \u00e0 une ViewBoard Box.\u00a0Avec le logiciel ViewSonic vController, l&rsquo;administrateur informatique peut allumer et \u00e9teindre les appareils, modifier les sources d&rsquo;affichage, surveiller l&rsquo;utilisation des appareils, etc., pour n&rsquo;importe quelle taille de campus ou d&rsquo;entreprise.<\/span><\/p>\n<\/div>\n<\/div>\n<div class=\"row py-5 align-items-center justify-content-center\">\n<div class=\"col-12 col-md-7\"><img decoding=\"async\" src=\"https:\/\/www.viewsonic.com\/media\/primaryfeature\/image\/cache\/800x\/w\/i\/wifi_and_bluetooth_700w_1.jpg\" alt=\"\" \/><\/div>\n<div class=\"col-12 col-md-5 pt-5 pt-md-0 text-center text-md-left\">\n<h3><span>WIFI ET BLUETOOTH AVEC DONGLE EN OPTION<\/span><\/h3>\n<p class=\"text\"><span>Le WiFi et le Bluetooth peuvent \u00eatre activ\u00e9s sur cet appareil avec le dongle WiFi\/Bluetooth VSB050 en option.\u00a0Les capacit\u00e9s WiFi permettent la mise en miroir d&rsquo;\u00e9cran ou la navigation sur le Web sans connecter le c\u00e2ble LAN.\u00a0Bluetooth fournit une connectivit\u00e9 \u00e0 courte port\u00e9e pour les appareils mobiles tels que les claviers et les souris ou les casques sans fil.<\/span><\/p>\n<\/div>\n<\/div>\n<div class=\"row py-5 align-items-center justify-content-center flex-row-reverse\">\n<div class=\"col-12 col-md-7\"><img decoding=\"async\" src=\"https:\/\/www.viewsonic.com\/media\/primaryfeature\/image\/cache\/800x\/p\/o\/power_over_ethernet_700w.jpg\" alt=\"\" \/><\/div>\n<div class=\"col-12 col-md-5 pt-5 pt-md-0 text-center text-md-left\">\n<h3><span>ALIMENTATION PAR ETHERNET<\/span><\/h3>\n<p class=\"text\"><span>Un seul c\u00e2ble RJ45 peut alimenter cet appareil et fournir des donn\u00e9es en m\u00eame temps.<\/span><\/p>\n<\/div>\n<\/div>","protected":false},"excerpt":{"rendered":"<div class=\"col-12 product-name\">\n<h2><span>VBS100-A<\/span><br \/>\n<span>Bo\u00eetier ViewBoard pour \u00e9crans tactiles<\/span><\/h2>\n<\/div>\n<div class=\"b-description_readmore_wrapper js-description_readmore_wrapper\">\n<div class=\"col-12 short-description\"><span>Con\u00e7u comme un appareil compagnon pour l&rsquo;\u00e9cosyst\u00e8me de tableau blanc num\u00e9rique myViewBoard&#x2122;, le\u00a0bo\u00eetier ViewBoard ViewSonic\u00a0<\/span><sup><span>\u00ae transforme instantan\u00e9ment n&rsquo;importe quel \u00e9cran tactile en tableau blanc num\u00e9rique.\u00a0<\/span><\/sup><span>Cela signifie que n&rsquo;importe quel projecteur, \u00e9cran plat interactif ou \u00e9cran tactile peut \u00eatre utilis\u00e9 comme hub de partage de contenu pour la collaboration \u00e0 distance ou l&rsquo;apprentissage \u00e0 distance.\u00a0Connectez simplement le ViewBoard Box directement \u00e0 n&rsquo;importe quel \u00e9cran tactile via USB-C pour le contr\u00f4le vid\u00e9o et tactile, ou via HDMI et USB-A.\u00a0Avec l&rsquo;application int\u00e9gr\u00e9e myViewBoard Display pour Android et un code de s\u00e9curit\u00e9 fourni, ViewBoard Box peut refl\u00e9ter n&rsquo;importe quelle toile myViewBoard et partager du contenu de n&rsquo;importe o\u00f9 dans le monde.<\/span><\/div>\n<\/div>","protected":false},"featured_media":16437,"template":"","meta":{"_acf_changed":false},"product_brand":[],"product_cat":[78],"product_tag":[],"class_list":{"0":"post-16436","1":"product","2":"type-product","3":"status-publish","4":"has-post-thumbnail","6":"product_cat-non-classe","8":"first","9":"instock","10":"taxable","11":"shipping-taxable","12":"purchasable","13":"product-type-simple"},"acf":[],"_links":{"self":[{"href":"https:\/\/www.ynova.be\/en\/wp-json\/wp\/v2\/product\/16436","targetHints":{"allow":["GET"]}}],"collection":[{"href":"https:\/\/www.ynova.be\/en\/wp-json\/wp\/v2\/product"}],"about":[{"href":"https:\/\/www.ynova.be\/en\/wp-json\/wp\/v2\/types\/product"}],"version-history":[{"count":0,"href":"https:\/\/www.ynova.be\/en\/wp-json\/wp\/v2\/product\/16436\/revisions"}],"wp:featuredmedia":[{"embeddable":true,"href":"https:\/\/www.ynova.be\/en\/wp-json\/wp\/v2\/media\/16437"}],"wp:attachment":[{"href":"https:\/\/www.ynova.be\/en\/wp-json\/wp\/v2\/media?parent=16436"}],"wp:term":[{"taxonomy":"product_brand","embeddable":true,"href":"https:\/\/www.ynova.be\/en\/wp-json\/wp\/v2\/product_brand?post=16436"},{"taxonomy":"product_cat","embeddable":true,"href":"https:\/\/www.ynova.be\/en\/wp-json\/wp\/v2\/product_cat?post=16436"},{"taxonomy":"product_tag","embeddable":true,"href":"https:\/\/www.ynova.be\/en\/wp-json\/wp\/v2\/product_tag?post=16436"}],"curies":[{"name":"wp","href":"https:\/\/api.w.org\/{rel}","templated":true}]}}