{"id":16434,"date":"2021-10-04T10:31:59","date_gmt":"2021-10-04T08:31:59","guid":{"rendered":"https:\/\/www.ynova.be\/?post_type=product&#038;p=16434"},"modified":"2022-08-25T15:02:37","modified_gmt":"2022-08-25T13:02:37","slug":"myviewboard-direct-vbd100","status":"publish","type":"product","link":"https:\/\/www.ynova.be\/en\/product\/myviewboard-direct-vbd100\/","title":{"rendered":"VBD100 Case of screen sharing"},"content":{"rendered":"<h3>INTRODUCTION<\/h3>\n<p>myViewBoard Direct VBD100 permet \u00e0 un pr\u00e9sentateur d&rsquo;importer une source dans le tableau blanc num\u00e9rique sur PC. Avec la connexion HDMI, les utilisateurs peuvent afficher instantan\u00e9ment des vid\u00e9os sur un \u00e9cran interactif tout en disposant d&rsquo;outils avanc\u00e9s de tableau blanc tels que l&rsquo;annotation, l&rsquo;importation multim\u00e9dia, la capture et l&rsquo;enregistrement d&rsquo;\u00e9cran pour une interaction pouss\u00e9e. myViewBoard Direct offre aux utilisateurs de PC mobiles un partage d&rsquo;\u00e9cran facile dans le canevas myViewBoard.<\/p>\n<p>&nbsp;<\/p>\n<div id=\"feature0\" class=\"vs-container-fluid\" data-feature-id=\"4630\">\n<div class=\"row vs-container rc-feature\">\n<div class=\"col-lg-12 rc-content\">\n<h3>Integrate any source in the canvas myViewBoard<\/h3>\n<p>Annalysez et annotez une vid\u00e9o ou un fichier depuis votre ordinateur portable, votre t\u00e9l\u00e9phone ou tout autre appareil HDM dans le canevas myViewBoard. Int\u00e9ragissez avec votre contenu gr\u00e2ce \u00e0 une gamme compl\u00e8te d&rsquo;outils de tableau blanc tels que l&rsquo;annotation, le navigateur, l&rsquo;importation multim\u00e9dia, la capture et l&rsquo;enregistrement d&rsquo;\u00e9cran&#8230; tout cela sur un grand \u00e9cran interactif.<br \/>\n<small>*Un t\u00e9l\u00e9chargement gratuit de l&rsquo;application myViewBoard Direct est n\u00e9cessaire \u00e0 partir du Store Microsoft.<br \/>\n*Fonctionne avec la version canevas de myViewBoard pour Windows.<\/small><\/p>\n<div class=\"row text-center\">\n<div class=\"vs-callout\"><\/div>\n<\/div>\n<div class=\"row\"><img decoding=\"async\" class=\"img-responsive center-block\" src=\"https:\/\/www.viewsonic.com\/vsAssetFile\/be-fr\/img\/product-rc\/_myviewboard_direct\/ViewSonic_VBD100\/Direct_RC-01.jpg\" \/><\/div>\n<\/div>\n<div class=\"col-lg-12 rc-content wow zoomIn\"><\/div>\n<\/div>\n<\/div>\n<div id=\"feature1\" class=\"vs-container-fluid\" data-feature-id=\"4631\">\n<div class=\"row vs-container rc-feature\">\n<div class=\"col-lg-12 rc-content\">\n<h3>Pr\u00e9sentation avec outils d&rsquo;annotation et multim\u00e9dia externe<\/h3>\n<p>Pr\u00e9sentez n&rsquo;importe quel contenu ou application en int\u00e9grant une source vid\u00e9o suppl\u00e9mentaire. Vous pouvez m\u00eame garder la barre d&rsquo;outils d&rsquo;annotation en haut de l&rsquo;\u00e9cran pour une annotation facile.<br \/>\n<small>*Un t\u00e9l\u00e9chargement gratuit de l&rsquo;application myViewBoard Direct est n\u00e9cessaire \u00e0 partir du Store Microsoft.<br \/>\n*Fonctionne avec la version canevas de myViewBoard pour Windows<\/small><\/p>\n<div class=\"row text-center\">\n<div class=\"vs-callout\"><\/div>\n<\/div>\n<div class=\"row\"><img decoding=\"async\" class=\"img-responsive center-block\" src=\"https:\/\/www.viewsonic.com\/vsAssetFile\/be-fr\/img\/product-rc\/_myviewboard_direct\/ViewSonic_VBD100\/Direct_RC-02.jpg\" \/><\/div>\n<\/div>\n<div class=\"col-lg-12 rc-content wow zoomIn\"><\/div>\n<\/div>\n<\/div>\n<div class=\"product-dim text-center\">\n<h3>Dimensions et Ports d&rsquo;entr\u00e9e\/sortie<\/h3>\n<p><img decoding=\"async\" class=\"dim-image\" src=\"https:\/\/www.viewsonic.com\/vsAssetFile\/be-fr\/img\/product-rc\/_myviewboard_direct\/ViewSonic_VBD100\/Direct-Dimension-01.jpg\" \/><\/p>\n<\/div>","protected":false},"excerpt":{"rendered":"<h2>myViewBoard Direct (VBD100)<\/h2>\n<h2>Enclosure, screen sharing with the mode Picture-in-Picture<\/h2>\n<div class=\"tagline-row\">\n<ul>\n<li>Integrate any source in the canvas myViewBoard<\/li>\n<li>Enrich your presentation with multimedia<\/li>\n<\/ul>\n<\/div>","protected":false},"featured_media":16435,"template":"","meta":{"_acf_changed":false},"product_brand":[],"product_cat":[78],"product_tag":[],"class_list":{"0":"post-16434","1":"product","2":"type-product","3":"status-publish","4":"has-post-thumbnail","6":"product_cat-non-classe","8":"first","9":"instock","10":"taxable","11":"shipping-taxable","12":"purchasable","13":"product-type-simple"},"acf":[],"_links":{"self":[{"href":"https:\/\/www.ynova.be\/en\/wp-json\/wp\/v2\/product\/16434","targetHints":{"allow":["GET"]}}],"collection":[{"href":"https:\/\/www.ynova.be\/en\/wp-json\/wp\/v2\/product"}],"about":[{"href":"https:\/\/www.ynova.be\/en\/wp-json\/wp\/v2\/types\/product"}],"version-history":[{"count":0,"href":"https:\/\/www.ynova.be\/en\/wp-json\/wp\/v2\/product\/16434\/revisions"}],"wp:featuredmedia":[{"embeddable":true,"href":"https:\/\/www.ynova.be\/en\/wp-json\/wp\/v2\/media\/16435"}],"wp:attachment":[{"href":"https:\/\/www.ynova.be\/en\/wp-json\/wp\/v2\/media?parent=16434"}],"wp:term":[{"taxonomy":"product_brand","embeddable":true,"href":"https:\/\/www.ynova.be\/en\/wp-json\/wp\/v2\/product_brand?post=16434"},{"taxonomy":"product_cat","embeddable":true,"href":"https:\/\/www.ynova.be\/en\/wp-json\/wp\/v2\/product_cat?post=16434"},{"taxonomy":"product_tag","embeddable":true,"href":"https:\/\/www.ynova.be\/en\/wp-json\/wp\/v2\/product_tag?post=16434"}],"curies":[{"name":"wp","href":"https:\/\/api.w.org\/{rel}","templated":true}]}}