{"id":16432,"date":"2021-10-04T10:28:55","date_gmt":"2021-10-04T08:28:55","guid":{"rendered":"https:\/\/www.ynova.be\/?post_type=product&#038;p=16432"},"modified":"2022-08-25T15:01:57","modified_gmt":"2022-08-25T13:01:57","slug":"viewboard-huddle-vbh100","status":"publish","type":"product","link":"https:\/\/www.ynova.be\/en\/product\/viewboard-huddle-vbh100\/","title":{"rendered":"ViewBoard Huddle (VBH100) collaborating Centre for Huddle Room"},"content":{"rendered":"<div class=\"tagline-row\"><\/div>\n<div class=\"tagline-row\">\n<h2>VBH100<br \/>\nCommutateur vid\u00e9o ViewBoard Huddle<\/h2>\n<p>FONCTION D&rsquo;ENREGISTREMENT<\/p>\n<\/div>\n<div class=\"col-12 col-sm-6 col-md-4 p-3 p-md-5 text-left\">\n<p><span>Avec son microphone int\u00e9gr\u00e9, le ViewBoard Huddle est pr\u00eat \u00e0 enregistrer non seulement le pr\u00e9sentateur actif, mais \u00e9galement la conversation de la salle de r\u00e9union, le tout sur simple pression d&rsquo;un bouton.<\/span><\/p>\n<\/div>\n<div class=\"col-12 col-sm-6 col-md-4 p-3 p-md-5 text-left\">\n<h3><span>FONCTION DE RETOUR TACTILE<\/span><\/h3>\n<p><span>Un seul port USB AB agit comme un bypass lors de la connexion du ViewBoard Huddle \u00e0 n&rsquo;importe quel \u00e9cran tactile interactif.\u00a0Cela fournit des capacit\u00e9s de contr\u00f4le actif au PC du pr\u00e9sentateur.<\/span><\/p>\n<\/div>\n<div class=\"col-12 col-sm-6 col-md-4 p-3 p-md-5 text-left\">\n<h3><span>FENTE POUR VERROU KENSINGTON<\/span><\/h3>\n<p><span>La fente de verrouillage Kensington permet aux organisations de s\u00e9curiser facilement leur mat\u00e9riel de salle de conf\u00e9rence avec des c\u00e2bles standardis\u00e9s.<\/span><\/p>\n<\/div>\n<p>&nbsp;<\/p>\n<p>&nbsp;<\/p>\n<div class=\"col-6 col-md-4 py-4\">\n<h4><span>ENTR\u00c9E HDMI<\/span><\/h4>\n<p class=\"mb-0 spec_hdmi\">6<\/p>\n<\/div>\n<div class=\"col-6 col-md-4 py-4\">\n<h4><span>HDMI OUTPUT<\/span><\/h4>\n<p class=\"mb-0 hdmi_out\">1<\/p>\n<\/div>\n<div class=\"col-6 col-md-4 py-4\">\n<h4><span>USB 2.0 TYPE A<\/span><\/h4>\n<p class=\"mb-0 spec_usb_2_0_type_a\">2<\/p>\n<\/div>\n<div class=\"col-6 col-md-4 py-4\">\n<h4><span>USB 2.0 TYPE B<\/span><\/h4>\n<p class=\"mb-0 spec_usb_2_0_type_b\"><span>1<\/span><\/p>\n<\/div>\n<div class=\"col-6 col-md-4 py-4\">\n<h4><span>USB 3.1 TYPE C<\/span><\/h4>\n<p class=\"mb-0 spec_usb_3_1_type_c\"><span>1<\/span><\/p>\n<\/div>\n<div class=\"col-6 col-md-4 py-4\">\n<h4><span>HDBT<\/span><\/h4>\n<p class=\"mb-0 spec_hdbaset_rj45\"><span>1<\/span><\/p>\n<\/div>","protected":false},"excerpt":{"rendered":"<div class=\"col-12 product-name\">\n<h2><span>VBH100<\/span><br \/>\n<span>Commutateur vid\u00e9o ViewBoard Huddle<\/span><\/h2>\n<\/div>\n<div class=\"b-description_readmore_wrapper js-description_readmore_wrapper\">\n<div class=\"col-12 short-description\"><span>Con\u00e7u pour les pr\u00e9sentations de groupe et le partage d&rsquo;\u00e9cran, le ViewSonic ViewBoard\u00a0<\/span><sup><span>\u00ae<\/span><\/sup><span>\u00a0Huddle permet \u00e0 plusieurs utilisateurs de diffuser du contenu \u00e0 partir de leurs appareils personnels sur un \u00e9cran partag\u00e9 plus grand.\u00a0Les utilisateurs peuvent simplement brancher leurs appareils au Huddle via six (6) entr\u00e9es HDMI et une (1) entr\u00e9e USB Type-C, et commencer \u00e0 partager leurs \u00e9crans sur un \u00e9cran interactif ViewSonic\u00ae\u00a0ViewBoard\u00ae\u00a0<sup>connect\u00e9\u00a0<\/sup><\/span><sup><span>,<\/span><\/sup><span>\u00a0un \u00e9cran grand format ou un projecteur.\u00a0Passer d&rsquo;un \u00e9cran utilisateur \u00e0 l&rsquo;autre est aussi simple que de tourner le bouton du Huddle, tandis qu&rsquo;un bouton s\u00e9par\u00e9 active l&rsquo;enregistrement vid\u00e9o et audio sur une cl\u00e9 USB externe.\u00a0De plus, la sortie HDBaseT (connect\u00e9e avec un c\u00e2ble Cat6 ou sup\u00e9rieur jusqu&rsquo;\u00e0 100 m) permet une installation longue distance pratique pour toute salle de classe ou salle de r\u00e9union.<\/span><\/div>\n<\/div>\n<div>\n<ul>\n<li>Ideal for a space huddle up to 7 participants<\/li>\n<li>Rotary switch to select the source to display<\/li>\n<li>A button for recording video and audio<\/li>\n<li>Easy, you should Save the session on a USB key<\/li>\n<li>Flexible Installation with no worries away<\/li>\n<li>Certified HDCP for copy protection digital<\/li>\n<li>Compatible screen touch<\/li>\n<li>Plug and use<\/li>\n<\/ul>\n<\/div>","protected":false},"featured_media":0,"template":"","meta":{"_acf_changed":false},"product_brand":[],"product_cat":[78],"product_tag":[],"class_list":{"0":"post-16432","1":"product","2":"type-product","3":"status-publish","5":"product_cat-non-classe","7":"first","8":"instock","9":"taxable","10":"shipping-taxable","11":"purchasable","12":"product-type-simple"},"acf":[],"_links":{"self":[{"href":"https:\/\/www.ynova.be\/en\/wp-json\/wp\/v2\/product\/16432","targetHints":{"allow":["GET"]}}],"collection":[{"href":"https:\/\/www.ynova.be\/en\/wp-json\/wp\/v2\/product"}],"about":[{"href":"https:\/\/www.ynova.be\/en\/wp-json\/wp\/v2\/types\/product"}],"version-history":[{"count":0,"href":"https:\/\/www.ynova.be\/en\/wp-json\/wp\/v2\/product\/16432\/revisions"}],"wp:attachment":[{"href":"https:\/\/www.ynova.be\/en\/wp-json\/wp\/v2\/media?parent=16432"}],"wp:term":[{"taxonomy":"product_brand","embeddable":true,"href":"https:\/\/www.ynova.be\/en\/wp-json\/wp\/v2\/product_brand?post=16432"},{"taxonomy":"product_cat","embeddable":true,"href":"https:\/\/www.ynova.be\/en\/wp-json\/wp\/v2\/product_cat?post=16432"},{"taxonomy":"product_tag","embeddable":true,"href":"https:\/\/www.ynova.be\/en\/wp-json\/wp\/v2\/product_tag?post=16432"}],"curies":[{"name":"wp","href":"https:\/\/api.w.org\/{rel}","templated":true}]}}