{"id":16430,"date":"2021-10-04T10:24:17","date_gmt":"2021-10-04T08:24:17","guid":{"rendered":"https:\/\/www.ynova.be\/?post_type=product&#038;p=16430"},"modified":"2022-08-25T14:59:23","modified_gmt":"2022-08-25T12:59:23","slug":"vsr100","status":"publish","type":"product","link":"https:\/\/www.ynova.be\/en\/product\/vsr100\/","title":{"rendered":"VSR100 Cle USB wireless presentation 4K"},"content":{"rendered":"<h3>INTRODUCTION<\/h3>\n<p>Le ViewSonic VSR100 est un dongle de pr\u00e9sentation sans fil compact et puissant avec une interface HDMI, qui permet aux utilisateurs de diffuser du contenu 4K sur des moniteurs ou vid\u00e9oprojecteurs \u00e0 partir d&rsquo;ordinateurs portables ou d&rsquo;appareils mobiles.<\/p>\n<p>Gr\u00e2ce \u00e0 l&rsquo;application, le VSR100 b\u00e9n\u00e9ficie de fonctions smart telles que le flux vid\u00e9o en temps r\u00e9el et des outils d&rsquo;annotation pratiques. Il est aussi possible de diviser l&rsquo;\u00e9cran en quatre pour la collaboration et d&rsquo;acc\u00e9der au stockage personnel sur le cloud.<\/p>\n<p>&nbsp;<\/p>\n<div id=\"feature0\" class=\"vs-container-fluid\" data-feature-id=\"4643\">\n<div class=\"row vs-container rc-feature\">\n<div class=\"col-lg-12 rc-content\">\n<h2>The rapid Transmission of content in 4K Wi-Fi<\/h2>\n<p>Affichez votre contenu 4K sans fil via l&rsquo;application de diffusion<\/p>\n<p><small>*Version Windows\/Android ou Miracast\/AirPlay<\/small><\/p>\n<div class=\"row text-center\">\n<div class=\"vs-callout\"><\/div>\n<\/div>\n<div class=\"row\"><img fetchpriority=\"high\" decoding=\"async\" class=\"img-responsive center-block alignnone\" src=\"https:\/\/www.viewsonic.com\/vsAssetFile\/be-fr\/img\/product-rc\/_wireless_hdmi_dongle\/ViewSonic_VSR100\/VSR100_RC-01.jpg\" width=\"1038\" height=\"688\" \/><\/div>\n<\/div>\n<div class=\"col-lg-12 rc-content wow zoomIn\"><\/div>\n<\/div>\n<\/div>\n<div id=\"feature1\" class=\"vs-container-fluid\" data-feature-id=\"4644\">\n<div class=\"row vs-container rc-feature\">\n<div class=\"col-lg-12 rc-content\">\n<h2>High processing performance<\/h2>\n<p>Le puissant processeur et la m\u00e9moire DDR3 de 1\u00a0Go offrent des performances \u00e9lev\u00e9es.<\/p>\n<div class=\"row text-center\">\n<div class=\"vs-callout\"><\/div>\n<\/div>\n<div class=\"row\"><img decoding=\"async\" class=\"img-responsive center-block\" src=\"https:\/\/www.viewsonic.com\/vsAssetFile\/be-fr\/img\/product-rc\/_wireless_hdmi_dongle\/ViewSonic_VSR100\/VSR100_RC-02.jpg\" width=\"966\" height=\"640\" \/><\/div>\n<\/div>\n<div class=\"col-lg-12 rc-content wow zoomIn\"><\/div>\n<\/div>\n<\/div>\n<div id=\"feature2\" class=\"vs-container-fluid\" data-feature-id=\"4645\">\n<div class=\"row vs-container rc-feature\">\n<div class=\"col-lg-12 rc-content\">\n<h2>Affichage sur plusieurs \u00e9crans et appareils<\/h2>\n<p>Lors d&rsquo;une r\u00e9union dynamique, cela permet aux h\u00f4tes d&rsquo;autoriser facilement l&rsquo;utilisation de la connectivit\u00e9 sans fil pour les appareils de 8 utilisateurs maximum*. Les contenus de quatre intervenants peuvent aussi \u00eatre simultan\u00e9ment affich\u00e9s gr\u00e2ce \u00e0 une projection sur \u00e9cran partag\u00e9.<\/p>\n<p><small>*Windows\/Mac\/iOS\/Android<\/small><\/p>\n<div class=\"row text-center\">\n<div class=\"vs-callout\"><\/div>\n<\/div>\n<div class=\"row\"><img decoding=\"async\" class=\"img-responsive center-block\" src=\"https:\/\/www.viewsonic.com\/vsAssetFile\/be-fr\/img\/product-rc\/_wireless_hdmi_dongle\/ViewSonic_VSR100\/VSR100_RC-03.jpg\" width=\"977\" height=\"647\" \/><\/div>\n<\/div>\n<div class=\"col-lg-12 rc-content wow zoomIn\"><\/div>\n<\/div>\n<\/div>\n<div id=\"feature3\" class=\"vs-container-fluid\" data-feature-id=\"4646\">\n<div class=\"row vs-container rc-feature\">\n<div class=\"col-lg-12 rc-content\">\n<h2>Live camera and bracket design<\/h2>\n<p>Les utilisateurs peuvent diffuser en direct une vid\u00e9o en streaming directement depuis la cam\u00e9ra d&rsquo;un appareil* sur un grand \u00e9cran tout en prenant des notes en temps r\u00e9el pour une explication plus d\u00e9taill\u00e9e.<\/p>\n<p><small>* Windows\/Mac\/iOS\/Android<\/small><\/p>\n<div class=\"row text-center\">\n<div class=\"vs-callout\"><\/div>\n<\/div>\n<div class=\"row\"><img loading=\"lazy\" decoding=\"async\" class=\"img-responsive center-block\" src=\"https:\/\/www.viewsonic.com\/vsAssetFile\/be-fr\/img\/product-rc\/_wireless_hdmi_dongle\/ViewSonic_VSR100\/VSR100_RC-04.jpg\" width=\"910\" height=\"603\" \/><\/div>\n<\/div>\n<div class=\"col-lg-12 rc-content wow zoomIn\"><\/div>\n<\/div>\n<\/div>\n<div class=\"product-dim text-center\">\n<h2>I\/O Ports<\/h2>\n<p><img loading=\"lazy\" decoding=\"async\" class=\"dim-image\" src=\"https:\/\/www.viewsonic.com\/vsAssetFile\/be-fr\/img\/product-rc\/_wireless_hdmi_dongle\/ViewSonic_VSR100\/VSR100-Dimension.jpg\" width=\"917\" height=\"486\" \/><\/div>","protected":false},"excerpt":{"rendered":"<h2>VSR100<\/h2>\n<h2>Dongle wireless presentation 4K<\/h2>\n<div class=\"tagline-row\">\n<ul>\n<li>The rapid Transmission of content in 4K Wi-Fi<\/li>\n<li>High processing performance<\/li>\n<li>Display on multiple screens and devices<\/li>\n<li>Live camera and bracket design<\/li>\n<li>Compatible with Android, iOS, Chrome OS, Mac, and Windows<\/li>\n<\/ul>\n<\/div>","protected":false},"featured_media":16431,"template":"","meta":{"_acf_changed":false},"product_brand":[],"product_cat":[78],"product_tag":[],"class_list":{"0":"post-16430","1":"product","2":"type-product","3":"status-publish","4":"has-post-thumbnail","6":"product_cat-non-classe","8":"first","9":"instock","10":"taxable","11":"shipping-taxable","12":"purchasable","13":"product-type-simple"},"acf":[],"_links":{"self":[{"href":"https:\/\/www.ynova.be\/en\/wp-json\/wp\/v2\/product\/16430","targetHints":{"allow":["GET"]}}],"collection":[{"href":"https:\/\/www.ynova.be\/en\/wp-json\/wp\/v2\/product"}],"about":[{"href":"https:\/\/www.ynova.be\/en\/wp-json\/wp\/v2\/types\/product"}],"version-history":[{"count":0,"href":"https:\/\/www.ynova.be\/en\/wp-json\/wp\/v2\/product\/16430\/revisions"}],"wp:featuredmedia":[{"embeddable":true,"href":"https:\/\/www.ynova.be\/en\/wp-json\/wp\/v2\/media\/16431"}],"wp:attachment":[{"href":"https:\/\/www.ynova.be\/en\/wp-json\/wp\/v2\/media?parent=16430"}],"wp:term":[{"taxonomy":"product_brand","embeddable":true,"href":"https:\/\/www.ynova.be\/en\/wp-json\/wp\/v2\/product_brand?post=16430"},{"taxonomy":"product_cat","embeddable":true,"href":"https:\/\/www.ynova.be\/en\/wp-json\/wp\/v2\/product_cat?post=16430"},{"taxonomy":"product_tag","embeddable":true,"href":"https:\/\/www.ynova.be\/en\/wp-json\/wp\/v2\/product_tag?post=16430"}],"curies":[{"name":"wp","href":"https:\/\/api.w.org\/{rel}","templated":true}]}}