{"id":16425,"date":"2021-10-04T10:15:42","date_gmt":"2021-10-04T08:15:42","guid":{"rendered":"https:\/\/www.ynova.be\/?post_type=product&#038;p=16425"},"modified":"2022-06-21T11:27:16","modified_gmt":"2022-06-21T09:27:16","slug":"vb-pen-002","status":"publish","type":"product","link":"https:\/\/www.ynova.be\/en\/product\/vb-pen-002\/","title":{"rendered":"VB-PEN-002 pen 45 g Black"},"content":{"rendered":"<div class=\"specs-row pb-6\">\n<div class=\"row\">\n<h3 class=\"col-12 text-center text-md-left\">DIMENSIONS (IMPERIAL) (WXHXD)<\/h3>\n<\/div>\n<div class=\"row\">\n<div class=\"col-6 col-md-4 py-4\">\n<h4>PHYSICAL (INCH)<\/h4>\n<p class=\"mb-0 spec_stand_inches_text\">5,9 x 2,0 x 0,8<\/p>\n<\/div>\n<\/div>\n<\/div>\n<div class=\"specs-row pb-6\">\n<div class=\"row\">\n<h3 class=\"col-12 text-center text-md-left\">WEIGHT (IMPERIAL)<\/h3>\n<\/div>\n<div class=\"row\">\n<div class=\"col-6 col-md-4 py-4\">\n<h4>NET (LBS)<\/h4>\n<p class=\"mb-0 spec_net_stand_lbs_text\">0,1<\/p>\n<\/div>\n<div class=\"col-6 col-md-4 py-4\">\n<h4>GROSS (LB)<\/h4>\n<p class=\"mb-0 spec_grossweight_lbs_text\">0,15<\/p>\n<\/div>\n<\/div>\n<\/div>","protected":false},"excerpt":{"rendered":"<div class=\"col-12 product-name\">\n<h2>VB-PEN-002<\/h2>\n<\/div>\n<div class=\"b-description_readmore_wrapper js-description_readmore_wrapper\">\n<div class=\"col-12 short-description\">Accessoire IFP, ViewBoard &#8211; Certificat antibact\u00e9rien du stylet passif avec deux pointes de stylet * (2) pi\u00e8ces, (t\u00eate en plastique de 2,5 mm) antibact\u00e9rien noir<\/div>\n<\/div>","protected":false},"featured_media":16428,"template":"","meta":{"_acf_changed":false},"product_brand":[],"product_cat":[78],"product_tag":[],"class_list":{"0":"post-16425","1":"product","2":"type-product","3":"status-publish","4":"has-post-thumbnail","6":"product_cat-non-classe","8":"first","9":"instock","10":"taxable","11":"shipping-taxable","12":"purchasable","13":"product-type-simple"},"acf":[],"_links":{"self":[{"href":"https:\/\/www.ynova.be\/en\/wp-json\/wp\/v2\/product\/16425","targetHints":{"allow":["GET"]}}],"collection":[{"href":"https:\/\/www.ynova.be\/en\/wp-json\/wp\/v2\/product"}],"about":[{"href":"https:\/\/www.ynova.be\/en\/wp-json\/wp\/v2\/types\/product"}],"version-history":[{"count":0,"href":"https:\/\/www.ynova.be\/en\/wp-json\/wp\/v2\/product\/16425\/revisions"}],"wp:featuredmedia":[{"embeddable":true,"href":"https:\/\/www.ynova.be\/en\/wp-json\/wp\/v2\/media\/16428"}],"wp:attachment":[{"href":"https:\/\/www.ynova.be\/en\/wp-json\/wp\/v2\/media?parent=16425"}],"wp:term":[{"taxonomy":"product_brand","embeddable":true,"href":"https:\/\/www.ynova.be\/en\/wp-json\/wp\/v2\/product_brand?post=16425"},{"taxonomy":"product_cat","embeddable":true,"href":"https:\/\/www.ynova.be\/en\/wp-json\/wp\/v2\/product_cat?post=16425"},{"taxonomy":"product_tag","embeddable":true,"href":"https:\/\/www.ynova.be\/en\/wp-json\/wp\/v2\/product_tag?post=16425"}],"curies":[{"name":"wp","href":"https:\/\/api.w.org\/{rel}","templated":true}]}}