{"id":16422,"date":"2021-10-04T10:07:19","date_gmt":"2021-10-04T08:07:19","guid":{"rendered":"https:\/\/www.ynova.be\/?post_type=product&#038;p=16422"},"modified":"2022-08-25T14:56:03","modified_gmt":"2022-08-25T12:56:03","slug":"vb-wifi-001","status":"publish","type":"product","link":"https:\/\/www.ynova.be\/en\/product\/vb-wifi-001\/","title":{"rendered":"VB-WIFI-001 wireless Module with Wi-fi 6"},"content":{"rendered":"<div class=\"row vs-container rc-feature\">\n<div class=\"row\">\n<div id=\"feature0\" class=\"col-lg-12 rc-content\" style=\"text-align: center;\">\n<h2 style=\"text-align: center;\">Connexions plus rapides<\/h2>\n<p>Un module Wifi en option pour les ViewBoards et l&rsquo;\u00e9cran de pr\u00e9sentation sans fil* pour faciliter le d\u00e9roulement des cours et obtenir une discussion plus interactive au bureau. Wifi 6 offre des vitesses Internet plus rapides pour les applications toujours plus gourmandes en bande passante, comme les vid\u00e9oconf\u00e9rences, la diffusion en direct et les r\u00e9seaux d&rsquo;appareils connect\u00e9s. *Compatible avec certains mod\u00e8les, veuillez v\u00e9rifier aupr\u00e8s de vos repr\u00e9sentants locaux.<\/p>\n<div class=\"row text-center\" style=\"text-align: center;\">\n<div class=\"vs-callout\"><\/div>\n<\/div>\n<div class=\"row\" style=\"text-align: center;\"><img decoding=\"async\" class=\"img-responsive center-block\" src=\"https:\/\/www.viewsonic.com\/vsAssetFile\/be-fr\/img\/product-rc\/_vb_accessory\/VB-WIFI-001\/scaled\/VB-WIFI-001-Faster%20WiFi-01_pc.jpg\" alt=\"Faster Connections 1\" \/><\/div>\n<\/div>\n<div class=\"col-lg-12 rc-content wow zoomIn\" style=\"text-align: center;\"><\/div>\n<\/div>\n<\/div>\n<div>\n<div id=\"feature2\" class=\"vs-container-fluid\" data-feature-id=\"2\">\n<div class=\"row vs-container rc-feature\">\n<div class=\"row\">\n<div id=\"feature2\" class=\"col-lg-12 rc-content\" style=\"text-align: center;\">\n<h2 style=\"text-align: center;\">Prise en charge de la technologie sans fil bibande<\/h2>\n<p>La prise en charge de la transmission sans fil bi-bande 2,4 et 5 GHz permet aux utilisateurs d&rsquo;adapter les param\u00e8tres \u00e0 leurs besoins. Une connexion de 2,4 GHz se d\u00e9place plus loin \u00e0 des vitesses plus faibles, tandis que les fr\u00e9quences de 5 GHz offrent des vitesses plus rapides \u00e0 une port\u00e9e plus courte. Diffusez en continu des contenus multim\u00e9dias tels que des vid\u00e9os et des images sans aucun d\u00e9lai.<\/p>\n<div class=\"row text-center\" style=\"text-align: center;\">\n<div class=\"vs-callout\"><\/div>\n<\/div>\n<div class=\"row\"><img decoding=\"async\" class=\"img-responsive center-block aligncenter\" src=\"https:\/\/www.viewsonic.com\/vsAssetFile\/be-fr\/img\/product-rc\/_vb_accessory\/VB-WIFI-001\/scaled\/VB-WIFI-001-Wireless%20Support-01_pc.jpg\" alt=\"Dual Band Wireless Support 1\" \/><\/div>\n<div><\/div>\n<\/div>\n<\/div>\n<\/div>\n<\/div>\n<div>\n<div class=\"col-lg-12\">\n<h2 class=\"text-center\">SPECIFICATIONS<\/h2>\n<\/div>\n<div class=\"col-lg-12 columns\">\n<div id=\"spec-area\" class=\"row\">\n<ul class=\"product-spec\">\n<li><span class=\"spec-item\">Wifi Standard<\/span>\n<div class=\"spec-data\">Wifi standard : 802.11 a\/b\/g\/n\/ac\/ax<\/div>\n<\/li>\n<li><span class=\"spec-item\">BT<\/span>\n<div class=\"spec-data\">Support for the technology BLE 2.2\/3.0\/4.0\/5.2<\/div>\n<\/li>\n<li><span class=\"spec-item\">Power<\/span>\n<div class=\"spec-data\"><strong>Requirements:\u00a0<\/strong>5V DC, 0.9 A<br \/>\n<strong>Consumption:\u00a0<\/strong>&lt; 4.5W<\/div>\n<\/li>\n<\/ul>\n<ul id=\"more-specs\" class=\"product-spec collapsed bs-prototype-override collapse show\" aria-expanded=\"false\">\n<li><span class=\"spec-item\">Dimension<\/span>\n<div class=\"spec-data\"><strong>Physical:\u00a0<\/strong>3.90&#215;0.43&#215;3.03 in \/ 99x11x77mm<br \/>\n<strong>Packaging:\u00a0<\/strong>3,54&#215;0,63&#215;6,18 in \/ 90x16x157mm<\/div>\n<\/li>\n<li><span class=\"spec-item\">WEIGHT<\/span>\n<div class=\"spec-data\"><strong>Net:\u00a0<\/strong>0,07 lb \/ 30 g<br \/>\n<strong>Gross:\u00a0<\/strong>0,18 lb \/ 80 g<\/div>\n<\/li>\n<li><span class=\"spec-item\">OPERATING CONDITIONS<\/span>\n<div class=\"spec-data\"><strong>Temperature:\u00a0<\/strong>0\u00b0C to 40\u00b0C (32\u00b0F to 104\u00b0F)<br \/>\n<strong>Humidity:\u00a0<\/strong>10% ~ 90% non-condensing<\/div>\n<\/li>\n<li><span class=\"spec-item\">COMPLIANCE<\/span>\n<div class=\"spec-data\">FCC, FCC ID, IC ID, CE, RCM<\/div>\n<\/li>\n<\/ul>\n<\/div>\n<\/div>\n<\/div>\n<\/div>","protected":false},"excerpt":{"rendered":"<h3>INTRODUCTION<\/h3>\n<p>Le module sans fil ViewSonic\u00ae VB-WIFI-001 offre une connexion Internet sans fil rapide pour le ViewBoard et les \u00e9cran de pr\u00e9sentation sans fil*. Il prend en charge la bande passante bifr\u00e9quence de 2,4GHz et 5GHz, ainsi que le Wifi 6 (norme 802.11ax). \u00a0*Compatible avec certains mod\u00e8les, veuillez v\u00e9rifier aupr\u00e8s de vos repr\u00e9sentants locaux.<\/p>","protected":false},"featured_media":16421,"template":"","meta":{"_acf_changed":false},"product_brand":[],"product_cat":[78],"product_tag":[],"class_list":{"0":"post-16422","1":"product","2":"type-product","3":"status-publish","4":"has-post-thumbnail","6":"product_cat-non-classe","8":"first","9":"instock","10":"taxable","11":"shipping-taxable","12":"purchasable","13":"product-type-simple"},"acf":[],"_links":{"self":[{"href":"https:\/\/www.ynova.be\/en\/wp-json\/wp\/v2\/product\/16422","targetHints":{"allow":["GET"]}}],"collection":[{"href":"https:\/\/www.ynova.be\/en\/wp-json\/wp\/v2\/product"}],"about":[{"href":"https:\/\/www.ynova.be\/en\/wp-json\/wp\/v2\/types\/product"}],"version-history":[{"count":0,"href":"https:\/\/www.ynova.be\/en\/wp-json\/wp\/v2\/product\/16422\/revisions"}],"wp:featuredmedia":[{"embeddable":true,"href":"https:\/\/www.ynova.be\/en\/wp-json\/wp\/v2\/media\/16421"}],"wp:attachment":[{"href":"https:\/\/www.ynova.be\/en\/wp-json\/wp\/v2\/media?parent=16422"}],"wp:term":[{"taxonomy":"product_brand","embeddable":true,"href":"https:\/\/www.ynova.be\/en\/wp-json\/wp\/v2\/product_brand?post=16422"},{"taxonomy":"product_cat","embeddable":true,"href":"https:\/\/www.ynova.be\/en\/wp-json\/wp\/v2\/product_cat?post=16422"},{"taxonomy":"product_tag","embeddable":true,"href":"https:\/\/www.ynova.be\/en\/wp-json\/wp\/v2\/product_tag?post=16422"}],"curies":[{"name":"wp","href":"https:\/\/api.w.org\/{rel}","templated":true}]}}