{"id":16420,"date":"2021-10-04T10:03:50","date_gmt":"2021-10-04T08:03:50","guid":{"rendered":"https:\/\/www.ynova.be\/?post_type=product&#038;p=16420"},"modified":"2022-06-22T15:04:14","modified_gmt":"2022-06-22T13:04:14","slug":"lb-wifi-001","status":"publish","type":"product","link":"https:\/\/www.ynova.be\/en\/product\/lb-wifi-001\/","title":{"rendered":"LB-WIFI-001 wireless Module"},"content":{"rendered":"<div id=\"feature1\">\n<h1 style=\"text-align: center;\">Prise en charge sans fil double bande<\/h1>\n<p style=\"text-align: center;\">Cet appareil offre une transmission sans fil double bande 2,4 GHz et 5 GHz qui diffuse en douceur du contenu multim\u00e9dia tel que des vid\u00e9os et des images, sans aucun d\u00e9lai.\u00a0La fr\u00e9quence de 2,4 GHz est parfaite pour la navigation sur le Web et les pr\u00e9sentations, tandis que la bande passante plus large de 5 GHz est parfaite pour diffuser des vid\u00e9os et des jeux de haute qualit\u00e9.<\/p>\n<div class=\"text-center\" style=\"text-align: center;\">\n<div class=\"vs-callout\"><strong>2,4 GHz et 5 GHz, lecture fluide<\/strong><\/div>\n<div><\/div>\n<\/div>\n<\/div>\n<div class=\"rc-feature\" style=\"text-align: center;\"><img decoding=\"async\" src=\"https:\/\/www.viewsonic.com\/vsAssetFile\/be-fr\/img\/product-rc\/DS\/LB-WIFI-001\/Dual-Band-WiFi.jpg\" \/><\/div>\n<hr class=\"hr-fade\" \/>\n<div id=\"feature2\" style=\"text-align: center;\">\n<h1>Wi-Fi plus rapide<\/h1>\n<p>Le sans fil 802.11 AC offre des performances Wi-Fi incroyablement rapides avec des vitesses Internet allant jusqu&rsquo;\u00e0 plusieurs gigabits par seconde.<\/p>\n<div class=\"text-center\">\n<div class=\"vs-callout\"><strong>R\u00e9seau sans fil 802.11AC<\/strong><\/div>\n<div><\/div>\n<\/div>\n<\/div>\n<div class=\"rc-feature\"><img decoding=\"async\" class=\"aligncenter\" src=\"https:\/\/www.viewsonic.com\/vsAssetFile\/be-fr\/img\/product-rc\/DS\/LB-WIFI-001\/Faster-Wi-Fi.jpg\" \/><\/div>","protected":false},"excerpt":{"rendered":"<h3><span>INTRODUCTION<\/span><\/h3>\n<p><span>Le module sans fil ViewSonic LB-WIFI-001 offre une connexion Internet sans fil rapide pour les \u00e9crans interactifs ViewSonic ViewBoard\u00a0<\/span><sup><span>\u00ae<\/span><\/sup><span>\u00a0(s\u00e9rie IFP50).\u00a0Il prend en charge la bande passante double fr\u00e9quence 2,4 GHz et 5,0 GHz, ainsi que la nouvelle norme 802.11AC pour fournir une transmission jusqu&rsquo;\u00e0 433 Mbps.<\/span><\/p>","protected":false},"featured_media":16421,"template":"","meta":{"_acf_changed":false},"product_brand":[],"product_cat":[78],"product_tag":[],"class_list":{"0":"post-16420","1":"product","2":"type-product","3":"status-publish","4":"has-post-thumbnail","6":"product_cat-non-classe","8":"first","9":"instock","10":"taxable","11":"shipping-taxable","12":"purchasable","13":"product-type-simple"},"acf":[],"_links":{"self":[{"href":"https:\/\/www.ynova.be\/en\/wp-json\/wp\/v2\/product\/16420","targetHints":{"allow":["GET"]}}],"collection":[{"href":"https:\/\/www.ynova.be\/en\/wp-json\/wp\/v2\/product"}],"about":[{"href":"https:\/\/www.ynova.be\/en\/wp-json\/wp\/v2\/types\/product"}],"version-history":[{"count":0,"href":"https:\/\/www.ynova.be\/en\/wp-json\/wp\/v2\/product\/16420\/revisions"}],"wp:featuredmedia":[{"embeddable":true,"href":"https:\/\/www.ynova.be\/en\/wp-json\/wp\/v2\/media\/16421"}],"wp:attachment":[{"href":"https:\/\/www.ynova.be\/en\/wp-json\/wp\/v2\/media?parent=16420"}],"wp:term":[{"taxonomy":"product_brand","embeddable":true,"href":"https:\/\/www.ynova.be\/en\/wp-json\/wp\/v2\/product_brand?post=16420"},{"taxonomy":"product_cat","embeddable":true,"href":"https:\/\/www.ynova.be\/en\/wp-json\/wp\/v2\/product_cat?post=16420"},{"taxonomy":"product_tag","embeddable":true,"href":"https:\/\/www.ynova.be\/en\/wp-json\/wp\/v2\/product_tag?post=16420"}],"curies":[{"name":"wp","href":"https:\/\/api.w.org\/{rel}","templated":true}]}}