{"id":16419,"date":"2021-10-04T10:02:49","date_gmt":"2021-10-04T08:02:49","guid":{"rendered":"https:\/\/www.ynova.be\/?post_type=product&#038;p=16419"},"modified":"2022-10-24T14:12:20","modified_gmt":"2022-10-24T12:12:20","slug":"vb-cam-001","status":"publish","type":"product","link":"https:\/\/www.ynova.be\/en\/product\/vb-cam-001\/","title":{"rendered":"VB-CAM-001 Web Camera 1080p ultra-wide"},"content":{"rendered":"<h3 style=\"text-align: center\">INTRODUCTION VB-CAM-001<\/h3>\n<p style=\"text-align: center\">D\u00e9veloppez le monde de la conf\u00e9rence virtuelle et du streaming dans votre maison, votre bureau ou votre salle de classe avec une webcam ViewSonic. Le capteur haute d\u00e9finition 1080p dispose d&rsquo;une large angle de vue pour une exp\u00e9rience visuelle maximale, d&rsquo;un microphone st\u00e9r\u00e9o de qualit\u00e9 sup\u00e9rieure avec des capacit\u00e9s de r\u00e9duction automatique du bruit, et d&rsquo;une technologie de correction intelligente de la lumi\u00e8re pour une image parfaite dans n&rsquo;importe quel environnement. Facile \u00e0 installer et \u00e0 utiliser, la webcam est l&rsquo;outil id\u00e9al pour des appels vid\u00e9o hyper clairs et une diffusion en direct am\u00e9lior\u00e9e.<\/p>\n<div id=\"feature1\" class=\"vs-container-fluid\">\n<div class=\"row align-items-center d-flex py-lg-5\">\n<div id=\"feature0\" class=\"col-lg-6 rc-content\">\n<h2 style=\"text-align: center\">Des appels vid\u00e9o d&rsquo;une clart\u00e9 exceptionnelle<\/h2>\n<p>Restez connect\u00e9 avec une qualit\u00e9 d&rsquo;image ultra nette lors de vos appels vid\u00e9o. La webcam USB est dot\u00e9e d&rsquo;une cam\u00e9ra Full HD 1080p qui fournit des images nettes et des vid\u00e9os d&rsquo;une grande clart\u00e9 \u00e0 30 images par seconde. Avec une telle qualit\u00e9 de streaming en direct et de vid\u00e9oconf\u00e9rence, les visages de chacun sont conserv\u00e9s avec une pr\u00e9cision \u00e9tonnante.<\/p>\n<div class=\"row text-center\" style=\"text-align: center\">\n<div class=\"vs-callout\"><\/div>\n<\/div>\n<\/div>\n<div class=\"col-lg-6 text-center wow zoomIn\" style=\"text-align: center\">\n<div class=\"row\"><img decoding=\"async\" class=\"img-responsive\" src=\"https:\/\/www.viewsonic.com\/vsAssetFile\/uk\/img\/resize\/product-rc\/_camera\/VB-CAM-001\/scaled\/RC_Crystal-clear-video-calls_pc.webp\" \/><\/div>\n<\/div>\n<\/div>\n<\/div>\n<div id=\"feature2\" class=\"vs-container-fluid\" style=\"text-align: center\">\n<div class=\"row align-items-center d-flex py-lg-5\">\n<div id=\"feature1\" class=\"col-lg-6 col-lg-push-6 rc-content\">\n<h2>Optimisez votre champ de vision<\/h2>\n<p>Dot\u00e9e d&rsquo;un grand angle p\u00e9riph\u00e9rique de 110\u00b0, la webcam capture facilement toutes les personnes pr\u00e9sentes dans la pi\u00e8ce sans qu&rsquo;il soit n\u00e9cessaire de la r\u00e9ajuster constamment. Elle cr\u00e9e une distance spatiale entre l&rsquo;objectif et vous-m\u00eame, de sorte que vous n&rsquo;avez pas \u00e0 craindre que votre visage soit surdimensionn\u00e9 \u00e0 l&rsquo;\u00e9cran.<\/p>\n<div class=\"row text-center\">\n<div class=\"vs-callout\"><\/div>\n<\/div>\n<\/div>\n<div class=\"col-lg-6 col-lg-pull-6 text-center wow zoomIn\">\n<div class=\"row\"><img decoding=\"async\" class=\"img-responsive\" src=\"https:\/\/www.viewsonic.com\/vsAssetFile\/eu\/img\/resize\/product-rc\/_camera\/VB-CAM-001\/scaled\/RC_Maximize%20your%20field%20of%20vision_pc.webp\" \/><\/div>\n<\/div>\n<\/div>\n<\/div>\n<div id=\"feature3\" class=\"vs-container-fluid\" style=\"text-align: center\">\n<div class=\"row align-items-center d-flex py-lg-5\">\n<div id=\"feature2\" class=\"col-lg-6 col-lg-push-6 rc-content\">\n<h2>Une acoustique totalement immersive<\/h2>\n<p>Discutez avec votre famille, vos amis et vos coll\u00e8gues avec un son haute-fid\u00e9lit\u00e9 pendant vos appels vid\u00e9o. Les deux microphones omnidirectionnels sont \u00e9quip\u00e9s d&rsquo;une fonction de r\u00e9duction automatique du bruit, ce qui permet d&rsquo;am\u00e9liorer la clart\u00e9 de chaque voix et de chaque son. Capturant le son clairement dans un rayon de 6 m\u00e8tres, vous pouvez converser sans effort sous n&rsquo;importe quel angle.<\/p>\n<div class=\"row text-center\">\n<div class=\"vs-callout\"><\/div>\n<\/div>\n<\/div>\n<div class=\"col-lg-6 col-lg-pull-6 text-center wow zoomIn\">\n<div class=\"row\"><img decoding=\"async\" class=\"img-responsive\" src=\"https:\/\/www.viewsonic.com\/vsAssetFile\/uk\/img\/resize\/product-rc\/_camera\/VB-CAM-001\/scaled\/RC_Completely-immersive-acoustics_pc.webp\" \/><\/div>\n<\/div>\n<\/div>\n<\/div>\n<div id=\"feature4\" class=\"vs-container-fluid\" style=\"text-align: center\">\n<div class=\"row align-items-center d-flex py-lg-5\">\n<div id=\"feature3\" class=\"col-lg-6 rc-content\">\n<h2>Un look superbe quelle que soit la lumi\u00e8re<\/h2>\n<p>Dot\u00e9e d&rsquo;une technologie intelligente de correction de la lumi\u00e8re et de capacit\u00e9s HDR (High Dynamic Range), la webcam de ViewSonic ajuste automatiquement les couleurs et la luminosit\u00e9 pour obtenir les meilleures conditions d&rsquo;\u00e9clairage possibles. Que vous soyez dans une pi\u00e8ce faiblement \u00e9clair\u00e9e ou assis \u00e0 contre-jour, l&rsquo;appareil veillera \u00e0 ce que vous soyez toujours \u00e0 votre avantage, quel que soit l&rsquo;environnement.<\/p>\n<div class=\"row text-center\">\n<div class=\"vs-callout\"><\/div>\n<\/div>\n<\/div>\n<div class=\"col-lg-6 text-center wow zoomIn\">\n<div class=\"row\"><img decoding=\"async\" class=\"img-responsive\" src=\"https:\/\/www.viewsonic.com\/vsAssetFile\/uk\/img\/resize\/product-rc\/_camera\/VB-CAM-001\/scaled\/RC_Look-great-in-any-light_pc.webp\" \/><\/div>\n<\/div>\n<\/div>\n<\/div>\n<div id=\"feature5\" class=\"vs-container-fluid\" style=\"text-align: center\">\n<div class=\"row align-items-center d-flex py-lg-5\">\n<div id=\"feature4\" class=\"col-lg-6 col-lg-push-6 rc-content\">\n<h2>Simple and convenient Installation<\/h2>\n<p>Dot\u00e9 d&rsquo;un support r\u00e9glable et d&rsquo;un clip universel inclinable vers l&rsquo;avant, vous pouvez facilement installer l&rsquo;appareil sur n&rsquo;importe quelle surface et n&rsquo;importe quel \u00e9cran pour obtenir une perspective visuelle in\u00e9gal\u00e9e. Qu&rsquo;il s&rsquo;agisse d&rsquo;un moniteur, d&rsquo;un \u00e9cran grand format ou d&rsquo;un tr\u00e9pied, vous pouvez fixer la cam\u00e9ra Web \u00e0 votre angle pr\u00e9f\u00e9r\u00e9 en toute simplicit\u00e9.<\/p>\n<div class=\"row text-center\">\n<div class=\"vs-callout\"><\/div>\n<\/div>\n<\/div>\n<div class=\"col-lg-6 col-lg-pull-6 text-center wow zoomIn\">\n<div class=\"row\"><img decoding=\"async\" class=\"img-responsive\" src=\"https:\/\/www.viewsonic.com\/vsAssetFile\/uk\/img\/resize\/product-rc\/_camera\/VB-CAM-001\/scaled\/RC_Simple-convenient-setup_pc.webp\" \/><\/div>\n<\/div>\n<\/div>\n<\/div>\n<div id=\"feature6\" class=\"vs-container-fluid\" style=\"text-align: center\">\n<div class=\"row align-items-center d-flex py-lg-5\">\n<div id=\"feature5\" class=\"col-lg-6 rc-content\">\n<h2>Compatibilit\u00e9 tout-en-un<\/h2>\n<p>La webcam ViewSonic se connecte \u00e0 n&rsquo;importe quel ordinateur ou portable via USB 2.0 pour une utilisation facile et une vid\u00e9oconf\u00e9rence plug-and-play. Elle prend en charge plusieurs applications telles que Skype, Zoom, Google Hangout et Twitch, et est compatible avec divers syst\u00e8mes d&rsquo;exploitation, notamment Windows, Mac, Android et Chrome.<\/p>\n<div class=\"row text-center\">\n<div class=\"vs-callout\"><\/div>\n<\/div>\n<\/div>\n<div class=\"col-lg-6 text-center wow zoomIn\">\n<div class=\"row\"><img decoding=\"async\" class=\"img-responsive\" src=\"https:\/\/www.viewsonic.com\/vsAssetFile\/uk\/img\/resize\/product-rc\/_camera\/VB-CAM-001\/scaled\/RC_All-in-one-compatibility_pc.webp\" \/><\/div>\n<\/div>\n<\/div>\n<\/div>\n<div id=\"feature7\" class=\"vs-container-fluid\">\n<div class=\"row align-items-center d-flex py-lg-5\">\n<div id=\"feature6\" class=\"col-lg-12 rc-content\">\n<h2 style=\"text-align: center\">Port d&rsquo;E\/S et dimensions<\/h2>\n<div class=\"row text-center\" style=\"text-align: center\">\n<div class=\"vs-callout\"><\/div>\n<\/div>\n<div class=\"row product-dim\">\n<p><img decoding=\"async\" class=\"dim-image img-responsive center-block aligncenter\" src=\"https:\/\/www.viewsonic.com\/vsAssetFile\/uk\/img\/resize\/product-rc\/_camera\/VB-CAM-001\/scaled\/RC_IO_Port_and_dimensions.webp\" \/><\/p>\n<ol>\n<li style=\"text-align: left\">USB2.0 Cable<\/li>\n<li style=\"text-align: left\">1080p Full HD Camera<\/li>\n<li style=\"text-align: left\">Omnidirectional microphone<\/li>\n<li style=\"text-align: left\">Adjustable Bracket and a Forward-tilt Universal Clip<\/li>\n<\/ol>\n<p>&nbsp;<\/p>\n<\/div>\n<\/div>\n<\/div>\n<div class=\"col-lg-12\">\n<h2 class=\"text-center\">SP\u00c9CIFICATIONS VB-CAM-001<\/h2>\n<\/div>\n<div class=\"col-lg-12 columns\">\n<div id=\"spec-area\" class=\"row\">\n<ul class=\"product-spec\">\n<li><span class=\"spec-item\">OPERATING SYSTEM<\/span>\n<div class=\"spec-data\">Windows\u00ae 7, Windows 8.1, Windows 10 or later, macOS\u2122 10.10 or higher, Chrome OS, Android 5.0 or higher<\/div>\n<\/li>\n<li><span class=\"spec-item\">EXIGENCES DU SYST\u00c8ME<\/span>\n<div class=\"spec-data\"><strong>CPU recommand\u00e9:\u00a0<\/strong>Processeur Intel\u00ae Core 2 Duo ou sup\u00e9rieur<br \/>\n<strong>RAM recommand\u00e9e:\u00a0<\/strong>2G RAM ou plus<\/div>\n<\/li>\n<li><span class=\"spec-item\">CAMERA<\/span>\n<div class=\"spec-data\"><strong>Capteur:\u00a0<\/strong>CMOS, 2,07 millions de pixels<br \/>\n<strong>Champ de vision (FOV):\u00a0<\/strong>110\u00b0<br \/>\n<strong>Balance des blancs:\u00a0<\/strong>Auto, Manuel, VAR<br \/>\n<strong>R\u00e9duction num\u00e9rique du bruit:\u00a0<\/strong>R\u00e9duction num\u00e9rique du bruit 2D, 3D<br \/>\n<strong>Compensation du contre-jour:\u00a0<\/strong>Support<\/div>\n<\/li>\n<\/ul>\n<ul id=\"more-specs\" class=\"product-spec collapsed bs-prototype-override collapse show\">\n<li><span class=\"spec-item\">AUDIO<\/span>\n<div class=\"spec-data\"><strong>Microphone:\u00a0<\/strong>St\u00e9r\u00e9o<\/div>\n<\/li>\n<li><span class=\"spec-item\">FORMAT VID\u00c9O SUPPORT\u00c9<\/span>\n<div class=\"spec-data\"><strong>Compression du syst\u00e8me de couleurs:\u00a0<\/strong>YUY2 \/ H.264 \/ MJPEG<br \/>\n<strong>Max. R\u00e9solution vid\u00e9o:\u00a0<\/strong>1080p@30fps\/25fps, 720p@30fps\/25fps, 960x540p@30fps\/25fps, 640x360p@30fps\/25fps<\/div>\n<\/li>\n<li><span class=\"spec-item\">CONNECTIVITY<\/span>\n<div class=\"spec-data\"><strong>USB:\u00a0<\/strong>2<\/div>\n<\/li>\n<li><span class=\"spec-item\">DIMENSIONS<\/span>\n<div class=\"spec-data\"><strong>Physical (W x H x d):\u00a0<\/strong>118 x 37,2 x 30,8 mm<br \/>\n(4.7 x 1.5 x 1.2 pouces)<br \/>\n<strong>Packaging (L x H x P):\u00a0<\/strong>143 x 76 x 76 mm<br \/>\n(5.63 x 3.0 x 3.0 pouces)<\/div>\n<\/li>\n<li><span class=\"spec-item\">WEIGHT<\/span>\n<div class=\"spec-data\"><strong>Physical (Net):\u00a0<\/strong>0.093 kg<br \/>\n(0.2 lb)<br \/>\n<strong>Packaging (gross):\u00a0<\/strong>0.2 kg<br \/>\n(0.44 lb)<\/div>\n<\/li>\n<li><span class=\"spec-item\">RULES<\/span>\n<div class=\"spec-data\"><strong>Certification de conformit\u00e9:\u00a0<\/strong>USA &amp;Canada : FCC, Europe : CE RoHS, ErP<\/div>\n<\/li>\n<li><span class=\"spec-item\">PACKAGE CONTENTS<\/span>\n<div class=\"spec-data\">1. VB-CAM-001<br \/>\n2. Quick start Guide<br \/>\n3. Vis de fixation<br \/>\n4. C\u00e2ble USB 2.0 5 pieds (1,5m)<\/div>\n<\/li>\n<\/ul>\n<\/div>\n<\/div>\n<\/div>","protected":false},"excerpt":{"rendered":"<h2>VB-CAM-001<\/h2>\n<h3>Web camera 1080p ultra-wide<\/h3>\n<div class=\"tagline-row\">\n<ul>\n<li>Vision p\u00e9riph\u00e9rique maximis\u00e9e \u00e0 110\u00b0<\/li>\n<li>Built-in stereo microphone with automatic reduction of the noise<\/li>\n<li>Technology light correction and compensation of the backlight<\/li>\n<li>Design support multi-use for easy installation<\/li>\n<li>Compatible with Windows\/Mac\/Android\/Chrome OS<\/li>\n<\/ul>\n<\/div>","protected":false},"featured_media":16418,"template":"","meta":{"_acf_changed":false},"product_brand":[],"product_cat":[78],"product_tag":[],"class_list":{"0":"post-16419","1":"product","2":"type-product","3":"status-publish","4":"has-post-thumbnail","6":"product_cat-non-classe","8":"first","9":"instock","10":"taxable","11":"shipping-taxable","12":"purchasable","13":"product-type-simple"},"acf":[],"_links":{"self":[{"href":"https:\/\/www.ynova.be\/en\/wp-json\/wp\/v2\/product\/16419","targetHints":{"allow":["GET"]}}],"collection":[{"href":"https:\/\/www.ynova.be\/en\/wp-json\/wp\/v2\/product"}],"about":[{"href":"https:\/\/www.ynova.be\/en\/wp-json\/wp\/v2\/types\/product"}],"version-history":[{"count":0,"href":"https:\/\/www.ynova.be\/en\/wp-json\/wp\/v2\/product\/16419\/revisions"}],"wp:featuredmedia":[{"embeddable":true,"href":"https:\/\/www.ynova.be\/en\/wp-json\/wp\/v2\/media\/16418"}],"wp:attachment":[{"href":"https:\/\/www.ynova.be\/en\/wp-json\/wp\/v2\/media?parent=16419"}],"wp:term":[{"taxonomy":"product_brand","embeddable":true,"href":"https:\/\/www.ynova.be\/en\/wp-json\/wp\/v2\/product_brand?post=16419"},{"taxonomy":"product_cat","embeddable":true,"href":"https:\/\/www.ynova.be\/en\/wp-json\/wp\/v2\/product_cat?post=16419"},{"taxonomy":"product_tag","embeddable":true,"href":"https:\/\/www.ynova.be\/en\/wp-json\/wp\/v2\/product_tag?post=16419"}],"curies":[{"name":"wp","href":"https:\/\/api.w.org\/{rel}","templated":true}]}}