{"id":16378,"date":"2021-09-30T16:13:17","date_gmt":"2021-09-30T14:13:17","guid":{"rendered":"https:\/\/www.ynova.be\/?post_type=product&#038;p=16378"},"modified":"2022-08-25T14:26:53","modified_gmt":"2022-08-25T12:26:53","slug":"vpc25-o-b-series-2","status":"publish","type":"product","link":"https:\/\/www.ynova.be\/en\/product\/vpc25-o-b-series-2\/","title":{"rendered":"VPC25-O-B Series PC insert for screen Viewboard"},"content":{"rendered":"<div data-elementor-type=\"product-post\" data-elementor-id=\"16378\" class=\"elementor elementor-16378\" data-elementor-post-type=\"product\">\n\t\t\t\t\t\t<section class=\"elementor-section elementor-top-section elementor-element elementor-element-56966d8c elementor-section-boxed elementor-section-height-default elementor-section-height-default\" data-id=\"56966d8c\" data-element_type=\"section\" data-e-type=\"section\" data-settings=\"{&quot;ekit_has_onepagescroll_dot&quot;:&quot;yes&quot;}\">\n\t\t\t\t\t\t<div class=\"elementor-container elementor-column-gap-default\">\n\t\t\t\t\t<div class=\"elementor-column elementor-col-100 elementor-top-column elementor-element elementor-element-138d167\" data-id=\"138d167\" data-element_type=\"column\" data-e-type=\"column\">\n\t\t\t<div class=\"elementor-widget-wrap elementor-element-populated\">\n\t\t\t\t\t\t<div class=\"elementor-element elementor-element-1e28e6db elementor-widget elementor-widget-text-editor\" data-id=\"1e28e6db\" data-element_type=\"widget\" data-e-type=\"widget\" data-settings=\"{&quot;ekit_we_effect_on&quot;:&quot;none&quot;}\" data-widget_type=\"text-editor.default\">\n\t\t\t\t<div class=\"elementor-widget-container\">\n\t\t\t\t\t\t\t\t\t<h2>VPC25-O-B Series<\/h2><h3>Slot-in PC for ViewBoard\u00ae<br \/>(VPC25-W53-O1-1B)<\/h3><div class=\"tagline-row\"><ul><li>Integrated Solution ideal for interactive displays ViewBoard\u00ae and displays commercial<\/li><li>Powerful Intel\u00ae 10th Core<\/li><li>Improvement of the stability, security and temperature control system<\/li><\/ul><p><strong>CPU:\u00a0<\/strong>Intel Core i5-10400T \/ 2.0 GHz\/Turbo boost 3.6 GHz<br \/><strong>Graphics:\u00a0<\/strong>Graphics card integrated Intel\u00ae UHD 630 Intel H510 chipset supporting the release of two screens at the same time<\/p><p><strong>Capacity:\u00a0<\/strong>16GB DDR4<\/p><p><strong>Operating system:\u00a0<\/strong>Windows 10 Pro 64-bit<\/p><\/div>\t\t\t\t\t\t\t\t<\/div>\n\t\t\t\t<\/div>\n\t\t\t\t\t<\/div>\n\t\t<\/div>\n\t\t\t\t\t<\/div>\n\t\t<\/section>\n\t\t\t\t<\/div>","protected":false},"excerpt":{"rendered":"<h3>INTRODUCTION<\/h3>\n<p>Saisissez la puissance n\u00e9cessaire pour en faire plus lorsque vous synchronisez vos \u00e9crans interactifs et votre \u00e9cran de pr\u00e9sentation sans fil avec le PC \u00e0 sloter ViewSonic VPC25-O-B Series. Int\u00e9gr\u00e9 avec les performances exceptionnelles des processeurs Intel\u00ae 10th Gen Core&#x2122;, jusqu&rsquo;\u00e0 16 Go de m\u00e9moire DDR4 et jusqu&rsquo;\u00e0 512 Go de stockage SSD, faites l&rsquo;exp\u00e9rience de l&rsquo;am\u00e9lioration des performances informatiques pour passer en revue les cours et les collaborations complexes. Penchez-vous sur la productivit\u00e9 pure avec le WiFi bi-bande, le Bluetooth 5.2 et une gamme de ports, notamment 4K HDMI, DP1.2, USB 3.2 et Gigabit LAN RJ45 pour des flux de travail plus rapides.<\/p>","protected":false},"featured_media":16376,"template":"","meta":{"_acf_changed":false},"product_brand":[],"product_cat":[544],"product_tag":[],"class_list":{"0":"post-16378","1":"product","2":"type-product","3":"status-publish","4":"has-post-thumbnail","6":"product_cat-player-pour-ecran-interactif","8":"first","9":"instock","10":"taxable","11":"shipping-taxable","12":"purchasable","13":"product-type-simple"},"acf":[],"_links":{"self":[{"href":"https:\/\/www.ynova.be\/en\/wp-json\/wp\/v2\/product\/16378","targetHints":{"allow":["GET"]}}],"collection":[{"href":"https:\/\/www.ynova.be\/en\/wp-json\/wp\/v2\/product"}],"about":[{"href":"https:\/\/www.ynova.be\/en\/wp-json\/wp\/v2\/types\/product"}],"version-history":[{"count":0,"href":"https:\/\/www.ynova.be\/en\/wp-json\/wp\/v2\/product\/16378\/revisions"}],"wp:featuredmedia":[{"embeddable":true,"href":"https:\/\/www.ynova.be\/en\/wp-json\/wp\/v2\/media\/16376"}],"wp:attachment":[{"href":"https:\/\/www.ynova.be\/en\/wp-json\/wp\/v2\/media?parent=16378"}],"wp:term":[{"taxonomy":"product_brand","embeddable":true,"href":"https:\/\/www.ynova.be\/en\/wp-json\/wp\/v2\/product_brand?post=16378"},{"taxonomy":"product_cat","embeddable":true,"href":"https:\/\/www.ynova.be\/en\/wp-json\/wp\/v2\/product_cat?post=16378"},{"taxonomy":"product_tag","embeddable":true,"href":"https:\/\/www.ynova.be\/en\/wp-json\/wp\/v2\/product_tag?post=16378"}],"curies":[{"name":"wp","href":"https:\/\/api.w.org\/{rel}","templated":true}]}}