{"id":16353,"date":"2021-09-29T15:34:39","date_gmt":"2021-09-29T13:34:39","guid":{"rendered":"https:\/\/www.ynova.be\/?post_type=product&#038;p=16353"},"modified":"2022-10-24T13:31:11","modified_gmt":"2022-10-24T11:31:11","slug":"vpc12-wpo-7","status":"publish","type":"product","link":"https:\/\/www.ynova.be\/en\/product\/vpc12-wpo-7\/","title":{"rendered":"VPC12-WPO-7 PC slotable for Touch Screens"},"content":{"rendered":"<h3>INTRODUCTION<\/h3>\n<p>LE PC slotable ViewSonic\u00ae VPC12-WPO-7 est la solution id\u00e9ale pour les \u00e9crans tactiles interactifs ViewBoard\u00ae. Avec son Wi-Fi dual-band et son Bluetooth, son processeur puissance Intel\u00ae Core&#x2122; i5-7200U, sa m\u00e9moire DDR4 SO-DIMM 8GB (jusqu&rsquo;\u00e0 16GB), et son stockage SSD de 128GB (jusqu&rsquo;\u00e0 512GB), le VPC12-WPO-7 contient la puissance de traitement n\u00e9cessaire \u00e0 l&rsquo;exploitation d&rsquo;applications qui n\u00e9cessitent un CPU performant.<\/p>\n<p>&nbsp;<\/p>\n<div id=\"spec-area\" class=\"row\">\n<ul class=\"product-spec\">\n<li>\n<h3><span class=\"spec-item\">SYSTEM<\/span><\/h3>\n<div class=\"spec-data\"><strong>Processor:\u00a0<\/strong>Intel\u00ae Core\u2122 i5-7200U with vPro and TPM<br \/>\n<strong>Graphics Card:\u00a0<\/strong>Intel\u00ae HD Graphics 620<br \/>\nTotal graphics memory available : 64GB<br \/>\nMaximum resolution up to 4096\u00d72304@60Hz<\/div>\n<\/li>\n<li>\n<h3><span class=\"spec-item\">MEMORY<\/span><\/h3>\n<div class=\"spec-data\"><strong>Type:\u00a0<\/strong>DDR4 SO-DIMM<br \/>\n<strong>Capacity:\u00a0<\/strong>8GB (jusqu&rsquo;\u00e0 16GB)<\/div>\n<\/li>\n<li>\n<h3><span class=\"spec-item\">SOFTWARE<\/span><\/h3>\n<div class=\"spec-data\"><strong>Operating system:\u00a0<\/strong>Free Dos<\/div>\n<\/li>\n<\/ul>\n<ul id=\"more-specs\" class=\"product-spec collapsed bs-prototype-override collapse show\">\n<li>\n<h3><span class=\"spec-item\">STORAGE<\/span><\/h3>\n<div class=\"spec-data\"><strong>Dimensions:\u00a0<\/strong>2.5&Prime;<br \/>\n<strong>Capacity:\u00a0<\/strong>128GB SSD (jusqu&rsquo;\u00e0 512GB)<br \/>\n<strong>Interface:\u00a0<\/strong>SATA3 6GB\/sec<\/div>\n<\/li>\n<li>\n<h3><span class=\"spec-item\">ENTREE<\/span><\/h3>\n<div class=\"spec-data\"><strong>MIC(Microphone):\u00a0<\/strong>x1<br \/>\n<strong>OPS:\u00a0<\/strong>Yes<\/div>\n<\/li>\n<li>\n<h3><span class=\"spec-item\">OUTPUT<\/span><\/h3>\n<div class=\"spec-data\"><strong>HDMI:\u00a0<\/strong>x1 (R\u00e9solution max. 4096&#215;2160@24Hz)<br \/>\n<strong>Audio:\u00a0<\/strong>x1 (Sortie)<\/div>\n<\/li>\n<li>\n<h3><span class=\"spec-item\">RESEAU LOCAL<\/span><\/h3>\n<div class=\"spec-data\"><strong>RJ45:\u00a0<\/strong>x1 (Adaptation 10\/100\/1000M int\u00e9gr\u00e9e)<\/div>\n<\/li>\n<li>\n<h3><span class=\"spec-item\">WI-FI \/ BLUETOOTH<\/span><\/h3>\n<div class=\"spec-data\"><strong>WI-FI \/ Bluetooth:\u00a0<\/strong>Intel\u00ae Dual Band Wireless-AC 8260<br \/>\n802.11 a\/b\/g\/n\/ac (2.4GHz\/5GHz) \/ BT4.2 ; BLE<\/div>\n<\/li>\n<li>\n<h3><span class=\"spec-item\">USB<\/span><\/h3>\n<div class=\"spec-data\"><strong>Type:\u00a0<\/strong>USB3.0x2, USB2.0x2<\/div>\n<\/li>\n<li>\n<h3><span class=\"spec-item\">FORMATS MEDIA COMPATIBLES<\/span><\/h3>\n<div class=\"spec-data\"><strong>Format Vid\u00e9o:\u00a0<\/strong>Container: ASF, WMA, WMV, WM, ASX, WAX, WVX , WMX, WPL, WMD, AVI, MPG, MPEG, M1V, MP2, MP3, MPA, MPE, M3U<br \/>\n<strong>Format Image:\u00a0<\/strong>Container: JPG, JPEG, JPE, JFIF, BMP, , DIB, PNG, GIF, TIF, TIFF<br \/>\n<strong>Audio Codec:\u00a0<\/strong>Container: MID, MIDI, RMI, AIF, AIFC, AIFF, WAV, CDA<\/div>\n<\/li>\n<li>\n<h3><span class=\"spec-item\">POWER supply<\/span><\/h3>\n<div class=\"spec-data\"><strong>Power:\u00a0<\/strong>DC 12\/19V<br \/>\n<strong>Consumption:\u00a0<\/strong>60W<\/div>\n<\/li>\n<li>\n<h3><span class=\"spec-item\">OPERATING CONDITIONS<\/span><\/h3>\n<div class=\"spec-data\"><strong>Temperature (\u00ba C):\u00a0<\/strong>-5\u00b0C to 45\u00b0C<br \/>\n<strong>Humidity:\u00a0<\/strong>10% ~ 90% non-condensing<\/div>\n<\/li>\n<li>\n<h3><span class=\"spec-item\">DIMENSIONS (L x H x P)<\/span><\/h3>\n<div class=\"spec-data\"><strong>Physical (inch \/ mm):\u00a0<\/strong>7.1 x 4.7x 1.2 in\/180 x 119 x 30mm<br \/>\n<strong>Packaging (inch \/ mm):\u00a0<\/strong>10.0 x 7.7 x3.1 in\/254 x 196 x 77 mm<\/div>\n<\/li>\n<li>\n<h3><span class=\"spec-item\">WEIGHT<\/span><\/h3>\n<div class=\"spec-data\"><strong>Net (lb \/ kg):\u00a0<\/strong>1.85lb\/0.84kg<br \/>\n<strong>Gross (lb \/ kg):\u00a0<\/strong>2.31lb\/1.05kg<\/div>\n<\/li>\n<li>\n<h3><span class=\"spec-item\">REGULATIONS<\/span><\/h3>\n<div class=\"spec-data\"><strong>REGLEMENTS:\u00a0<\/strong>FCC, cTUVus<\/div>\n<\/li>\n<li>\n<h3><span class=\"spec-item\">CONTENU DU PACKAGING<\/span><\/h3>\n<div class=\"spec-data\"><strong>CONTENU DU PACKAGING:\u00a0<\/strong>1. VPC12-WPO<br \/>\n2. Qsg system<\/div>\n<\/li>\n<\/ul>\n<\/div>","protected":false},"excerpt":{"rendered":"<h2>VPC12-WPO-7<\/h2>\n<h2>PC slotable for Touch Screens, Interactive ViewBoard\u00ae<\/h2>\n<div class=\"tagline-row\">\n<ul>\n<li>Intel Core i5-7200U with vPro and TPM<\/li>\n<li>Intel HD graphic 620<\/li>\n<li>Total graphics memory available : 64gb<\/li>\n<li>Maximum resolution up to 4096\u00d72304@60Hz<\/li>\n<\/ul>\n<\/div>","protected":false},"featured_media":16354,"template":"","meta":{"_acf_changed":false},"product_brand":[],"product_cat":[544],"product_tag":[],"class_list":{"0":"post-16353","1":"product","2":"type-product","3":"status-publish","4":"has-post-thumbnail","6":"product_cat-player-pour-ecran-interactif","8":"first","9":"instock","10":"taxable","11":"shipping-taxable","12":"purchasable","13":"product-type-simple"},"acf":[],"_links":{"self":[{"href":"https:\/\/www.ynova.be\/en\/wp-json\/wp\/v2\/product\/16353","targetHints":{"allow":["GET"]}}],"collection":[{"href":"https:\/\/www.ynova.be\/en\/wp-json\/wp\/v2\/product"}],"about":[{"href":"https:\/\/www.ynova.be\/en\/wp-json\/wp\/v2\/types\/product"}],"version-history":[{"count":0,"href":"https:\/\/www.ynova.be\/en\/wp-json\/wp\/v2\/product\/16353\/revisions"}],"wp:featuredmedia":[{"embeddable":true,"href":"https:\/\/www.ynova.be\/en\/wp-json\/wp\/v2\/media\/16354"}],"wp:attachment":[{"href":"https:\/\/www.ynova.be\/en\/wp-json\/wp\/v2\/media?parent=16353"}],"wp:term":[{"taxonomy":"product_brand","embeddable":true,"href":"https:\/\/www.ynova.be\/en\/wp-json\/wp\/v2\/product_brand?post=16353"},{"taxonomy":"product_cat","embeddable":true,"href":"https:\/\/www.ynova.be\/en\/wp-json\/wp\/v2\/product_cat?post=16353"},{"taxonomy":"product_tag","embeddable":true,"href":"https:\/\/www.ynova.be\/en\/wp-json\/wp\/v2\/product_tag?post=16353"}],"curies":[{"name":"wp","href":"https:\/\/api.w.org\/{rel}","templated":true}]}}