{"id":16348,"date":"2021-09-29T15:20:20","date_gmt":"2021-09-29T13:20:20","guid":{"rendered":"https:\/\/www.ynova.be\/?post_type=product&#038;p=16348"},"modified":"2022-06-27T14:50:07","modified_gmt":"2022-06-27T12:50:07","slug":"vpc10-wp","status":"publish","type":"product","link":"https:\/\/www.ynova.be\/en\/product\/vpc10-wp\/","title":{"rendered":"VPC10-WP"},"content":{"rendered":"<h2 style=\"text-align: center;\">INTRODUCTION<\/h2>\n<p style=\"text-align: center;\">Le PC rackable Windows VPC10-WP ViewSonic<sup>\u00ae<\/sup>\u00a0est la solution int\u00e9gr\u00e9e id\u00e9ale pour doter l&rsquo;\u00e9cran plat interactif ViewBoard<sup>\u00ae<\/sup>\u00a0de ViewSonic<sup>\u00ae<\/sup>\u00a0de la fonctionnalit\u00e9 tableau blanc intelligent et de salle de r\u00e9union intelligente. Ce module PC rackable est compatible avec l&rsquo;audio et la vid\u00e9o haute d\u00e9finition, et se raccorde facilement aux \u00e9crans compatibles. Dot\u00e9 du Wi-Fi double bande et du Bluetooth, d&rsquo;un puissant processeur Intel<sup>\u00ae<\/sup>\u00a0Core&#x2122; i5, de 8Go de m\u00e9moire DDR4, et d&rsquo;un stockage SSD 128Go (jusqu&rsquo;\u00e0 256Go), le VPC10-WP dispose de la puissance de calcul n\u00e9cessaire pour g\u00e9rer les applications les plus gourmandes en ressources. Les options de connectivit\u00e9, dont des ports DisplayPort 4K, HDMI, VGA, USB 3.0, et RJ45 Gigabit LAN, vous permettent de raccorder n&rsquo;importe quel p\u00e9riph\u00e9rique.<\/p>\n<p>&nbsp;<\/p>\n<div id=\"feature1\">\n<h2 style=\"text-align: center;\">Processing power of Intel<\/h2>\n<p style=\"text-align: center;\">Le VPC10-WP met \u00e0 profit l&rsquo;expertise de traitement d&rsquo;Intel<sup>\u00ae<\/sup>\u00a0using an Intel processor<sup>\u00ae<\/sup>\u00a0Core&#x2122; i5 qui offre le regain de puissance demand\u00e9 par les environnements p\u00e9dagogiques et d&rsquo;entreprise \u00e0 cadences \u00e9lev\u00e9es.<\/p>\n<div class=\"rc-feature\" style=\"text-align: center;\"><img decoding=\"async\" src=\"https:\/\/www.viewsonic.com\/vsAssetFile\/fr\/img\/resize\/product-rc\/lcd\/VPC10-WP\/inteli5.webp\" \/><\/div>\n<\/div>\n<hr class=\"hr-fade\" \/>\n<div id=\"feature2\" style=\"text-align: center;\">\n<h2>128Go de stockage interne (extensible jusqu\u2019\u00e0 256Go)<\/h2>\n<p>Le VPC10-WP est capable de lire et stocker suffisamment de contenu multim\u00e9dia pour satisfaire les utilisateurs les plus exigeants, gr\u00e2ce \u00e0 8Go de m\u00e9moire vive et 128Go de stockage SSD, qui peuvent \u00eatre \u00e9tendus \u00e0 256Go le cas \u00e9ch\u00e9ant, ce qui en fait une option fiable pour une lecture de contenus multim\u00e9dia sans incident.<\/p>\n<div class=\"rc-feature\"><img decoding=\"async\" src=\"https:\/\/www.viewsonic.com\/vsAssetFile\/fr\/img\/resize\/product-rc\/lcd\/VPC10-WP\/8gb.webp\" \/><\/div>\n<\/div>\n<hr class=\"hr-fade\" \/>\n<div id=\"feature3\" style=\"text-align: center;\">\n<h2>Wireless control full<\/h2>\n<p>The VPC10-WP relies on a 2.4GHz\/5GHz dual-band WiFi network, and is Bluetooth-enabled to give users the convenience and flexibility of full wireless control.<\/p>\n<div class=\"rc-feature\"><img decoding=\"async\" src=\"https:\/\/www.viewsonic.com\/vsAssetFile\/fr\/img\/resize\/product-rc\/lcd\/VPC10-WP\/wifi.webp\" \/><\/div>\n<\/div>\n<hr class=\"hr-fade\" \/>\n<div id=\"feature4\" style=\"text-align: center;\">\n<h2>Meilleure exp\u00e9rience utilisateur avec Windows 10 Pro OS Support<\/h2>\n<p>Avec l&rsquo;assistance Microsoft<sup>\u00ae<\/sup>\u00a0Windows<sup>\u00ae<\/sup>\u00a010 Pro OS, le VPC10-WP donne acc\u00e8s \u00e0 toutes les applications de la suite MS Office Suite, que ce soit pour un usage professionnel ou \u00e9ducatif. Un navigateur int\u00e9gr\u00e9 offre \u00e9galement un acc\u00e8s instantan\u00e9 \u00e0 Internet.<\/p>\n<div class=\"rc-feature\"><img decoding=\"async\" src=\"https:\/\/www.viewsonic.com\/vsAssetFile\/fr\/img\/resize\/product-rc\/lcd\/VPC10-WP\/windows10.webp\" \/><\/div>\n<\/div>\n<hr class=\"hr-fade\" \/>\n<div id=\"feature5\" style=\"text-align: center;\">\n<h2>Compatible avec ViewSonic<sup>\u00ae<\/sup>\u00a0ViewBoard<sup>\u00ae<\/sup>\u00a0IFP8650\/7550\/6550\/5550<\/h2>\n<p>Le VPC10-WP est con\u00e7u pour augmenter la puissance de calcul du ViewSonic<sup>\u00ae<\/sup>\u00a0ViewBoard<sup>\u00ae<\/sup>\u00a0IFP8650\/7550\/6550\/5550.<\/p>\n<div class=\"rc-feature\"><img decoding=\"async\" src=\"https:\/\/www.viewsonic.com\/vsAssetFile\/fr\/img\/resize\/product-rc\/lcd\/VPC10-WP\/cmputing.webp\" \/><\/div>\n<\/div>\n<div class=\"product-dim text-center\">\n<div class=\"dim-media\"><img decoding=\"async\" class=\"dim-image aligncenter\" src=\"https:\/\/www.viewsonic.com\/vsAssetFile\/fr\/img\/resize\/product-rc\/lcd\/VPC10-WP\/dimensions.webp\" \/><\/div>\n<ol>\n<li>KENSINGTON LOCK SLOT<\/li>\n<li>DISPLAY PORT<\/li>\n<li>AUDIO OUT<\/li>\n<li>MIC IN<\/li>\n<li>HDMI<\/li>\n<li>USB 3.0<\/li>\n<li>VGA OUT<\/li>\n<li>RJ45 (LAN)<\/li>\n<\/ol>\n<\/div>","protected":false},"excerpt":{"rendered":"<h2>VPC10-WP<\/h2>\n<h2>Rack mount PC Windows for ViewBoard\u00ae IFP8650\/7550\/6550\/5550<\/h2>\n<div class=\"tagline-row\">\n<ul>\n<li>Powerful system : Intel<sup>\u00ae<\/sup>\u00a0Core\u2122 i5-6400, memory 8gb DDR4, and SSD storage 128gb (up to 256gb)<\/li>\n<li>Support full network : WiFi 2.4 GHz\/5GHz, Bluetooth, and Gigabit Ethernet LAN<\/li>\n<li>A rich selection of I\/O ports, whose output 4K DisplayPort, HDMI, and VGA output<\/li>\n<li>Operating system Windows 10 Pro<\/li>\n<\/ul>\n<\/div>","protected":false},"featured_media":16349,"template":"","meta":{"_acf_changed":false},"product_brand":[],"product_cat":[544],"product_tag":[],"class_list":{"0":"post-16348","1":"product","2":"type-product","3":"status-publish","4":"has-post-thumbnail","6":"product_cat-player-pour-ecran-interactif","8":"first","9":"instock","10":"taxable","11":"shipping-taxable","12":"purchasable","13":"product-type-simple"},"acf":[],"_links":{"self":[{"href":"https:\/\/www.ynova.be\/en\/wp-json\/wp\/v2\/product\/16348","targetHints":{"allow":["GET"]}}],"collection":[{"href":"https:\/\/www.ynova.be\/en\/wp-json\/wp\/v2\/product"}],"about":[{"href":"https:\/\/www.ynova.be\/en\/wp-json\/wp\/v2\/types\/product"}],"version-history":[{"count":0,"href":"https:\/\/www.ynova.be\/en\/wp-json\/wp\/v2\/product\/16348\/revisions"}],"wp:featuredmedia":[{"embeddable":true,"href":"https:\/\/www.ynova.be\/en\/wp-json\/wp\/v2\/media\/16349"}],"wp:attachment":[{"href":"https:\/\/www.ynova.be\/en\/wp-json\/wp\/v2\/media?parent=16348"}],"wp:term":[{"taxonomy":"product_brand","embeddable":true,"href":"https:\/\/www.ynova.be\/en\/wp-json\/wp\/v2\/product_brand?post=16348"},{"taxonomy":"product_cat","embeddable":true,"href":"https:\/\/www.ynova.be\/en\/wp-json\/wp\/v2\/product_cat?post=16348"},{"taxonomy":"product_tag","embeddable":true,"href":"https:\/\/www.ynova.be\/en\/wp-json\/wp\/v2\/product_tag?post=16348"}],"curies":[{"name":"wp","href":"https:\/\/api.w.org\/{rel}","templated":true}]}}