{"id":16159,"date":"2020-05-26T17:31:33","date_gmt":"2020-05-26T15:31:33","guid":{"rendered":"https:\/\/www.ynova.be\/?post_type=product&#038;p=16159"},"modified":"2022-12-09T13:33:06","modified_gmt":"2022-12-09T12:33:06","slug":"protection-en-plexiglas-proscreen-v1","status":"publish","type":"product","link":"https:\/\/www.ynova.be\/en\/product\/protection-en-plexiglas-proscreen-v1\/","title":{"rendered":"Proscreen V1 Support office modular screen protective plexiglas"},"content":{"rendered":"<p>Fix\u00e9s aux bureaux ou aux comptoirs, les vitres en plexiglas EDBAK ProScreen sont d\u00e9di\u00e9es aux lieux de contact direct entre clients ou coll\u00e8gues: dans les comptoirs d&rsquo;accueil, les magasins, les bureaux, les stations-service ou dans les bureaux en open space.\u00a0Le produit r\u00e9duit le risque de contracter des maladies a\u00e9roport\u00e9es<\/p>","protected":false},"excerpt":{"rendered":"<h3 class=\"title-heading-center fusion-responsive-typography-calculated\" data-fontsize=\"28\" data-lineheight=\"35px\">Proscreen V1 Une barri\u00e8re protectrice efficace contre les bact\u00e9ries, virus et champignons<\/h3>","protected":false},"featured_media":0,"template":"","meta":{"_acf_changed":false},"product_brand":[],"product_cat":[78],"product_tag":[],"class_list":{"0":"post-16159","1":"product","2":"type-product","3":"status-publish","5":"product_cat-non-classe","7":"first","8":"instock","9":"taxable","10":"shipping-taxable","11":"product-type-simple"},"acf":[],"_links":{"self":[{"href":"https:\/\/www.ynova.be\/en\/wp-json\/wp\/v2\/product\/16159","targetHints":{"allow":["GET"]}}],"collection":[{"href":"https:\/\/www.ynova.be\/en\/wp-json\/wp\/v2\/product"}],"about":[{"href":"https:\/\/www.ynova.be\/en\/wp-json\/wp\/v2\/types\/product"}],"version-history":[{"count":0,"href":"https:\/\/www.ynova.be\/en\/wp-json\/wp\/v2\/product\/16159\/revisions"}],"wp:attachment":[{"href":"https:\/\/www.ynova.be\/en\/wp-json\/wp\/v2\/media?parent=16159"}],"wp:term":[{"taxonomy":"product_brand","embeddable":true,"href":"https:\/\/www.ynova.be\/en\/wp-json\/wp\/v2\/product_brand?post=16159"},{"taxonomy":"product_cat","embeddable":true,"href":"https:\/\/www.ynova.be\/en\/wp-json\/wp\/v2\/product_cat?post=16159"},{"taxonomy":"product_tag","embeddable":true,"href":"https:\/\/www.ynova.be\/en\/wp-json\/wp\/v2\/product_tag?post=16159"}],"curies":[{"name":"wp","href":"https:\/\/api.w.org\/{rel}","templated":true}]}}