{"id":15686,"date":"2020-03-27T16:01:09","date_gmt":"2020-03-27T15:01:09","guid":{"rendered":"https:\/\/www.ynova.be\/produit\/philips-55bdl1007x\/"},"modified":"2022-10-24T15:59:28","modified_gmt":"2022-10-24T13:59:28","slug":"philips-55bdl1007x","status":"publish","type":"product","link":"https:\/\/www.ynova.be\/en\/product\/philips-55bdl1007x\/","title":{"rendered":"Philips 55BDL1007X"},"content":{"rendered":"<h3 class=\"p-heading-04-large p-heading-bold p-feature-title\">Philips 55BDL1007X \/ Utilisation, surveillance et entretien avec CMND &amp; Control<\/h3>\n<p class=\"p-body-copy-02\">Operate your network of displays via a local connection (LAN). CMND &amp; Control allows you to perform critical functions such as the control input and the tracking of the status screens, you are responsible for only one screen or 100.<\/p>\n<h3 class=\"p-heading-04-large p-heading-bold p-feature-title\">CMND &amp; Create : build and launch your own content<\/h3>\n<p class=\"p-body-copy-02\">Assume complete control over your content with CMND &amp; Create. The interface drag-and-drop allows you to easily publish your own content, whether it is a menu of the day or information relating to your brand. Thanks to the models preloaded and widgets integrated, stream of images, texts and videos in a blink of an eye.<\/p>\n<h3 class=\"p-heading-04-large p-heading-bold p-feature-title\">The housing OPS allows the integration of the PC-without any wiring<\/h3>\n<p class=\"p-body-copy-02\">Integrate a PC full power or a module, CRD50 with Android directly to your screen professional Philips. The housing OPS contains all the connections needed to supply the solution is inserted, including the power supply.<\/p>\n<h3 class=\"p-heading-04-large p-heading-bold p-feature-title\">FailOver ensures the permanent display of the contents<\/h3>\n<p class=\"p-body-copy-02\">It is installed in a waiting room or meeting room, make sure that the screen can be turned off forever. Thanks to FailOver, your screen professional Philips automatically switches between the inputs, main and secondary, in order to maintain a display even when the primary source is no longer available. You simply set a list of entries of substitution to ensure that the screen remains active.<\/p>\n<h3 class=\"p-heading-04-large p-heading-bold p-feature-title\">Mosaic Mode : create walls of 4K video of any size<\/h3>\n<p class=\"p-body-copy-02\">Connectez deux \u00e9crans professionnels Philips 55BDL1007X ou plus afin de cr\u00e9er un mur vid\u00e9o en mosa\u00efque, sans recourir \u00e0 des \u00e9quipements externes. Un seul lecteur prend en charge vos contenus, que vous disposiez de quatre \u00e9crans ou de quarante. Les contenus 4K sont parfaitement trait\u00e9s, pour une r\u00e9solution point par point optimale sur quatre \u00e9crans.<\/p>\n<h3 class=\"p-heading-04-large p-heading-bold p-feature-title\">Take advantage of the processing power of Android with the module CRD50 optional<\/h3>\n<p class=\"p-body-copy-02\">Integrate a processor SoC (System-on-a-Chip) for Android on your screen professional Philips. The module CRD50 option is a device OPS to take advantage of the processing power of Android without the use of cables. You just need to insert it into the slot OPS, which contains all the connections needed to run the module (including power supply).<\/p>\n<h3 class=\"p-heading-04-large p-heading-bold p-feature-title\">Remote system management via CMND<\/h3>\n<p class=\"p-body-copy-02\">Assume complete control over your network of displays Philips professional. CMND lets you manage, update, maintain, and display content from a single interface user-friendly, during the installation as the daily use.<\/p>\n<h2 class=\"p-heading-02 p-heading-medium p-s08__spec-main-title\">Sp\u00e9cificit\u00e9s Techniques Philips 55BDL1007X<\/h2>\n<p><a href=\"https:\/\/www.ynova.be\/wp-content\/uploads\/2020\/03\/55BDL1007X.pdf\" target=\"_blank\" rel=\"noopener\">see the pdf<\/a><\/p>","protected":false},"excerpt":{"rendered":"<h2>Philips 55BDL1007X<\/h2>\n<p>You have the responsibility of an airport or a conference, attracting the attention of the public with the display professional video wall X-Line. Thanks to a sharp contrast and an end, the image is clear and without imperfections.<\/p>\n<h3 class=\"p-heading-02 p-heading-medium p-s01__highlights-title\">Think big<\/h3>\n<h4 class=\"p-heading-03 p-heading-medium p-s01__highlights-subtitle\">Versatile display for video wall.<\/h4>\n<ul class=\"p-bullets p-large p-s01__bullets p-heading-medium\">\n<li class=\"p-s01__bullet\">55&#034; (139 cm)<\/li>\n<li class=\"p-s01__bullet\">Backlight direct LED<\/li>\n<li class=\"p-s01__bullet\">Full HD<\/li>\n<li class=\"p-s01__bullet\">700\u00a0cd\/m\u00b2<\/li>\n<\/ul>","protected":false},"featured_media":15618,"template":"","meta":{"_acf_changed":false},"product_brand":[],"product_cat":[118],"product_tag":[],"class_list":{"0":"post-15686","1":"product","2":"type-product","3":"status-publish","4":"has-post-thumbnail","6":"product_cat-display-videowall","8":"first","9":"instock","10":"downloadable","11":"product-type-simple"},"acf":[],"_links":{"self":[{"href":"https:\/\/www.ynova.be\/en\/wp-json\/wp\/v2\/product\/15686","targetHints":{"allow":["GET"]}}],"collection":[{"href":"https:\/\/www.ynova.be\/en\/wp-json\/wp\/v2\/product"}],"about":[{"href":"https:\/\/www.ynova.be\/en\/wp-json\/wp\/v2\/types\/product"}],"version-history":[{"count":0,"href":"https:\/\/www.ynova.be\/en\/wp-json\/wp\/v2\/product\/15686\/revisions"}],"wp:featuredmedia":[{"embeddable":true,"href":"https:\/\/www.ynova.be\/en\/wp-json\/wp\/v2\/media\/15618"}],"wp:attachment":[{"href":"https:\/\/www.ynova.be\/en\/wp-json\/wp\/v2\/media?parent=15686"}],"wp:term":[{"taxonomy":"product_brand","embeddable":true,"href":"https:\/\/www.ynova.be\/en\/wp-json\/wp\/v2\/product_brand?post=15686"},{"taxonomy":"product_cat","embeddable":true,"href":"https:\/\/www.ynova.be\/en\/wp-json\/wp\/v2\/product_cat?post=15686"},{"taxonomy":"product_tag","embeddable":true,"href":"https:\/\/www.ynova.be\/en\/wp-json\/wp\/v2\/product_tag?post=15686"}],"curies":[{"name":"wp","href":"https:\/\/api.w.org\/{rel}","templated":true}]}}