{"id":15252,"date":"2020-03-25T12:31:18","date_gmt":"2020-03-25T11:31:18","guid":{"rendered":"https:\/\/www.ynova.be\/produit\/samsung-oh85n-sk-outdoor\/"},"modified":"2022-05-13T11:14:09","modified_gmt":"2022-05-13T09:14:09","slug":"samsung-oh85n-sk-outdoor","status":"publish","type":"product","link":"https:\/\/www.ynova.be\/en\/product\/samsung-oh85n-sk-outdoor\/","title":{"rendered":"Samsung OH85N-SK outdoor"},"content":{"rendered":"<div class=\"well\">\n<p>La s\u00e9rie OHN a rafra\u00eechi le domaine de la publicit\u00e9 ext\u00e9rieure num\u00e9rique (DOOH ou Digital Out of Home) avec un contenu audacieux et accrocheur et a donn\u00e9 une nouvelle vie aux arr\u00eats de bus et aux panneaux d&rsquo;affichage.\u00a0La s\u00e9rie OHN apporte tout ce qui diff\u00e9rencie les entreprises avec un contenu exceptionnel et de haute qualit\u00e9.<\/p>\n<\/div>\n<div class=\"text-display\">\n<table class=\"table\">\n<tbody>\n<tr>\n<td class=\"active\" colspan=\"2\"><b>Type de moniteur<\/b><\/td>\n<\/tr>\n<tr>\n<td id=\"TV\/Moniteur\">TV \/ Moniteur<\/td>\n<td>la t\u00e9l\u00e9<\/td>\n<\/tr>\n<tr>\n<td class=\"active\" colspan=\"2\"><b>Sp\u00e9cifications Du Mod\u00e8le<\/b><\/td>\n<\/tr>\n<tr>\n<td id=\"Mod\u00e8le\">Model<\/td>\n<td>OH85N<\/td>\n<\/tr>\n<tr>\n<td id=\"Typed'affichage\">Type d&rsquo;affichage<\/td>\n<td>LCD<\/td>\n<\/tr>\n<tr>\n<td id=\"Tailledel'\u00e9cran\">Screen size<\/td>\n<td>85&#034;<\/td>\n<\/tr>\n<tr>\n<td id=\"Couleurducoffret\">Color of case<\/td>\n<td>Black<\/td>\n<\/tr>\n<tr>\n<td class=\"active\" colspan=\"2\"><b>Screen<\/b><\/td>\n<\/tr>\n<tr>\n<td id=\"Technologiedel'\u00e9cran\">Technologie de l&rsquo;\u00e9cran<\/td>\n<td>Virginia<\/td>\n<\/tr>\n<tr>\n<td id=\"Pasdepixel\">Pixel pitch<\/td>\n<td>0,4875 (H) x 0,4875 (V)<\/td>\n<\/tr>\n<tr>\n<td id=\"Tempsder\u00e9ponse\">Response time<\/td>\n<td>8 millisecondes<\/td>\n<\/tr>\n<tr>\n<td id=\"Angledevision\">Viewing Angle<\/td>\n<td>178\u00b0\/178\u00b0<\/td>\n<\/tr>\n<tr>\n<td id=\"Fr\u00e9quencehorizontale\">Fr\u00e9quence horizontale<\/td>\n<td>15~135 KHz (HDMI), 30~135 KHz (DP)<\/td>\n<\/tr>\n<tr>\n<td class=\"active\" colspan=\"2\"><b>Connectivity<\/b><\/td>\n<\/tr>\n<tr>\n<td id=\"USB\">USB<\/td>\n<td>1 port USB<\/td>\n<\/tr>\n<tr>\n<td id=\"HDMI\">HDMI<\/td>\n<td>2 ports HDMI<\/td>\n<\/tr>\n<tr>\n<td id=\"RJ45\">RJ45<\/td>\n<td>1 port USB<\/td>\n<\/tr>\n<tr>\n<td class=\"active\" colspan=\"2\"><b>Image<\/b><\/td>\n<\/tr>\n<tr>\n<td id=\"Luminosit\u00e9\">Brightness<\/td>\n<td>3\u00a0000\u00a0nits<\/td>\n<\/tr>\n<tr>\n<td id=\"Aspectratio\">Aspect Ratio<\/td>\n<td>16:9<\/td>\n<\/tr>\n<tr>\n<td id=\"R\u00e9solutionmaximale\">Maximum resolution<\/td>\n<td>3840 x 2160<\/td>\n<\/tr>\n<tr>\n<td class=\"active\" colspan=\"2\"><b>Power<\/b><\/td>\n<\/tr>\n<tr>\n<td id=\"Tension\">Voltage<\/td>\n<td>AC 100 \u2013 240 V (+\/- 10 %), 50\/60 Hz<\/td>\n<\/tr>\n<tr>\n<td class=\"active\" colspan=\"2\"><b>Dimensions<\/b><\/td>\n<\/tr>\n<tr>\n<td id=\"Hauteur\">Height<\/td>\n<td>118,5 cm (46,65 pouces)<\/td>\n<\/tr>\n<tr>\n<td id=\"Largeur\">Width<\/td>\n<td>200,4 cm (78,90 pouces)<\/td>\n<\/tr>\n<tr>\n<td id=\"Profondeur\">Depth<\/td>\n<td>12 cm (4,72 pouces)<\/td>\n<\/tr>\n<tr>\n<td id=\"Poids\">Weight<\/td>\n<td>163 kg (359,35 livres)<\/td>\n<\/tr>\n<tr>\n<td class=\"active\" colspan=\"2\"><b>Divers<\/b><\/td>\n<\/tr>\n<tr>\n<td id=\"Montagesupport\u00e9\">Montage support\u00e9<\/td>\n<td>Pas disponible<\/td>\n<\/tr>\n<\/tbody>\n<\/table>\n<\/div>","protected":false},"excerpt":{"rendered":"<h2 class=\"product-tab-title\">Samsung OH85N-SK<\/h2>\n<div class=\"product-tab-description\">\n<div>\n<h3><span class=\"product-details__promotions-copy\">Un \u00e9cran grande taille 85\u00a0\u00bb optimis\u00e9 pour un usage ext\u00e9rieur<\/span><span class=\"product-details__promotions-copy\">Une excellente visibilit\u00e9 m\u00eame \u00e0 la lumi\u00e8re du jour gr\u00e2ce \u00e0 une luminosit\u00e9 de 3000 nits<\/span><span class=\"product-details__promotions-copy\">Une gestion avanc\u00e9e gr\u00e2ce au player embarqu\u00e9 MagicInfo S6 soutenu par TIZEN<\/span><\/h3>\n<h3>Une haute visibilit\u00e9 le jour et la nuit<\/h3>\n<p>La s\u00e9rie OHN offre un affichage visuel clair et lumineux avec une luminosit\u00e9 de 3000 nits pour un usage 24\/7. Avec ses capteurs int\u00e9gr\u00e9s la luminosit\u00e9 de l&rsquo;\u00e9cran s&rsquo;ajuste automatiquement en fonction de l&rsquo;environnement, \u00e9conomisant ainsi la consommation \u00e9nerg\u00e9tique de l&rsquo;\u00e9cran.<\/p>\n<\/div>\n<\/div>","protected":false},"featured_media":15530,"template":"","meta":{"_acf_changed":false},"product_brand":[],"product_cat":[193],"product_tag":[],"class_list":{"0":"post-15252","1":"product","2":"type-product","3":"status-publish","4":"has-post-thumbnail","6":"product_cat-outdoor","8":"first","9":"instock","10":"purchasable","11":"product-type-simple"},"acf":[],"_links":{"self":[{"href":"https:\/\/www.ynova.be\/en\/wp-json\/wp\/v2\/product\/15252","targetHints":{"allow":["GET"]}}],"collection":[{"href":"https:\/\/www.ynova.be\/en\/wp-json\/wp\/v2\/product"}],"about":[{"href":"https:\/\/www.ynova.be\/en\/wp-json\/wp\/v2\/types\/product"}],"version-history":[{"count":0,"href":"https:\/\/www.ynova.be\/en\/wp-json\/wp\/v2\/product\/15252\/revisions"}],"wp:featuredmedia":[{"embeddable":true,"href":"https:\/\/www.ynova.be\/en\/wp-json\/wp\/v2\/media\/15530"}],"wp:attachment":[{"href":"https:\/\/www.ynova.be\/en\/wp-json\/wp\/v2\/media?parent=15252"}],"wp:term":[{"taxonomy":"product_brand","embeddable":true,"href":"https:\/\/www.ynova.be\/en\/wp-json\/wp\/v2\/product_brand?post=15252"},{"taxonomy":"product_cat","embeddable":true,"href":"https:\/\/www.ynova.be\/en\/wp-json\/wp\/v2\/product_cat?post=15252"},{"taxonomy":"product_tag","embeddable":true,"href":"https:\/\/www.ynova.be\/en\/wp-json\/wp\/v2\/product_tag?post=15252"}],"curies":[{"name":"wp","href":"https:\/\/api.w.org\/{rel}","templated":true}]}}