{"id":15250,"date":"2020-03-25T12:31:18","date_gmt":"2020-03-25T11:31:18","guid":{"rendered":"https:\/\/www.ynova.be\/produit\/samsung-oh75f-outdoor\/"},"modified":"2022-09-13T16:21:19","modified_gmt":"2022-09-13T14:21:19","slug":"samsung-oh75f-outdoor","status":"publish","type":"product","link":"https:\/\/www.ynova.be\/en\/product\/samsung-oh75f-outdoor\/","title":{"rendered":"Samsung OH75F outdoor"},"content":{"rendered":"<div data-elementor-type=\"product-post\" data-elementor-id=\"15250\" class=\"elementor elementor-15250\" data-elementor-post-type=\"product\">\n\t\t\t\t\t\t<section class=\"elementor-section elementor-top-section elementor-element elementor-element-0dac525 elementor-section-boxed elementor-section-height-default elementor-section-height-default\" data-id=\"0dac525\" data-element_type=\"section\" data-e-type=\"section\" data-settings=\"{&quot;ekit_has_onepagescroll_dot&quot;:&quot;yes&quot;}\">\n\t\t\t\t\t\t<div class=\"elementor-container elementor-column-gap-default\">\n\t\t\t\t\t<div class=\"elementor-column elementor-col-100 elementor-top-column elementor-element elementor-element-8f61909\" data-id=\"8f61909\" data-element_type=\"column\" data-e-type=\"column\">\n\t\t\t<div class=\"elementor-widget-wrap elementor-element-populated\">\n\t\t\t\t\t\t<div class=\"elementor-element elementor-element-2b41a0b elementor-widget elementor-widget-text-editor\" data-id=\"2b41a0b\" data-element_type=\"widget\" data-e-type=\"widget\" data-settings=\"{&quot;ekit_we_effect_on&quot;:&quot;none&quot;}\" data-widget_type=\"text-editor.default\">\n\t\t\t\t<div class=\"elementor-widget-container\">\n\t\t\t\t\t\t\t\t\t<div class=\"g-h-box\"><h2 class=\"h-page\">FEATURES<\/h2><\/div><div class=\"featureWrap\"><div class=\"product-detail el-motion el-active\"><div class=\"inner-box\"><p class=\"tit\">Signalisation ext\u00e9rieure avec installation et entretien simplifi\u00e9s, ainsi qu&rsquo;une gamme globale de caract\u00e9ristiques pr\u00e9assembl\u00e9es<\/p><\/div><\/div><\/div>\t\t\t\t\t\t\t\t<\/div>\n\t\t\t\t<\/div>\n\t\t\t\t\t<\/div>\n\t\t<\/div>\n\t\t\t\t\t<\/div>\n\t\t<\/section>\n\t\t\t\t<section class=\"elementor-section elementor-top-section elementor-element elementor-element-128ec64 elementor-section-boxed elementor-section-height-default elementor-section-height-default\" data-id=\"128ec64\" data-element_type=\"section\" data-e-type=\"section\" data-settings=\"{&quot;ekit_has_onepagescroll_dot&quot;:&quot;yes&quot;}\">\n\t\t\t\t\t\t<div class=\"elementor-container elementor-column-gap-default\">\n\t\t\t\t\t<div class=\"elementor-column elementor-col-50 elementor-top-column elementor-element elementor-element-1c7f8ba\" data-id=\"1c7f8ba\" data-element_type=\"column\" data-e-type=\"column\">\n\t\t\t<div class=\"elementor-widget-wrap elementor-element-populated\">\n\t\t\t\t\t\t<div class=\"elementor-element elementor-element-bfa420a elementor-widget elementor-widget-text-editor\" data-id=\"bfa420a\" data-element_type=\"widget\" data-e-type=\"widget\" data-settings=\"{&quot;ekit_we_effect_on&quot;:&quot;none&quot;}\" data-widget_type=\"text-editor.default\">\n\t\t\t\t<div class=\"elementor-widget-container\">\n\t\t\t\t\t\t\t\t\t<p class=\"txt\">La s\u00e9rie OHF est install\u00e9e de mani\u00e8re pratique et facile, con\u00e7ue et exploit\u00e9e avec une solution tout-en-un mince, qui est livr\u00e9e dans un ensemble qui comprend une protection d&rsquo;entr\u00e9e, une technologie antireflet, une bo\u00eete d&rsquo;alimentation int\u00e9gr\u00e9e, une protection contre le vandalisme et un syst\u00e8me de refroidissement tr\u00e8s efficace.<\/p><p class=\"txt\">En outre, la bo\u00eete d&rsquo;alimentation int\u00e9gr\u00e9e aide \u00e0 condenser les composants op\u00e9rationnels au point o\u00f9 une profondeur ultra mince de 85 mm* peut \u00eatre atteinte, tandis que la fonctionnalit\u00e9 du concentrateur r\u00e9seau int\u00e9gr\u00e9 permet une connexion simple et une installation facile.<\/p><div class=\"txt-wrap\"><p class=\"txt\">* Profondeur de 85 mm : 46&Prime;, 55&Prime; uniquement<\/p><\/div>\t\t\t\t\t\t\t\t<\/div>\n\t\t\t\t<\/div>\n\t\t\t\t\t<\/div>\n\t\t<\/div>\n\t\t\t\t<div class=\"elementor-column elementor-col-50 elementor-top-column elementor-element elementor-element-a30f8b4\" data-id=\"a30f8b4\" data-element_type=\"column\" data-e-type=\"column\">\n\t\t\t<div class=\"elementor-widget-wrap elementor-element-populated\">\n\t\t\t\t\t\t<div class=\"elementor-element elementor-element-402b2ee elementor-widget elementor-widget-image\" data-id=\"402b2ee\" data-element_type=\"widget\" data-e-type=\"widget\" data-settings=\"{&quot;ekit_we_effect_on&quot;:&quot;none&quot;}\" data-widget_type=\"image.default\">\n\t\t\t\t<div class=\"elementor-widget-container\">\n\t\t\t\t\t\t\t\t\t\t\t\t\t\t\t<img fetchpriority=\"high\" decoding=\"async\" width=\"768\" height=\"410\" src=\"https:\/\/www.ynova.be\/wp-content\/uploads\/2020\/03\/ohf_01.jpg\" class=\"attachment-large size-large wp-image-30391\" alt=\"Image \u00e9cran sans pied\" srcset=\"https:\/\/www.ynova.be\/wp-content\/uploads\/2020\/03\/ohf_01.jpg 768w, https:\/\/www.ynova.be\/wp-content\/uploads\/2020\/03\/ohf_01-350x187.jpg 350w, https:\/\/www.ynova.be\/wp-content\/uploads\/2020\/03\/ohf_01-64x34.jpg 64w, https:\/\/www.ynova.be\/wp-content\/uploads\/2020\/03\/ohf_01-250x133.jpg 250w, https:\/\/www.ynova.be\/wp-content\/uploads\/2020\/03\/ohf_01-600x320.jpg 600w, https:\/\/www.ynova.be\/wp-content\/uploads\/2020\/03\/ohf_01-18x10.jpg 18w\" sizes=\"(max-width: 768px) 100vw, 768px\" \/>\t\t\t\t\t\t\t\t\t\t\t\t\t\t\t<\/div>\n\t\t\t\t<\/div>\n\t\t\t\t\t<\/div>\n\t\t<\/div>\n\t\t\t\t\t<\/div>\n\t\t<\/section>\n\t\t\t\t<section class=\"elementor-section elementor-top-section elementor-element elementor-element-d43537c elementor-section-boxed elementor-section-height-default elementor-section-height-default\" data-id=\"d43537c\" data-element_type=\"section\" data-e-type=\"section\" data-settings=\"{&quot;ekit_has_onepagescroll_dot&quot;:&quot;yes&quot;}\">\n\t\t\t\t\t\t<div class=\"elementor-container elementor-column-gap-default\">\n\t\t\t\t\t<div class=\"elementor-column elementor-col-100 elementor-top-column elementor-element elementor-element-ca11dce\" data-id=\"ca11dce\" data-element_type=\"column\" data-e-type=\"column\">\n\t\t\t<div class=\"elementor-widget-wrap elementor-element-populated\">\n\t\t\t\t\t\t<div class=\"elementor-element elementor-element-1ab5a14 elementor-widget elementor-widget-text-editor\" data-id=\"1ab5a14\" data-element_type=\"widget\" data-e-type=\"widget\" data-settings=\"{&quot;ekit_we_effect_on&quot;:&quot;none&quot;}\" data-widget_type=\"text-editor.default\">\n\t\t\t\t<div class=\"elementor-widget-container\">\n\t\t\t\t\t\t\t\t\t<div class=\"g-h-box\"><h3 class=\"tit\">Niveau d&rsquo;endurance robuste IK10* contre les impacts externes<\/h3><\/div>\t\t\t\t\t\t\t\t<\/div>\n\t\t\t\t<\/div>\n\t\t\t\t\t<\/div>\n\t\t<\/div>\n\t\t\t\t\t<\/div>\n\t\t<\/section>\n\t\t\t\t<section class=\"elementor-section elementor-top-section elementor-element elementor-element-f8fb02e elementor-section-boxed elementor-section-height-default elementor-section-height-default\" data-id=\"f8fb02e\" data-element_type=\"section\" data-e-type=\"section\" data-settings=\"{&quot;ekit_has_onepagescroll_dot&quot;:&quot;yes&quot;}\">\n\t\t\t\t\t\t<div class=\"elementor-container elementor-column-gap-default\">\n\t\t\t\t\t<div class=\"elementor-column elementor-col-50 elementor-top-column elementor-element elementor-element-c21ce80\" data-id=\"c21ce80\" data-element_type=\"column\" data-e-type=\"column\">\n\t\t\t<div class=\"elementor-widget-wrap elementor-element-populated\">\n\t\t\t\t\t\t<div class=\"elementor-element elementor-element-9ca15eb elementor-widget elementor-widget-image\" data-id=\"9ca15eb\" data-element_type=\"widget\" data-e-type=\"widget\" data-settings=\"{&quot;ekit_we_effect_on&quot;:&quot;none&quot;}\" data-widget_type=\"image.default\">\n\t\t\t\t<div class=\"elementor-widget-container\">\n\t\t\t\t\t\t\t\t\t\t\t\t\t\t\t<img decoding=\"async\" width=\"768\" height=\"410\" src=\"https:\/\/www.ynova.be\/wp-content\/uploads\/2020\/03\/ohf_02.jpg\" class=\"attachment-large size-large wp-image-30392\" alt=\"image \u00e9cran r\u00e9sistance\" srcset=\"https:\/\/www.ynova.be\/wp-content\/uploads\/2020\/03\/ohf_02.jpg 768w, https:\/\/www.ynova.be\/wp-content\/uploads\/2020\/03\/ohf_02-350x187.jpg 350w, https:\/\/www.ynova.be\/wp-content\/uploads\/2020\/03\/ohf_02-64x34.jpg 64w, https:\/\/www.ynova.be\/wp-content\/uploads\/2020\/03\/ohf_02-250x133.jpg 250w, https:\/\/www.ynova.be\/wp-content\/uploads\/2020\/03\/ohf_02-600x320.jpg 600w, https:\/\/www.ynova.be\/wp-content\/uploads\/2020\/03\/ohf_02-18x10.jpg 18w\" sizes=\"(max-width: 768px) 100vw, 768px\" \/>\t\t\t\t\t\t\t\t\t\t\t\t\t\t\t<\/div>\n\t\t\t\t<\/div>\n\t\t\t\t\t<\/div>\n\t\t<\/div>\n\t\t\t\t<div class=\"elementor-column elementor-col-50 elementor-top-column elementor-element elementor-element-576d8c5\" data-id=\"576d8c5\" data-element_type=\"column\" data-e-type=\"column\">\n\t\t\t<div class=\"elementor-widget-wrap elementor-element-populated\">\n\t\t\t\t\t\t<div class=\"elementor-element elementor-element-e198988 elementor-widget elementor-widget-text-editor\" data-id=\"e198988\" data-element_type=\"widget\" data-e-type=\"widget\" data-settings=\"{&quot;ekit_we_effect_on&quot;:&quot;none&quot;}\" data-widget_type=\"text-editor.default\">\n\t\t\t\t<div class=\"elementor-widget-container\">\n\t\t\t\t\t\t\t\t\t<p class=\"txt\">Une protection avanc\u00e9e de l&rsquo;\u00e9cran est fournie gr\u00e2ce au verre magique tremp\u00e9 de 5 mm (0,19 po) dot\u00e9 d&rsquo;une durabilit\u00e9 certifi\u00e9e IK10 (test de r\u00e9sistance europ\u00e9en), faisant davantage r\u00e9f\u00e9rence \u00e0 son niveau de r\u00e9sistance robuste qui peut supporter des impacts externes.<\/p><p class=\"txt\">En outre, un \u00e9cart entre le Magic Glass et le panneau LCD emp\u00eache la rupture de l&rsquo;\u00e9cran LCD lorsque le verre de protection est cass\u00e9.<\/p><p>*La cote IK fait r\u00e9f\u00e9rence au degr\u00e9 de r\u00e9sistance aux impacts externes sur une \u00e9chelle de 0 \u00e0 10, o\u00f9 10 indique le niveau de protection le plus \u00e9lev\u00e9.<\/p>\t\t\t\t\t\t\t\t<\/div>\n\t\t\t\t<\/div>\n\t\t\t\t\t<\/div>\n\t\t<\/div>\n\t\t\t\t\t<\/div>\n\t\t<\/section>\n\t\t\t\t<section class=\"elementor-section elementor-top-section elementor-element elementor-element-095cbd6 elementor-section-boxed elementor-section-height-default elementor-section-height-default\" data-id=\"095cbd6\" data-element_type=\"section\" data-e-type=\"section\" data-settings=\"{&quot;ekit_has_onepagescroll_dot&quot;:&quot;yes&quot;}\">\n\t\t\t\t\t\t<div class=\"elementor-container elementor-column-gap-default\">\n\t\t\t\t\t<div class=\"elementor-column elementor-col-100 elementor-top-column elementor-element elementor-element-df438e4\" data-id=\"df438e4\" data-element_type=\"column\" data-e-type=\"column\">\n\t\t\t<div class=\"elementor-widget-wrap elementor-element-populated\">\n\t\t\t\t\t\t<div class=\"elementor-element elementor-element-4a2e4db elementor-widget elementor-widget-text-editor\" data-id=\"4a2e4db\" data-element_type=\"widget\" data-e-type=\"widget\" data-settings=\"{&quot;ekit_we_effect_on&quot;:&quot;none&quot;}\" data-widget_type=\"text-editor.default\">\n\t\t\t\t<div class=\"elementor-widget-container\">\n\t\t\t\t\t\t\t\t\t<div class=\"g-h-box\"><h3 class=\"tit\">Captiver le public avec une excellente visibilit\u00e9<\/h3><\/div>\t\t\t\t\t\t\t\t<\/div>\n\t\t\t\t<\/div>\n\t\t\t\t\t<\/div>\n\t\t<\/div>\n\t\t\t\t\t<\/div>\n\t\t<\/section>\n\t\t\t\t<section class=\"elementor-section elementor-top-section elementor-element elementor-element-84ef130 elementor-section-boxed elementor-section-height-default elementor-section-height-default\" data-id=\"84ef130\" data-element_type=\"section\" data-e-type=\"section\" data-settings=\"{&quot;ekit_has_onepagescroll_dot&quot;:&quot;yes&quot;}\">\n\t\t\t\t\t\t<div class=\"elementor-container elementor-column-gap-default\">\n\t\t\t\t\t<div class=\"elementor-column elementor-col-50 elementor-top-column elementor-element elementor-element-1ee226a\" data-id=\"1ee226a\" data-element_type=\"column\" data-e-type=\"column\">\n\t\t\t<div class=\"elementor-widget-wrap elementor-element-populated\">\n\t\t\t\t\t\t<div class=\"elementor-element elementor-element-60d1664 elementor-widget elementor-widget-text-editor\" data-id=\"60d1664\" data-element_type=\"widget\" data-e-type=\"widget\" data-settings=\"{&quot;ekit_we_effect_on&quot;:&quot;none&quot;}\" data-widget_type=\"text-editor.default\">\n\t\t\t\t<div class=\"elementor-widget-container\">\n\t\t\t\t\t\t\t\t\t<h4 class=\"tit f-d3\">Pr\u00e9vention de la r\u00e9flexion<\/h4><p class=\"txt\">Une plus grande visibilit\u00e9 du contenu est obtenue sous une combinaison de luminosit\u00e9 \u00e9lev\u00e9e, de r\u00e9flexion plus faible et de rapport de contraste \u00e9lev\u00e9. Le verre magique de la s\u00e9rie OHF qui se trouve devant les panneaux LCD des \u00e9crans \u00e9limine le reflet du verre de protection, rendant les images affich\u00e9es plus riches et plus claires sous la lumi\u00e8re directe du soleil.<\/p><p>\u00a0<\/p><p>\u00a0<\/p>\t\t\t\t\t\t\t\t<\/div>\n\t\t\t\t<\/div>\n\t\t\t\t\t<\/div>\n\t\t<\/div>\n\t\t\t\t<div class=\"elementor-column elementor-col-50 elementor-top-column elementor-element elementor-element-fbcd114\" data-id=\"fbcd114\" data-element_type=\"column\" data-e-type=\"column\">\n\t\t\t<div class=\"elementor-widget-wrap elementor-element-populated\">\n\t\t\t\t\t\t<div class=\"elementor-element elementor-element-b95701e elementor-widget elementor-widget-image\" data-id=\"b95701e\" data-element_type=\"widget\" data-e-type=\"widget\" data-settings=\"{&quot;ekit_we_effect_on&quot;:&quot;none&quot;}\" data-widget_type=\"image.default\">\n\t\t\t\t<div class=\"elementor-widget-container\">\n\t\t\t\t\t\t\t\t\t\t\t\t\t\t\t<img decoding=\"async\" width=\"768\" height=\"410\" src=\"https:\/\/www.ynova.be\/wp-content\/uploads\/2020\/03\/ohf_04.jpg\" class=\"attachment-large size-large wp-image-30393\" alt=\"\" srcset=\"https:\/\/www.ynova.be\/wp-content\/uploads\/2020\/03\/ohf_04.jpg 768w, https:\/\/www.ynova.be\/wp-content\/uploads\/2020\/03\/ohf_04-350x187.jpg 350w, https:\/\/www.ynova.be\/wp-content\/uploads\/2020\/03\/ohf_04-64x34.jpg 64w, https:\/\/www.ynova.be\/wp-content\/uploads\/2020\/03\/ohf_04-250x133.jpg 250w, https:\/\/www.ynova.be\/wp-content\/uploads\/2020\/03\/ohf_04-600x320.jpg 600w, https:\/\/www.ynova.be\/wp-content\/uploads\/2020\/03\/ohf_04-18x10.jpg 18w\" sizes=\"(max-width: 768px) 100vw, 768px\" \/>\t\t\t\t\t\t\t\t\t\t\t\t\t\t\t<\/div>\n\t\t\t\t<\/div>\n\t\t\t\t\t<\/div>\n\t\t<\/div>\n\t\t\t\t\t<\/div>\n\t\t<\/section>\n\t\t\t\t<section class=\"elementor-section elementor-top-section elementor-element elementor-element-4d7d80f elementor-section-boxed elementor-section-height-default elementor-section-height-default\" data-id=\"4d7d80f\" data-element_type=\"section\" data-e-type=\"section\" data-settings=\"{&quot;ekit_has_onepagescroll_dot&quot;:&quot;yes&quot;}\">\n\t\t\t\t\t\t<div class=\"elementor-container elementor-column-gap-default\">\n\t\t\t\t\t<div class=\"elementor-column elementor-col-50 elementor-top-column elementor-element elementor-element-a2d7a96\" data-id=\"a2d7a96\" data-element_type=\"column\" data-e-type=\"column\">\n\t\t\t<div class=\"elementor-widget-wrap elementor-element-populated\">\n\t\t\t\t\t\t<div class=\"elementor-element elementor-element-2ab9278 elementor-widget elementor-widget-image\" data-id=\"2ab9278\" data-element_type=\"widget\" data-e-type=\"widget\" data-settings=\"{&quot;ekit_we_effect_on&quot;:&quot;none&quot;}\" data-widget_type=\"image.default\">\n\t\t\t\t<div class=\"elementor-widget-container\">\n\t\t\t\t\t\t\t\t\t\t\t\t\t\t\t<img loading=\"lazy\" decoding=\"async\" width=\"580\" height=\"310\" src=\"https:\/\/www.ynova.be\/wp-content\/uploads\/2020\/03\/be_fr-feature-outdoor-ohf-series-lh55ohfpkbc-en-61026224.jpg\" class=\"attachment-large size-large wp-image-30379\" alt=\"image \u00e9cran et sont utilisation\" srcset=\"https:\/\/www.ynova.be\/wp-content\/uploads\/2020\/03\/be_fr-feature-outdoor-ohf-series-lh55ohfpkbc-en-61026224.jpg 580w, https:\/\/www.ynova.be\/wp-content\/uploads\/2020\/03\/be_fr-feature-outdoor-ohf-series-lh55ohfpkbc-en-61026224-350x187.jpg 350w, https:\/\/www.ynova.be\/wp-content\/uploads\/2020\/03\/be_fr-feature-outdoor-ohf-series-lh55ohfpkbc-en-61026224-64x34.jpg 64w, https:\/\/www.ynova.be\/wp-content\/uploads\/2020\/03\/be_fr-feature-outdoor-ohf-series-lh55ohfpkbc-en-61026224-250x134.jpg 250w, https:\/\/www.ynova.be\/wp-content\/uploads\/2020\/03\/be_fr-feature-outdoor-ohf-series-lh55ohfpkbc-en-61026224-18x10.jpg 18w\" sizes=\"(max-width: 580px) 100vw, 580px\" \/>\t\t\t\t\t\t\t\t\t\t\t\t\t\t\t<\/div>\n\t\t\t\t<\/div>\n\t\t\t\t\t<\/div>\n\t\t<\/div>\n\t\t\t\t<div class=\"elementor-column elementor-col-50 elementor-top-column elementor-element elementor-element-bc19163\" data-id=\"bc19163\" data-element_type=\"column\" data-e-type=\"column\">\n\t\t\t<div class=\"elementor-widget-wrap elementor-element-populated\">\n\t\t\t\t\t\t<div class=\"elementor-element elementor-element-920a165 elementor-widget elementor-widget-text-editor\" data-id=\"920a165\" data-element_type=\"widget\" data-e-type=\"widget\" data-settings=\"{&quot;ekit_we_effect_on&quot;:&quot;none&quot;}\" data-widget_type=\"text-editor.default\">\n\t\t\t\t<div class=\"elementor-widget-container\">\n\t\t\t\t\t\t\t\t\t<h3 class=\"tit\">Fonctionne de mani\u00e8re fiable dans pratiquement n&rsquo;importe quel environnement<\/h3><p class=\"tit f-d3\">Pour faire face \u00e0 la poussi\u00e8re, \u00e0 l&rsquo;humidit\u00e9 et \u00e0 d&rsquo;autres variables environnementales qui peuvent endommager votre signalisation ext\u00e9rieure et entraver le fonctionnement, la s\u00e9rie OHF assure un niveau \u00e9lev\u00e9 de d\u00e9fense d&rsquo;entr\u00e9e avec une protection de niveau IP56 qui s&rsquo;\u00e9tend sur l&rsquo;ensemble de l&rsquo;\u00e9cran. Comme la chaleur est un facteur majeur d\u00fb \u00e0 l&rsquo;exposition de la signalisation ext\u00e9rieure \u00e0 la lumi\u00e8re du soleil, le fonctionnement de la s\u00e9rie OHF a \u00e9t\u00e9 rendu possible \u00e0 des temp\u00e9ratures allant de -30 \u00b0C (-22 \u00b0F) \u00e0 50 \u00b0C (122 \u00b0F) gr\u00e2ce \u00e0 un syst\u00e8me d&rsquo;auto-refroidissement, permettant un niveau de durabilit\u00e9 qui peut soutenir les op\u00e9rations 24<\/p>\t\t\t\t\t\t\t\t<\/div>\n\t\t\t\t<\/div>\n\t\t\t\t\t<\/div>\n\t\t<\/div>\n\t\t\t\t\t<\/div>\n\t\t<\/section>\n\t\t\t\t<section class=\"elementor-section elementor-top-section elementor-element elementor-element-c361ef2 elementor-section-boxed elementor-section-height-default elementor-section-height-default\" data-id=\"c361ef2\" data-element_type=\"section\" data-e-type=\"section\" data-settings=\"{&quot;ekit_has_onepagescroll_dot&quot;:&quot;yes&quot;}\">\n\t\t\t\t\t\t<div class=\"elementor-container elementor-column-gap-default\">\n\t\t\t\t\t<div class=\"elementor-column elementor-col-50 elementor-top-column elementor-element elementor-element-d71caa4\" data-id=\"d71caa4\" data-element_type=\"column\" data-e-type=\"column\">\n\t\t\t<div class=\"elementor-widget-wrap elementor-element-populated\">\n\t\t\t\t\t\t<div class=\"elementor-element elementor-element-10f63b0 elementor-widget elementor-widget-text-editor\" data-id=\"10f63b0\" data-element_type=\"widget\" data-e-type=\"widget\" data-settings=\"{&quot;ekit_we_effect_on&quot;:&quot;none&quot;}\" data-widget_type=\"text-editor.default\">\n\t\t\t\t<div class=\"elementor-widget-container\">\n\t\t\t\t\t\t\t\t\t<h3 class=\"tit\">Offrant des options robustes pour la cr\u00e9ation de contenu, des outils de gestion<\/h3><p>Le MagicInfo Player S4 de Samsung donne aux utilisateurs un nouveau moteur graphique appliqu\u00e9 \u00e0 leur signalisation qui augmente les performances globales de l&rsquo;affichage tout en assurant une transition transparente du contenu. Il fonctionne \u00e9galement comme une solution de gestion de contenu avanc\u00e9e qui peut vous permettre de lire des fichiers multim\u00e9dias, de d\u00e9finir et de modifier des calendriers de lecture multim\u00e9dia, et bien plus encore. MagicInfo Player S4 est suffisamment robuste pour permettre aux grandes organisations de g\u00e9rer plusieurs panneaux num\u00e9riques via un seul serveur int\u00e9gr\u00e9 et de le surveiller et de le g\u00e9rer \u00e0 distance \u00e0 partir d&rsquo;un emplacement centralis\u00e9.<\/p>\t\t\t\t\t\t\t\t<\/div>\n\t\t\t\t<\/div>\n\t\t\t\t\t<\/div>\n\t\t<\/div>\n\t\t\t\t<div class=\"elementor-column elementor-col-50 elementor-top-column elementor-element elementor-element-163c56d\" data-id=\"163c56d\" data-element_type=\"column\" data-e-type=\"column\">\n\t\t\t<div class=\"elementor-widget-wrap elementor-element-populated\">\n\t\t\t\t\t\t<div class=\"elementor-element elementor-element-80ed9b7 elementor-widget elementor-widget-image\" data-id=\"80ed9b7\" data-element_type=\"widget\" data-e-type=\"widget\" data-settings=\"{&quot;ekit_we_effect_on&quot;:&quot;none&quot;}\" data-widget_type=\"image.default\">\n\t\t\t\t<div class=\"elementor-widget-container\">\n\t\t\t\t\t\t\t\t\t\t\t\t\t\t\t<img loading=\"lazy\" decoding=\"async\" width=\"580\" height=\"310\" src=\"https:\/\/www.ynova.be\/wp-content\/uploads\/2020\/03\/TIZEN.jpg\" class=\"attachment-large size-large wp-image-30380\" alt=\"image puissance de l&#039;\u00e9cran\" srcset=\"https:\/\/www.ynova.be\/wp-content\/uploads\/2020\/03\/TIZEN.jpg 580w, https:\/\/www.ynova.be\/wp-content\/uploads\/2020\/03\/TIZEN-350x187.jpg 350w, https:\/\/www.ynova.be\/wp-content\/uploads\/2020\/03\/TIZEN-64x34.jpg 64w, https:\/\/www.ynova.be\/wp-content\/uploads\/2020\/03\/TIZEN-250x134.jpg 250w, https:\/\/www.ynova.be\/wp-content\/uploads\/2020\/03\/TIZEN-18x10.jpg 18w\" sizes=\"(max-width: 580px) 100vw, 580px\" \/>\t\t\t\t\t\t\t\t\t\t\t\t\t\t\t<\/div>\n\t\t\t\t<\/div>\n\t\t\t\t\t<\/div>\n\t\t<\/div>\n\t\t\t\t\t<\/div>\n\t\t<\/section>\n\t\t\t\t<\/div>","protected":false},"excerpt":{"rendered":"<div class=\"g-title renewal-g-title\">\n<h2><span class=\"g-title-inner\">OH75F<\/span><\/h2>\n<p class=\"copy\">Une puissante solution de signalisation ext\u00e9rieure tout compris dot\u00e9e d&rsquo;une bo\u00eete d&rsquo;alimentation int\u00e9gr\u00e9e.<\/p>\n<\/div>\n<div class=\"renewal-pro-explain-wrap\">\n<ul class=\"pro-explain renewal-pro-explain\">\n<li>Solution tout-en-un avec une bo\u00eete d&rsquo;alimentation int\u00e9gr\u00e9e et un concentrateur r\u00e9seau<\/li>\n<li>Un niveau d&rsquo;endurance optimal \u00e9quivalent \u00e0 IK10 et une durabilit\u00e9 suppl\u00e9mentaire avec une protection d&rsquo;entr\u00e9e IP56<\/li>\n<li>Un syst\u00e8me d&rsquo;auto-refroidissement sans filtre permettant un entretien facile et une r\u00e9duction du co\u00fbt total de possession<\/li>\n<li>Excellente visibilit\u00e9 sous la lumi\u00e8re directe du soleil gr\u00e2ce \u00e0 un verre antireflet et haute luminosit\u00e9 de 2 500 ni<\/li>\n<li>Une solution de gestion de contenu avanc\u00e9e via SSSP 4.0 aliment\u00e9e par TIZEN<\/li>\n<\/ul>\n<\/div>","protected":false},"featured_media":15544,"template":"","meta":{"_acf_changed":false},"product_brand":[],"product_cat":[193],"product_tag":[],"class_list":{"0":"post-15250","1":"product","2":"type-product","3":"status-publish","4":"has-post-thumbnail","6":"product_cat-outdoor","8":"first","9":"instock","10":"purchasable","11":"product-type-simple"},"acf":[],"_links":{"self":[{"href":"https:\/\/www.ynova.be\/en\/wp-json\/wp\/v2\/product\/15250","targetHints":{"allow":["GET"]}}],"collection":[{"href":"https:\/\/www.ynova.be\/en\/wp-json\/wp\/v2\/product"}],"about":[{"href":"https:\/\/www.ynova.be\/en\/wp-json\/wp\/v2\/types\/product"}],"version-history":[{"count":0,"href":"https:\/\/www.ynova.be\/en\/wp-json\/wp\/v2\/product\/15250\/revisions"}],"wp:featuredmedia":[{"embeddable":true,"href":"https:\/\/www.ynova.be\/en\/wp-json\/wp\/v2\/media\/15544"}],"wp:attachment":[{"href":"https:\/\/www.ynova.be\/en\/wp-json\/wp\/v2\/media?parent=15250"}],"wp:term":[{"taxonomy":"product_brand","embeddable":true,"href":"https:\/\/www.ynova.be\/en\/wp-json\/wp\/v2\/product_brand?post=15250"},{"taxonomy":"product_cat","embeddable":true,"href":"https:\/\/www.ynova.be\/en\/wp-json\/wp\/v2\/product_cat?post=15250"},{"taxonomy":"product_tag","embeddable":true,"href":"https:\/\/www.ynova.be\/en\/wp-json\/wp\/v2\/product_tag?post=15250"}],"curies":[{"name":"wp","href":"https:\/\/api.w.org\/{rel}","templated":true}]}}