{"id":15239,"date":"2020-03-25T12:31:09","date_gmt":"2020-03-25T11:31:09","guid":{"rendered":"https:\/\/www.ynova.be\/produit\/samsung-vh55r-r-videowall\/"},"modified":"2022-06-10T14:45:36","modified_gmt":"2022-06-10T12:45:36","slug":"samsung-vh55r-r-videowall","status":"publish","type":"product","link":"https:\/\/www.ynova.be\/en\/product\/samsung-vh55r-r-videowall\/","title":{"rendered":"Samsung VH55R-R \u2013 videowall"},"content":{"rendered":"<div class=\"g-h-box\">\n<h2 class=\"h-page\" style=\"text-align: center;\"><span>Fonctionnalit\u00e9s VH55R-R<\/span><\/h2>\n<\/div>\n<div class=\"featureWrap\">\n<div class=\"product-detail el-motion el-active\" style=\"text-align: center;\">\n<div class=\"inner-box\">\n<h3 class=\"tit\">Murs vid\u00e9o sans couture avec des cadres ultra-minces<\/h3>\n<p class=\"txt\">Avec un cadre exceptionnellement \u00e9troit mesurant seulement 0,44 mm et \u00e9quip\u00e9 de la technologie avanc\u00e9e d&rsquo;am\u00e9lioration de l&rsquo;image de Samsung ainsi que de larges angles de vision, le VHR-R offre une exp\u00e9rience percutante et transparente.\u00a0Son design moderne et mince permet \u00e0 l&rsquo;\u00e9cran de se fondre dans n&rsquo;importe quel environnement professionnel.<\/p>\n<p class=\"img\"><img decoding=\"async\" class=\"el-img-active\" src=\"https:\/\/displaysolutions.samsung.com\/static\/images\/feature_new\/ss\/video-wall\/vhr-r_01.jpg\" alt=\"Murs vid\u00e9o sans couture avec des cadres ultra-minces\" \/><\/p>\n<\/div>\n<\/div>\n<div class=\"product-detail el-motion el-active\" style=\"text-align: center;\">\n<div class=\"inner-box\">\n<h3 class=\"tit\">Lunette presque invisible de 0,44 mm<\/h3>\n<p class=\"txt\">Un cadre uniforme exceptionnellement fin de 0,44 mm &#8211; une profondeur de cadre \u00e0 cadre de 0,88 mm &#8211; permet de diffuser le contenu sous la forme d&rsquo;une image homog\u00e8ne.\u00a0De plus, l&rsquo;\u00e9cran aide \u00e0 \u00e9liminer toute distorsion potentielle de l&rsquo;image et offre une exp\u00e9rience visuelle plus immersive.<\/p>\n<p>&nbsp;<\/p>\n<p class=\"img\"><img decoding=\"async\" class=\"el-img-active\" src=\"https:\/\/displaysolutions.samsung.com\/static\/images\/feature_new\/ss\/video-wall\/vhr-r_02.jpg\" alt=\"Lunette presque invisible de 0,44 mm\" \/><\/p>\n<\/div>\n<\/div>\n<div class=\"product-detail el-motion el-active\" style=\"text-align: center;\">\n<div class=\"inner-box\">\n<h3 class=\"tit\">Visualisez le contenu sous n&rsquo;importe quel angle<\/h3>\n<p class=\"txt\">Les angles de vision larges de l&rsquo;\u00e9cran signifient que le contenu est facilement visible m\u00eame si les t\u00e9l\u00e9spectateurs ne se tiennent pas directement devant l&rsquo;\u00e9cran.\u00a0Le public peut obtenir des informations claires et pr\u00e9cises, ind\u00e9pendamment de la disposition ou de l&#8217;emplacement du mur vid\u00e9o.<\/p>\n<p>&nbsp;<\/p>\n<p class=\"img\"><img decoding=\"async\" class=\"el-img-active\" src=\"https:\/\/displaysolutions.samsung.com\/static\/images\/feature_new\/ss\/video-wall\/vhr-r_03.jpg\" alt=\"Visualisez le contenu sous n'importe quel angle\" \/><\/p>\n<\/div>\n<\/div>\n<div class=\"product-detail el-motion el-active\" style=\"text-align: center;\">\n<div class=\"inner-box\">\n<h3 class=\"tit\">Technologie d&rsquo;am\u00e9lioration de l&rsquo;image<\/h3>\n<p class=\"txt\">La puissante technologie d&rsquo;am\u00e9lioration de l&rsquo;image de Samsung garantit que tout le contenu est \u00e9clatant et clair.\u00a0Avec le mode Picture Enhancer, la saturation des couleurs et le contraste sont am\u00e9lior\u00e9s en ajustant la courbe gamma.\u00a0En utilisant le mode Black Equalizer, les images sombres sont \u00e9claircies, de sorte que les d\u00e9tails sont plus faciles \u00e0 voir.<\/p>\n<p>&nbsp;<\/p>\n<p class=\"img\"><img decoding=\"async\" class=\"el-img-active\" src=\"https:\/\/displaysolutions.samsung.com\/static\/images\/feature_new\/ss\/video-wall\/vhr-r_04.jpg\" alt=\"Technologie d'am\u00e9lioration de l'image\" \/><\/p>\n<\/div>\n<\/div>\n<div class=\"product-detail el-motion el-active\" style=\"text-align: center;\">\n<div class=\"inner-box\">\n<h3 class=\"tit\">Design moderne et fin<\/h3>\n<p class=\"txt\">Les \u00e9crans VHR-R pr\u00e9sentent une esth\u00e9tique de conception \u00e9lev\u00e9e avec une profondeur ultra-mince de moins de 70 mm.\u00a0Cela permet \u00e0 l&rsquo;affichage d&rsquo;\u00e9conomiser de l&rsquo;espace et de cr\u00e9er un look propre et moderne pour les commerces de d\u00e9tail ou autres espaces publics.<\/p>\n<p>&nbsp;<\/p>\n<p class=\"img\"><img decoding=\"async\" class=\"el-img-active\" src=\"https:\/\/displaysolutions.samsung.com\/static\/images\/feature_new\/ss\/video-wall\/vhr-r_05.jpg\" alt=\"Design moderne et fin\" \/><\/p>\n<\/div>\n<\/div>\n<div class=\"product-detail el-motion el-active\" style=\"text-align: center;\">\n<div class=\"inner-box\">\n<h3 class=\"tit\">Des images \u00e9clatantes 24h\/24 et 7j\/7<\/h3>\n<p class=\"txt\">D\u00e9couvrez une pr\u00e9sentation d&rsquo;image brillante avec une luminosit\u00e9 impressionnante de 700 nit permettant aux entreprises de fournir des informations claires 24h\/24 et 7j\/7.\u00a0Les panneaux anti-\u00e9blouissants de l&rsquo;\u00e9cran offrent une meilleure visibilit\u00e9 quelle que soit la lumi\u00e8re ambiante, garantissant que les informations critiques sont toujours visibles.<\/p>\n<p>&nbsp;<\/p>\n<p class=\"img\"><img decoding=\"async\" class=\"el-img-active\" src=\"https:\/\/displaysolutions.samsung.com\/static\/images\/feature_new\/ss\/video-wall\/vhr-r_06.jpg\" alt=\"Des images \u00e9clatantes 24h\/24 et 7j\/7\" \/><\/p>\n<\/div>\n<\/div>\n<div class=\"product-detail el-motion el-active\" style=\"text-align: center;\">\n<div class=\"inner-box\">\n<h3 class=\"tit\">\u00c9talonnage mobile pratique<\/h3>\n<p class=\"txt\">La solution Color Expert Pro Mobile de Samsung permet un \u00e9talonnage rapide et facile du mur vid\u00e9o via une cam\u00e9ra mobile.\u00a0Gr\u00e2ce \u00e0 l&rsquo;interface utilisateur intuitive de la solution, m\u00eame les utilisateurs non experts peuvent r\u00e9gler simultan\u00e9ment la balance des blancs jusqu&rsquo;\u00e0 5&#215;5 du mur vid\u00e9o sans avoir besoin d&rsquo;\u00e9quipement suppl\u00e9mentaire.<\/p>\n<p>&nbsp;<\/p>\n<p class=\"img\"><img decoding=\"async\" class=\"el-img-active\" src=\"https:\/\/displaysolutions.samsung.com\/static\/images\/feature_new\/ss\/video-wall\/vhr-r_07.jpg\" alt=\"\u00c9talonnage mobile pratique\" \/><\/p>\n<p class=\"txt\">*Samsung Color Export Pro Mobile n&rsquo;est disponible que sur certains mod\u00e8les de smartphones.<\/p>\n<\/div>\n<\/div>\n<div class=\"product-detail el-motion el-active\" style=\"text-align: center;\">\n<div class=\"inner-box\">\n<h3><\/h3>\n<h3 class=\"tit\">\u00c9talonnage complet<\/h3>\n<p class=\"txt\">Le processus d&rsquo;\u00e9talonnage en usine en plusieurs \u00e9tapes de Samsung r\u00e8gle les murs vid\u00e9o pour une luminosit\u00e9 et une couleur uniformes sur plusieurs \u00e9crans.\u00a0En plus d&rsquo;un \u00e9talonnage rigoureux en usine, les utilisateurs peuvent \u00e9galement g\u00e9rer la luminosit\u00e9 et l&rsquo;uniformit\u00e9 des couleurs avec Color Expert Pro de Samsung, un puissant logiciel gratuit.<\/p>\n<p>&nbsp;<\/p>\n<p class=\"img\"><img decoding=\"async\" class=\"el-img-active\" src=\"https:\/\/displaysolutions.samsung.com\/static\/images\/feature_new\/ss\/video-wall\/vhr-r_08.jpg\" alt=\"\u00c9talonnage complet\" \/><\/p>\n<\/div>\n<\/div>\n<div class=\"product-detail el-motion el-active\" style=\"text-align: center;\">\n<div class=\"inner-box\">\n<h3 class=\"tit\">Pr\u00e9sentation UHD avanc\u00e9e<\/h3>\n<p class=\"txt\">Les murs vid\u00e9o Samsung offrent une exp\u00e9rience de visionnement UHD impressionnante avec un minimum d&rsquo;effort.\u00a0Avec une conception en guirlande utilisant les ports DisplayPort 1.2 et HDMI, l&rsquo;\u00e9cran VHR-R peut projeter du contenu UHD sur plusieurs \u00e9crans jusqu&rsquo;\u00e0 5 x 5 sans n\u00e9cessiter de carte graphique externe ou de s\u00e9parateurs UHD.<\/p>\n<p>&nbsp;<\/p>\n<p class=\"img\"><img decoding=\"async\" class=\"el-img-active\" src=\"https:\/\/displaysolutions.samsung.com\/static\/images\/feature_new\/ss\/video-wall\/vhr-r_09.jpg\" alt=\"Pr\u00e9sentation UHD avanc\u00e9e\" \/><\/p>\n<\/div>\n<\/div>\n<div class=\"product-detail el-motion el-active\" style=\"text-align: center;\">\n<div class=\"inner-box\">\n<h3 class=\"tit\">Norme de l&rsquo;industrie certifi\u00e9e VH55R-R<\/h3>\n<p class=\"txt\">La s\u00e9rie VHR-R est conforme \u00e0 la classe CEM B, garantissant un environnement de visualisation s\u00fbr en respectant les normes strictes d&rsquo;\u00e9mission d&rsquo;ondes \u00e9lectromagn\u00e9tiques.\u00a0L&#8217;emballage du pr\u00e9sentoir a \u00e9galement pass\u00e9 un test rigoureux en 4 \u00e9tapes dans un laboratoire certifi\u00e9 ISTA con\u00e7u pour minimiser les dommages possibles lors de la livraison.<\/p>\n<p>&nbsp;<\/p>\n<p class=\"img\"><img decoding=\"async\" class=\"el-img-active\" src=\"https:\/\/displaysolutions.samsung.com\/static\/images\/feature_new\/ss\/video-wall\/vhr-r_10.jpg\" alt=\"Norme de l'industrie certifi\u00e9e\" \/><\/p>\n<div class=\"txt-wrap\">\n<p class=\"txt\">* EMC : Compatibilit\u00e9 \u00e9lectromagn\u00e9tique<br \/>\n*ISTA : International Safe Transit Association<\/p>\n<\/div>\n<\/div>\n<\/div>\n<div class=\"product-detail el-motion el-active\">\n<div class=\"inner-box\">\n<h3><\/h3>\n<h3 class=\"tit\" style=\"text-align: center;\">Op\u00e9rations tout-en-un intuitives<\/h3>\n<p class=\"txt\" style=\"text-align: center;\">L&rsquo;UHD Signage Player Box combine des outils de traitement de l&rsquo;information et de gestion de contenu en une seule plate-forme, pour une simplicit\u00e9 op\u00e9rationnelle accrue.\u00a0Pesant \u00e0 peine 0,6 kg, m\u00eame avec MagicINFO S Player 6 et SSSP 6 int\u00e9gr\u00e9s, la conception compacte du bo\u00eetier en fait une solution id\u00e9ale.<\/p>\n<p>&nbsp;<\/p>\n<p class=\"img\" style=\"text-align: center;\"><img decoding=\"async\" class=\"el-img-active\" src=\"https:\/\/displaysolutions.samsung.com\/static\/images\/feature_new\/ss\/video-wall\/vhr-r_11.jpg\" alt=\"Op\u00e9rations tout-en-un intuitives\" \/><\/p>\n<div class=\"txt-wrap\">\n<p class=\"txt\" style=\"text-align: center;\">* Le Signage Player Box est vendu s\u00e9par\u00e9ment.<\/p>\n<\/div>\n<div class=\"g-spec-panel\">\n<h2 class=\"h-page\">Sp\u00e9cifications VH55R-R<\/h2>\n<h4>Panneau VH55R-R<\/h4>\n<div class=\"box-spec\">\n<ul class=\"g-list-spec\">\n<li>Taille diagonale<i>55&Prime;<\/i><\/li>\n<li>Taper<i>IPS<\/i><\/li>\n<li>R\u00e9solution<i>1920*1080 (Full HD)<\/i><\/li>\n<li>Pas de pixel(mm)<i>0,63 mm (H) * 0,63 mm (V)<\/i><\/li>\n<li>Zone d&rsquo;affichage active(mm)<i>1209,6 * 680,4 mm<\/i><\/li>\n<li>Luminosit\u00e9 (Max)<i>Max 700 nit<\/i><\/li>\n<li>Rapport de contraste<i>1100:1<\/i><\/li>\n<li>Angle de vue (H\/V)<i>178\/178<\/i><\/li>\n<li>Temps de r\u00e9ponse (G \u00e0 G)<i>8ms<\/i><\/li>\n<li>Couleurs d&rsquo;affichage<i>8 bits &#8211; 16,7 M<\/i><\/li>\n<li>Gamme de couleurs<i>72%<\/i><\/li>\n<li>Heure d&rsquo;ouverture<i>24\/7<\/i><\/li>\n<li>Brume<i>28%<\/i><\/li>\n<\/ul>\n<\/div>\n<\/div>\n<div class=\"g-spec-display _hidden_spec\">\n<h4>Affichage VH55R-R<\/h4>\n<div class=\"box-spec\">\n<ul class=\"g-list-spec\">\n<li>C\/R dynamique<i>30 000:1<\/i><\/li>\n<li>Fr\u00e9quence de balayage H<i>57,3 kHz ~ 70 kHz<\/i><\/li>\n<li>Fr\u00e9quence de balayage V<i>48Hz ~ 75Hz<\/i><\/li>\n<li>Fr\u00e9quence de pixels maximale<i>78\u00a0MHz<\/i><\/li>\n<\/ul>\n<\/div>\n<\/div>\n<div class=\"g-spec-connectivity _hidden_spec\">\n<h4>Connectivit\u00e9 VH55R-R<\/h4>\n<div class=\"box-spec\">\n<h5>Saisir<\/h5>\n<ul class=\"g-list-spec\">\n<li>RVB<i>DVI-D, Display Port 1.2<\/i><\/li>\n<li>Vid\u00e9o<i>HDMI 2.0 (2)<\/i><\/li>\n<li>HDCP<i>HDCP 2.2<\/i><\/li>\n<li>l&rsquo;audio<i>Mini-prise st\u00e9r\u00e9o<\/i><\/li>\n<li>USB<i>Mise \u00e0 niveau F\/W uniquement<\/i><\/li>\n<\/ul>\n<h5>Production<\/h5>\n<ul class=\"g-list-spec\">\n<li>RVB<i>DP1.2 (boucle)<\/i><\/li>\n<li>l&rsquo;audio<i>Mini-prise st\u00e9r\u00e9o<\/i><\/li>\n<li>Contr\u00f4le externe<i>RS232C (entr\u00e9e\/sortie), RJ45<\/i><\/li>\n<li>Capteur externe<i>Type d\u00e9tachable (IR)<\/i><\/li>\n<\/ul>\n<\/div>\n<\/div>\n<div class=\"g-spec-power _hidden_spec\">\n<h4>POWER VH55R-R<\/h4>\n<div class=\"box-spec\">\n<ul class=\"g-list-spec\">\n<li>Taper<i>Interne<\/i><\/li>\n<li>Source de courant<i>AC100-240V~, 50\/60Hz<\/i><\/li>\n<\/ul>\n<h5>Consommation d&rsquo;\u00e9nergie<\/h5>\n<ul class=\"g-list-spec\">\n<li>Max[W\/h]<i>270<\/i><\/li>\n<li>Typique[W\/h]<i>153<\/i><\/li>\n<li>BTU (maximum)<i>921<\/i><\/li>\n<li>Mode veille<i>moins de 0.5W<\/i><\/li>\n<li>Arr\u00eat<i>moins de 0.5W<\/i><\/li>\n<\/ul>\n<\/div>\n<\/div>\n<div class=\"g-spec-mechanical _hidden_spec\">\n<h4>Sp\u00e9cification m\u00e9canique VH55R-R<\/h4>\n<div class=\"box-spec\">\n<h5>Dimensions (mm)<\/h5>\n<ul class=\"g-list-spec\">\n<li>R\u00e9gler<i>1211.0 X 681.7 X 69.9<\/i><\/li>\n<li>Forfait<i>1414.0 X 844.0 X 257.0<\/i><\/li>\n<\/ul>\n<h5>poids (kg)<\/h5>\n<ul class=\"g-list-spec\">\n<li>R\u00e9gler<i>16,8\u00a0kg<\/i><\/li>\n<li>Forfait<i>25,1\u00a0kg<\/i><\/li>\n<li>Montage VESA (mm)<i>600 * 400 (mm)<\/i><\/li>\n<li>Largeur de lunette (mm)<i>0,44 mm (pair)<\/i><\/li>\n<\/ul>\n<\/div>\n<\/div>\n<div class=\"g-spec-operation _hidden_spec\">\n<h4>Op\u00e9ration<\/h4>\n<div class=\"box-spec\">\n<ul class=\"g-list-spec\">\n<li>Temp\u00e9rature de fonctionnement<i>0 \u2103 ~ 40 \u2103<\/i><\/li>\n<li>Humidit\u00e9<i>10 % ~ 80 %\u00a0\u00a0<\/i><\/li>\n<\/ul>\n<\/div>\n<\/div>\n<\/div>\n<\/div>\n<\/div>\n","protected":false},"excerpt":{"rendered":"<div class=\"g-title renewal-g-title\">\n<h2><span class=\"g-title-inner\"><span>VH55R-R<\/span><\/span><\/h2>\n<p class=\"copy\"><span>Video walls without sewing with frames, ultra-thin.<\/span><\/p>\n<\/div>\n<div class=\"renewal-pro-explain-wrap\">\n<ul class=\"pro-explain renewal-pro-explain\">\n<li><span>The design of the bezel uniform of 0.44 mm offers an image that is immersive and seamless.<\/span><\/li>\n<li><span>The viewing angles are wide to allow a presentation of clear image for most viewers in large spaces<\/span><\/li>\n<li><span>The brightness of 700 nits and the panel anti-glare feature a high visibility 24h\/24 and 7d\/7.<\/span><\/li>\n<li><span>The technology of improving the image provides visual optimized<\/span><\/li>\n<\/ul>\n<\/div>\n<div class=\"renewal-size-wrap\">\n<p class=\"tit-size\"><span>Size<\/span><\/p>\n<\/div>","protected":false},"featured_media":15381,"template":"","meta":{"_acf_changed":false},"product_brand":[],"product_cat":[118],"product_tag":[],"class_list":{"0":"post-15239","1":"product","2":"type-product","3":"status-publish","4":"has-post-thumbnail","6":"product_cat-display-videowall","8":"first","9":"instock","10":"purchasable","11":"product-type-simple"},"acf":[],"_links":{"self":[{"href":"https:\/\/www.ynova.be\/en\/wp-json\/wp\/v2\/product\/15239","targetHints":{"allow":["GET"]}}],"collection":[{"href":"https:\/\/www.ynova.be\/en\/wp-json\/wp\/v2\/product"}],"about":[{"href":"https:\/\/www.ynova.be\/en\/wp-json\/wp\/v2\/types\/product"}],"version-history":[{"count":0,"href":"https:\/\/www.ynova.be\/en\/wp-json\/wp\/v2\/product\/15239\/revisions"}],"wp:featuredmedia":[{"embeddable":true,"href":"https:\/\/www.ynova.be\/en\/wp-json\/wp\/v2\/media\/15381"}],"wp:attachment":[{"href":"https:\/\/www.ynova.be\/en\/wp-json\/wp\/v2\/media?parent=15239"}],"wp:term":[{"taxonomy":"product_brand","embeddable":true,"href":"https:\/\/www.ynova.be\/en\/wp-json\/wp\/v2\/product_brand?post=15239"},{"taxonomy":"product_cat","embeddable":true,"href":"https:\/\/www.ynova.be\/en\/wp-json\/wp\/v2\/product_cat?post=15239"},{"taxonomy":"product_tag","embeddable":true,"href":"https:\/\/www.ynova.be\/en\/wp-json\/wp\/v2\/product_tag?post=15239"}],"curies":[{"name":"wp","href":"https:\/\/api.w.org\/{rel}","templated":true}]}}