{"id":15237,"date":"2020-03-25T12:31:09","date_gmt":"2020-03-25T11:31:09","guid":{"rendered":"https:\/\/www.ynova.be\/produit\/samsung-uh55f-e-videowall\/"},"modified":"2022-06-10T14:33:40","modified_gmt":"2022-06-10T12:33:40","slug":"samsung-uh55f-e-videowall","status":"publish","type":"product","link":"https:\/\/www.ynova.be\/en\/product\/samsung-uh55f-e-videowall\/","title":{"rendered":"Samsung UH55F-E \u2013 videowall"},"content":{"rendered":"<div class=\"g-h-box\">\n<h2 class=\"h-page\" style=\"text-align: center;\">Fonctionnalit\u00e9s UH55F-E<\/h2>\n<\/div>\n<div class=\"featureWrap\">\n<div class=\"product-detail el-motion el-active\" style=\"text-align: center;\">\n<div class=\"inner-box\">\n<h3 class=\"tit\">Offrir un impact visuel plus profond<\/h3>\n<p class=\"txt\">Le mur vid\u00e9o \u00e0 cadre \u00e9troit de Samsung pr\u00e9sente une largeur de cadre \u00e0 cadre de 1,7 mm qui minimise la distraction visuelle des murs vid\u00e9o pour susciter des images percutantes des produits.\u00a0L&rsquo;affichage produit une image presque homog\u00e8ne sur plusieurs \u00e9crans sans interruption, captivant et impressionnant les clients.<\/p>\n<p class=\"img\"><img decoding=\"async\" class=\"el-img1\" src=\"https:\/\/displaysolutions.samsung.com\/static\/images\/feature\/ss\/UHN-E_UMN-E_01.jpg\" alt=\"Offrir un impact visuel plus profond\" \/><\/p>\n<\/div>\n<\/div>\n<div class=\"product-detail el-motion el-active\" style=\"text-align: center;\">\n<div class=\"inner-box\">\n<h3 class=\"tit\">Amplifiez la clart\u00e9 de l&rsquo;image dans n&rsquo;importe quel environnement<\/h3>\n<p class=\"txt\">Combin\u00e9 \u00e0 un panneau antireflet, l&rsquo;\u00e9cran de mur vid\u00e9o \u00e0 cadre extr\u00eamement \u00e9troit est con\u00e7u pour aider les entreprises \u00e0 cr\u00e9er une pr\u00e9sentation de contenu m\u00e9morable, m\u00eame sous la lumi\u00e8re ambiante.\u00a0Ce panneau distribue uniform\u00e9ment la lumi\u00e8re sur tout l&rsquo;\u00e9cran, \u00e9liminant les reflets tout en maintenant l&rsquo;\u00e9clat et la pr\u00e9cision du contenu.<\/p>\n<p class=\"img\"><img decoding=\"async\" class=\"el-img1\" src=\"https:\/\/displaysolutions.samsung.com\/static\/images\/feature\/ss\/UHN-E_UMN-E_02.jpg\" alt=\"Amplifiez la clart\u00e9 de l'image dans n'importe quel environnement\" \/><\/p>\n<\/div>\n<\/div>\n<div class=\"product-detail el-motion el-active\" style=\"text-align: center;\">\n<div class=\"inner-box\">\n<h3 class=\"tit\">\u00c9tendre les capacit\u00e9s de pr\u00e9sentation de contenu<\/h3>\n<p class=\"txt\">Le mur vid\u00e9o de Samsung offre une exp\u00e9rience de visualisation UHD puissante avec un minimum d&rsquo;effort ou d&rsquo;\u00e9quipement suppl\u00e9mentaire.\u00a0En tant que premier dans l&rsquo;industrie \u00e0 avoir une configuration murale jusqu&rsquo;\u00e0 5&#215;5 bas\u00e9e sur l&rsquo;utilisation des ports DisplayPort 1.2 et HDMI, l&rsquo;\u00e9cran peut projeter du contenu UHD sur plusieurs \u00e9crans simultan\u00e9ment.<\/p>\n<p class=\"img\"><img decoding=\"async\" class=\"el-img1\" src=\"https:\/\/displaysolutions.samsung.com\/static\/images\/feature\/ss\/UHN-E_UMN-E_03.jpg\" alt=\"\u00c9tendre les capacit\u00e9s de pr\u00e9sentation de contenu\" \/><\/p>\n<\/div>\n<\/div>\n<div class=\"product-detail el-motion el-active\" style=\"text-align: center;\">\n<div class=\"inner-box\">\n<h3 class=\"tit\">Partagez un contenu pr\u00e9cis et uniforme<\/h3>\n<p class=\"txt\">Le processus d&rsquo;\u00e9talonnage en usine en plusieurs \u00e9tapes de Samsung r\u00e8gle les murs vid\u00e9o pour une luminosit\u00e9 et une couleur uniformes sur plusieurs \u00e9crans.\u00a0En plus d&rsquo;un \u00e9talonnage rigoureux en usine, les utilisateurs peuvent \u00e9galement g\u00e9rer la luminosit\u00e9 et l&rsquo;uniformit\u00e9 des couleurs avec Color Expert Pro de Samsung, un puissant logiciel gratuit.<\/p>\n<p class=\"img\"><img decoding=\"async\" class=\"el-img1\" src=\"https:\/\/displaysolutions.samsung.com\/static\/images\/feature\/ss\/UHN-E_UMN-E_04.jpg\" alt=\"Partagez un contenu pr\u00e9cis et uniforme\" \/><\/p>\n<\/div>\n<\/div>\n<div class=\"product-detail el-motion el-active\" style=\"text-align: center;\">\n<div class=\"inner-box\">\n<h3 class=\"tit\">\u00c9talonnage mobile \u00e9conomique en toute simplicit\u00e9<\/h3>\n<p class=\"txt\">La solution Color Expert Pro Mobile de Samsung permet un \u00e9talonnage rapide et facile du mur vid\u00e9o via une cam\u00e9ra mobile.\u00a0Gr\u00e2ce \u00e0 l&rsquo;interface utilisateur intuitive de la solution, m\u00eame les utilisateurs non experts peuvent r\u00e9gler simultan\u00e9ment la balance des blancs jusqu&rsquo;\u00e0 5&#215;5 du mur vid\u00e9o sans avoir besoin d&rsquo;\u00e9quipement suppl\u00e9mentaire.<\/p>\n<p class=\"img\"><img decoding=\"async\" class=\"el-img1\" src=\"https:\/\/displaysolutions.samsung.com\/static\/images\/feature\/ss\/UHN-E_UMN-E_05.jpg\" alt=\"\u00c9talonnage mobile \u00e9conomique en toute simplicit\u00e9\" \/><\/p>\n<div class=\"txt-wrap\">\n<p class=\"txt\">* Certains mod\u00e8les peuvent n\u00e9cessiter l&rsquo;utilisation d&rsquo;un PC suppl\u00e9mentaire et du logiciel Color Expert Pro pour calibrer les \u00e9crans.<\/p>\n<\/div>\n<\/div>\n<\/div>\n<div class=\"product-detail el-motion el-active\" style=\"text-align: center;\">\n<div class=\"inner-box\">\n<h3 class=\"tit\">B\u00e9n\u00e9ficiez de performances continues et \u00e0 long terme<\/h3>\n<p class=\"txt\">Les murs vid\u00e9o \u00e0 cadre extr\u00eamement \u00e9troit de Samsung sont con\u00e7us pour des performances \u00e0 long terme, \u00e9liminant les d\u00e9penses de maintenance pour les utilisateurs.\u00a0L&rsquo;\u00e9cran comporte des panneaux durables qui compensent les \u00e9carts de r\u00e9tro\u00e9clairage tout en prot\u00e9geant simultan\u00e9ment l&rsquo;\u00e9cran contre l&rsquo;exposition \u00e0 la chaleur et \u00e0 la poussi\u00e8re.<\/p>\n<p class=\"img\"><img decoding=\"async\" class=\"el-img1\" src=\"https:\/\/displaysolutions.samsung.com\/static\/images\/feature\/ss\/UHN-E_UMN-E_06.jpg\" alt=\"B\u00e9n\u00e9ficiez de performances continues et \u00e0 long terme\" \/><\/p>\n<\/div>\n<\/div>\n<div class=\"product-detail el-motion el-active el-up\">\n<div class=\"inner-box\">\n<h3 class=\"tit\" style=\"text-align: center;\">Diffusion de contenu fiable pour les entreprises<\/h3>\n<p class=\"txt\" style=\"text-align: center;\">Con\u00e7u pour maintenir les performances dans diverses conditions d&rsquo;environnement int\u00e9rieur, le mur vid\u00e9o de Samsung produit une exp\u00e9rience visuelle attrayante avec des rapports de contraste et une luminosit\u00e9 \u00e9lev\u00e9s.\u00a0Avec des op\u00e9rations continues 24 heures sur 24, 7 jours sur 7, l&rsquo;\u00e9cran permet une diffusion de contenu vivante et fiable pour tous les besoins de l&rsquo;entreprise.<\/p>\n<p class=\"img\"><img decoding=\"async\" class=\"el-img1 aligncenter\" src=\"https:\/\/displaysolutions.samsung.com\/static\/images\/feature\/ss\/UHN-E_UMN-E_07.jpg\" alt=\"Diffusion de contenu fiable pour les entreprises\" \/><\/p>\n<div class=\"g-spec-panel\">\n<h2 class=\"h-page\">Sp\u00e9cifications UH55F-E<\/h2>\n<h4>Panneau UH55F-E<\/h4>\n<div class=\"box-spec\">\n<ul class=\"g-list-spec\">\n<li>Taille diagonale<i>55&Prime;<\/i><\/li>\n<li>Taper<i>D-DEL DID<\/i><\/li>\n<li>R\u00e9solution<i>1920*1080 (Full HD)<\/i><\/li>\n<li>Pas de pixel(mm)<i>0,63 mm (H) X 0,63 mm (V)<\/i><\/li>\n<li>Zone d&rsquo;affichage active(mm)<i>1209,6 x 680,4 mm<\/i><\/li>\n<li>Luminosit\u00e9 (Typ.)<i>700 nits<\/i><\/li>\n<li>Rapport de contraste<i>4000:1<\/i><\/li>\n<li>Angle de vue (H\/V)<i>178\/178<\/i><\/li>\n<li>Temps de r\u00e9ponse (G \u00e0 G)<i>8ms<\/i><\/li>\n<li>Couleurs d&rsquo;affichage<i>8 bits &#8211; 16,7 M<\/i><\/li>\n<li>Gamme de couleurs<i>72%<\/i><\/li>\n<li>Heure d&rsquo;ouverture<i>24\/7<\/i><\/li>\n<li>Brume<i>25\u00a0% (brume ext\u00e9rieure 23\u00a0%)<\/i><\/li>\n<\/ul>\n<\/div>\n<\/div>\n<div class=\"g-spec-display _hidden_spec\">\n<h4>Affichage UH55F-E<\/h4>\n<div class=\"box-spec\">\n<ul class=\"g-list-spec\">\n<li>C\/R dynamique<i>MEGA DCR<\/i><\/li>\n<li>Fr\u00e9quence de balayage H<i>30kHz ~ 81kHz<\/i><\/li>\n<li>Fr\u00e9quence de balayage V<i>48Hz ~ 75Hz<\/i><\/li>\n<li>Fr\u00e9quence de pixels maximale<i>148,5\u00a0MHz<\/i><\/li>\n<\/ul>\n<\/div>\n<\/div>\n<div class=\"g-spec-connectivity _hidden_spec\">\n<h4>Connectivit\u00e9 UH55F-E<\/h4>\n<div class=\"box-spec\">\n<h5>Saisir<\/h5>\n<ul class=\"g-list-spec\">\n<li>RVB<i>D-SUB analogique, DVI-D, Display Port 1.2<\/i><\/li>\n<li>Vid\u00e9o<i>HDMI 2.0 (2)<\/i><\/li>\n<li>HDCP<i>HDCP 2.2<\/i><\/li>\n<li>l&rsquo;audio<i>Mini-prise st\u00e9r\u00e9o<\/i><\/li>\n<li>USB<i>Mise \u00e0 niveau F\/W uniquement<\/i><\/li>\n<\/ul>\n<h5>Production<\/h5>\n<ul class=\"g-list-spec\">\n<li>RVB<i>DP1.2 (boucle)<\/i><\/li>\n<li>l&rsquo;audio<i>Mini-prise st\u00e9r\u00e9o<\/i><\/li>\n<li>Contr\u00f4le externe<i>RS232C (entr\u00e9e\/sortie), RJ45<\/i><\/li>\n<li>Capteur externe<i>Type d\u00e9tachable (IR, ambiant)<\/i><\/li>\n<li>Tuner<i>Non<\/i><\/li>\n<\/ul>\n<\/div>\n<\/div>\n<div class=\"g-spec-power _hidden_spec\">\n<h4>POWER UH55F-E<\/h4>\n<div class=\"box-spec\">\n<ul class=\"g-list-spec\">\n<li>Taper<i>Interne<\/i><\/li>\n<li>Source de courant<i>AC 100 &#8211; 240 V~ (+\/- 10 %), 50\/60 Hz<\/i><\/li>\n<\/ul>\n<h5>Consommation d&rsquo;\u00e9nergie<\/h5>\n<ul class=\"g-list-spec\">\n<li>Max[W\/h]<i>297<\/i><\/li>\n<li>Typique[W\/h]<i>180<\/i><\/li>\n<li>BTU (maximum)<i>1013.0<\/i><\/li>\n<li>Mode veille<i>moins de 0.5W<\/i><\/li>\n<li>Arr\u00eat<i>moins de 0.5W<\/i><\/li>\n<\/ul>\n<\/div>\n<\/div>\n<div class=\"g-spec-mechanical _hidden_spec\">\n<h4>Sp\u00e9cification m\u00e9canique UH55F-E<\/h4>\n<div class=\"box-spec\">\n<h5>Dimensions (mm)<\/h5>\n<ul class=\"g-list-spec\">\n<li>R\u00e9gler<i>1211.6 X 682.4 X 96.3<\/i><\/li>\n<li>Forfait<i>1355 \u00d7 809 \u00d7 320<\/i><\/li>\n<\/ul>\n<h5>poids (kg)<\/h5>\n<ul class=\"g-list-spec\">\n<li>R\u00e9gler<i>21.0kg<\/i><\/li>\n<li>Forfait<i>28,2\u00a0kg<\/i><\/li>\n<li>Montage VESA (mm)<i>600 X 400<\/i><\/li>\n<li>Largeur de lunette (mm)<i>1,15 mm (U\/L), 0,55 mm (R\/B)<\/i><\/li>\n<\/ul>\n<\/div>\n<\/div>\n<div class=\"g-spec-operation _hidden_spec\">\n<h4>Op\u00e9ration UH55F-E<\/h4>\n<div class=\"box-spec\">\n<ul class=\"g-list-spec\">\n<li>Temp\u00e9rature de fonctionnement<i>0,0 \u2103 ~ 40,0 \u2103<\/i><\/li>\n<li>Humidit\u00e9<i>10,0 % ~ 80,0 %\u00a0\u00a0<\/i><\/li>\n<\/ul>\n<\/div>\n<\/div>\n<\/div>\n<\/div>\n<\/div>\n","protected":false},"excerpt":{"rendered":"<div class=\"g-title renewal-g-title\">\n<h2><span class=\"g-title-inner\">UH55F-E<\/span><\/h2>\n<p class=\"copy\">Wall-mounted screens video with high visual impact, deep, and a width of bezel-to-bezel further fine of 1.7 mm.<\/p>\n<\/div>\n<div class=\"renewal-pro-explain-wrap\">\n<ul class=\"pro-explain renewal-pro-explain\">\n<li>Bezel extremely narrow (B-to-B 1.7 mm) and a resolution of UHD to a viewing experience virtually seamless and realistic<\/li>\n<li>Color accuracy and uniformity of the brightness without compromise thanks to precise calibration and a superb panel technology<\/li>\n<li>Daisy Chain via Display Port (DP) 1.2 or HDMI port, no need of graphics card, high-performance<\/li>\n<li>Screens extremely reliable designed for operation 24h\/24 and 7d\/7, with wall bracket, special simple and easy-to-use included<\/li>\n<\/ul>\n<\/div>","protected":false},"featured_media":15397,"template":"","meta":{"_acf_changed":false},"product_brand":[],"product_cat":[118],"product_tag":[],"class_list":{"0":"post-15237","1":"product","2":"type-product","3":"status-publish","4":"has-post-thumbnail","6":"product_cat-display-videowall","8":"first","9":"instock","10":"purchasable","11":"product-type-simple"},"acf":[],"_links":{"self":[{"href":"https:\/\/www.ynova.be\/en\/wp-json\/wp\/v2\/product\/15237","targetHints":{"allow":["GET"]}}],"collection":[{"href":"https:\/\/www.ynova.be\/en\/wp-json\/wp\/v2\/product"}],"about":[{"href":"https:\/\/www.ynova.be\/en\/wp-json\/wp\/v2\/types\/product"}],"version-history":[{"count":0,"href":"https:\/\/www.ynova.be\/en\/wp-json\/wp\/v2\/product\/15237\/revisions"}],"wp:featuredmedia":[{"embeddable":true,"href":"https:\/\/www.ynova.be\/en\/wp-json\/wp\/v2\/media\/15397"}],"wp:attachment":[{"href":"https:\/\/www.ynova.be\/en\/wp-json\/wp\/v2\/media?parent=15237"}],"wp:term":[{"taxonomy":"product_brand","embeddable":true,"href":"https:\/\/www.ynova.be\/en\/wp-json\/wp\/v2\/product_brand?post=15237"},{"taxonomy":"product_cat","embeddable":true,"href":"https:\/\/www.ynova.be\/en\/wp-json\/wp\/v2\/product_cat?post=15237"},{"taxonomy":"product_tag","embeddable":true,"href":"https:\/\/www.ynova.be\/en\/wp-json\/wp\/v2\/product_tag?post=15237"}],"curies":[{"name":"wp","href":"https:\/\/api.w.org\/{rel}","templated":true}]}}