{"id":15229,"date":"2020-03-25T12:31:09","date_gmt":"2020-03-25T11:31:09","guid":{"rendered":"https:\/\/www.ynova.be\/produit\/samsung-qp82r-8k\/"},"modified":"2022-06-22T15:49:46","modified_gmt":"2022-06-22T13:49:46","slug":"samsung-qp82r-8k","status":"publish","type":"product","link":"https:\/\/www.ynova.be\/en\/product\/samsung-qp82r-8k\/","title":{"rendered":"Samsung QPR-8K"},"content":{"rendered":"<div class=\"g-h-box\">\n<h2 class=\"h-page\">Fonctionnalit\u00e9s Samsung QPR-8K<\/h2>\n<\/div>\n<div class=\"featureWrap\">\n<div class=\"product-detail el-motion el-active\">\n<div class=\"inner-box\">\n<h3 class=\"tit\">R\u00e9alit\u00e9 parfaite pour les affaires<\/h3>\n<p class=\"txt\">Samsung QLED 8K Signage fournit une solution vraiment remarquable pour les entreprises qui cherchent \u00e0 afficher un contenu percutant comme jamais auparavant.\u00a0Une qualit\u00e9 d&rsquo;image sup\u00e9rieure prise en charge par la technologie de mise \u00e0 l&rsquo;\u00e9chelle de l&rsquo;IA cr\u00e9e des images r\u00e9alistes, introduisant une exp\u00e9rience de visionnement r\u00e9volutionnaire.<\/p>\n<p class=\"img\"><img decoding=\"async\" class=\"el-img-active\" src=\"https:\/\/displaysolutions.samsung.com\/static\/images\/feature_new\/ss\/standalone\/qpr_01.jpg\" alt=\"R\u00e9alit\u00e9 parfaite pour les affaires\" \/><\/p>\n<\/div>\n<\/div>\n<div class=\"product-detail depth2 el-motion el-active\">\n<div class=\"inner-box middle\">\n<div class=\"ib-left\">\n<h3 class=\"tit f-d2\">R\u00e9solution spectaculaire de 33 millions de pixels Samsung QPR-8K<\/h3>\n<p class=\"txt f-d6\">Avec une r\u00e9solution r\u00e9volutionnaire, quatre fois plus \u00e9lev\u00e9e que le contenu 4K UHD et 16 fois plus \u00e9lev\u00e9e que le FHD, QLED 8K offre une exp\u00e9rience visuelle spectaculairement immersive dans n&rsquo;importe quel environnement.<\/p>\n<\/div>\n<div class=\"ib-right\">\n<p class=\"img\"><img decoding=\"async\" class=\"el-img-active\" src=\"https:\/\/displaysolutions.samsung.com\/static\/images\/feature_new\/ss\/standalone\/qpr_02.jpg\" alt=\"R\u00e9solution spectaculaire de 33 millions de pixels\" \/><\/p>\n<\/div>\n<\/div>\n<\/div>\n<div class=\"product-detail depth2 el-motion el-active\">\n<div class=\"inner-box middle reversal\">\n<div class=\"ib-right left mb60\">\n<h3 class=\"tit\">Mise \u00e0 l&rsquo;\u00e9chelle de l&rsquo;IA<\/h3>\n<h4 class=\"tit f-d3\">Processeur quantique 8K<\/h4>\n<p class=\"txt\">QLED 8K utilise l&rsquo;IA de nouvelle g\u00e9n\u00e9ration qui est capable de mettre \u00e0 l&rsquo;\u00e9chelle des images d&rsquo;une r\u00e9solution inf\u00e9rieure \u00e0 une r\u00e9solution 8K brillante, offrant des images plus claires et une exp\u00e9rience de visionnage m\u00e9morable.<\/p>\n<div class=\"txt-wrap\">\n<p class=\"txt\">* Mise \u00e0 l&rsquo;\u00e9chelle de l&rsquo;IA\u00a0: l&rsquo;exp\u00e9rience de visionnage peut varier en fonction des types de contenu et du format.\u00a0Cela peut ne pas s&rsquo;appliquer \u00e0 la connexion PC et \u00e0 certaines conditions du mode Jeu.<\/p>\n<\/div>\n<\/div>\n<div class=\"ib-left\">\n<p class=\"img\">\n<\/div>\n<\/div>\n<\/div>\n<div class=\"product-detail el-motion el-active\">\n<div class=\"inner-box\">\n<h3 class=\"tit\">Technologie QLED Samsung QPR-8K<\/h3>\n<h4 class=\"tit f-d3\">Volume de couleur 100\u00a0%<\/h4>\n<p class=\"txt\">Avec plus d&rsquo;un milliard de couleurs disponibles, le QLED 8K de Samsung est con\u00e7u pour offrir une expression de volume de couleur \u00e0 100 %, cr\u00e9ant des images r\u00e9alistes avec la pr\u00e9cision des couleurs la plus pure \u00e0 ce jour dans n&rsquo;importe quel environnement.<\/p>\n<p class=\"img\"><img decoding=\"async\" class=\"el-img-active\" src=\"https:\/\/displaysolutions.samsung.com\/static\/images\/feature_new\/ss\/standalone\/qpr_04.jpg\" alt=\"Technologie QLED\" \/><\/p>\n<div class=\"txt-wrap\">\n<p class=\"txt\">* La signalisation QLED peut produire un volume de couleur de 100\u00a0% dans l&rsquo;espace colorim\u00e9trique DCI-P3.<\/p>\n<\/div>\n<\/div>\n<\/div>\n<div class=\"product-detail el-motion el-active\">\n<div class=\"inner-box\">\n<h3 class=\"tit\">Brillance sc\u00e8ne par sc\u00e8ne<\/h3>\n<h4 class=\"tit f-d3\">Quantique HDR 32x<\/h4>\n<p class=\"txt\">Sc\u00e8ne par sc\u00e8ne, QLED 8K garantit que tout le contenu est affich\u00e9 de la mani\u00e8re voulue par le cr\u00e9ateur.\u00a0D&rsquo;un documentaire sur la nature \u00e0 un film bourr\u00e9 d&rsquo;action, la luminosit\u00e9 optimale et la r\u00e9solution 8K rendent les sc\u00e8nes plus dynamiques et percutantes.<\/p>\n<p class=\"img\"><img decoding=\"async\" class=\"el-img-active\" src=\"https:\/\/displaysolutions.samsung.com\/static\/images\/feature_new\/ss\/standalone\/qpr_05.jpg\" alt=\"Brillance sc\u00e8ne par sc\u00e8ne\" \/><\/p>\n<\/div>\n<\/div>\n<div class=\"product-detail el-motion el-active\">\n<div class=\"inner-box\">\n<h3 class=\"tit\">Excellence esth\u00e9tique<\/h3>\n<p class=\"txt\">Le design minimaliste de Samsung QLED 8K am\u00e9liore esth\u00e9tiquement tout environnement client, le faisant ne faire qu&rsquo;un avec son environnement.\u00a0Son design mince et simple permet \u00e0 l&rsquo;\u00e9cran d&rsquo;\u00eatre mont\u00e9 au ras du mur, garantissant une installation transparente et vous aidant \u00e0 concevoir votre espace comme vous le souhaitez.<\/p>\n<p class=\"img\"><img decoding=\"async\" class=\"el-img-active\" src=\"https:\/\/displaysolutions.samsung.com\/static\/images\/feature_new\/ss\/standalone\/qpr_06.jpg\" alt=\"Excellence esth\u00e9tique\" \/><\/p>\n<\/div>\n<\/div>\n<div class=\"product-detail el-motion el-active\">\n<div class=\"inner-box\">\n<h3 class=\"tit\">Plate-forme SoC puissante Samsung QPR-8K<\/h3>\n<h4 class=\"tit f-d3\">Lecture de contenu 8K<\/h4>\n<p class=\"txt\">La signalisation QLED 8K de Samsung est pilot\u00e9e par une puissante plate-forme SoC qui prend en charge le contenu jusqu&rsquo;\u00e0 8K.\u00a0La lecture de contenu 8K est prise en charge par un seul port HDMI, \u00e9vitant les c\u00e2bles inutiles et cr\u00e9ant une solution ordonn\u00e9e.\u00a0QLED permet \u00e9galement une compatibilit\u00e9 HTML5 am\u00e9lior\u00e9e pour l&rsquo;affichage de contenu \u00e0 partir du Web.<\/p>\n<p class=\"img\"><img decoding=\"async\" class=\"el-img-active\" src=\"https:\/\/displaysolutions.samsung.com\/static\/images\/feature_new\/ss\/standalone\/qpr_07.jpg\" alt=\"Plate-forme SoC puissante\" \/><\/p>\n<\/div>\n<\/div>\n<div class=\"product-detail el-motion el-active\">\n<div class=\"inner-box product-1\">\n<h3 class=\"tit\">Applications commerciales<\/h3>\n<p class=\"txt\">La signalisation QLED 8K de Samsung fait ressortir n&rsquo;importe quel contenu.\u00a0L&rsquo;affichage efficace est capable de pr\u00e9senter le contenu de plusieurs sources en m\u00eame temps tout en offrant une qualit\u00e9 d&rsquo;image extraordinaire.<\/p>\n<div class=\"swiper-container\">\n<div class=\"swiper-wrapper\">\n<div class=\"swiper-slide swiper-slide-duplicate\">\n<p class=\"img\"><img decoding=\"async\" class=\"el-img-active\" src=\"https:\/\/displaysolutions.samsung.com\/static\/images\/feature_new\/ss\/standalone\/qpr_08_05.jpg\" alt=\"Applications m\u00e9tiers5\" \/><\/p>\n<\/div>\n<div class=\"swiper-slide swiper-slide-visible swiper-slide-active\">\n<p class=\"img\"><img decoding=\"async\" src=\"https:\/\/displaysolutions.samsung.com\/static\/images\/feature_new\/ss\/standalone\/qpr_08_01.jpg\" alt=\"Applications m\u00e9tiers1\" \/><\/p>\n<\/div>\n<div class=\"swiper-slide\">\n<p class=\"img\"><img decoding=\"async\" class=\"el-img-active\" src=\"https:\/\/displaysolutions.samsung.com\/static\/images\/feature_new\/ss\/standalone\/qpr_08_02.jpg\" alt=\"Applications m\u00e9tiers2\" \/><\/p>\n<\/div>\n<div class=\"swiper-slide\">\n<p class=\"img\"><img decoding=\"async\" class=\"el-img-active\" src=\"https:\/\/displaysolutions.samsung.com\/static\/images\/feature_new\/ss\/standalone\/qpr_08_03.jpg\" alt=\"Applications m\u00e9tiers3\" \/><\/p>\n<\/div>\n<div class=\"swiper-slide\">\n<p class=\"img\"><img decoding=\"async\" class=\"el-img-active\" src=\"https:\/\/displaysolutions.samsung.com\/static\/images\/feature_new\/ss\/standalone\/qpr_08_04.jpg\" alt=\"Applications m\u00e9tiers4\" \/><\/p>\n<\/div>\n<div class=\"swiper-slide\">\n<p class=\"img\"><img decoding=\"async\" class=\"el-img-active\" src=\"https:\/\/displaysolutions.samsung.com\/static\/images\/feature_new\/ss\/standalone\/qpr_08_05.jpg\" alt=\"Applications m\u00e9tiers5\" \/><\/p>\n<\/div>\n<div class=\"swiper-slide swiper-slide-duplicate\">\n<p class=\"img\"><img decoding=\"async\" src=\"https:\/\/displaysolutions.samsung.com\/static\/images\/feature_new\/ss\/standalone\/qpr_08_01.jpg\" alt=\"Applications m\u00e9tiers1\" \/><\/p>\n<\/div>\n<\/div>\n<div class=\"swiper-button swiper-button-next\"><\/div>\n<div class=\"swiper-button swiper-button-prev\"><\/div>\n<div class=\"swiper-pagination\"><\/div>\n<\/div>\n<\/div>\n<\/div>\n<div class=\"product-detail margin-none el-motion el-active el-up\">\n<div class=\"inner-box mb70\">\n<h3 class=\"tit\">Solution d&rsquo;affichage num\u00e9rique prim\u00e9e<\/h3>\n<p class=\"txt\">Samsung QLED 8K Signage a re\u00e7u les \u00e9loges des principales publications de l&rsquo;industrie.\u00a0L&rsquo;\u00e9cran a re\u00e7u le prix Best of Show \u00e0 l&rsquo;ISE 2019 de l&rsquo;innovation de l&rsquo;ann\u00e9e en mati\u00e8re d&rsquo;installation et de signalisation num\u00e9rique des AV News Awards pour sa haute r\u00e9solution, sa luminosit\u00e9 et sa conception mince.<\/p>\n<div class=\"awards1 ib-left center mt-none\">\n<h2 class=\"tit f-d3 mt50\">PRIX DU MEILLEUR DU SPECTACLE 2019<\/h2>\n<p class=\"txt f-d6\">\u00ab\u00a0Technologie d&rsquo;intelligence artificielle (IA) qui optimise le contenu pour une pr\u00e9sentation 8K &#8211; produisant des images vraiment r\u00e9alistes et permettant aux utilisateurs de profiter d&rsquo;exp\u00e9riences de visionnement beaucoup plus immersives\u00a0\u00bb<\/p>\n<\/div>\n<div class=\"awards2 ib-right center mt-none\">\n<h2 class=\"tit f-d3 mt50\">GAGNANT DES AV NEWS AWARDS 2019<\/h2>\n<p class=\"txt f-d6\">\u00ab\u00a0Produit des couleurs et des images immacul\u00e9es pour fournir des images comme pr\u00e9vu par les cr\u00e9ateurs&#8230;\u00a0\u00bb<br \/>\n\u00ab\u00a0Installation sans tracas\u00a0\u00bb<\/p>\n<\/div>\n<div class=\"inbox\">\n<div class=\"g-spec-panel\">\n<h4>Panneau Samsung QPR-8K<\/h4>\n<div class=\"box-spec\">\n<ul class=\"g-list-spec\">\n<li>Taille diagonale<i>98&Prime;<\/i><\/li>\n<li>Taper<i>LED directe BLU<\/i><\/li>\n<li>R\u00e9solution<i>7680*4320 (UHD 8K)<\/i><\/li>\n<li>Pas de pixel(mm)<i>93,7 * 281,1 um<\/i><\/li>\n<li>Zone d&rsquo;affichage active(mm)<i>2158.848(H) x 1214.352(V)<\/i><\/li>\n<li>Luminosit\u00e9 (Typ.)<i>500 (pic 4 000) nit<\/i><\/li>\n<li>Rapport de contraste<i>2000:1<\/i><\/li>\n<li>Angle de vue (H\/V)<i>178\/178<\/i><\/li>\n<li>Temps de r\u00e9ponse (G \u00e0 G)<i>6 ms (typ.)<\/i><\/li>\n<li>Couleurs d&rsquo;affichage<i>1.07B<\/i><\/li>\n<li>Gamme de couleurs<i>96% (DCI-P3, CIE 1976)<\/i><\/li>\n<li>Heure d&rsquo;ouverture<i>16\/7<\/i><\/li>\n<li>Brume<i>0%<\/i><\/li>\n<\/ul>\n<\/div>\n<\/div>\n<div class=\"g-spec-display _hidden_spec\">\n<h4>Affichage<\/h4>\n<div class=\"box-spec\">\n<ul class=\"g-list-spec\">\n<li>C\/R dynamique<i>M\u00c9GA<\/i><\/li>\n<li>Fr\u00e9quence de balayage H<i>270 KHz<\/i><\/li>\n<li>Fr\u00e9quence de balayage V<i>120Hz<\/i><\/li>\n<li>Fr\u00e9quence de pixels maximale<i>1,188 GHz<\/i><\/li>\n<\/ul>\n<\/div>\n<\/div>\n<div class=\"g-spec-sound _hidden_spec\">\n<h4>Du son<\/h4>\n<div class=\"box-spec\">\n<ul class=\"g-list-spec\">\n<li>Type de haut-parleur<i>Haut-parleur int\u00e9gr\u00e9 (60W 4.2ch)<\/i><\/li>\n<\/ul>\n<\/div>\n<\/div>\n<div class=\"g-spec-connectivity _hidden_spec\">\n<h4>Connectivit\u00e9<\/h4>\n<div class=\"box-spec\">\n<h5>Saisir<\/h5>\n<ul class=\"g-list-spec\">\n<li>Vid\u00e9o<i>HDMI 2.0 x 4 (&lsquo;HDMI4&rsquo; prend en charge la source d&rsquo;entr\u00e9e 8K)<\/i><\/li>\n<li>HDCP<i>HDCP2.2<\/i><\/li>\n<li>l&rsquo;audio<i>&#8211;<\/i><\/li>\n<li>USB<i>USB 2.0&#215;3<\/i><\/li>\n<\/ul>\n<h5>Production<\/h5>\n<ul class=\"g-list-spec\">\n<li>l&rsquo;audio<i>Sortie audio num\u00e9rique (optique)<\/i><\/li>\n<\/ul>\n<h5 class=\"spec_title_none\"><\/h5>\n<ul class=\"g-list-spec\">\n<li>Contr\u00f4le externe<i>RS232C(in) via prise st\u00e9r\u00e9o, RJ45<\/i><\/li>\n<\/ul>\n<\/div>\n<\/div>\n<div class=\"g-spec-power _hidden_spec\">\n<h4>Du pouvoir<\/h4>\n<div class=\"box-spec\">\n<ul class=\"g-list-spec\">\n<li>Taper<i>Interne<\/i><\/li>\n<li>Source de courant<i>AC 100 &#8211; 240 V~ (+\/- 10 %), 50\/60 Hz<\/i><\/li>\n<\/ul>\n<h5>Consommation d&rsquo;\u00e9nergie<\/h5>\n<ul class=\"g-list-spec\">\n<li>Max[W\/h]<i>896.5<\/i><\/li>\n<li>Typique[W\/h]<i>(\u00c9tats-Unis) 800, (UE) 800<\/i><\/li>\n<li>Note[W\/h]<i>815<\/i><\/li>\n<li>BTU (maximum)<i>3057.1<\/i><\/li>\n<li>Mode veille<i>0,5<\/i><\/li>\n<\/ul>\n<\/div>\n<\/div>\n<div class=\"g-spec-mechanical _hidden_spec\">\n<h4>Sp\u00e9cification m\u00e9canique Samsung QPR-8K<\/h4>\n<div class=\"box-spec\">\n<h5>Dimensions (mm)<\/h5>\n<ul class=\"g-list-spec\">\n<li>R\u00e9gler<i>2183,5 x 1249,4 x 39,9 (sans socle)<\/i><\/li>\n<li>Forfait<i>2370 \u00d7 1405 \u00d7 350<\/i><\/li>\n<\/ul>\n<h5>poids (kg)<\/h5>\n<ul class=\"g-list-spec\">\n<li>R\u00e9gler<i>84,9 (sans support)<\/i><\/li>\n<li>Forfait<i>113.4<\/i><\/li>\n<\/ul>\n<h5 class=\"spec_title_none\"><\/h5>\n<ul class=\"g-list-spec\">\n<li>Montage VESA (mm)<i>600 X 400<\/i><\/li>\n<li>Largeur de lunette (mm)<i>3 sans lunette<\/i><\/li>\n<\/ul>\n<\/div>\n<\/div>\n<div class=\"g-spec-operation _hidden_spec\">\n<h4>Op\u00e9ration<\/h4>\n<div class=\"box-spec\">\n<ul class=\"g-list-spec\">\n<li>Temp\u00e9rature de fonctionnement<i>0 \u2103 ~ 40 \u2103<\/i><\/li>\n<li>Humidit\u00e9<i>10 % ~ 80 %\u00a0\u00a0<\/i><\/li>\n<\/ul>\n<\/div>\n<\/div>\n<div class=\"g-spec-feature _hidden_spec\">\n<h4>Caract\u00e9ristique<\/h4>\n<div class=\"box-spec\">\n<ul class=\"g-list-spec\">\n<li class=\"wide\">Principales caract\u00e9ristiques<i>Affichage de signalisation 8K MagicInfo S7 int\u00e9gr\u00e9, SSSP 7.0<\/i><\/li>\n<li class=\"wide\">Orientation<i>N \/ A<\/i><\/li>\n<li class=\"wide\">T\u00e9l\u00e9commande<i>N \/ A<\/i><\/li>\n<\/ul>\n<ul class=\"g-list-spec\">\n<li class=\"wide\">Caract\u00e9ristiques sp\u00e9ciales<i>H\/W\u00a0: capteur de temp\u00e9rature, batterie d&rsquo;horloge (maintien de l&rsquo;horloge 168\u00a0heures), haut-parleur int\u00e9gr\u00e9 (60\u00a0W 4,2\u00a0ch), Wi-Fi\/BT S\/W\u00a0: commutation et r\u00e9cup\u00e9ration automatiques de la source, interface utilisateur LFD Home, verrouillage des boutons, option de touche de raccourci, Plug&amp;Play (r\u00e9glage initial)<\/i><\/li>\n<\/ul>\n<h5>Lecteur interne<\/h5>\n<ul class=\"g-list-spec noline\">\n<li>Processeur<i>Processeur quadric\u0153ur Cortex A72 1,7 GHz<\/i><\/li>\n<li>M\u00e9moire cache sur puce<i>Cache d&rsquo;instructions L1 : 48 Ko Cache de donn\u00e9es L1 : 32 Ko Cache L2 : 2 Mo<\/i><\/li>\n<li>Vitesse de l&rsquo;horloge<i>1,7\u00a0GHz<\/i><\/li>\n<li>Interface m\u00e9moire principale<i>2,5\u00a0Go LPDDR4 1\u00a0440\u00a0MHz 64\u00a0bits<\/i><\/li>\n<\/ul>\n<ul class=\"g-list-spec\">\n<li>Graphique<i>R\u00e9solution graphique : 1920&#215;1080 R\u00e9solution de sortie : 7680&#215;4320 (Agrandir \u00e0 partir du r\u00e9sultat du traitement graphique.)<\/i><\/li>\n<li>Stockage (FDM)<i>8 Go (3,88 Go occup\u00e9s par le syst\u00e8me d&rsquo;exploitation, 4,12 Go disponibles)<\/i><\/li>\n<li>Multim\u00e9dia<i>*D\u00e9codeur vid\u00e9o : MPEG-1\/2\/4, H.263, H.264\/AVC, UHD H.264\/AVC, VC-1, AVS+, HEVC, JPEG, PNG, VP8, VP9 *D\u00e9codeur audio : AC3 ( JJ), MPEG<\/i><\/li>\n<li>Ports E\/S<i>USB 2.0<\/i><\/li>\n<\/ul>\n<ul class=\"g-list-spec\">\n<li>Syst\u00e8me op\u00e9rateur<i>Tizen 5.0 (VDLinux)<\/i><\/li>\n<\/ul>\n<\/div>\n<\/div>\n<div class=\"g-spec-certification _hidden_spec\">\n<h4>Certificat<\/h4>\n<div class=\"box-spec\">\n<ul class=\"g-list-spec\">\n<li class=\"wide\">S\u00e9curit\u00e9<i>CB (Europe) : IEC60065\/EN60065KC (Cor\u00e9e) : K 60065RCM (Australie) : IEC60065\/AS\/NZS 60065TUV (Allemagne) : CENEMKO (Norv\u00e8ge) : CE<\/i><\/li>\n<li class=\"wide\">CEM<i>FCC (USA) Part 15, Subpart B Class ACE (Europe) : EN55022:2006+A1:2007 EN55024:1998+A1:2001+A2:2003VCCI (Japon) : VCCI V-3 \/2010.04 Class AKCC\/EK (Cor\u00e9e) : Sans syntoniseur : KN22 \/ KN24CNS13439 (AV EMI) \/ CNS14409 (AV EMS) \/ CNS14972 (Num\u00e9rique)C-Tick (Australie) : AS\/NZS CISPR22:2009GOST (Russie\/CEI) : GOST R 51317 Series, GOST 22505-97 EN55022 :2006+A1:2007 EN55024:1998+A1:2001+A2:2003<\/i><\/li>\n<\/ul>\n<\/div>\n<\/div>\n<div class=\"g-spec-accessory _hidden_spec\">\n<h4>Accessoire<\/h4>\n<div class=\"box-spec\">\n<ul class=\"g-list-spec\">\n<li class=\"wide\">Inclus<i>Guide d&rsquo;installation rapide, carte de garantie, cordon d&rsquo;alimentation, t\u00e9l\u00e9commande, piles<\/i><\/li>\n<\/ul>\n<h5>Optionnel<\/h5>\n<ul class=\"g-list-spec\">\n<li>Supporter<i>Dans la bo\u00eete<\/i><\/li>\n<li>Monter<i>WMN8200SE<\/i><\/li>\n<li>Sp\u00e9cialit\u00e9<i>N \/ A<\/i><\/li>\n<\/ul>\n<\/div>\n<\/div>\n<div class=\"g-spec-mediaplayer _hidden_spec\">\n<h4>Lecteur multim\u00e9dia<\/h4>\n<div class=\"box-spec\">\n<h5>Lecteur multim\u00e9dia<\/h5>\n<ul class=\"g-list-spec\">\n<li>Lecteur multim\u00e9dia<i>N \/ A<\/i><\/li>\n<\/ul>\n<\/div>\n<\/div>\n<\/div>\n<div id=\"_less_spec\" class=\"g-load-more loaded\"><\/div>\n<\/div>\n<\/div>\n<\/div>\n","protected":false},"excerpt":{"rendered":"<div class=\"g-title renewal-g-title\">\n<h2><span class=\"g-title-inner\">QP98R-8K \u2013 Samsung QPR-8K<\/span><\/h2>\n<p class=\"copy\">QLED 8K Signage that provides a solution really outstanding for businesses looking to display content percussion like never before.<\/p>\n<\/div>\n<div class=\"renewal-pro-explain-wrap\">\n<ul class=\"pro-explain renewal-pro-explain\">\n<li>8K resolution, exceptional technology, 8K AI Upscaling<\/li>\n<li>Quality brilliant picture with QLED, color volume 100 %, and Quantum HDR<\/li>\n<li>Minimalist Design and aesthetic that enhances any client environment.<\/li>\n<\/ul>\n<\/div>","protected":false},"featured_media":15450,"template":"","meta":{"_acf_changed":false},"product_brand":[],"product_cat":[169],"product_tag":[],"class_list":{"0":"post-15229","1":"product","2":"type-product","3":"status-publish","4":"has-post-thumbnail","6":"product_cat-display-indoor-led-slim","8":"first","9":"instock","10":"purchasable","11":"product-type-variable"},"acf":[],"_links":{"self":[{"href":"https:\/\/www.ynova.be\/en\/wp-json\/wp\/v2\/product\/15229","targetHints":{"allow":["GET"]}}],"collection":[{"href":"https:\/\/www.ynova.be\/en\/wp-json\/wp\/v2\/product"}],"about":[{"href":"https:\/\/www.ynova.be\/en\/wp-json\/wp\/v2\/types\/product"}],"version-history":[{"count":0,"href":"https:\/\/www.ynova.be\/en\/wp-json\/wp\/v2\/product\/15229\/revisions"}],"wp:featuredmedia":[{"embeddable":true,"href":"https:\/\/www.ynova.be\/en\/wp-json\/wp\/v2\/media\/15450"}],"wp:attachment":[{"href":"https:\/\/www.ynova.be\/en\/wp-json\/wp\/v2\/media?parent=15229"}],"wp:term":[{"taxonomy":"product_brand","embeddable":true,"href":"https:\/\/www.ynova.be\/en\/wp-json\/wp\/v2\/product_brand?post=15229"},{"taxonomy":"product_cat","embeddable":true,"href":"https:\/\/www.ynova.be\/en\/wp-json\/wp\/v2\/product_cat?post=15229"},{"taxonomy":"product_tag","embeddable":true,"href":"https:\/\/www.ynova.be\/en\/wp-json\/wp\/v2\/product_tag?post=15229"}],"curies":[{"name":"wp","href":"https:\/\/api.w.org\/{rel}","templated":true}]}}