{"id":15222,"date":"2020-03-25T12:31:01","date_gmt":"2020-03-25T11:31:01","guid":{"rendered":"https:\/\/www.ynova.be\/produit\/samsung-qm85n\/"},"modified":"2022-10-21T16:29:18","modified_gmt":"2022-10-21T14:29:18","slug":"samsung-qm85n","status":"publish","type":"product","link":"https:\/\/www.ynova.be\/en\/product\/samsung-qm85n\/","title":{"rendered":"Samsung QM85N"},"content":{"rendered":"<div class=\"g-h-box\">\n<h2 class=\"h-page\" style=\"text-align: center;\">Features<\/h2>\n<\/div>\n<div class=\"featureWrap\">\n<div class=\"product-detail el-motion el-active\" style=\"text-align: center;\">\n<div class=\"inner-box\">\n<h3 class=\"tit\">Deliver clear messaging that resonates<\/h3>\n<p class=\"txt\">Whether for a retailer promoting new sales or a transportation hub keeping to the timetables of the travellers, the dissemination of clear information is the engine of success. The series QMN Samsung helps businesses achieve these goals through a quality picture UHD compelling, extensive connectivity and performance continuous 24h\/24 and 7d\/7.<\/p>\n<p class=\"img\"><img decoding=\"async\" class=\"el-img-active\" src=\"https:\/\/displaysolutions.samsung.com\/static\/images\/feature_new\/ss\/standalone\/qmn_01.jpg\" alt=\"Diffusez des messages clairs qui r\u00e9sonnent\" \/><\/p>\n<\/div>\n<\/div>\n<div class=\"product-detail el-motion el-active\" style=\"text-align: center;\">\n<div class=\"inner-box\">\n<h3 class=\"tit\">Share content intelligent and high quality<\/h3>\n<h4 class=\"tit f-d3\">Image quality intelligent<\/h4>\n<p class=\"txt\">The screens of the series QMN exploit the technology of image quality smart Samsung to improve the dissemination of content, in any environment. This presentation refined transforms content from any source quality-level UHD and optimizes the text and images on the screen with sharp edges and fine details.<\/p>\n<p class=\"img\"><img decoding=\"async\" class=\"el-img-active\" src=\"https:\/\/displaysolutions.samsung.com\/static\/images\/feature_new\/ss\/standalone\/qmn_02.jpg\" alt=\"Partagez du contenu intelligent et de haute qualit\u00e9\" \/><\/p>\n<\/div>\n<\/div>\n<div class=\"product-detail el-motion el-active\" style=\"text-align: center;\">\n<div class=\"inner-box\">\n<h3 class=\"tit\">Streamline operational efficiency<\/h3>\n<p class=\"txt\">The MagicINFO Player S6 integrated, supported by the powerful operating system TIZEN, improves the overall performance of the screen, you can manage content without pain and ensures a smooth transition and reading the fluids of the content.<\/p>\n<p class=\"img\"><img decoding=\"async\" class=\"el-img-active\" src=\"https:\/\/displaysolutions.samsung.com\/static\/images\/feature_new\/ss\/standalone\/qmn_03.jpg\" alt=\"Rationalisez l'efficacit\u00e9 op\u00e9rationnelle\" \/><\/p>\n<\/div>\n<\/div>\n<div class=\"product-detail el-motion el-active\" style=\"text-align: center;\">\n<div class=\"inner-box\">\n<h3 class=\"tit\">Improve secure collaboration and remote<\/h3>\n<p class=\"txt\">The platform KNOX Samsung provides a rigid protection to three layers while securing and controlling the exchanges USB and network user through a dedicated management of signalling devices. With added security, businesses can host meetings from a distance, without PC, without risk or complexity.<\/p>\n<p class=\"img\"><img decoding=\"async\" class=\"el-img-active\" src=\"https:\/\/displaysolutions.samsung.com\/static\/images\/feature_new\/ss\/standalone\/qmn_04.jpg\" alt=\"Renforcez la collaboration s\u00e9curis\u00e9e et \u00e0 distance\" \/><\/p>\n<\/div>\n<\/div>\n<div class=\"product-detail el-motion el-active\" style=\"text-align: center;\">\n<div class=\"inner-box\">\n<h3 class=\"tit\">Maintain the performance of continuous display<\/h3>\n<p class=\"txt\">Beyond security and content management, users of the series QMN can trust the remote management screens to a rapid attenuation and effective problems. Users can monitor and diagnose irregularities \u2013 both by themselves and with the help of the network operations center (noc 24h\/24 and 7j\/7 Samsung \u2013 from any location.<\/p>\n<p class=\"img\"><img decoding=\"async\" class=\"el-img-active\" src=\"https:\/\/displaysolutions.samsung.com\/static\/images\/feature_new\/ss\/standalone\/qmn_05.jpg\" alt=\"Maintenir les performances d'affichage en continu\" \/><\/p>\n<\/div>\n<\/div>\n<div class=\"product-detail el-motion el-active el-up\">\n<div class=\"inner-box\">\n<h3 class=\"tit\" style=\"text-align: center;\">Accelerate content delivery to multi-screen<\/h3>\n<p class=\"txt\" style=\"text-align: center;\">For more flexibility, the series QMN offers users a connectivity port HDMI 2.0 and DP 1.2. This versatility ensures a 60 Hz constant. refresh rate and clarity regardless of the source. In addition, users can set up channels in a daisy-chain UHD up to 2\u00d72 via the HDMI port 2.0.<\/p>\n<p class=\"img\"><img decoding=\"async\" class=\"el-img-active aligncenter\" src=\"https:\/\/displaysolutions.samsung.com\/static\/images\/feature_new\/ss\/standalone\/qmn_08.jpg\" alt=\"Acc\u00e9l\u00e9rez la diffusion de contenu multi-\u00e9cran\" \/><\/p>\n<\/div>\n<\/div>\n<\/div>","protected":false},"excerpt":{"rendered":"<div class=\"g-title renewal-g-title\">\n<div class=\"g-title renewal-g-title\">\n<h2><span class=\"g-title-inner\">QM85N<\/span><\/h2>\n<p class=\"copy\">Image quality UHD compelling, comprehensive connectivity and performance continuous 24h\/24 and 7d\/7.<\/p>\n<\/div>\n<div class=\"renewal-pro-explain-wrap\">\n<ul class=\"pro-explain renewal-pro-explain\">\n<li>Brightness ultra high adding value to the content, whatever the lighting conditions<\/li>\n<li>Sleek and contemporary, which fits perfectly in any showcase<\/li>\n<li>Content management is easy with an integrated management solution<\/li>\n<\/ul>\n<\/div>\n<\/div>","protected":false},"featured_media":15466,"template":"","meta":{"_acf_changed":false},"product_brand":[],"product_cat":[169],"product_tag":[],"class_list":{"0":"post-15222","1":"product","2":"type-product","3":"status-publish","4":"has-post-thumbnail","6":"product_cat-display-indoor-led-slim","8":"first","9":"instock","10":"purchasable","11":"product-type-variable"},"acf":[],"_links":{"self":[{"href":"https:\/\/www.ynova.be\/en\/wp-json\/wp\/v2\/product\/15222","targetHints":{"allow":["GET"]}}],"collection":[{"href":"https:\/\/www.ynova.be\/en\/wp-json\/wp\/v2\/product"}],"about":[{"href":"https:\/\/www.ynova.be\/en\/wp-json\/wp\/v2\/types\/product"}],"version-history":[{"count":0,"href":"https:\/\/www.ynova.be\/en\/wp-json\/wp\/v2\/product\/15222\/revisions"}],"wp:featuredmedia":[{"embeddable":true,"href":"https:\/\/www.ynova.be\/en\/wp-json\/wp\/v2\/media\/15466"}],"wp:attachment":[{"href":"https:\/\/www.ynova.be\/en\/wp-json\/wp\/v2\/media?parent=15222"}],"wp:term":[{"taxonomy":"product_brand","embeddable":true,"href":"https:\/\/www.ynova.be\/en\/wp-json\/wp\/v2\/product_brand?post=15222"},{"taxonomy":"product_cat","embeddable":true,"href":"https:\/\/www.ynova.be\/en\/wp-json\/wp\/v2\/product_cat?post=15222"},{"taxonomy":"product_tag","embeddable":true,"href":"https:\/\/www.ynova.be\/en\/wp-json\/wp\/v2\/product_tag?post=15222"}],"curies":[{"name":"wp","href":"https:\/\/api.w.org\/{rel}","templated":true}]}}