{"id":15214,"date":"2020-03-25T12:31:01","date_gmt":"2020-03-25T11:31:01","guid":{"rendered":"https:\/\/www.ynova.be\/produit\/samsung-ph43f-p-incl-ops-slot\/"},"modified":"2022-10-21T16:28:26","modified_gmt":"2022-10-21T14:28:26","slug":"samsung-ph43f-p-incl-ops-slot","status":"publish","type":"product","link":"https:\/\/www.ynova.be\/en\/product\/samsung-ph43f-p-incl-ops-slot\/","title":{"rendered":"Samsung PH43F-P (incl. OPS slot)"},"content":{"rendered":"<div class=\"g-h-box\">\n<h2 class=\"h-page\" style=\"text-align: center;\">Fonctionnalit\u00e9s <span class=\"g-title-inner\">PH43F-P<\/span><\/h2>\n<\/div>\n<div class=\"featureWrap\">\n<div class=\"featureWrap\">\n<section class=\"featureCon\">\n<h3 class=\"tit\" style=\"text-align: center;\">Le tout nouveau lecteur multim\u00e9dia int\u00e9gr\u00e9 optimis\u00e9 par TIZEN&#x2122;<\/h3>\n<div class=\"content\">\n<div class=\"txt\">\n<p style=\"text-align: center;\">Le nouveau SMART Signage 2016 qui prend en charge SSSP 4.0 permet une performance plus forte, plus rapide et plus stable que ses mod\u00e8les pr\u00e9c\u00e9dents.\u00a0Transcendant les performances mat\u00e9rielles pass\u00e9es, le nouveau SSSP 4.0 permet aux partenaires CMS de d\u00e9velopper et de d\u00e9ployer des applications Web avanc\u00e9es qui peuvent aider \u00e0 g\u00e9rer efficacement le contenu et la signalisation SMART pour leurs clients.<\/p>\n<p style=\"text-align: center;\"><strong>\u25c6 Performances puissantes<\/strong><br \/>\n1) Moteur graphique 3D am\u00e9lior\u00e9<br \/>\nD\u00e9couvrez un contenu dynamique en am\u00e9liorant les performances graphiques 3D tandis que le d\u00e9filement du texte semble fluide et que l&rsquo;affichage offre un niveau de robustesse pouvant m\u00eame prendre en charge 3 films en lecture simultan\u00e9e sur un seul \u00e9cran.<br \/>\n2) Solution<br \/>\ntactile sans PC Les performances tactiles sont pleinement r\u00e9alis\u00e9es gr\u00e2ce au puissant syst\u00e8me d&rsquo;exploitation TIZEN qui contourne le besoin d&rsquo;un PC.<br \/>\n3) S\u00e9curit\u00e9 renforc\u00e9e<br \/>\nLes applications, la plate-forme et le syst\u00e8me sont tous pris en charge par TIZEN OS et une architecture de s\u00e9curit\u00e9 holistique permet une stabilit\u00e9 et une s\u00e9curit\u00e9 \u00e9lev\u00e9es gr\u00e2ce \u00e0 3 couches de suppl\u00e9mentation.<\/p>\n<p style=\"text-align: center;\"><strong>\u25c6 D\u00e9veloppement facile<\/strong><br \/>\nLa possibilit\u00e9 de d\u00e9velopper davantage la solution est facilit\u00e9e, gr\u00e2ce \u00e0 divers outils de d\u00e9veloppement tels que SW Development Kit (SDK) ou Remote Web Inspector (RW).\u00a0De plus, comme il s&rsquo;agit d&rsquo;une plate-forme ouverte bas\u00e9e sur des normes Web, elle est hautement compatible avec HTML5.<\/p>\n<p style=\"text-align: center;\"><strong>\u25c6 Convivialit\u00e9 simple La<\/strong><br \/>\nconvivialit\u00e9 est atteinte gr\u00e2ce \u00e0 une interface utilisateur conviviale tandis que les navigateurs Web sont capables d&rsquo;afficher une page d&rsquo;accueil sans avoir besoin de d\u00e9velopper une application Web.\u00a0L&rsquo;\u00e9cran utilisateur SSSP 4.0 a \u00e9galement \u00e9t\u00e9 am\u00e9lior\u00e9 (nouvelle interface utilisateur d&rsquo;accueil) et l&rsquo;acc\u00e8s rapide aux applications Web est pris en charge via le lanceur d&rsquo;URL.<\/p>\n<\/div>\n<\/div>\n<div class=\"img\"><img decoding=\"async\" class=\"aligncenter\" src=\"https:\/\/displaysolutions.samsung.com\/static\/images\/feature\/01_PH43F-P_01.jpg\" alt=\"\" \/><\/div>\n<\/section>\n<section class=\"featureCon convert\">\n<h3 class=\"tit\" style=\"text-align: center;\">Offrir des options robustes pour les outils de cr\u00e9ation, de planification et de d\u00e9ploiement de contenu<\/h3>\n<div class=\"content\">\n<div class=\"txt\">\n<p style=\"text-align: center;\">Aspect cl\u00e9 de la plate-forme am\u00e9lior\u00e9e SSSP 4.0 bas\u00e9e sur TIZEN, MagicInfo Player S4 de Samsung permet aux utilisateurs de tirer pleinement parti de la puissance de leur r\u00e9seau d&rsquo;affichage depuis n&rsquo;importe quel endroit via un serveur centralis\u00e9.\u00a0Plus utilisable que jamais, MagicInfo Player S4 fusionne un lecteur de sauvegarde d\u00e9di\u00e9 avec des capacit\u00e9s de diffusion de contenu DataLink pour r\u00e9duire l&rsquo;effort n\u00e9cessaire pour partager des informations vitales.<\/p>\n<p style=\"text-align: center;\"><strong>\u25c6 Performances puissantes<\/strong><br \/>\nAvec MagicInfo Player S4, le nouveau moteur graphique appliqu\u00e9 \u00e0 SMART Signage 2016 augmente les performances d&rsquo;affichage globales tout en assurant une transition transparente du contenu et un d\u00e9filement plus fluide du texte du t\u00e9l\u00e9scripteur.<br \/>\nPendant ce temps, les images haute r\u00e9solution (max. 5120 X 5120) sont prises en charge et plus de 100 zones de texte sont disponibles.\u00a0Lorsque son option Touch Overlay est utilis\u00e9e, l&rsquo;utilisateur peut naviguer enti\u00e8rement dans le navigateur Web en appuyant simplement sur l&rsquo;\u00e9cran, ce qui r\u00e9duit le besoin d&rsquo;ordinateurs suppl\u00e9mentaires.<\/p>\n<p style=\"text-align: center;\"><strong>\u25c6 Utilisation simple<\/strong><br \/>\nPlus qu&rsquo;un simple lecteur multim\u00e9dia, il fonctionne \u00e9galement comme une solution de gestion de contenu avanc\u00e9e qui peut vous permettre de lire des fichiers multim\u00e9dias, de d\u00e9finir et de modifier des horaires de lecture multim\u00e9dia, ainsi que de configurer l&rsquo;affichage comme un mur vid\u00e9o et un dispositif de contr\u00f4le gr\u00e2ce \u00e0 l&rsquo;utilisation de sa connexion WiFi, sa minuterie marche\/arr\u00eat et plus encore.\u00a0L&rsquo;interface utilisateur graphique nouvellement con\u00e7ue permet une facilit\u00e9 d&rsquo;utilisation am\u00e9lior\u00e9e et une capacit\u00e9 de gestion de contenu local.<\/p>\n<p style=\"text-align: center;\"><strong>\u25c6 Solution totale<\/strong><br \/>\nLe serveur Samsung MagicInfo a \u00e9galement \u00e9t\u00e9 repens\u00e9 et mis \u00e0 niveau vers la version 4.0.\u00a0Le logiciel serveur MagicInfo est un logiciel de gestion de contenu sp\u00e9cialis\u00e9 qui permet aux grandes organisations de g\u00e9rer plusieurs affichages num\u00e9riques via un serveur unique int\u00e9gr\u00e9.\u00a0Les organisations peuvent \u00e9galement surveiller et g\u00e9rer \u00e0 distance la signalisation intelligente \u00e0 partir d&rsquo;un emplacement centralis\u00e9.<\/p>\n<\/div>\n<\/div>\n<div class=\"img\" style=\"text-align: center;\"><img decoding=\"async\" src=\"https:\/\/displaysolutions.samsung.com\/static\/images\/feature\/01_PH43F-P_02.jpg\" alt=\"\" \/><\/div>\n<\/section>\n<section class=\"featureCon\">\n<h3 class=\"tit\" style=\"text-align: center;\">Mettez fin aux reflets ind\u00e9sirables et soyez toujours assur\u00e9 d&rsquo;une visibilit\u00e9 et d&rsquo;une lisibilit\u00e9 \u00e9lev\u00e9es<\/h3>\n<div class=\"content\">\n<div class=\"txt\">\n<p style=\"text-align: center;\">\u00c9quip\u00e9s d&rsquo;un panneau frontal anti-\u00e9blouissant, les \u00e9crans des s\u00e9ries PHF et PMF r\u00e9duisent les interf\u00e9rences de la lumi\u00e8re naturelle et ambiante pour assurer une lisibilit\u00e9 continue en tout lieu.\u00a0La visibilit\u00e9 de l&rsquo;image et la lisibilit\u00e9 des informations sont consid\u00e9r\u00e9es comme tr\u00e8s \u00e9lev\u00e9es, car elles sont moins r\u00e9fl\u00e9chissantes sous la lumi\u00e8re ou la lumi\u00e8re du soleil, ce qui ne pose aucun probl\u00e8me lorsqu&rsquo;elles sont utilis\u00e9es avec des tableaux de menu QSR ou des tableaux d&rsquo;horaires de vol d&rsquo;a\u00e9roport avec une lumi\u00e8re naturelle abondante.<\/p>\n<p style=\"text-align: center;\">* Les sp\u00e9cifications par mod\u00e8le telles que la taille, la luminosit\u00e9 et le temps de fonctionnement sont diff\u00e9rentes.\u00a0Voir le tableau des sp\u00e9cifications pour plus de d\u00e9tails.<\/p>\n<\/div>\n<\/div>\n<div class=\"img\"><img decoding=\"async\" class=\"aligncenter\" src=\"https:\/\/displaysolutions.samsung.com\/static\/images\/feature\/01_PH43F-P_03.jpg\" alt=\"\" \/><\/div>\n<\/section>\n<section class=\"featureCon convert\">\n<h3 class=\"tit\" style=\"text-align: center;\">D\u00e9bloquez un contr\u00f4le plus facile et plus flexible gr\u00e2ce \u00e0 un r\u00e9cepteur infrarouge centralis\u00e9<\/h3>\n<div class=\"content\" style=\"text-align: center;\">\n<div class=\"txt\">\n<p>Le r\u00e9cepteur infrarouge centralis\u00e9 (IR) int\u00e9gr\u00e9 aux \u00e9crans autonomes garantit un contr\u00f4le utilisateur plus facile et plus flexible.\u00a0Tous les mod\u00e8les peuvent recevoir le signal IR sur des panneaux individuels via Central IR.\u00a0Gr\u00e2ce \u00e0 une installation ou \u00e0 un montage sur mesure, les utilisateurs peuvent naviguer dans la fonctionnalit\u00e9 IR \u00e0 partir de divers emplacements, augmentant encore les performances ininterrompues.<\/p>\n<\/div>\n<\/div>\n<div class=\"img\" style=\"text-align: center;\"><img decoding=\"async\" src=\"https:\/\/displaysolutions.samsung.com\/static\/images\/feature\/01_PH43F-P_04.jpg\" alt=\"\" \/><\/div>\n<\/section>\n<section class=\"featureCon\">\n<h3 class=\"tit\" style=\"text-align: center;\">Mettez vos soucis au repos en sachant que votre \u00e9cran est prot\u00e9g\u00e9 contre une gamme de conditions environnementales<\/h3>\n<div class=\"content\" style=\"text-align: center;\">\n<div class=\"txt\">\n<p>Tous les nouveaux \u00e9crans autonomes PMF et PHF de Samsung sont certifi\u00e9s IP5x, ce qui signifie leur conception r\u00e9sistante \u00e0 la poussi\u00e8re et leur capacit\u00e9 \u00e0 r\u00e9sister \u00e0 une gamme de conditions environnementales.<br \/>\nLa certification att\u00e9nue les inqui\u00e9tudes concernant l&rsquo;accumulation de poussi\u00e8re sur les \u00e9crans install\u00e9s sur les rames de m\u00e9tro ou sur les plates-formes externes.\u00a0Les clients peuvent facilement utiliser cet \u00e9cran certifi\u00e9 IP5x sans avoir \u00e0 pr\u00e9parer un bo\u00eetier suppl\u00e9mentaire dans des endroits poussi\u00e9reux.\u00a0La diffusion de contenu ininterrompue, 24 heures sur 24, 7 jours sur 7, est toujours assur\u00e9e, quelles que soient les conditions naturelles ou interactives environnantes.<\/p>\n<\/div>\n<\/div>\n<div class=\"img\"><img decoding=\"async\" class=\"aligncenter\" src=\"https:\/\/displaysolutions.samsung.com\/static\/images\/feature\/01_PH43F-P_05.jpg\" alt=\"\" \/><\/div>\n<\/section>\n<section class=\"featureCon convert\">\n<h3 class=\"tit\" style=\"text-align: center;\">Augmentez les possibilit\u00e9s de contenu avec les PIM de Samsung<\/h3>\n<div class=\"content\" style=\"text-align: center;\">\n<div class=\"txt\">\n<p>La s\u00e9rie PHF-P est con\u00e7ue pour utiliser le contenu de diverses sources externes, y compris les PIM Samsung.<br \/>\nLes PIM Samsung utilisent la connectivit\u00e9 Intel\u00ae Open Pluggable Specification (OPS) pour permettre la fourniture d&rsquo;alimentation et de source vid\u00e9o via un seul c\u00e2ble.\u00a0Aucun cordon d&rsquo;alimentation suppl\u00e9mentaire n&rsquo;est n\u00e9cessaire.<\/p>\n<\/div>\n<\/div>\n<div class=\"img\"><img decoding=\"async\" class=\"aligncenter\" src=\"https:\/\/displaysolutions.samsung.com\/static\/images\/feature\/01_PH43F-P_06.jpg\" alt=\"\" \/><\/div>\n<\/section>\n<div>\n<div class=\"inbox\" style=\"text-align: center;\">\n<div class=\"g-spec-panel\">\n<h4><\/h4>\n<h2 class=\"h-page\" style=\"text-align: left;\">Sp\u00e9cifications <span class=\"g-title-inner\">PH43F-P<\/span><\/h2>\n<h3 style=\"text-align: left;\">Panneau<\/h3>\n<div class=\"box-spec\" style=\"text-align: left;\">\n<ul class=\"g-list-spec\">\n<li>Taille diagonale<i>43&Prime;<\/i><\/li>\n<li>Taper<i>60 Hz E-LED BLEU<\/i><\/li>\n<li>R\u00e9solution<i>1920*1080 (Full HD)<\/i><\/li>\n<li>Pas de pixel(mm)<i>0,490(H) x 0,490(V)<\/i><\/li>\n<li>Zone d&rsquo;affichage active(mm)<i>940,89 (H) x 529,25 (V)<\/i><\/li>\n<li>Luminosit\u00e9 (Typ.)<i>700\u00a0nits<\/i><\/li>\n<li>Rapport de contraste<i>3000:1<\/i><\/li>\n<li>Angle de vue (H\/V)<i>178:178<\/i><\/li>\n<li>Temps de r\u00e9ponse (G \u00e0 G)<i>8ms<\/i><\/li>\n<li>Couleurs d&rsquo;affichage<i>Dithering 10 bits &#8211; 1,07 milliard<\/i><\/li>\n<li>Gamme de couleurs<i>72%<\/i><\/li>\n<li>Heure d&rsquo;ouverture<i>24\/7<\/i><\/li>\n<li>Brume<i>44%<\/i><\/li>\n<\/ul>\n<\/div>\n<\/div>\n<div class=\"g-spec-display _hidden_spec\" style=\"text-align: left;\">\n<h4>Affichage<\/h4>\n<div class=\"box-spec\">\n<ul class=\"g-list-spec\">\n<li>C\/R dynamique<i>M\u00e9ga<\/i><\/li>\n<li>Fr\u00e9quence de balayage H<i>30 ~ 81 kHz<\/i><\/li>\n<li>Fr\u00e9quence de balayage V<i>48 ~ 75HZ<\/i><\/li>\n<li>Fr\u00e9quence de pixels maximale<i>148,5\u00a0MHz<\/i><\/li>\n<\/ul>\n<\/div>\n<\/div>\n<div class=\"g-spec-sound _hidden_spec\" style=\"text-align: left;\">\n<h4>Du son<\/h4>\n<div class=\"box-spec\">\n<ul class=\"g-list-spec\">\n<li>Type de haut-parleur<i>Haut-parleur int\u00e9gr\u00e9 (10\u00a0W + 10\u00a0W)<\/i><\/li>\n<\/ul>\n<\/div>\n<\/div>\n<div class=\"g-spec-connectivity _hidden_spec\" style=\"text-align: left;\">\n<h4>Connectivit\u00e9<\/h4>\n<div class=\"box-spec\">\n<h5>Saisir<\/h5>\n<ul class=\"g-list-spec\">\n<li>RVB<i>DVI-I (D-Sub commun), Display Port 1.2 (2)<\/i><\/li>\n<li>Vid\u00e9o<i>HDMI 2.0 (2) \/ HDCP 2.2<\/i><\/li>\n<li>HDCP<i>HDCP 2.2<\/i><\/li>\n<li>l&rsquo;audio<i>Mini-prise st\u00e9r\u00e9o, RVB\/DVI\/HDMI<\/i><\/li>\n<li>USB<i>USB 2.0 x 2<\/i><\/li>\n<\/ul>\n<h5>Production<\/h5>\n<ul class=\"g-list-spec\">\n<li>RVB<i>DP1.2 (boucle)<\/i><\/li>\n<li>l&rsquo;audio<i>Mini-prise st\u00e9r\u00e9o<\/i><\/li>\n<\/ul>\n<h5 class=\"spec_title_none\"><\/h5>\n<ul class=\"g-list-spec\">\n<li>Contr\u00f4le externe<i>RS232C (entr\u00e9e\/sortie) via prise st\u00e9r\u00e9o, RJ45<\/i><\/li>\n<\/ul>\n<\/div>\n<\/div>\n<div class=\"g-spec-power _hidden_spec\" style=\"text-align: left;\">\n<h4>Du pouvoir<\/h4>\n<div class=\"box-spec\">\n<ul class=\"g-list-spec\">\n<li>Taper<i>Interne<\/i><\/li>\n<li>Source de courant<i>AC 100 &#8211; 240 V~ (+\/- 10 %), 50\/60 Hz<\/i><\/li>\n<\/ul>\n<h5>Consommation d&rsquo;\u00e9nergie<\/h5>\n<ul class=\"g-list-spec\">\n<li>Max[W\/h]<i>154<\/i><\/li>\n<li>Typique[W\/h]<i>UE108, \u00c9tats-Unis 108, WW 108<\/i><\/li>\n<li>BTU (maximum)<i>525.14<\/i><\/li>\n<li>Mode veille<i>moins de 0.5W<\/i><\/li>\n<li>Arr\u00eat<i>moins de 0.5W<\/i><\/li>\n<\/ul>\n<\/div>\n<\/div>\n<div class=\"g-spec-mechanical _hidden_spec\" style=\"text-align: left;\">\n<h4>Sp\u00e9cification m\u00e9canique<\/h4>\n<div class=\"box-spec\">\n<h5>Dimensions (mm)<\/h5>\n<ul class=\"g-list-spec\">\n<li>R\u00e9gler<i>959.7 X 550.1 X 29.9<\/i><\/li>\n<li>Forfait<i>1037 x 628 x 132<\/i><\/li>\n<\/ul>\n<h5>poids (kg)<\/h5>\n<ul class=\"g-list-spec\">\n<li>R\u00e9gler<i>9.4<\/i><\/li>\n<li>Forfait<i>11.4<\/i><\/li>\n<\/ul>\n<h5 class=\"spec_title_none\"><\/h5>\n<ul class=\"g-list-spec\">\n<li>Montage VESA (mm)<i>200&#215;200<\/i><\/li>\n<li>Type de support<i>Support de pied (facultatif)<\/i><\/li>\n<li>Largeur de lunette (mm)<i>6.9\/6.9\/8.9<\/i><\/li>\n<\/ul>\n<\/div>\n<\/div>\n<div class=\"g-spec-operation _hidden_spec\" style=\"text-align: left;\">\n<h4>Op\u00e9ration<\/h4>\n<div class=\"box-spec\">\n<ul class=\"g-list-spec\">\n<li>Temp\u00e9rature de fonctionnement<i>0,0 \u2103 ~ 40,0 \u2103<\/i><\/li>\n<li>Humidit\u00e9<i>10,0 % ~ 80,0 %\u00a0\u00a0<\/i><\/li>\n<\/ul>\n<\/div>\n<\/div>\n<div class=\"g-spec-feature _hidden_spec\" style=\"text-align: left;\">\n<h4>Caract\u00e9ristique<\/h4>\n<div class=\"box-spec\">\n<ul class=\"g-list-spec\">\n<li class=\"wide\">Principales caract\u00e9ristiques<i>Signalisation fine et l\u00e9g\u00e8re avec MagicInfo S4 int\u00e9gr\u00e9, SSSP 4.0<\/i><\/li>\n<li class=\"wide\">Orientation<i>N \/ A<\/i><\/li>\n<li class=\"wide\">T\u00e9l\u00e9commande<i>N \/ A<\/i><\/li>\n<\/ul>\n<ul class=\"g-list-spec\">\n<li class=\"wide\">Caract\u00e9ristiques sp\u00e9ciales<i>H\/W\u00a0: panneau anti-\u00e9blouissement, capteur de temp\u00e9rature, mur vid\u00e9o (15\u00a0x\u00a015\u00a0(OSD)), guirlande de mur vid\u00e9o (16), affichage pivotant, batterie d&rsquo;horloge (maintien de l&rsquo;horloge 168\u00a0heures), haut-parleur int\u00e9gr\u00e9 (10\u00a0W x 2), module WiFi Int\u00e9gr\u00e9, IP5x, Center IR S\/W : Magic Clone (vers USB), Commutation et r\u00e9cup\u00e9ration de source automatique, RS232C\/RJ45 MDC, Plug and Play, Rotation d&rsquo;image, Verrouillage des boutons, DP 1.2 Digital Daisy Chain (prise en charge HDCP), Mise \u00e0 jour du micrologiciel par r\u00e9seau, nouvel \u00e9cran d&rsquo;accueil, mur vid\u00e9o sans PC (source externe uniquement), multicanal, contr\u00f4le mobile, calendrier des \u00e9v\u00e9nements, lecteur de sauvegarde<\/i><\/li>\n<\/ul>\n<h5>Lecteur interne<\/h5>\n<ul class=\"g-list-spec noline\">\n<li>Processeur<i>Processeur quadric\u0153ur Cortex-A12 1,3 GHz<\/i><\/li>\n<li>M\u00e9moire cache sur puce<i>L1 (I\/D) : 32 Ko \/ 32 Ko L2 (Unifi\u00e9) : 1 Mo<\/i><\/li>\n<li>Vitesse de l&rsquo;horloge<i>Quadruple processeur 1,3\u00a0GHz<\/i><\/li>\n<li>Interface m\u00e9moire principale<i>2,5 Go 3 canaux 96 bits DDR3-933 (1866 MHz)<\/i><\/li>\n<\/ul>\n<ul class=\"g-list-spec\">\n<li>Graphique<i>Format de donn\u00e9es du moteur graphique 2D et 3D : 32 bpp R\u00e9solution graphique : 1920 x 1080 R\u00e9solution de sortie : jusqu&rsquo;\u00e0 3840 x 2160 (mise \u00e0 l&rsquo;\u00e9chelle \u00e0 partir du r\u00e9sultat du traitement graphique.) &#8211; Prend en charge OpenGL ES<\/i><\/li>\n<li>Stockage (FDM)<i>8 Go (3,75 Go occup\u00e9s par le syst\u00e8me d&rsquo;exploitation, 4,25 Go disponibles, )<\/i><\/li>\n<li>Multim\u00e9dia<i>D\u00e9codeur vid\u00e9o &#8211; MPEG-1\/2\/4, H.263, H.264\/AVC, UHD H.264\/AVC &#8211; VC-1, AVS+, HEVC, JPEG, PNG, VP8, VP9 DSP audio (d\u00e9codeur) &#8211; AC3 (DD), MPEG, DTS, etc.<\/i><\/li>\n<li>Ports E\/S<i>USB 2.0<\/i><\/li>\n<\/ul>\n<ul class=\"g-list-spec\">\n<li>Syst\u00e8me op\u00e9rateur<i>Tizen 2.4 (VDLinux)<\/i><\/li>\n<\/ul>\n<\/div>\n<\/div>\n<div class=\"g-spec-certification _hidden_spec\" style=\"text-align: left;\">\n<h4>Certificat<\/h4>\n<div class=\"box-spec\">\n<ul class=\"g-list-spec\">\n<li class=\"wide\">S\u00e9curit\u00e9<i>CB (Europe) : IEC60950-1\/EN60950-1 CCC (Chine) : GB4943.1-2011 PSB (Singapour) : PSB+IEC60950-1 NOM (Mexique) : NOM-001-SCFI-1993 IRAM (Argentine) : IRAM +IEC60950-1 SASO (Arabie Saoudite) : SASO+IEC60950-1 BIS(Inde) : IEC60950-1 \/ IS13252 NOM(Mexique) : Tuner : NOM-001-SCFI-1993 Tunerless : NOM-019-SCFI-1998 KC( Cor\u00e9e) : K 60950-1 EAC (Russie) : EAC+IEC60950-1 INMETRO (Br\u00e9sil) : INMETRO+IEC60950-1 BSMI (Taiwan) : BSMI+IEC60950-1 RCM (Australie) : IEC60950-1\/AS\/NZS 60950 -1 UL(USA) : cUL60950-1 CSA (Canada) : cUL TUV (Allemagne) : CE NEMKO (Norv\u00e8ge) : CE<\/i><\/li>\n<li class=\"wide\">CEM<i>FCC (USA) Partie 15, Sous-partie B Classe A CE (Europe) : EN55022:2006+A1:2007 EN55024:1998+A1:2001+A2:2003 VCCI (Japon) : VCCI V-3 \/2010.04 Classe A KCC\/EK (Cor\u00e9e) : Tuner : KN13 \/ KN20 Tunerless : KN22 \/ KN24 BSMI (Ta\u00efwan) : CNS13438 (ITE EMI) Classe A \/ CNS13439 (AV EMI) \/ CNS14409 (AV EMS) \/ CNS14972 (Num\u00e9rique) C-Tick (Australie) : AS\/NZS CISPR22:2009 CCC(Chine) :GB9254-2008 GB17625.1-2012 GOST(Russie\/CEI) : GOST R 51317 Series, GOST 22505-97 EN55022:2006+A1:2007 EN55024:1998+A1:2001+ A2:2003<\/i><\/li>\n<\/ul>\n<\/div>\n<\/div>\n<div class=\"g-spec-accessory _hidden_spec\" style=\"text-align: left;\">\n<h4>Accessoire<\/h4>\n<div class=\"box-spec\">\n<ul class=\"g-list-spec\">\n<li class=\"wide\">Inclus<i>Guide d&rsquo;installation rapide, guide de r\u00e9glementation, carte de garantie, cordon d&rsquo;alimentation, t\u00e9l\u00e9commande, piles, adaptateur RS232C(IN), prise de protection<\/i><\/li>\n<\/ul>\n<h5>Optionnel<\/h5>\n<ul class=\"g-list-spec\">\n<li>Supporter<i>STN-L3240E<\/i><\/li>\n<li>Monter<i>WMN4070SD<\/i><\/li>\n<li>Sp\u00e9cialit\u00e9<i>CML400XJ<\/i><\/li>\n<\/ul>\n<\/div>\n<\/div>\n<div class=\"g-spec-mediaplayer _hidden_spec\" style=\"text-align: left;\">\n<h4>Lecteur multim\u00e9dia<\/h4>\n<div class=\"box-spec\">\n<h5>Lecteur multim\u00e9dia<\/h5>\n<ul class=\"g-list-spec\">\n<li>Lecteur multim\u00e9dia<i>CFF, PIM<\/i><\/li>\n<\/ul>\n<\/div>\n<\/div>\n<\/div>\n<div id=\"_less_spec\" class=\"g-load-more loaded\" style=\"text-align: left;\"><\/div>\n<\/div>\n<\/div>\n<\/div>\n","protected":false},"excerpt":{"rendered":"<div class=\"g-title renewal-g-title\">\n<h2><span class=\"g-title-inner\">PH43F-P<\/span><\/h2>\n<p class=\"copy\">\u00c9crans aliment\u00e9s par TIZEN haut de gamme avec un design mince et captivant et une connectivit\u00e9 \u00e9tendue.<\/p>\n<\/div>\n<div class=\"renewal-pro-explain-wrap\">\n<ul class=\"pro-explain renewal-pro-explain\">\n<li>Display Solution all-in-one with MagicInfo Player S4, built-in powered by TIZEN\u2122<\/li>\n<li>Certification IP5x and panel anti-reflective coating to withstand a range of environmental conditions<\/li>\n<li>Design \u00e9l\u00e9gant avec une faible profondeur (29,9 mm) et une lunette \u00e9troite (6,9 mm)<\/li>\n<li>Prise en charge de diverses sources externes, y compris les lecteurs multim\u00e9dias Samsung tels que PIM et SBB<\/li>\n<\/ul>\n<\/div>","protected":false},"featured_media":15483,"template":"","meta":{"_acf_changed":false},"product_brand":[],"product_cat":[169],"product_tag":[],"class_list":{"0":"post-15214","1":"product","2":"type-product","3":"status-publish","4":"has-post-thumbnail","6":"product_cat-display-indoor-led-slim","8":"first","9":"instock","10":"purchasable","11":"product-type-variable","12":"has-default-attributes"},"acf":[],"_links":{"self":[{"href":"https:\/\/www.ynova.be\/en\/wp-json\/wp\/v2\/product\/15214","targetHints":{"allow":["GET"]}}],"collection":[{"href":"https:\/\/www.ynova.be\/en\/wp-json\/wp\/v2\/product"}],"about":[{"href":"https:\/\/www.ynova.be\/en\/wp-json\/wp\/v2\/types\/product"}],"version-history":[{"count":0,"href":"https:\/\/www.ynova.be\/en\/wp-json\/wp\/v2\/product\/15214\/revisions"}],"wp:featuredmedia":[{"embeddable":true,"href":"https:\/\/www.ynova.be\/en\/wp-json\/wp\/v2\/media\/15483"}],"wp:attachment":[{"href":"https:\/\/www.ynova.be\/en\/wp-json\/wp\/v2\/media?parent=15214"}],"wp:term":[{"taxonomy":"product_brand","embeddable":true,"href":"https:\/\/www.ynova.be\/en\/wp-json\/wp\/v2\/product_brand?post=15214"},{"taxonomy":"product_cat","embeddable":true,"href":"https:\/\/www.ynova.be\/en\/wp-json\/wp\/v2\/product_cat?post=15214"},{"taxonomy":"product_tag","embeddable":true,"href":"https:\/\/www.ynova.be\/en\/wp-json\/wp\/v2\/product_tag?post=15214"}],"curies":[{"name":"wp","href":"https:\/\/api.w.org\/{rel}","templated":true}]}}