{"id":15213,"date":"2020-03-25T12:31:01","date_gmt":"2020-03-25T11:31:01","guid":{"rendered":"https:\/\/www.ynova.be\/produit\/samsung-sh37f-stretched-display\/"},"modified":"2022-06-10T15:48:52","modified_gmt":"2022-06-10T13:48:52","slug":"samsung-sh37f-stretched-display","status":"publish","type":"product","link":"https:\/\/www.ynova.be\/en\/product\/samsung-sh37f-stretched-display\/","title":{"rendered":"Samsung SH37F \u2013 Stretched Display"},"content":{"rendered":"<div class=\"g-h-box\">\n<h2 class=\"h-page\" style=\"text-align: center;\">Fonctionnalit\u00e9s SH37F<\/h2>\n<\/div>\n<div class=\"featureWrap\">\n<div class=\"featureWrap\">\n<section class=\"featureCon\">\n<h3 class=\"tit\" style=\"text-align: center;\">Maximisez l&rsquo;espace et optimisez le contenu avec les solutions Samsung SMART Signage<\/h3>\n<div class=\"content\">\n<div class=\"txt\">\n<p style=\"text-align: center;\">La signalisation num\u00e9rique doit aujourd&rsquo;hui \u00eatre polyvalente et rentable en mettant l&rsquo;accent sur la maximisation de l&rsquo;efficacit\u00e9 de l&rsquo;espace.\u00a0Il y a eu un besoin croissant d&rsquo;utiliser des espaces de niche avec des solutions de signalisation efficaces.\u00a0Les \u00e9crans de la s\u00e9rie SHF de Samsung, avec \u00e9cran large \u00e9tir\u00e9 16:4,5, offrent la possibilit\u00e9 de communiquer efficacement des informations dans des espaces restreints et \u00e9troits tels que les \u00e9tag\u00e8res des magasins, les plafonds et les couloirs.<br \/>\nLorsqu&rsquo;ils sont utilis\u00e9s dans un environnement de transport 24 heures sur 24, 7 jours sur 7, les \u00e9crans de la s\u00e9rie Samsung SMART Signage SHF sont un atout inestimable pour tenir les voyageurs inform\u00e9s des changements d&rsquo;horaires en fournissant des informations claires, faciles \u00e0 lire et dynamiques qui peuvent \u00eatre consomm\u00e9es en un coup d&rsquo;\u0153il.<br \/>\nDans les environnements de vente au d\u00e9tail, les \u00e9crans de la s\u00e9rie SHF offrent des opportunit\u00e9s uniques pour promouvoir des produits ou attirer les clients avec des informations sur les produits en utilisant un minimum d&rsquo;espace.\u00a0Avec la capacit\u00e9 d&rsquo;un fonctionnement continu 24 heures sur 24, 7 jours sur 7, vous pouvez \u00eatre assur\u00e9 que l&rsquo;attention des clients sera \u00e0 son plus haut niveau.<\/p>\n<\/div>\n<\/div>\n<div class=\"img\"><img decoding=\"async\" class=\"aligncenter\" src=\"https:\/\/displaysolutions.samsung.com\/static\/images\/feature\/SH37F_F_01.jpg\" alt=\"\" \/><\/div>\n<\/section>\n<section class=\"featureCon convert\">\n<h3 class=\"tit\" style=\"text-align: center;\">Fournir des images nettes dans diverses conditions d&rsquo;\u00e9clairage<\/h3>\n<div class=\"content\">\n<div class=\"txt\">\n<p style=\"text-align: center;\">Les \u00e9crans de la s\u00e9rie Samsung SMART Signage SHF offrent des images vibrantes et r\u00e9alistes offrant une exp\u00e9rience visuelle in\u00e9gal\u00e9e.\u00a0Avec des niveaux de luminosit\u00e9 allant jusqu&rsquo;\u00e0 700 nit, ces \u00e9crans offrent les images les plus claires et les plus riches, quelles que soient les conditions d&rsquo;\u00e9clairage.\u00a0Les \u00e9crans de la s\u00e9rie SHF excellent dans les situations de forte lumi\u00e8re o\u00f9 l&rsquo;\u00e9blouissement peut pr\u00e9senter un probl\u00e8me.\u00a0Avec un panneau antireflet (44\u00a0% de brume), vous pouvez \u00eatre assur\u00e9 que votre contenu ne sera pas obstru\u00e9 par des conditions d&rsquo;\u00e9clairage hors de votre contr\u00f4le, et vous pouvez \u00eatre s\u00fbr que votre contenu aura fi\u00e8re allure n&rsquo;importe o\u00f9.<\/p>\n<\/div>\n<\/div>\n<div class=\"img\"><img decoding=\"async\" class=\"aligncenter\" src=\"https:\/\/displaysolutions.samsung.com\/static\/images\/feature\/SH37F_F_02.jpg\" alt=\"\" \/><\/div>\n<\/section>\n<section class=\"featureCon\">\n<h3 class=\"tit\" style=\"text-align: center;\">Personnalisez le contenu du portrait au paysage et affichez-le avec simplicit\u00e9<\/h3>\n<div class=\"content\">\n<div class=\"txt\">\n<p style=\"text-align: center;\">Les \u00e9crans de la s\u00e9rie SHF de Samsung offrent une capacit\u00e9 de pivotement ainsi qu&rsquo;un logiciel de rotation d&rsquo;image qui peut changer l&rsquo;orientation de l&rsquo;image de portrait \u00e0 paysage pour une plus grande flexibilit\u00e9 d&rsquo;affichage.\u00a0Les images ne n\u00e9cessitent pas de rotation dans le logiciel d&rsquo;\u00e9dition d&rsquo;images pour les faire appara\u00eetre correctement dans une orientation diff\u00e9rente car cette capacit\u00e9 est g\u00e9r\u00e9e automatiquement dans l&rsquo;affichage.\u00a0Le format d&rsquo;\u00e9cran large 16:4.5 vous permet de cr\u00e9er une exp\u00e9rience interactive riche de multiples fa\u00e7ons dans une vari\u00e9t\u00e9 d&rsquo;espaces.\u00a0Le contenu est enti\u00e8rement optimis\u00e9 et l&rsquo;affichage permet une plus grande flexibilit\u00e9 puisqu&rsquo;il peut s&rsquo;adapter au contenu dans n&rsquo;importe quelle orientation.\u00a0Diffusez facilement des images vibrantes et r\u00e9alistes avec facilit\u00e9 et simplicit\u00e9.\u00a0Lors de la lecture de contenus de taille 540&#215;1920, le mode pivot le rend optimal.<\/p>\n<\/div>\n<\/div>\n<div class=\"img\"><img decoding=\"async\" class=\"aligncenter\" src=\"https:\/\/displaysolutions.samsung.com\/static\/images\/feature\/SH37F_F_03.jpg\" alt=\"\" \/><\/div>\n<\/section>\n<section class=\"featureCon convert\">\n<h3 class=\"tit\" style=\"text-align: center;\">Maximisez l&rsquo;engagement des spectateurs dans un minimum d&rsquo;espace<\/h3>\n<div class=\"content\">\n<div class=\"txt\">\n<p style=\"text-align: center;\">Les \u00e9crans de la s\u00e9rie SHF de Samsung pr\u00e9sentent un profil mince avec une profondeur de seulement 39,9 mm, ce qui vous permet de maximiser l&rsquo;espace disponible.\u00a0Cela permet \u00e0 l&rsquo;\u00e9cran d&rsquo;\u00eatre install\u00e9 dans des zones o\u00f9 l&rsquo;espace est limit\u00e9 et permet au contenu de se fondre parfaitement dans l&rsquo;environnement dans un design fin et l\u00e9ger avec une consommation d&rsquo;\u00e9nergie r\u00e9duite pour des co\u00fbts d&rsquo;exploitation r\u00e9duits.\u00a0Une conception de lunette mince de seulement 13,9 mm (T\/B) et 7,5 mm (L\/R) permet de r\u00e9duire les distractions dans le contenu et permet \u00e0 votre message de briller de mani\u00e8re claire et ininterrompue.<\/p>\n<\/div>\n<\/div>\n<div class=\"img\"><img decoding=\"async\" class=\"aligncenter\" src=\"https:\/\/displaysolutions.samsung.com\/static\/images\/feature\/SH37F_F_04.jpg\" alt=\"\" \/><\/div>\n<\/section>\n<section class=\"featureCon\">\n<h3 class=\"tit\" style=\"text-align: center;\">Connexion en guirlande de plusieurs \u00e9crans sans \u00e9quipement suppl\u00e9mentaire<\/h3>\n<div class=\"content\" style=\"text-align: center;\">\n<div class=\"txt\">\n<p>En raison de la nouveaut\u00e9 relative de l&rsquo;UHD dans les param\u00e8tres d&rsquo;affichage commerciaux, peu de lecteurs multim\u00e9dias offrent actuellement une prise en charge du streaming UHD.\u00a0Pour r\u00e9pondre \u00e0 cette demande, Samsung a lanc\u00e9 un SBB compatible UHD en option, qui peut se fixer \u00e0 l&rsquo;arri\u00e8re de la s\u00e9rie SHF.\u00a0L&rsquo;installation simple de ce SBB \u00e9limine l&rsquo;encombrement inutile des c\u00e2bles et supprime \u00e9galement la n\u00e9cessit\u00e9 de cr\u00e9er un bo\u00eetier s\u00e9par\u00e9 pour le lecteur multim\u00e9dia.<\/p>\n<\/div>\n<\/div>\n<div class=\"img\"><img decoding=\"async\" class=\"aligncenter\" src=\"https:\/\/displaysolutions.samsung.com\/static\/images\/feature\/SH37F_F_05.jpg\" alt=\"\" \/><\/div>\n<\/section>\n<div>\n<div class=\"g-spec-panel\">\n<h2 class=\"h-page\" style=\"text-align: center;\">Sp\u00e9cifications SH37F<\/h2>\n<h4>Panneau SH37F<\/h4>\n<div class=\"box-spec\">\n<ul class=\"g-list-spec\">\n<li>Taille diagonale<i>37&Prime;<\/i><\/li>\n<li>Taper<i>60 Hz E-LED BLEU<\/i><\/li>\n<li>R\u00e9solution<i>1920*540<\/i><\/li>\n<li>Pas de pixel(mm)<i>0,4686(H) x 0,4686(V)<\/i><\/li>\n<li>Zone d&rsquo;affichage active(mm)<i>899.712(H) x 253.044(V)<\/i><\/li>\n<li>Luminosit\u00e9 (Typ.)<i>700 nits<\/i><\/li>\n<li>Rapport de contraste<i>4000:1<\/i><\/li>\n<li>Angle de vue (H\/V)<i>178:178<\/i><\/li>\n<li>Temps de r\u00e9ponse (G \u00e0 G)<i>16ms<\/i><\/li>\n<li>Couleurs d&rsquo;affichage<i>8bit &#8211; 16.7M<\/i><\/li>\n<li>Gamme de couleurs<i>72%<\/i><\/li>\n<li>Heure d&rsquo;ouverture<i>24\/7<\/i><\/li>\n<li>Brume<i>44%<\/i><\/li>\n<\/ul>\n<\/div>\n<\/div>\n<div class=\"g-spec-display _hidden_spec\">\n<h4>Affichage SH37F<\/h4>\n<div class=\"box-spec\">\n<ul class=\"g-list-spec\">\n<li>C\/R dynamique<i>10 000:1<\/i><\/li>\n<li>Fr\u00e9quence de balayage H<i>54 ~ 69,75 kHz<\/i><\/li>\n<li>Fr\u00e9quence de balayage V<i>48 ~ 62HZ<\/i><\/li>\n<li>Fr\u00e9quence de pixels maximale<i>148,5\u00a0MHz<\/i><\/li>\n<\/ul>\n<\/div>\n<\/div>\n<div class=\"g-spec-connectivity _hidden_spec\">\n<h4>Connectivit\u00e9 SH37F<\/h4>\n<div class=\"box-spec\">\n<h5>Saisir<\/h5>\n<ul class=\"g-list-spec\">\n<li>RVB<i>DVI-I, Display Port 1.2<\/i><\/li>\n<li>Vid\u00e9o<i>HDMI<\/i><\/li>\n<li>HDCP<i>HDCP 2.2<\/i><\/li>\n<li>l&rsquo;audio<i>Mini-prise st\u00e9r\u00e9o<\/i><\/li>\n<li>USB<i>USB 2.0 x 1<\/i><\/li>\n<\/ul>\n<h5>Production<\/h5>\n<ul class=\"g-list-spec\">\n<li>RVB<i>DP1.2 (boucle)<\/i><\/li>\n<li>l&rsquo;audio<i>Mini-prise st\u00e9r\u00e9o<\/i><\/li>\n<li>Contr\u00f4le externe<i>RS232C (entr\u00e9e\/sortie) via mini-prise st\u00e9r\u00e9o, RJ45<\/i><\/li>\n<li>Capteur externe<i>IR<\/i><\/li>\n<li>Tuner<i>Non<\/i><\/li>\n<\/ul>\n<\/div>\n<\/div>\n<div class=\"g-spec-power _hidden_spec\">\n<h4>POWER SH37F<\/h4>\n<div class=\"box-spec\">\n<ul class=\"g-list-spec\">\n<li>Taper<i>Interne<\/i><\/li>\n<li>Source de courant<i>AC 100 &#8211; 240 V~ (+\/- 10 %), 50\/60 Hz<\/i><\/li>\n<\/ul>\n<h5>Consommation d&rsquo;\u00e9nergie<\/h5>\n<ul class=\"g-list-spec\">\n<li>Max[W\/h]<i>77<\/i><\/li>\n<li>Typique[W\/h]<i>56<\/i><\/li>\n<li>BTU (maximum)<i>263<\/i><\/li>\n<li>Mode veille<i>moins de 0.5W<\/i><\/li>\n<li>Arr\u00eat<i>moins de 0.5W<\/i><\/li>\n<\/ul>\n<\/div>\n<\/div>\n<div class=\"g-spec-mechanical _hidden_spec\">\n<h4>Sp\u00e9cification m\u00e9canique SH37F<\/h4>\n<div class=\"box-spec\">\n<h5>Dimensions (mm)<\/h5>\n<ul class=\"g-list-spec\">\n<li>R\u00e9gler<i>914,9 \u00d7 280,8 \u00d7 39,9<\/i><\/li>\n<li>Forfait<i>1102 X 122 X 369<\/i><\/li>\n<\/ul>\n<h5>poids (kg)<\/h5>\n<ul class=\"g-list-spec\">\n<li>R\u00e9gler<i>6.6<\/i><\/li>\n<li>Forfait<i>8,5 kg<\/i><\/li>\n<li>Montage VESA (mm)<i>400 X 200<\/i><\/li>\n<li>Type de support<i>Support de pied (facultatif)<\/i><\/li>\n<li>Largeur de lunette (mm)<i>5,7 (c\u00f4t\u00e9), 12 (haut\/bas)<\/i><\/li>\n<\/ul>\n<\/div>\n<\/div>\n<div class=\"g-spec-operation _hidden_spec\">\n<h4>Op\u00e9ration<\/h4>\n<div class=\"box-spec\">\n<ul class=\"g-list-spec\">\n<li>Temp\u00e9rature de fonctionnement<i>101 \u2103 ~ 40,0 \u2103<\/i><\/li>\n<li>Humidit\u00e9<i>10,0 % ~ 80,0 %\u00a0\u00a0<\/i><\/li>\n<\/ul>\n<\/div>\n<\/div>\n<\/div>\n<\/div>\n<\/div>\n","protected":false},"excerpt":{"rendered":"<div class=\"g-title renewal-g-title\">\n<h2><span class=\"g-title-inner\">SH37F<\/span><\/h2>\n<p class=\"copy\">Screens stretched with a wide-screen 16: 4,5 with a design of thin frame and narrow.<\/p>\n<\/div>\n<div class=\"renewal-pro-explain-wrap\">\n<ul class=\"pro-explain renewal-pro-explain\">\n<li>New extended screens with 16:4.5 wide screen with the ability of continuous operation 24h\/24 and 7d\/7<\/li>\n<li>Visual effect unmatched with a high brightness (700 nit) and panels of dazzling (44 % haze)<\/li>\n<li>Simple display and content management with the functionality DP Loop Out and USB playback<\/li>\n<\/ul>\n<\/div>","protected":false},"featured_media":15489,"template":"","meta":{"_acf_changed":false},"product_brand":[],"product_cat":[169],"product_tag":[],"class_list":{"0":"post-15213","1":"product","2":"type-product","3":"status-publish","4":"has-post-thumbnail","6":"product_cat-display-indoor-led-slim","8":"first","9":"instock","10":"purchasable","11":"product-type-simple"},"acf":[],"_links":{"self":[{"href":"https:\/\/www.ynova.be\/en\/wp-json\/wp\/v2\/product\/15213","targetHints":{"allow":["GET"]}}],"collection":[{"href":"https:\/\/www.ynova.be\/en\/wp-json\/wp\/v2\/product"}],"about":[{"href":"https:\/\/www.ynova.be\/en\/wp-json\/wp\/v2\/types\/product"}],"version-history":[{"count":0,"href":"https:\/\/www.ynova.be\/en\/wp-json\/wp\/v2\/product\/15213\/revisions"}],"wp:featuredmedia":[{"embeddable":true,"href":"https:\/\/www.ynova.be\/en\/wp-json\/wp\/v2\/media\/15489"}],"wp:attachment":[{"href":"https:\/\/www.ynova.be\/en\/wp-json\/wp\/v2\/media?parent=15213"}],"wp:term":[{"taxonomy":"product_brand","embeddable":true,"href":"https:\/\/www.ynova.be\/en\/wp-json\/wp\/v2\/product_brand?post=15213"},{"taxonomy":"product_cat","embeddable":true,"href":"https:\/\/www.ynova.be\/en\/wp-json\/wp\/v2\/product_cat?post=15213"},{"taxonomy":"product_tag","embeddable":true,"href":"https:\/\/www.ynova.be\/en\/wp-json\/wp\/v2\/product_tag?post=15213"}],"curies":[{"name":"wp","href":"https:\/\/api.w.org\/{rel}","templated":true}]}}