{"id":15212,"date":"2020-03-25T12:31:01","date_gmt":"2020-03-25T11:31:01","guid":{"rendered":"https:\/\/www.ynova.be\/produit\/samsung-qb75n-w-75-uhd-touch-monitor\/"},"modified":"2022-06-21T11:52:04","modified_gmt":"2022-06-21T09:52:04","slug":"samsung-qb75n-w-75-uhd-touch-monitor","status":"publish","type":"product","link":"https:\/\/www.ynova.be\/en\/product\/samsung-qb75n-w-75-uhd-touch-monitor\/","title":{"rendered":"Samsung QB75N-W Touch Monitor"},"content":{"rendered":"<div class=\"g-h-box\">\n<h2 class=\"h-page\" style=\"text-align: center;\"><span>Fonctionnalit\u00e9s Samsung QB75N-W<\/span><\/h2>\n<\/div>\n<div class=\"featureWrap\">\n<div class=\"product-detail el-motion el-active\" style=\"text-align: center;\">\n<div class=\"inner-box\">\n<h3 class=\"tit\"><span>Revitaliser la collaboration productive<\/span><\/h3>\n<p class=\"txt\"><span>Les cartes \u00e9lectroniques QBH-TR \/ QBN-W de Samsung offrent une ar\u00e8ne polyvalente tout-en-un pour une meilleure collaboration.\u00a0La technologie tactile am\u00e9lior\u00e9e, la solution intuitive MagicIWB S5 et la qualit\u00e9 d&rsquo;image UHD s&rsquo;associent pour stimuler la productivit\u00e9 et la collaboration en facilitant une interaction engageante et efficace.<\/span><\/p>\n<p class=\"img\"><img decoding=\"async\" class=\"el-img-active\" src=\"https:\/\/displaysolutions.samsung.com\/static\/images\/feature_new\/ss\/interactive\/qb65h-tr_01.jpg\" alt=\"QBH-TR Caract\u00e9ristique 01\" \/><\/p>\n<\/div>\n<\/div>\n<div class=\"product-detail el-motion el-active\" style=\"text-align: center;\">\n<div class=\"inner-box\">\n<h3 class=\"tit\"><span>Am\u00e9liorer le toucher, am\u00e9liorer la capacit\u00e9<\/span><\/h3>\n<p class=\"txt\"><span>Tirez parti des fonctionnalit\u00e9s tactiles am\u00e9lior\u00e9es pour une exp\u00e9rience d&rsquo;\u00e9criture num\u00e9rique fluide et polyvalente.\u00a0Jusqu&rsquo;\u00e0 quatre utilisateurs peuvent \u00e9crire simultan\u00e9ment \u00e0 l&rsquo;aide du stylet fourni ou de pratiquement n&rsquo;importe quel autre outil.<\/span><\/p>\n<p class=\"img\"><img decoding=\"async\" class=\"el-img-active\" src=\"https:\/\/displaysolutions.samsung.com\/static\/images\/feature_new\/ss\/interactive\/qb65h-tr_02.jpg\" alt=\"QBH-TR Caract\u00e9ristique 02\" \/><\/p>\n<\/div>\n<\/div>\n<div class=\"product-detail el-motion el-active\" style=\"text-align: center;\">\n<div class=\"inner-box\">\n<h3 class=\"tit\"><span>Am\u00e9liorez la qualit\u00e9 de la collaboration<\/span><\/h3>\n<p class=\"txt\"><span>La solution int\u00e9gr\u00e9e MagicIWB S5 facilite la gestion et l&rsquo;organisation des discussions avec une interface intuitive pour un acc\u00e8s rapide aux fonctionnalit\u00e9s collaboratives vitales telles que la mise en miroir d&rsquo;\u00e9cran et la sauvegarde des notations en temps r\u00e9el.<\/span><\/p>\n<p class=\"img\"><img decoding=\"async\" class=\"el-img-active\" src=\"https:\/\/displaysolutions.samsung.com\/static\/images\/feature_new\/ss\/interactive\/qb65h-tr_03.jpg\" alt=\"QBH-TR Caract\u00e9ristique 03\" \/><\/p>\n<\/div>\n<\/div>\n<div class=\"product-detail el-motion el-active\" style=\"text-align: center;\">\n<div class=\"inner-box\">\n<h3 class=\"tit\"><span>Changez de sources en toute transparence<\/span><\/h3>\n<p class=\"txt\"><span>Gr\u00e2ce \u00e0 la fonction d&rsquo;\u00e9cran de travail, les utilisateurs peuvent basculer rapidement entre plusieurs \u00e9crans, tels que le tableau blanc, le navigateur Internet et les sources d&rsquo;entr\u00e9e connect\u00e9es, en quelques touches seulement.<\/span><\/p>\n<p class=\"img\"><img decoding=\"async\" class=\"el-img-active\" src=\"https:\/\/displaysolutions.samsung.com\/static\/images\/feature_new\/ss\/interactive\/qb65h-tr_04.jpg\" alt=\"QBH-TR Caract\u00e9ristique 04\" \/><\/p>\n<\/div>\n<\/div>\n<div class=\"product-detail el-motion el-active\" style=\"text-align: center;\">\n<div class=\"inner-box\">\n<h3 class=\"tit\"><span>R\u00e9cup\u00e9rer et contr\u00f4ler le contenu \u00e0 distance<\/span><\/h3>\n<p class=\"txt\"><span>Extrayez et modifiez le contenu sur des ordinateurs portables distants directement via l&rsquo;\u00e9cran central en utilisant la fonctionnalit\u00e9 tactile.\u00a0Le puissant syst\u00e8me Knox s\u00e9curise la connexion de l&rsquo;espace de travail \u00e0 distance pour se prot\u00e9ger contre les fuites d&rsquo;informations et l&rsquo;ing\u00e9rence.<\/span><\/p>\n<p class=\"img\"><img decoding=\"async\" class=\"el-img-active\" src=\"https:\/\/displaysolutions.samsung.com\/static\/images\/feature_new\/ss\/interactive\/qb65h-tr_05.jpg\" alt=\"QBH-TR Caract\u00e9ristique 05\" \/><\/p>\n<\/div>\n<\/div>\n<div class=\"product-detail el-motion el-active\" style=\"text-align: center;\">\n<div class=\"inner-box\">\n<h3 class=\"tit\"><span>Connectez-vous avec commodit\u00e9<\/span><\/h3>\n<p class=\"txt\"><span>Chaque carte \u00e9lectronique offre une large gamme de connexions, notamment des ports HDMI, DVI-D et USB, o\u00f9 les utilisateurs peuvent charger, partager et r\u00e9viser du contenu directement \u00e0 partir de leurs appareils personnels.<\/span><\/p>\n<p class=\"img\"><img decoding=\"async\" class=\"el-img-active\" src=\"https:\/\/displaysolutions.samsung.com\/static\/images\/feature_new\/ss\/interactive\/qb65h-tr_06.jpg\" alt=\"QBH-TR Caract\u00e9ristique 06\" \/><\/p>\n<\/div>\n<\/div>\n<div class=\"product-detail el-motion el-active\" style=\"text-align: center;\">\n<div class=\"inner-box\">\n<h3 class=\"tit\"><span>Amplifier la pr\u00e9sentation visuelle<\/span><\/h3>\n<p class=\"txt\"><span>Donnez vie \u00e0 vos id\u00e9es collaboratives gr\u00e2ce \u00e0 une qualit\u00e9 d&rsquo;image UHD avanc\u00e9e.\u00a0Gr\u00e2ce \u00e0 une r\u00e9solution ultra-haute, assurez-vous que toutes les notations et le contenu introduit sont clairs et lisibles pour chaque participant.<\/span><\/p>\n<p class=\"img\"><img decoding=\"async\" class=\"el-img-active\" src=\"https:\/\/displaysolutions.samsung.com\/static\/images\/feature_new\/ss\/interactive\/qb65h-tr_07.jpg\" alt=\"QBH-TR Caract\u00e9ristique 07\" \/><\/p>\n<\/div>\n<\/div>\n<div class=\"product-detail el-motion el-active el-up\">\n<div class=\"inner-box\">\n<h3 class=\"tit\" style=\"text-align: center;\"><span>Maintenir l&rsquo;organisation avec style<\/span><\/h3>\n<p class=\"txt\" style=\"text-align: center;\"><span>Favorisez une collaboration plus organis\u00e9e avec un design \u00e9l\u00e9gant et sophistiqu\u00e9.\u00a0Le porte-stylo lat\u00e9ral magn\u00e9tique et les ports de connexion frontaux gardent les fonctions n\u00e9cessaires \u00e0 port\u00e9e de main, sans le d\u00e9sordre.<\/span><\/p>\n<p class=\"img\"><img decoding=\"async\" class=\"el-img-active aligncenter\" src=\"https:\/\/displaysolutions.samsung.com\/static\/images\/feature_new\/ss\/interactive\/qb65h-tr_08.jpg\" alt=\"QBH-TR Caract\u00e9ristique 08\" \/><\/p>\n<\/div>\n<\/div>\n<\/div>","protected":false},"excerpt":{"rendered":"<div class=\"g-title renewal-g-title\">\n<h2>Samsung QB75N-W<\/h2>\n<p class=\"copy\"><span>Revitalisez la collaboration productive gr\u00e2ce \u00e0 une technologie de tableau \u00e9lectronique interactive raffin\u00e9e.<\/span><\/p>\n<\/div>\n<div class=\"renewal-pro-explain-wrap\">\n<ul class=\"pro-explain renewal-pro-explain\">\n<li><span>Offrez une exp\u00e9rience d&rsquo;\u00e9criture num\u00e9rique fluide et confortable<\/span><\/li>\n<li><span>Permettre \u00e0 jusqu&rsquo;\u00e0 quatre participants d&rsquo;\u00e9crire simultan\u00e9ment avec n&rsquo;importe quel outil<\/span><\/li>\n<li><span>Rationalisez la facilitation efficace des r\u00e9unions gr\u00e2ce \u00e0 la solution int\u00e9gr\u00e9e MagicIWB S5<\/span><\/li>\n<li><span>Alternez entre les sources de contenu avec une UX intuitive<\/span><\/li>\n<\/ul>\n<\/div>","protected":false},"featured_media":15498,"template":"","meta":{"_acf_changed":false},"product_brand":[],"product_cat":[170],"product_tag":[],"class_list":{"0":"post-15212","1":"product","2":"type-product","3":"status-publish","4":"has-post-thumbnail","6":"product_cat-indoor-display-led-slim-touch","8":"first","9":"instock","10":"purchasable","11":"product-type-simple"},"acf":[],"_links":{"self":[{"href":"https:\/\/www.ynova.be\/en\/wp-json\/wp\/v2\/product\/15212","targetHints":{"allow":["GET"]}}],"collection":[{"href":"https:\/\/www.ynova.be\/en\/wp-json\/wp\/v2\/product"}],"about":[{"href":"https:\/\/www.ynova.be\/en\/wp-json\/wp\/v2\/types\/product"}],"version-history":[{"count":0,"href":"https:\/\/www.ynova.be\/en\/wp-json\/wp\/v2\/product\/15212\/revisions"}],"wp:featuredmedia":[{"embeddable":true,"href":"https:\/\/www.ynova.be\/en\/wp-json\/wp\/v2\/media\/15498"}],"wp:attachment":[{"href":"https:\/\/www.ynova.be\/en\/wp-json\/wp\/v2\/media?parent=15212"}],"wp:term":[{"taxonomy":"product_brand","embeddable":true,"href":"https:\/\/www.ynova.be\/en\/wp-json\/wp\/v2\/product_brand?post=15212"},{"taxonomy":"product_cat","embeddable":true,"href":"https:\/\/www.ynova.be\/en\/wp-json\/wp\/v2\/product_cat?post=15212"},{"taxonomy":"product_tag","embeddable":true,"href":"https:\/\/www.ynova.be\/en\/wp-json\/wp\/v2\/product_tag?post=15212"}],"curies":[{"name":"wp","href":"https:\/\/api.w.org\/{rel}","templated":true}]}}