{"id":15205,"date":"2020-03-25T12:30:51","date_gmt":"2020-03-25T11:30:51","guid":{"rendered":"https:\/\/www.ynova.be\/produit\/samsung-pm43h\/"},"modified":"2022-06-10T15:25:31","modified_gmt":"2022-06-10T13:25:31","slug":"samsung-pm43h","status":"publish","type":"product","link":"https:\/\/www.ynova.be\/en\/product\/samsung-pm43h\/","title":{"rendered":"Samsung PMH"},"content":{"rendered":"<div class=\"g-h-box\">\n<h2 class=\"h-page\" style=\"text-align: center;\">Features PMH<\/h2>\n<\/div>\n<div class=\"featureWrap\">\n<div class=\"product-detail el-motion el-active el-up\" style=\"text-align: center;\">\n<div class=\"inner-box\">\n<h3 class=\"tit\">Screens premium sustainable optimise operations and the quality of the messages in any environment<\/h3>\n<\/div>\n<div class=\"inner-box middle\">\n<div class=\"ib-left\">\n<p class=\"txt\">Screens high-series PMH powered by TIZEN os Samsung achieve optimum performance while maintaining a stylish design and captivating. The screens of the series PMH reap the benefits of a high brightness and image sharpness refined to ensure a presentation always clear, even in settings with variable lighting. In addition, the screens of the series PMH certified IP5x offer durability, robust 24h\/24 and 7d\/7 to reliable operations and uninterrupted. As a result, businesses can be confident that their messages will be delivered exactly as intended anywhere and at any time.<\/p>\n<\/div>\n<div class=\"ib-right\">\n<p class=\"img\"><img decoding=\"async\" class=\"el-img-active\" src=\"https:\/\/displaysolutions.samsung.com\/static\/images\/feature_new\/ss\/standalone\/pmh_01.jpg\" alt=\"Les \u00e9crans premium durables optimisent les op\u00e9rations et la qualit\u00e9 des messages dans n'importe quel environnement\" \/><\/p>\n<\/div>\n<\/div>\n<\/div>\n<div class=\"product-detail el-motion\" style=\"text-align: center;\">\n<div class=\"inner-box\">\n<h3 class=\"tit\">Put your worries to rest knowing that your display is protected from a range of environmental conditions<\/h3>\n<\/div>\n<div class=\"inner-box middle reversal\">\n<div class=\"ib-right\">\n<p class=\"txt\">The screens self-PMH are certified for IP5x, which means their design is resistant to dust and their ability to withstand a range of environmental conditions. The certification alleviates concerns about dust accumulation on the screens installed on subway trains or on external platforms. Customers can easily use this screen certified IP5x without having to prepare an extra box in dusty places. The dissemination of content that is uninterrupted, 24 hours on 24, 7 days on 7, is always ensured, whatever the conditions, natural or interactive surrounding.<\/p>\n<p>* The validation IP5x guarantees satisfactory operation even with a certain level of dust inside the product. However, the operation of the product is not guaranteed when it is exposed to specific types of dust, such as metal dust.<\/p>\n<\/div>\n<div class=\"ib-left\">\n<p class=\"img\"><img decoding=\"async\" class=\"el-img-active\" src=\"https:\/\/displaysolutions.samsung.com\/static\/images\/feature_new\/ss\/standalone\/pmh_02.jpg\" alt=\"Mettez vos soucis au repos en sachant que votre \u00e9cran est prot\u00e9g\u00e9 contre une gamme de conditions environnementales\" \/><\/p>\n<\/div>\n<\/div>\n<\/div>\n<div class=\"product-detail el-motion\" style=\"text-align: center;\">\n<div class=\"inner-box\">\n<h3 class=\"tit\">Built-in media player powered by Tizen\u2122<\/h3>\n<\/div>\n<div class=\"inner-box middle\">\n<div class=\"ib-left\">\n<p class=\"txt\">Series PMH that supports SSSP 4.0 allows performance more stronger, faster and more stable than its previous models. Transcending the hardware performance of the past, the new SSSP 4.0 enables CMS partners to develop and deploy advanced Web applications which can help to effectively manage content and signage SMART for their clients.<\/p>\n<\/div>\n<div class=\"ib-right\">\n<p class=\"img\"><img decoding=\"async\" class=\"el-img-active\" src=\"https:\/\/displaysolutions.samsung.com\/static\/images\/feature_new\/ss\/standalone\/pmh_03.jpg\" alt=\"Lecteur multim\u00e9dia int\u00e9gr\u00e9 optimis\u00e9 par Tizen&#x2122;\" \/><\/p>\n<\/div>\n<\/div>\n<\/div>\n<div class=\"product-detail el-motion\" style=\"text-align: center;\">\n<div class=\"inner-box\">\n<h3 class=\"tit\">Powerful performance and ease-of-use<\/h3>\n<\/div>\n<div class=\"inner-box middle reversal\">\n<div class=\"ib-right\">\n<p class=\"txt\">1) 3D graphics Engine enhanced : The display supports 3 movies played simultaneously on a single screen with 3D graphics performance improved<br \/>\n2) enhanced Security : A security architecture holistic allows for powerful security through 3 layers of supplementation.<br \/>\n3) easy Development : The ability to further develop the solution is facilitated, thanks to development tools such as SW Development Kit or Remote Web Inspector.<br \/>\n4) Usability simple : The user-friendliness is achieved through a user-friendly interface while Web browsers are able to display a homepage without the need to develop a Web application.<\/p>\n<\/div>\n<div class=\"ib-left\">\n<p class=\"img\"><img decoding=\"async\" class=\"el-img-active\" src=\"https:\/\/displaysolutions.samsung.com\/static\/images\/feature_new\/ss\/standalone\/pmh_04.jpg\" alt=\"Performances puissantes et simplicit\u00e9 d'utilisation\" \/><\/p>\n<\/div>\n<\/div>\n<\/div>\n<div class=\"product-detail el-motion\" style=\"text-align: center;\">\n<div class=\"inner-box\">\n<h3 class=\"tit\">Display control practice through a receiver centralized<\/h3>\n<\/div>\n<div class=\"inner-box middle\">\n<div class=\"ib-left\">\n<p class=\"txt\">The infrared receiver centralized (IR) integrated with screens, autonomous guarantees a user control easier and more flexible. All models can receive the IR signal on individual panels via Central IR. Thanks to an installation or mounting, the users can browse the functionality IR from various locations, further increasing performance without interruption.<\/p>\n<\/div>\n<div class=\"ib-right\">\n<p class=\"img\"><img decoding=\"async\" class=\"el-img-active\" src=\"https:\/\/displaysolutions.samsung.com\/static\/images\/feature_new\/ss\/standalone\/pmh_05.jpg\" alt=\"Commande d'affichage pratique via un r\u00e9cepteur centralis\u00e9\" \/><\/p>\n<\/div>\n<\/div>\n<\/div>\n<div class=\"product-detail el-motion\">\n<div class=\"inner-box\" style=\"text-align: center;\">\n<h3 class=\"tit\">The visual quality is bright and glare-free<\/h3>\n<\/div>\n<div class=\"inner-box middle reversal\">\n<div class=\"ib-right\" style=\"text-align: center;\">\n<p class=\"txt\">Equipped with a front panel with anti-glare screens, the series PMH reduce the interference of natural light and room to ensure readability continues in any place. Image visibility and readability of the information is considered to be very high, because they are less reflective under light or sunlight, which poses no problem when they are used with arrays of menu QSR or arrays of any flight airport with plenty of natural light.<\/p>\n<\/div>\n<div class=\"ib-left\">\n<p class=\"img\"><img decoding=\"async\" class=\"el-img-active aligncenter\" src=\"https:\/\/displaysolutions.samsung.com\/static\/images\/feature_new\/ss\/standalone\/pmh_06.jpg\" alt=\"Qualit\u00e9 visuelle brillante et sans \u00e9blouissement\" \/><\/p>\n<\/div>\n<\/div>\n<\/div>\n<\/div>","protected":false},"excerpt":{"rendered":"<div class=\"g-title renewal-g-title\">\n<h2><span class=\"g-title-inner\">TDC<\/span><\/h2>\n<p class=\"copy\">Screens powered by TIZEN top of the range designed to meet all the professional needs with a sustainability 24h\/24 and 7d\/7.<\/p>\n<\/div>\n<div class=\"renewal-pro-explain-wrap\">\n<ul class=\"pro-explain renewal-pro-explain\">\n<li>Display Solution all-in-one with MagicInfo Player S4, built-in powered by TIZEN\u2122<\/li>\n<li>Certification IP5x and panel anti-reflective coating to withstand a range of environmental conditions<\/li>\n<li>Stylish Design with a low depth (30.5 mm) and frameworks and narrow (9 mm)<\/li>\n<\/ul>\n<\/div>","protected":false},"featured_media":15558,"template":"","meta":{"_acf_changed":false},"product_brand":[],"product_cat":[169],"product_tag":[],"class_list":{"0":"post-15205","1":"product","2":"type-product","3":"status-publish","4":"has-post-thumbnail","6":"product_cat-display-indoor-led-slim","8":"first","9":"instock","10":"purchasable","11":"product-type-simple"},"acf":[],"_links":{"self":[{"href":"https:\/\/www.ynova.be\/en\/wp-json\/wp\/v2\/product\/15205","targetHints":{"allow":["GET"]}}],"collection":[{"href":"https:\/\/www.ynova.be\/en\/wp-json\/wp\/v2\/product"}],"about":[{"href":"https:\/\/www.ynova.be\/en\/wp-json\/wp\/v2\/types\/product"}],"version-history":[{"count":0,"href":"https:\/\/www.ynova.be\/en\/wp-json\/wp\/v2\/product\/15205\/revisions"}],"wp:featuredmedia":[{"embeddable":true,"href":"https:\/\/www.ynova.be\/en\/wp-json\/wp\/v2\/media\/15558"}],"wp:attachment":[{"href":"https:\/\/www.ynova.be\/en\/wp-json\/wp\/v2\/media?parent=15205"}],"wp:term":[{"taxonomy":"product_brand","embeddable":true,"href":"https:\/\/www.ynova.be\/en\/wp-json\/wp\/v2\/product_brand?post=15205"},{"taxonomy":"product_cat","embeddable":true,"href":"https:\/\/www.ynova.be\/en\/wp-json\/wp\/v2\/product_cat?post=15205"},{"taxonomy":"product_tag","embeddable":true,"href":"https:\/\/www.ynova.be\/en\/wp-json\/wp\/v2\/product_tag?post=15205"}],"curies":[{"name":"wp","href":"https:\/\/api.w.org\/{rel}","templated":true}]}}