{"id":15197,"date":"2020-03-25T12:30:51","date_gmt":"2020-03-25T11:30:51","guid":{"rendered":"https:\/\/www.ynova.be\/produit\/samsung-qb43r\/"},"modified":"2022-05-30T12:16:30","modified_gmt":"2022-05-30T10:16:30","slug":"samsung-qb43r","status":"publish","type":"product","link":"https:\/\/www.ynova.be\/en\/product\/samsung-qb43r\/","title":{"rendered":"Samsung&#039;s QBR"},"content":{"rendered":"<div data-elementor-type=\"product-post\" data-elementor-id=\"15197\" class=\"elementor elementor-15197\" data-elementor-post-type=\"product\">\n\t\t\t\t\t\t<section class=\"elementor-section elementor-top-section elementor-element elementor-element-64b76f0 elementor-section-boxed elementor-section-height-default elementor-section-height-default\" data-id=\"64b76f0\" data-element_type=\"section\" data-e-type=\"section\" data-settings=\"{&quot;ekit_has_onepagescroll_dot&quot;:&quot;yes&quot;}\">\n\t\t\t\t\t\t<div class=\"elementor-container elementor-column-gap-default\">\n\t\t\t\t\t<div class=\"elementor-column elementor-col-100 elementor-top-column elementor-element elementor-element-8af3ce3\" data-id=\"8af3ce3\" data-element_type=\"column\" data-e-type=\"column\">\n\t\t\t<div class=\"elementor-widget-wrap elementor-element-populated\">\n\t\t\t\t\t\t<div class=\"elementor-element elementor-element-6ad6010 elementor-widget elementor-widget-text-editor\" data-id=\"6ad6010\" data-element_type=\"widget\" data-e-type=\"widget\" data-settings=\"{&quot;ekit_we_effect_on&quot;:&quot;none&quot;}\" data-widget_type=\"text-editor.default\">\n\t\t\t\t<div class=\"elementor-widget-container\">\n\t\t\t\t\t\t\t\t\t<h2 style=\"text-align: center;\">Samsung&#039;s QBR<\/h2><h2 style=\"text-align: center;\">Evolve your content to a resolution UHD<\/h2><p style=\"text-align: center;\">Les \u00e9crans de la s\u00e9rie QBR\/QBT ont \u00e9t\u00e9 con\u00e7us pour offrir une r\u00e9solution UHD in\u00e9gal\u00e9e gr\u00e2ce \u00e0 leur technologie d&rsquo;upscaling intelligent UHD, leurs couleurs riches et parfaites avec le Dynamic Crystal Color et leurs designs fins.<\/p>\t\t\t\t\t\t\t\t<\/div>\n\t\t\t\t<\/div>\n\t\t\t\t<div class=\"elementor-element elementor-element-1bd71ca elementor-widget elementor-widget-image\" data-id=\"1bd71ca\" data-element_type=\"widget\" data-e-type=\"widget\" data-settings=\"{&quot;ekit_we_effect_on&quot;:&quot;none&quot;}\" data-widget_type=\"image.default\">\n\t\t\t\t<div class=\"elementor-widget-container\">\n\t\t\t\t\t\t\t\t\t\t\t\t\t\t\t<img fetchpriority=\"high\" decoding=\"async\" width=\"800\" height=\"593\" src=\"https:\/\/www.ynova.be\/wp-content\/uploads\/2020\/03\/fr-feature-time-to-upscale-your-display-170508795-1024x759.jpg\" class=\"attachment-large size-large wp-image-28257\" alt=\"\" srcset=\"https:\/\/www.ynova.be\/wp-content\/uploads\/2020\/03\/fr-feature-time-to-upscale-your-display-170508795-1024x759.jpg 1024w, https:\/\/www.ynova.be\/wp-content\/uploads\/2020\/03\/fr-feature-time-to-upscale-your-display-170508795-350x259.jpg 350w, https:\/\/www.ynova.be\/wp-content\/uploads\/2020\/03\/fr-feature-time-to-upscale-your-display-170508795-64x47.jpg 64w, https:\/\/www.ynova.be\/wp-content\/uploads\/2020\/03\/fr-feature-time-to-upscale-your-display-170508795-250x185.jpg 250w, https:\/\/www.ynova.be\/wp-content\/uploads\/2020\/03\/fr-feature-time-to-upscale-your-display-170508795-768x569.jpg 768w, https:\/\/www.ynova.be\/wp-content\/uploads\/2020\/03\/fr-feature-time-to-upscale-your-display-170508795-600x445.jpg 600w, https:\/\/www.ynova.be\/wp-content\/uploads\/2020\/03\/fr-feature-time-to-upscale-your-display-170508795-16x12.jpg 16w, https:\/\/www.ynova.be\/wp-content\/uploads\/2020\/03\/fr-feature-time-to-upscale-your-display-170508795-1320x978.jpg 1320w, https:\/\/www.ynova.be\/wp-content\/uploads\/2020\/03\/fr-feature-time-to-upscale-your-display-170508795.jpg 1440w\" sizes=\"(max-width: 800px) 100vw, 800px\" \/>\t\t\t\t\t\t\t\t\t\t\t\t\t\t\t<\/div>\n\t\t\t\t<\/div>\n\t\t\t\t<div class=\"elementor-element elementor-element-caffd74 elementor-widget elementor-widget-text-editor\" data-id=\"caffd74\" data-element_type=\"widget\" data-e-type=\"widget\" data-settings=\"{&quot;ekit_we_effect_on&quot;:&quot;none&quot;}\" data-widget_type=\"text-editor.default\">\n\t\t\t\t<div class=\"elementor-widget-container\">\n\t\t\t\t\t\t\t\t\t<h2 style=\"text-align: center;\">Exceptional image quality<br \/>La s\u00e9rie QBR\/QBT<\/h2><p style=\"text-align: center;\">assure une r\u00e9solution 4K haute d\u00e9finition, cr\u00e9ant ainsi des images fid\u00e8les \u00e0 la r\u00e9alit\u00e9 et une qualit\u00e9 plus nette que jamais.<\/p>\t\t\t\t\t\t\t\t<\/div>\n\t\t\t\t<\/div>\n\t\t\t\t<div class=\"elementor-element elementor-element-3c82933 elementor-widget elementor-widget-image\" data-id=\"3c82933\" data-element_type=\"widget\" data-e-type=\"widget\" data-settings=\"{&quot;ekit_we_effect_on&quot;:&quot;none&quot;}\" data-widget_type=\"image.default\">\n\t\t\t\t<div class=\"elementor-widget-container\">\n\t\t\t\t\t\t\t\t\t\t\t\t\t\t\t<img decoding=\"async\" width=\"800\" height=\"545\" src=\"https:\/\/www.ynova.be\/wp-content\/uploads\/2020\/03\/fr-feature-qbr-series-170522744-1024x697.jpg\" class=\"attachment-large size-large wp-image-28258\" alt=\"\" srcset=\"https:\/\/www.ynova.be\/wp-content\/uploads\/2020\/03\/fr-feature-qbr-series-170522744-1024x697.jpg 1024w, https:\/\/www.ynova.be\/wp-content\/uploads\/2020\/03\/fr-feature-qbr-series-170522744-350x238.jpg 350w, https:\/\/www.ynova.be\/wp-content\/uploads\/2020\/03\/fr-feature-qbr-series-170522744-64x44.jpg 64w, https:\/\/www.ynova.be\/wp-content\/uploads\/2020\/03\/fr-feature-qbr-series-170522744-250x170.jpg 250w, https:\/\/www.ynova.be\/wp-content\/uploads\/2020\/03\/fr-feature-qbr-series-170522744-768x523.jpg 768w, https:\/\/www.ynova.be\/wp-content\/uploads\/2020\/03\/fr-feature-qbr-series-170522744-600x408.jpg 600w, https:\/\/www.ynova.be\/wp-content\/uploads\/2020\/03\/fr-feature-qbr-series-170522744-18x12.jpg 18w, https:\/\/www.ynova.be\/wp-content\/uploads\/2020\/03\/fr-feature-qbr-series-170522744-1320x898.jpg 1320w, https:\/\/www.ynova.be\/wp-content\/uploads\/2020\/03\/fr-feature-qbr-series-170522744.jpg 1440w\" sizes=\"(max-width: 800px) 100vw, 800px\" \/>\t\t\t\t\t\t\t\t\t\t\t\t\t\t\t<\/div>\n\t\t\t\t<\/div>\n\t\t\t\t<div class=\"elementor-element elementor-element-36021ad elementor-widget elementor-widget-text-editor\" data-id=\"36021ad\" data-element_type=\"widget\" data-e-type=\"widget\" data-settings=\"{&quot;ekit_we_effect_on&quot;:&quot;none&quot;}\" data-widget_type=\"text-editor.default\">\n\t\t\t\t<div class=\"elementor-widget-container\">\n\t\t\t\t\t\t\t\t\t<h2 style=\"text-align: center;\">Samsung QBR Couleur de cristal dynamique<\/h2><p style=\"text-align: center;\">La s\u00e9rie QBR\/QBT int\u00e8gre la technologie Dynamic Crystal Color qui utilise un traitement 10 bits pour une parfaite repr\u00e9sentation des couleurs, permettant aux spectateurs de b\u00e9n\u00e9ficier d&rsquo;un large spectre de couleurs pouvant aller jusqu&rsquo;\u00e0 un milliard de nuances. La fonctionnalit\u00e9 HDR+ convertit le contenu de d\u00e9finition standard en d\u00e9finition HDR pour un contraste plus net et des couleurs plus vives.<\/p>\t\t\t\t\t\t\t\t<\/div>\n\t\t\t\t<\/div>\n\t\t\t\t<div class=\"elementor-element elementor-element-2403287 elementor-widget elementor-widget-image\" data-id=\"2403287\" data-element_type=\"widget\" data-e-type=\"widget\" data-settings=\"{&quot;ekit_we_effect_on&quot;:&quot;none&quot;}\" data-widget_type=\"image.default\">\n\t\t\t\t<div class=\"elementor-widget-container\">\n\t\t\t\t\t\t\t\t\t\t\t\t\t\t\t<img decoding=\"async\" width=\"800\" height=\"516\" src=\"https:\/\/www.ynova.be\/wp-content\/uploads\/2020\/03\/fr-feature-qbr-series-171228617-1024x661.jpg\" class=\"attachment-large size-large wp-image-28259\" alt=\"\" srcset=\"https:\/\/www.ynova.be\/wp-content\/uploads\/2020\/03\/fr-feature-qbr-series-171228617-1024x661.jpg 1024w, https:\/\/www.ynova.be\/wp-content\/uploads\/2020\/03\/fr-feature-qbr-series-171228617-350x226.jpg 350w, https:\/\/www.ynova.be\/wp-content\/uploads\/2020\/03\/fr-feature-qbr-series-171228617-64x41.jpg 64w, https:\/\/www.ynova.be\/wp-content\/uploads\/2020\/03\/fr-feature-qbr-series-171228617-250x161.jpg 250w, https:\/\/www.ynova.be\/wp-content\/uploads\/2020\/03\/fr-feature-qbr-series-171228617-768x496.jpg 768w, https:\/\/www.ynova.be\/wp-content\/uploads\/2020\/03\/fr-feature-qbr-series-171228617-600x388.jpg 600w, https:\/\/www.ynova.be\/wp-content\/uploads\/2020\/03\/fr-feature-qbr-series-171228617-18x12.jpg 18w, https:\/\/www.ynova.be\/wp-content\/uploads\/2020\/03\/fr-feature-qbr-series-171228617-1320x853.jpg 1320w, https:\/\/www.ynova.be\/wp-content\/uploads\/2020\/03\/fr-feature-qbr-series-171228617.jpg 1440w\" sizes=\"(max-width: 800px) 100vw, 800px\" \/>\t\t\t\t\t\t\t\t\t\t\t\t\t\t\t<\/div>\n\t\t\t\t<\/div>\n\t\t\t\t<div class=\"elementor-element elementor-element-471f673 elementor-widget elementor-widget-text-editor\" data-id=\"471f673\" data-element_type=\"widget\" data-e-type=\"widget\" data-settings=\"{&quot;ekit_we_effect_on&quot;:&quot;none&quot;}\" data-widget_type=\"text-editor.default\">\n\t\t\t\t<div class=\"elementor-widget-container\">\n\t\t\t\t\t\t\t\t\t<h2 style=\"text-align: center;\">Samsung QBR Un design fin et optimis\u00e9<\/h2><p style=\"text-align: center;\">Le nouveau design fin et plat \u00e0 l&rsquo;arri\u00e8re de la s\u00e9rie QBR\/QBT simplifie le montage murale et garantit une installation sans faille.<\/p>\t\t\t\t\t\t\t\t<\/div>\n\t\t\t\t<\/div>\n\t\t\t\t<div class=\"elementor-element elementor-element-f3afb60 elementor-widget elementor-widget-image\" data-id=\"f3afb60\" data-element_type=\"widget\" data-e-type=\"widget\" data-settings=\"{&quot;ekit_we_effect_on&quot;:&quot;none&quot;}\" data-widget_type=\"image.default\">\n\t\t\t\t<div class=\"elementor-widget-container\">\n\t\t\t\t\t\t\t\t\t\t\t\t\t\t\t<img loading=\"lazy\" decoding=\"async\" width=\"800\" height=\"545\" src=\"https:\/\/www.ynova.be\/wp-content\/uploads\/2020\/03\/fr-feature-qbr-series-171228489-1024x697.jpg\" class=\"attachment-large size-large wp-image-28260\" alt=\"\" srcset=\"https:\/\/www.ynova.be\/wp-content\/uploads\/2020\/03\/fr-feature-qbr-series-171228489-1024x697.jpg 1024w, https:\/\/www.ynova.be\/wp-content\/uploads\/2020\/03\/fr-feature-qbr-series-171228489-350x238.jpg 350w, https:\/\/www.ynova.be\/wp-content\/uploads\/2020\/03\/fr-feature-qbr-series-171228489-64x44.jpg 64w, https:\/\/www.ynova.be\/wp-content\/uploads\/2020\/03\/fr-feature-qbr-series-171228489-250x170.jpg 250w, https:\/\/www.ynova.be\/wp-content\/uploads\/2020\/03\/fr-feature-qbr-series-171228489-768x523.jpg 768w, https:\/\/www.ynova.be\/wp-content\/uploads\/2020\/03\/fr-feature-qbr-series-171228489-600x408.jpg 600w, https:\/\/www.ynova.be\/wp-content\/uploads\/2020\/03\/fr-feature-qbr-series-171228489-18x12.jpg 18w, https:\/\/www.ynova.be\/wp-content\/uploads\/2020\/03\/fr-feature-qbr-series-171228489-1320x898.jpg 1320w, https:\/\/www.ynova.be\/wp-content\/uploads\/2020\/03\/fr-feature-qbr-series-171228489.jpg 1440w\" sizes=\"(max-width: 800px) 100vw, 800px\" \/>\t\t\t\t\t\t\t\t\t\t\t\t\t\t\t<\/div>\n\t\t\t\t<\/div>\n\t\t\t\t<div class=\"elementor-element elementor-element-993933e elementor-widget elementor-widget-text-editor\" data-id=\"993933e\" data-element_type=\"widget\" data-e-type=\"widget\" data-settings=\"{&quot;ekit_we_effect_on&quot;:&quot;none&quot;}\" data-widget_type=\"text-editor.default\">\n\t\t\t\t<div class=\"elementor-widget-container\">\n\t\t\t\t\t\t\t\t\t<div class=\"spec-highlight__detail\"><div class=\"spec-highlight__detail-title\"><h4 class=\"spec-highlight__title\" style=\"text-align: left;\">Ecran Samsung QBR<\/h4><\/div><div class=\"spec-highlight__detail-specs\" style=\"text-align: left;\"><ul class=\"spec-highlight__list\" role=\"list\"><li class=\"spec-highlight__item\" role=\"listitem\"><strong class=\"spec-highlight__title\">Size<\/strong><span class=\"spec-highlight__value\">43&#034;<\/span><\/li><li class=\"spec-highlight__item\" role=\"listitem\"><strong class=\"spec-highlight__title\">Type of slab<\/strong><span class=\"spec-highlight__value\">Nouveau bord, 60Hz<\/span><\/li><li class=\"spec-highlight__item\" role=\"listitem\"><strong class=\"spec-highlight__title\">Resolution<\/strong><span class=\"spec-highlight__value\">3 840 \u00d7 2 160<\/span><\/li><li class=\"spec-highlight__item\" role=\"listitem\"><strong class=\"spec-highlight__title\">Pas de pixel (HxV)<\/strong><span class=\"spec-highlight__value\">0,2451 x 0,2451 (mm)<\/span><\/li><li class=\"spec-highlight__item\" role=\"listitem\"><strong class=\"spec-highlight__title\">Brightness<\/strong><span class=\"spec-highlight__value\">350 cd\/\u33a1<\/span><\/li><li class=\"spec-highlight__item\" role=\"listitem\"><strong class=\"spec-highlight__title\">Contrast<\/strong><span class=\"spec-highlight__value\">4,000:1<\/span><\/li><li class=\"spec-highlight__item\" role=\"listitem\"><strong class=\"spec-highlight__title\">Angle of view (H\/V)<\/strong><span class=\"spec-highlight__value\">178\/178<\/span><\/li><li class=\"spec-highlight__item\" role=\"listitem\"><strong class=\"spec-highlight__title\">Response time<\/strong><span class=\"spec-highlight__value\">8ms<\/span><\/li><li class=\"spec-highlight__item\" role=\"listitem\"><strong class=\"spec-highlight__title\">Gamme<\/strong><span class=\"spec-highlight__value\">92% (DCI-P3, CIE 1976)<\/span><\/li><li class=\"spec-highlight__item\" role=\"listitem\"><strong class=\"spec-highlight__title\">Anti-Reflective Glass<\/strong><span class=\"spec-highlight__value\">0.02 %<\/span><\/li><li class=\"spec-highlight__item\" role=\"listitem\"><strong class=\"spec-highlight__title\">Horizontal scanning frequency<\/strong><span class=\"spec-highlight__value\">30 ~ 81 kHz<\/span><\/li><li class=\"spec-highlight__item\" role=\"listitem\"><strong class=\"spec-highlight__title\">Maximum scan rate<\/strong><span class=\"spec-highlight__value\">594MHz<\/span><\/li><li class=\"spec-highlight__item\" role=\"listitem\"><strong class=\"spec-highlight__title\">Vertical scanning frequency<\/strong><span class=\"spec-highlight__value\">48 ~ 75Hz<\/span><\/li><li class=\"spec-highlight__item\" role=\"listitem\"><strong class=\"spec-highlight__title\">Dynamic contrast ratio<\/strong><span class=\"spec-highlight__value\">Mega<\/span><\/li><\/ul><\/div><\/div><div class=\"spec-highlight__detail\" style=\"text-align: left;\"><div class=\"spec-highlight__detail-title\"><h4 class=\"spec-highlight__title\">Connectivity<\/h4><\/div><div class=\"spec-highlight__detail-specs\"><ul class=\"spec-highlight__list\" role=\"list\"><li class=\"spec-highlight__item\" role=\"listitem\"><strong class=\"spec-highlight__title\">HDMI input<\/strong><span class=\"spec-highlight__value\">2<\/span><\/li><li class=\"spec-highlight__item\" role=\"listitem\"><strong class=\"spec-highlight__title\">DP entry<\/strong><span class=\"spec-highlight__value\">No<\/span><\/li><li class=\"spec-highlight__item\" role=\"listitem\"><strong class=\"spec-highlight__title\">DVI input<\/strong><span class=\"spec-highlight__value\">Yes<\/span><\/li><li class=\"spec-highlight__item\" role=\"listitem\"><strong class=\"spec-highlight__title\">Tuner Input<\/strong><span class=\"spec-highlight__value\">N\/A<\/span><\/li><li class=\"spec-highlight__item\" role=\"listitem\"><strong class=\"spec-highlight__title\">USB<\/strong><span class=\"spec-highlight__value\">2<\/span><\/li><li class=\"spec-highlight__item\" role=\"listitem\"><strong class=\"spec-highlight__title\">Composant dans<\/strong><span class=\"spec-highlight__value\">N\/A<\/span><\/li><li class=\"spec-highlight__item\" role=\"listitem\"><strong class=\"spec-highlight__title\">Composite input<\/strong><span class=\"spec-highlight__value\">N\/A<\/span><\/li><li class=\"spec-highlight__item\" role=\"listitem\"><strong class=\"spec-highlight__title\">RGB input<\/strong><span class=\"spec-highlight__value\">N\/A<\/span><\/li><li class=\"spec-highlight__item\" role=\"listitem\"><strong class=\"spec-highlight__title\">IR input<\/strong><span class=\"spec-highlight__value\">Yes<\/span><\/li><li class=\"spec-highlight__item\" role=\"listitem\"><strong class=\"spec-highlight__title\">Input HDBaseT<\/strong><span class=\"spec-highlight__value\">No<\/span><\/li><li class=\"spec-highlight__item\" role=\"listitem\"><strong class=\"spec-highlight__title\">Audio Input<\/strong><span class=\"spec-highlight__value\">Yes<\/span><\/li><li class=\"spec-highlight__item\" role=\"listitem\"><strong class=\"spec-highlight__title\">Audio Output<\/strong><span class=\"spec-highlight__value\">Mini-jack stereo<\/span><\/li><li class=\"spec-highlight__item\" role=\"listitem\"><strong class=\"spec-highlight__title\">Video Output<\/strong><span class=\"spec-highlight__value\">No<\/span><\/li><li class=\"spec-highlight__item\" role=\"listitem\"><strong class=\"spec-highlight__title\">Mise hors tension<\/strong><span class=\"spec-highlight__value\">N\/A<\/span><\/li><li class=\"spec-highlight__item\" role=\"listitem\"><strong class=\"spec-highlight__title\">Input RS232<\/strong><span class=\"spec-highlight__value\">Yes<\/span><\/li><li class=\"spec-highlight__item\" role=\"listitem\"><strong class=\"spec-highlight__title\">RS232 output<\/strong><span class=\"spec-highlight__value\">Yes<\/span><\/li><li class=\"spec-highlight__item\" role=\"listitem\"><strong class=\"spec-highlight__title\">RJ45 input<\/strong><span class=\"spec-highlight__value\">Yes<\/span><\/li><li class=\"spec-highlight__item\" role=\"listitem\"><strong class=\"spec-highlight__title\">Output RJ45<\/strong><span class=\"spec-highlight__value\">No<\/span><\/li><li class=\"spec-highlight__item\" role=\"listitem\"><strong class=\"spec-highlight__title\">Wi-fi<\/strong><span class=\"spec-highlight__value\">Yes<\/span><\/li><li class=\"spec-highlight__item\" role=\"listitem\"><strong class=\"spec-highlight__title\">Cl\u00e9 \u00e9lectronique 3G<\/strong><span class=\"spec-highlight__value\">N\/A<\/span><\/li><li class=\"spec-highlight__item\" role=\"listitem\"><strong class=\"spec-highlight__title\">Bluetooth<\/strong><span class=\"spec-highlight__value\">Yes<\/span><\/li><\/ul><\/div><\/div><div class=\"spec-highlight__detail\" style=\"text-align: left;\"><div class=\"spec-highlight__detail-title\"><h4 class=\"spec-highlight__title\">Power supply and Consumption<\/h4><\/div><div class=\"spec-highlight__detail-specs\"><ul class=\"spec-highlight__list\" role=\"list\"><li class=\"spec-highlight__item\" role=\"listitem\"><strong class=\"spec-highlight__title\">Power supply<\/strong><span class=\"spec-highlight__value\">AC100-240V 50\/60Hz<\/span><\/li><li class=\"spec-highlight__item\" role=\"listitem\"><strong class=\"spec-highlight__title\">Power consumption (OFF Mode)<\/strong><span class=\"spec-highlight__value\">N\/A<\/span><\/li><li class=\"spec-highlight__item\" role=\"listitem\"><strong class=\"spec-highlight__title\">Consumption under tension (W\/h)<\/strong><span class=\"spec-highlight__value\">110<\/span><\/li><li class=\"spec-highlight__item\" role=\"listitem\"><strong class=\"spec-highlight__title\">Standby power consumption<\/strong><span class=\"spec-highlight__value\">0.5 W<\/span><\/li><\/ul><\/div><\/div><div class=\"spec-highlight__detail\" style=\"text-align: left;\"><div class=\"spec-highlight__detail-title\"><h4 class=\"spec-highlight__title\">Dimensions (L x H x P)<\/h4><\/div><div class=\"spec-highlight__detail-specs\"><ul class=\"spec-highlight__list\" role=\"list\"><li class=\"spec-highlight__item\" role=\"listitem\"><strong class=\"spec-highlight__title\">Dimensions net<\/strong><span class=\"spec-highlight__value\">967,5 \u00d7 557,7 \u00d7 48,3 mm<\/span><\/li><li class=\"spec-highlight__item\" role=\"listitem\"><strong class=\"spec-highlight__title\">Dimensions of the product in its packaging<\/strong><span class=\"spec-highlight__value\">1095 \u00d7 676 \u00d7 151 mm<\/span><\/li><\/ul><\/div><\/div><div class=\"spec-highlight__detail\" style=\"text-align: left;\"><div class=\"spec-highlight__detail-title\"><h4 class=\"spec-highlight__title\">Weight<\/h4><\/div><div class=\"spec-highlight__detail-specs\"><ul class=\"spec-highlight__list\" role=\"list\"><li class=\"spec-highlight__item\" role=\"listitem\"><strong class=\"spec-highlight__title\">Net weight<\/strong><span class=\"spec-highlight__value\">10 kg<\/span><\/li><li class=\"spec-highlight__item\" role=\"listitem\"><strong class=\"spec-highlight__title\">Weight of the product in its packaging<\/strong><span class=\"spec-highlight__value\">13,3 kg<\/span><\/li><\/ul><\/div><\/div><div class=\"spec-highlight__detail\" style=\"text-align: left;\"><div class=\"spec-highlight__detail-title\"><h4 class=\"spec-highlight__title\">Terms of use<\/h4><\/div><div class=\"spec-highlight__detail-specs\"><ul class=\"spec-highlight__list\" role=\"list\"><li class=\"spec-highlight__item\" role=\"listitem\"><strong class=\"spec-highlight__title\">Temperature<\/strong><span class=\"spec-highlight__value\">0\u2103~ 40\u2103<\/span><\/li><li class=\"spec-highlight__item\" role=\"listitem\"><strong class=\"spec-highlight__title\">Humidity<\/strong><span class=\"spec-highlight__value\">10 ~ 80 %, sans condensation<\/span><\/li><\/ul><\/div><\/div><div class=\"spec-highlight__detail\" style=\"text-align: left;\"><div class=\"spec-highlight__detail-title\"><h4 class=\"spec-highlight__title\">VESA specifications<\/h4><\/div><div class=\"spec-highlight__detail-specs\"><ul class=\"spec-highlight__list\" role=\"list\"><li class=\"spec-highlight__item\" role=\"listitem\"><strong class=\"spec-highlight__title\">Les dimensions prennent en charge VESA<\/strong><span class=\"spec-highlight__value\">200 x 200 mm<\/span><\/li><li class=\"spec-highlight__item\" role=\"listitem\"><strong class=\"spec-highlight__title\">Size of the borders<\/strong><span class=\"spec-highlight__value\">9.2 (haut, c\u00f4t\u00e9), 11.2 (bas)<\/span><\/li><li class=\"spec-highlight__item\" role=\"listitem\"><strong class=\"spec-highlight__title\">Material of the Frame<\/strong><span class=\"spec-highlight__value\">Non-shiny<\/span><\/li><\/ul><\/div><\/div><div class=\"spec-highlight__detail\" style=\"text-align: left;\"><div class=\"spec-highlight__detail-title\"><h4 class=\"spec-highlight__title\">General characteristics<\/h4><\/div><div class=\"spec-highlight__detail-specs\"><ul class=\"spec-highlight__list\" role=\"list\"><li class=\"spec-highlight__item\" role=\"listitem\"><strong class=\"spec-highlight__title\">External Card reader<\/strong><span class=\"spec-highlight__value\">No<\/span><\/li><\/ul><\/div><\/div><div class=\"spec-highlight__detail\" style=\"text-align: left;\"><div class=\"spec-highlight__detail-title\"><h4 class=\"spec-highlight__title\">Optional features<\/h4><\/div><div class=\"spec-highlight__detail-specs\"><ul class=\"spec-highlight__list\" role=\"list\"><li class=\"spec-highlight__item\" role=\"listitem\"><strong class=\"spec-highlight__title\">Murale de soutien<\/strong><span class=\"spec-highlight__value\">WMN4070SE<\/span><\/li><li class=\"spec-highlight__item\" role=\"listitem\"><strong class=\"spec-highlight__title\">Foot<\/strong><span class=\"spec-highlight__value\">STN-L4355F<\/span><\/li><\/ul><\/div><\/div><div class=\"spec-highlight__detail\" style=\"text-align: left;\"><div class=\"spec-highlight__detail-title\"><h4 class=\"spec-highlight__title\">Internal player (MagicInfo)<\/h4><\/div><div class=\"spec-highlight__detail-specs\"><ul class=\"spec-highlight__list\" role=\"list\"><li class=\"spec-highlight__item\" role=\"listitem\"><strong class=\"spec-highlight__title\">Daisy chaining video Wall Daisy<\/strong><span class=\"spec-highlight__value\">No<\/span><\/li><\/ul><\/div><\/div><div class=\"spec-highlight__detail\" style=\"text-align: left;\"><div class=\"spec-highlight__detail-title\"><h4 class=\"spec-highlight__title\">Eco<\/h4><\/div><div class=\"spec-highlight__detail-specs\"><ul class=\"spec-highlight__list\" role=\"list\"><li class=\"spec-highlight__item\" role=\"listitem\"><strong class=\"spec-highlight__title\">Energy efficiency class<\/strong><span class=\"spec-highlight__value\">g<\/span><\/li><\/ul><\/div><\/div><div class=\"spec-highlight__detail\"><div class=\"spec-highlight__detail-title\" style=\"text-align: left;\"><h4 class=\"spec-highlight__title\">Certification and Compliance<\/h4><\/div><div class=\"spec-highlight__detail-specs\"><ul class=\"spec-highlight__list\" role=\"list\"><li class=\"spec-highlight__item\" style=\"text-align: left;\" role=\"listitem\"><strong class=\"spec-highlight__title\">EMC<\/strong><span class=\"spec-highlight__value\">Classe B<\/span><\/li><li class=\"spec-highlight__item\" style=\"text-align: left;\" role=\"listitem\"><strong class=\"spec-highlight__title\">Security<\/strong><span class=\"spec-highlight__value\">60950-1<\/span><\/li><\/ul><\/div><\/div>\t\t\t\t\t\t\t\t<\/div>\n\t\t\t\t<\/div>\n\t\t\t\t\t<\/div>\n\t\t<\/div>\n\t\t\t\t\t<\/div>\n\t\t<\/section>\n\t\t\t\t<\/div>","protected":false},"excerpt":{"rendered":"<h2>Ecran professionnel s\u00e9rie Samsung QBR<\/h2>\n<ul>\n<li>Affichez tous vos contenus en r\u00e9solution UHD gr\u00e2ce \u00e0 la technologie d&rsquo;upscaling de la s\u00e9rie QBR<\/li>\n<li>Engagez votre audience avec des images fid\u00e8les \u00e0 la r\u00e9alit\u00e9<\/li>\n<li>Avec son design fin, son rangement de c\u00e2ble optimis\u00e9, le Wifi et le bluetooth int\u00e9gr\u00e9s les \u00e9crans de la s\u00e9rie QBR sont con\u00e7us pour offrir l&rsquo;exp\u00e9rience visuelle la plus soign\u00e9e \u00e0 vos clients<\/li>\n<\/ul>","protected":false},"featured_media":15327,"template":"","meta":{"_acf_changed":false},"product_brand":[],"product_cat":[169],"product_tag":[],"class_list":{"0":"post-15197","1":"product","2":"type-product","3":"status-publish","4":"has-post-thumbnail","6":"product_cat-display-indoor-led-slim","8":"first","9":"instock","10":"purchasable","11":"product-type-variable","12":"has-default-attributes"},"acf":[],"_links":{"self":[{"href":"https:\/\/www.ynova.be\/en\/wp-json\/wp\/v2\/product\/15197","targetHints":{"allow":["GET"]}}],"collection":[{"href":"https:\/\/www.ynova.be\/en\/wp-json\/wp\/v2\/product"}],"about":[{"href":"https:\/\/www.ynova.be\/en\/wp-json\/wp\/v2\/types\/product"}],"version-history":[{"count":0,"href":"https:\/\/www.ynova.be\/en\/wp-json\/wp\/v2\/product\/15197\/revisions"}],"wp:featuredmedia":[{"embeddable":true,"href":"https:\/\/www.ynova.be\/en\/wp-json\/wp\/v2\/media\/15327"}],"wp:attachment":[{"href":"https:\/\/www.ynova.be\/en\/wp-json\/wp\/v2\/media?parent=15197"}],"wp:term":[{"taxonomy":"product_brand","embeddable":true,"href":"https:\/\/www.ynova.be\/en\/wp-json\/wp\/v2\/product_brand?post=15197"},{"taxonomy":"product_cat","embeddable":true,"href":"https:\/\/www.ynova.be\/en\/wp-json\/wp\/v2\/product_cat?post=15197"},{"taxonomy":"product_tag","embeddable":true,"href":"https:\/\/www.ynova.be\/en\/wp-json\/wp\/v2\/product_tag?post=15197"}],"curies":[{"name":"wp","href":"https:\/\/api.w.org\/{rel}","templated":true}]}}