{"id":15040,"date":"2020-03-24T14:42:17","date_gmt":"2020-03-24T13:42:17","guid":{"rendered":"https:\/\/www.ynova.be\/produit\/dynascan-do552lr5\/"},"modified":"2025-03-12T00:09:28","modified_gmt":"2025-03-11T23:09:28","slug":"dynascan-do552lr5","status":"publish","type":"product","link":"https:\/\/www.ynova.be\/en\/product\/dynascan-do552lr5\/","title":{"rendered":"Dynascan DO552LR5"},"content":{"rendered":"<h2>POINTS FORTS DU PRODUIT DO552LR5<\/h2>\n<p>Luminosit\u00e9 maximale de 3 000 nits, r\u00e9sistance aux intemp\u00e9ries IP56, r\u00e9sistance au vandalisme IK10, r\u00e9tro\u00e9clairage LED \u00e0 haute luminosit\u00e9, r\u00e9solution de 1920 x 1080, lecteur multim\u00e9dia Android int\u00e9gr\u00e9<\/p>\n<h2>TEMP\u00c9RATURE DE COULEUR ET QUALIT\u00c9<\/h2>\n<p>Garantir la couleur et la luminosit\u00e9 de chaque \u00e9cran dans une matrice en mosa\u00efque peut prendre beaucoup de temps et n\u00e9cessite du mat\u00e9riel de calibration suppl\u00e9mentaire. Chaque \u00e9cran est calibr\u00e9 individuellement selon le standard de couleur CIE D65 (6500K). Non seulement cela produit un vrai blanc naturel, mais la couleur de tous les \u00e9crans sera uniforme.<\/p>\n<h2>CONTR\u00d4LE AUTOMATIQUE DE LA LUMINOSIT\u00c9<\/h2>\n<p>Diff\u00e9rentes conditions d&rsquo;\u00e9clairage externe n\u00e9cessitent des niveaux de luminosit\u00e9 diff\u00e9rents. Un capteur de lumi\u00e8re int\u00e9gr\u00e9 mesure la lumi\u00e8re ambiante dans la zone et ajuste automatiquement l&rsquo;image en cons\u00e9quence.<\/p>\n<h2>GESTION THERMIQUE INTELLIGENTE<\/h2>\n<p>La chaleur g\u00e9n\u00e9r\u00e9e par l&rsquo;\u00e9cran est \u00e9mise par les zones \u00e0 haute temp\u00e9rature tandis qu&rsquo;un capteur surveille en permanence la temp\u00e9rature interne pour prot\u00e9ger le syst\u00e8me de la surchauffe. Ceci est accompli avec des ventilateurs ultra-silencieux.<\/p>\n<h2>LED R\u00c9TRO-\u00c9CLAIR\u00c9 AVEC GRADATION LOCALE<\/h2>\n<p>L&rsquo;\u00e9cran est dot\u00e9 d&rsquo;une technique de r\u00e9tro\u00e9clairage LED \u00e0 gradation locale pour une image remarquablement contrast\u00e9e. Avec la gradation locale directe, les zones sombres d&rsquo;une image re\u00e7oivent moins de r\u00e9tro\u00e9clairage que les zones plus claires, contrairement au r\u00e9tro\u00e9clairage par LED \u00e0 \u00e9clairage lat\u00e9ral qui \u00e9claire tout un \u00e9cran \u00e0 tout moment, ce qui provoque la disparition des noirs et des zones sombres.<\/p>\n<p>&nbsp;<\/p>\n<h2><span>PANNEAU<\/span><\/h2>\n<ul>\n<li><strong><span>Type de panneau LCD :<\/span><\/strong><span>\u00a056,64 pouces IPS LCD<\/span><\/li>\n<li><strong><span>R\u00e9solution native :<\/span><\/strong><span>\u00a01920 x 1080<\/span><\/li>\n<li><strong><span>R\u00e9tro\u00e9clairage :<\/span><\/strong><span>\u00a0DEL<\/span><\/li>\n<li><strong><span>Luminosit\u00e9 :<\/span><\/strong><span>\u00a03000 nit (max), 2500 nit (typ)<\/span><\/li>\n<li><strong><span>Temp\u00e9rature de couleur par d\u00e9faut :<\/span><\/strong><span>\u00a0D65 (6500 K)<\/span><\/li>\n<li><strong><span>\u200b\u200b\u200b\u200b\u200b\u200b\u200bRapport\u00a0<\/span><\/strong><span>de contraste\u00a03\u00a0000:1<\/span><\/li>\n<li><strong><span>\u200b\u200b\u200b\u200b\u200b\u200b\u200bProfondeur de\u00a0<\/span><\/strong><span>couleur\u00a08 bits<\/span><\/li>\n<li><strong><span>\u200b\u200b\u200b\u200b\u200b\u200b\u200bTemps de\u00a0<\/span><\/strong><span>r\u00e9ponse\u00a09 ms (Typ.)<\/span><\/li>\n<li><span>\u200b\u200b\u200b\u200b\u200b\u200b\u200bAngle de<\/span><strong><span>\u00a0vision\u00a0:<\/span><\/strong><span>\u00a0178\u00b0 \/ 178\u00b0<\/span><\/li>\n<li><strong><span>\u200b\u200b\u200b\u200b\u200b\u200b\u200bDur\u00e9e de vie de la\u00a0<\/span><\/strong><span>lumi\u00e8re\u00a050\u00a0000\u00a0heures (typique)<\/span><\/li>\n<li><strong><span>\u200b\u200b\u200b\u200b\u200b\u200b\u200bSurface\u00a0<\/span><\/strong><span>du panneau\u00a0jusqu&rsquo;\u00e0 110\u00a0\u00b0C (230\u00a0\u00b0F)<\/span><\/li>\n<\/ul>\n<p>&nbsp;<\/p>\n<h2><span>PUISSANCE<\/span><\/h2>\n<ul>\n<li><span>\u200b\u200b\u200b\u200b\u200b\u200b\u200bAlimentation<\/span><strong><span>\u00a0:<\/span><\/strong><span>\u00a0Interne<\/span><\/li>\n<li><strong><span>\u200b\u200b\u200b\u200b\u200b\u200b\u200bTension\u00a0<\/span><\/strong><span>nominale\u00a0100\u00a0V ~ 240\u00a0V, 50\u00a0Hz \/ 60\u00a0Hz<\/span><\/li>\n<li><span>\u200b\u200b\u200b\u200b\u200b\u200b\u200bMode<\/span><strong><span>\u00a0marche\u00a0:<\/span><\/strong><span>\u00a0180\u00a0W (typique)<\/span><\/li>\n<li><span>\u200b\u200b\u200b\u200b\u200b\u200b\u200bMode d&rsquo;<\/span><strong><span>\u00a0\u00e9conomie d&rsquo;\u00e9nergie :<\/span><\/strong><span>\u00a0&lt; 1 W<\/span><\/li>\n<\/ul>\n<p>&nbsp;<\/p>\n<h2><span>SP\u00c9CIFICATIONS M\u00c9CANIQUES<\/span><\/h2>\n<ul>\n<li><strong><span>\u200b\u200b\u200b\u200b\u200b\u200b\u200bLargeur de la\u00a0<\/span><\/strong><span>lunette\u00a040 \/ 40 \/ 32 \/ 32 mm<\/span><\/li>\n<li><strong><span>\u200b\u200b\u200b\u200b\u200b\u200b\u200bCouleur de l&rsquo;\u00a0<\/span><\/strong><span>armoire\u00a0noir<\/span><\/li>\n<li><strong><span>\u200b\u200b\u200b\u200b\u200b\u200b\u200bDimension du\u00a0<\/span><\/strong><span>moniteur\u00a01209,6 x 744,4 x 114,1 mm<\/span><\/li>\n<li><strong><span>\u200b\u200b\u200b\u200b\u200b\u200b\u200bPoids\u00a0<\/span><\/strong><span>du moniteur\u00a063\u00a0kg \/ 69\u00a0kg [\u00e0 confirmer]<\/span><\/li>\n<li><strong><span>\u200b\u200b\u200b\u200b\u200b\u200b\u200bMontage\u00a0<\/span><\/strong><span>VESA\u00a0400 x 400 mm ;\u00a0400 x 800 mm<\/span><\/li>\n<li><span>\u200b\u200b\u200b\u200b\u200b\u200b\u200bOrientation<\/span><strong><span>\u00a0:<\/span><\/strong><span>\u00a0Portrait<\/span><\/li>\n<\/ul>\n<p>&nbsp;<\/p>\n<h2><span>INTERFACE UTILISATEUR<\/span><\/h2>\n<ul>\n<li><span>\u200b\u200b\u200b\u200b\u200b\u200b\u200bLangue<\/span><strong><span>\u00a0:<\/span><\/strong><span>\u00a0anglais<\/span><\/li>\n<li><span>\u200b\u200b\u200b\u200b\u200b\u200b\u200bPreuve<\/span><strong><span>\u00a0de conservation d&rsquo;image :<\/span><\/strong><span>\u00a0Oui<\/span><\/li>\n<li><strong><span>\u200b\u200b\u200b\u200b\u200b\u200b\u200bContr\u00f4le de\u00a0<\/span><\/strong><span>gradation\u00a0Oui<\/span><\/li>\n<li><strong><span>\u200b\u200b\u200b\u200b\u200b\u200b\u200bR\u00e9sistance aux\u00a0<\/span><\/strong><span>intemp\u00e9ries\u00a0Oui (IP66)<\/span><\/li>\n<li><strong><span>\u200b\u200b\u200b\u200b\u200b\u200b\u200bProgrammation\u00a0<\/span><\/strong><span>Marche\u00a0Oui<\/span><\/li>\n<li><strong><span>\u200b\u200b\u200b\u200b\u200b\u200b\u200bCapteur de lumi\u00e8re\u00a0<\/span><\/strong><span>ambiante\u00a0oui<\/span><\/li>\n<li><strong><span>\u200b\u200b\u200b\u200b\u200b\u200b\u200bContr\u00f4le\u00a0<\/span><\/strong><span>r\u00e9seau\u00a0RS-232 (Entr\u00e9e), RJ45<\/span><\/li>\n<li><strong><span>\u200b\u200b\u200b\u200b\u200b\u200b\u200bCapteur de temp\u00e9rature\u00a0<\/span><\/strong><span>interne\u00a0oui<\/span><\/li>\n<\/ul>\n<p>&nbsp;<\/p>\n<h2><span>PORTS E\/S<\/span><\/h2>\n<ul>\n<li><span>\u200b\u200b\u200b\u200b\u200b\u200b\u200bHDMI<\/span><strong><span>\u00a0:<\/span><\/strong><span>\u00a0entr\u00e9e (x1)<\/span><\/li>\n<li>\u200b\u200b\u200b\u200b\u200b\u200b\u200b\u00a0<strong>DVI-D:<\/strong>\u00a0In (x1)<\/li>\n<li><strong><span>\u200b\u200b\u200b\u200b\u200b\u200b\u200bPort\u00a0<\/span><\/strong><span>d&rsquo;affichage\u00a0Entr\u00e9e (x1)<\/span><\/li>\n<li><span>\u200b\u200b\u200b\u200b\u200b\u200b\u200bRS<\/span><strong><span>\u00a0-232\u00a0:<\/span><\/strong><span>\u00a0entr\u00e9e (x1)<\/span><\/li>\n<li><span>\u200b\u200b\u200b\u200b\u200b\u200b\u200bRJ<\/span><strong><span>\u00a0-45\u00a0:<\/span><\/strong><span>\u00a0Entr\u00e9e (x1)*<\/span><\/li>\n<li><span>\u200b\u200b\u200b\u200b\u200b\u200b\u200bAudio<\/span><strong><span>\u00a0:<\/span><\/strong><span>\u00a0Sortie (x1)<\/span><\/li>\n<li><span>\u200b\u200b\u200b\u200b\u200b\u200b\u200bUSB<\/span><strong><span>\u00a0:<\/span><\/strong><span>\u00a0entr\u00e9e (x1)*<\/span><\/li>\n<li><strong><span>\u200b\u200b\u200b\u200b\u200b\u200b\u200bSlot\u00a0<\/span><\/strong><span>SD\u00a0In (x1)*<\/span><\/li>\n<\/ul>\n<p>&nbsp;<\/p>\n<h2><span>LECTEUR INTERNE<\/span><\/h2>\n<ul>\n<li><span>\u200b\u200b\u200b\u200b\u200b\u200b\u200bProcesseur<\/span><strong><span>\u00a0:<\/span><\/strong><span>\u00a0Octa-core Cortex-A53<\/span><\/li>\n<li><strong><span>\u200b\u200b\u200b\u200b\u200b\u200b\u200bVitesse d&rsquo;\u00a0<\/span><\/strong><span>horloge\u00a01,5\u00a0GHz<\/span><\/li>\n<li><strong><span>\u200b\u200b\u200b\u200b\u200b\u200b\u200bInterface m\u00e9moire\u00a0<\/span><\/strong><span>principale\u00a0DDR3-2G<\/span><\/li>\n<li><span>\u200b\u200b\u200b\u200b\u200b\u200b\u200bGraphique<\/span><strong><span>\u00a0:<\/span><\/strong><span>\u00a0GPU PowerVR G6110<\/span><\/li>\n<li><span>\u200b\u200b\u200b\u200b\u200b\u200b\u200bStockage<\/span><strong><span>\u00a0(FDM) :<\/span><\/strong><span>\u00a0Interne : 8 Go eMMC Flash Externe : Prise en charge Micro SD, jusqu&rsquo;\u00e0 32 Go<\/span><\/li>\n<li><span>\u200b\u200b\u200b\u200b\u200b\u200b\u200bMultim\u00e9dia<\/span><strong><span>\u00a0:<\/span><\/strong><span>\u00a0d\u00e9codeurs vid\u00e9o 4K VP9\/H265\/H264, jusqu&rsquo;\u00e0 60 ips 1080P autres d\u00e9codeurs vid\u00e9o (VC-1, MPEG-1\/2\/4, VP8) encodeur vid\u00e9o 1080P pour H.264 et VP8<\/span><\/li>\n<li><strong><span>\u200b\u200b\u200b\u200b\u200b\u200b\u200bSp\u00e9cification\u00a0<\/span><\/strong><span>Wi\u00a0802.11 b\/g\/n 2412.0Mhz &#8211; 2462.0Mhz<\/span><\/li>\n<li><strong><span>\u200b\u200b\u200b\u200b\u200b\u200b\u200bSyst\u00e8me\u00a0<\/span><\/strong><span>d&rsquo;exploitation\u00a0Android\u00a05.1<\/span><\/li>\n<\/ul>\n<p>&nbsp;<\/p>\n<h2><span>ENVIRONNEMENT<\/span><\/h2>\n<ul>\n<li><span>\u200b\u200b\u200b\u200b\u200b\u200b\u200bTemp\u00e9rature<\/span><strong><span>\u00a0de fonctionnement :<\/span><\/strong><span>\u00a0-30\u00b0C ~ 50\u00b0C<\/span><\/li>\n<li><strong><span>\u200b\u200b\u200b\u200b\u200b\u200b\u200bTemp\u00e9rature de\u00a0<\/span><\/strong><span>stockage\u00a0-20\u00b0C ~ 60\u00b0C<\/span><\/li>\n<li><span>\u200b\u200b\u200b\u200b\u200b\u200b\u200bHumidit\u00e9<\/span><strong><span>\u00a0:<\/span><\/strong><span>\u00a010\u00a0% ~ 80\u00a0% HR sans condensation<\/span><\/li>\n<\/ul>\n","protected":false},"excerpt":{"rendered":"<h2><span>LED SCREEN 55&#034; digital SIGNAGE 3500 CD\/M2 1920X1080 DO552LR5 DYNASCAN<\/span><\/h2>\n<p>High brightness, 55 &#034;, LCD 3 000 nits \u2013 DO551LR4<br \/>\nThe DO551LR4 is an LCD screen professional high-end 55-inch intended for outdoor applications. The display has a Full HD resolution with LED backlight high brightness that produces an image of up to 3,000 nits.<br \/>\nThe series DO551LR4 is consistent with the standard IP56 for protection from dust and water and has a surface in glass tempered anti-vandal. A coating anti-IR, anti-UV and anti-glare provides additional protection against the elements and ensures a clear image and visible in the light of the day.<\/p>","protected":false},"featured_media":15148,"template":"","meta":{"_acf_changed":false},"product_brand":[755],"product_cat":[195,754],"product_tag":[],"class_list":{"0":"post-15040","1":"product","2":"type-product","3":"status-publish","4":"has-post-thumbnail","6":"product_brand-dynascan","7":"product_cat-outdoor-display-wall-mounting-type","8":"product_cat-ecran-vitrine","10":"first","11":"instock","12":"downloadable","13":"taxable","14":"shipping-taxable","15":"purchasable","16":"product-type-simple"},"acf":[],"_links":{"self":[{"href":"https:\/\/www.ynova.be\/en\/wp-json\/wp\/v2\/product\/15040","targetHints":{"allow":["GET"]}}],"collection":[{"href":"https:\/\/www.ynova.be\/en\/wp-json\/wp\/v2\/product"}],"about":[{"href":"https:\/\/www.ynova.be\/en\/wp-json\/wp\/v2\/types\/product"}],"version-history":[{"count":0,"href":"https:\/\/www.ynova.be\/en\/wp-json\/wp\/v2\/product\/15040\/revisions"}],"wp:featuredmedia":[{"embeddable":true,"href":"https:\/\/www.ynova.be\/en\/wp-json\/wp\/v2\/media\/15148"}],"wp:attachment":[{"href":"https:\/\/www.ynova.be\/en\/wp-json\/wp\/v2\/media?parent=15040"}],"wp:term":[{"taxonomy":"product_brand","embeddable":true,"href":"https:\/\/www.ynova.be\/en\/wp-json\/wp\/v2\/product_brand?post=15040"},{"taxonomy":"product_cat","embeddable":true,"href":"https:\/\/www.ynova.be\/en\/wp-json\/wp\/v2\/product_cat?post=15040"},{"taxonomy":"product_tag","embeddable":true,"href":"https:\/\/www.ynova.be\/en\/wp-json\/wp\/v2\/product_tag?post=15040"}],"curies":[{"name":"wp","href":"https:\/\/api.w.org\/{rel}","templated":true}]}}