{"id":1194,"date":"2022-08-23T15:12:43","date_gmt":"2022-08-23T13:12:43","guid":{"rendered":"https:\/\/www.ynova.be\/?post_type=product&#038;p=1194"},"modified":"2022-08-29T16:22:18","modified_gmt":"2022-08-29T14:22:18","slug":"kiosque-totem-etanche-slim","status":"publish","type":"product","link":"https:\/\/www.ynova.be\/en\/product\/kiosque-totem-etanche-slim\/","title":{"rendered":"Kiosk \/ Totem waterproof slim"},"content":{"rendered":"\t\t<div data-elementor-type=\"product-post\" data-elementor-id=\"1194\" class=\"elementor elementor-1194\" data-elementor-post-type=\"product\">\n\t\t\t\t\t\t<section class=\"elementor-section elementor-top-section elementor-element elementor-element-57ec94db elementor-section-boxed elementor-section-height-default elementor-section-height-default\" data-id=\"57ec94db\" data-element_type=\"section\" data-e-type=\"section\" data-settings=\"{&quot;ekit_has_onepagescroll_dot&quot;:&quot;yes&quot;}\">\n\t\t\t\t\t\t<div class=\"elementor-container elementor-column-gap-default\">\n\t\t\t\t\t<div class=\"elementor-column elementor-col-100 elementor-top-column elementor-element elementor-element-2fce83cd\" data-id=\"2fce83cd\" data-element_type=\"column\" data-e-type=\"column\">\n\t\t\t<div class=\"elementor-widget-wrap elementor-element-populated\">\n\t\t\t\t\t\t<div class=\"elementor-element elementor-element-6baa505f elementor-widget elementor-widget-text-editor\" data-id=\"6baa505f\" data-element_type=\"widget\" data-e-type=\"widget\" data-settings=\"{&quot;ekit_we_effect_on&quot;:&quot;none&quot;}\" data-widget_type=\"text-editor.default\">\n\t\t\t\t<div class=\"elementor-widget-container\">\n\t\t\t\t\t\t\t\t\t<h4 style=\"text-align: center;\">La description \/ <span style=\"color: #0000ff;\"><a style=\"color: #0000ff;\" href=\"#caracteristiques\">caract\u00e9ristiques<\/a><\/span><\/h4><p><strong>Notre kiosque\/totem ext\u00e9rieur est IP65 \u00e9tanche \u00e0 la poussi\u00e8re et \u00e0 l&rsquo;eau, il poss\u00e8de une haute luminosit\u00e9 2000 ~ 3000 nits pour une utilisation en ext\u00e9rieur, il est con\u00e7u sp\u00e9cifiquement pour r\u00e9sister aux intemp\u00e9ries, et pour fonctionner dans la chaleur, le froid, la pluie, la neige et la poussi\u00e8re. Ces kiosques\/totems num\u00e9riques ext\u00e9rieurs ont un design ultra mince pour un impact maximal sur l&rsquo;\u00e9cran sans distraction.<\/strong><\/p><p>Notre affichage num\u00e9rique ext\u00e9rieur aide \u00e0\u00a0:<\/p><ul><li>Maximisez votre retour sur investissement commercial et publicitaire.<\/li><li>Fournit un co\u00fbt total de possession inf\u00e9rieur sur la dur\u00e9e de vie des bo\u00eetiers.<\/li><li>Solution ouverte &#8211; Remplacer, mettre \u00e0 niveau ou modifier l&rsquo;\u00e9quipement en cas de besoin.<\/li><li>Performances \u2013 Tranquillit\u00e9 d&rsquo;esprit Efficacit\u00e9 pour les applications intensives 24h\/24 et 7j\/7.<\/li><li>Support publicitaire rentable.<\/li><\/ul><h4 style=\"text-align: center;\">Kiosque \/ Totem num\u00e9rique \u00e9tanche slim<\/h4><p><style>\/*! elementor - v3.7.2 - 21-08-2022 *\/<br \/>.elementor-widget-image{text-align:center}.elementor-widget-image a{display:inline-block}.elementor-widget-image a img[src$=\".svg\"]{width:48px}.elementor-widget-image img{vertical-align:middle;display:inline-block}<\/style><\/p><p><img fetchpriority=\"high\" decoding=\"async\" src=\"https:\/\/hiti.be\/wp-content\/uploads\/2022\/08\/Slim-Outdoor-waterproof-Digital-Kiosk-Totem-2-1.webp\" sizes=\"(max-width: 750px) 100vw, 750px\" srcset=\"https:\/\/hiti.be\/wp-content\/uploads\/2022\/08\/Slim-Outdoor-waterproof-Digital-Kiosk-Totem-2-1.webp 750w, https:\/\/hiti.be\/wp-content\/uploads\/2022\/08\/Slim-Outdoor-waterproof-Digital-Kiosk-Totem-2-1-278x300.webp 278w, https:\/\/hiti.be\/wp-content\/uploads\/2022\/08\/Slim-Outdoor-waterproof-Digital-Kiosk-Totem-2-1-600x646.webp 600w\" alt=\"\" width=\"750\" height=\"808\" \/><\/p><h3 style=\"text-align: center;\">Affichage \u00e0 ultra haute luminosit\u00e9<\/h3><p style=\"text-align: center;\">2000 ~ 3000nits haute luminosit\u00e9 et performances de travail 24 * 7, visibles sous le soleil direct, qui est un\u00a0affichage ext\u00e9rieur\u00a0lisible au soleil<\/p><p><img decoding=\"async\" src=\"https:\/\/hiti.be\/wp-content\/uploads\/2022\/08\/Slim-Outdoor-waterproof-Digital-Kiosk-Totem-3.webp\" sizes=\"(max-width: 750px) 100vw, 750px\" srcset=\"https:\/\/hiti.be\/wp-content\/uploads\/2022\/08\/Slim-Outdoor-waterproof-Digital-Kiosk-Totem-3.webp 750w, https:\/\/hiti.be\/wp-content\/uploads\/2022\/08\/Slim-Outdoor-waterproof-Digital-Kiosk-Totem-3-240x300.webp 240w, https:\/\/hiti.be\/wp-content\/uploads\/2022\/08\/Slim-Outdoor-waterproof-Digital-Kiosk-Totem-3-600x751.webp 600w\" alt=\"\" width=\"750\" height=\"939\" \/><\/p><h4 style=\"text-align: center;\">Syst\u00e8me de contr\u00f4le automatique de la temp\u00e9rature<\/h4><p style=\"text-align: center;\">Selon la temp\u00e9rature interne de la machine, la vitesse du ventilateur<br \/>peut \u00eatre automatiquement ajust\u00e9e pour maintenir la temp\u00e9rature interne de<br \/>la machine \u00e0 une temp\u00e9rature de fonctionnement normale<\/p><p><img decoding=\"async\" src=\"https:\/\/hiti.be\/wp-content\/uploads\/2022\/08\/Slim-Outdoor-waterproof-Digital-Kiosk-Totem-4-1.webp\" sizes=\"(max-width: 750px) 100vw, 750px\" srcset=\"https:\/\/hiti.be\/wp-content\/uploads\/2022\/08\/Slim-Outdoor-waterproof-Digital-Kiosk-Totem-4-1.webp 750w, https:\/\/hiti.be\/wp-content\/uploads\/2022\/08\/Slim-Outdoor-waterproof-Digital-Kiosk-Totem-4-1-264x300.webp 264w, https:\/\/hiti.be\/wp-content\/uploads\/2022\/08\/Slim-Outdoor-waterproof-Digital-Kiosk-Totem-4-1-600x682.webp 600w\" alt=\"\" width=\"750\" height=\"852\" \/><\/p><h3 style=\"text-align: center;\">Conception de cadre ultra mince<\/h3><p style=\"text-align: center;\">La conception d&rsquo;apparence du bord ultra-\u00e9troit rend l&rsquo;apparence de l&rsquo;ensemble de la machine plus exquise<\/p><p><img loading=\"lazy\" decoding=\"async\" src=\"https:\/\/hiti.be\/wp-content\/uploads\/2022\/08\/Slim-Outdoor-waterproof-Digital-Kiosk-Totem-6-1.webp\" sizes=\"(max-width: 750px) 100vw, 750px\" srcset=\"https:\/\/hiti.be\/wp-content\/uploads\/2022\/08\/Slim-Outdoor-waterproof-Digital-Kiosk-Totem-6-1.webp 750w, https:\/\/hiti.be\/wp-content\/uploads\/2022\/08\/Slim-Outdoor-waterproof-Digital-Kiosk-Totem-6-1-266x300.webp 266w, https:\/\/hiti.be\/wp-content\/uploads\/2022\/08\/Slim-Outdoor-waterproof-Digital-Kiosk-Totem-6-1-600x676.webp 600w\" alt=\"\" width=\"750\" height=\"845\" \/><\/p><h3 style=\"text-align: center;\">Le fuselage est plus fin et plus l\u00e9ger<\/h3><p style=\"text-align: center;\">Dans le m\u00eame temps, l&rsquo;\u00e9paisseur de l&rsquo;ensemble du fuselage est \u00e9galement rafra\u00eechie \u00e0 120 mm<\/p><p><img loading=\"lazy\" decoding=\"async\" src=\"https:\/\/hiti.be\/wp-content\/uploads\/2022\/08\/Slim-Outdoor-waterproof-Digital-Kiosk-Totem-7.webp\" sizes=\"(max-width: 750px) 100vw, 750px\" srcset=\"https:\/\/hiti.be\/wp-content\/uploads\/2022\/08\/Slim-Outdoor-waterproof-Digital-Kiosk-Totem-7.webp 750w, https:\/\/hiti.be\/wp-content\/uploads\/2022\/08\/Slim-Outdoor-waterproof-Digital-Kiosk-Totem-7-229x300.webp 229w, https:\/\/hiti.be\/wp-content\/uploads\/2022\/08\/Slim-Outdoor-waterproof-Digital-Kiosk-Totem-7-600x786.webp 600w\" alt=\"\" width=\"750\" height=\"983\" \/><\/p><h4 style=\"text-align: center;\">Protection stable IP65<\/h4><p style=\"text-align: center;\">Antipoussi\u00e8re, cr\u00e8me solaire, anti-corrosion, anti-vol anti-d\u00e9flagrant,<br \/>anti-moisissure biologique, rendent l&rsquo;\u00e9quipement adapt\u00e9<br \/>\u00e0 tout environnement ext\u00e9rieur<\/p><p><img loading=\"lazy\" decoding=\"async\" src=\"https:\/\/hiti.be\/wp-content\/uploads\/2022\/08\/Slim-Outdoor-waterproof-Digital-Kiosk-Totem-8-1.webp\" sizes=\"(max-width: 750px) 100vw, 750px\" srcset=\"https:\/\/hiti.be\/wp-content\/uploads\/2022\/08\/Slim-Outdoor-waterproof-Digital-Kiosk-Totem-8-1.webp 750w, https:\/\/hiti.be\/wp-content\/uploads\/2022\/08\/Slim-Outdoor-waterproof-Digital-Kiosk-Totem-8-1-255x300.webp 255w, https:\/\/hiti.be\/wp-content\/uploads\/2022\/08\/Slim-Outdoor-waterproof-Digital-Kiosk-Totem-8-1-600x706.webp 600w\" alt=\"\" width=\"750\" height=\"883\" \/><\/p><h4 style=\"text-align: center;\">Prise en charge de plusieurs fonctions d&rsquo;\u00e9cran partag\u00e9<\/h4><p style=\"text-align: center;\">Prise en charge de plusieurs fonctions d&rsquo;\u00e9cran partag\u00e9 Plusieurs<br \/>vid\u00e9os et images en mode \u00e9cran partag\u00e9 peuvent \u00eatre lues en m\u00eame temps<\/p><p><img loading=\"lazy\" decoding=\"async\" src=\"https:\/\/hiti.be\/wp-content\/uploads\/2022\/08\/Slim-Outdoor-waterproof-Digital-Kiosk-Totem-9-1.webp\" sizes=\"(max-width: 750px) 100vw, 750px\" srcset=\"https:\/\/hiti.be\/wp-content\/uploads\/2022\/08\/Slim-Outdoor-waterproof-Digital-Kiosk-Totem-9-1.webp 750w, https:\/\/hiti.be\/wp-content\/uploads\/2022\/08\/Slim-Outdoor-waterproof-Digital-Kiosk-Totem-9-1-264x300.webp 264w, https:\/\/hiti.be\/wp-content\/uploads\/2022\/08\/Slim-Outdoor-waterproof-Digital-Kiosk-Totem-9-1-600x682.webp 600w\" alt=\"\" width=\"750\" height=\"853\" \/><\/p><h4 style=\"text-align: center;\">Prise en charge du r\u00e9glage automatique de la luminosit\u00e9<\/h4><p style=\"text-align: center;\">Peut ajuster automatiquement la luminosit\u00e9 de l&rsquo;\u00e9cran en fonction<br \/>de l&rsquo;environnement d&rsquo;utilisation r\u00e9el<\/p><p><img loading=\"lazy\" decoding=\"async\" src=\"https:\/\/hiti.be\/wp-content\/uploads\/2022\/08\/Slim-Outdoor-waterproof-Digital-Kiosk-Totem-10-1.webp\" sizes=\"(max-width: 750px) 100vw, 750px\" srcset=\"https:\/\/hiti.be\/wp-content\/uploads\/2022\/08\/Slim-Outdoor-waterproof-Digital-Kiosk-Totem-10-1.webp 750w, https:\/\/hiti.be\/wp-content\/uploads\/2022\/08\/Slim-Outdoor-waterproof-Digital-Kiosk-Totem-10-1-256x300.webp 256w, https:\/\/hiti.be\/wp-content\/uploads\/2022\/08\/Slim-Outdoor-waterproof-Digital-Kiosk-Totem-10-1-600x704.webp 600w\" alt=\"\" width=\"750\" height=\"880\" \/><\/p><h4 style=\"text-align: center;\">Conception \u00e9tanche<\/h4><p style=\"text-align: center;\">Le corps adopte une nouvelle g\u00e9n\u00e9ration de technologie imperm\u00e9able, qui peut<br \/>facilement faire face aux conditions m\u00e9t\u00e9orologiques ext\u00e9rieures changeantes<\/p><p><img loading=\"lazy\" decoding=\"async\" src=\"https:\/\/hiti.be\/wp-content\/uploads\/2022\/08\/Slim-Outdoor-waterproof-Digital-Kiosk-Totem-11-1.webp\" sizes=\"(max-width: 750px) 100vw, 750px\" srcset=\"https:\/\/hiti.be\/wp-content\/uploads\/2022\/08\/Slim-Outdoor-waterproof-Digital-Kiosk-Totem-11-1.webp 750w, https:\/\/hiti.be\/wp-content\/uploads\/2022\/08\/Slim-Outdoor-waterproof-Digital-Kiosk-Totem-11-1-266x300.webp 266w, https:\/\/hiti.be\/wp-content\/uploads\/2022\/08\/Slim-Outdoor-waterproof-Digital-Kiosk-Totem-11-1-600x678.webp 600w\" alt=\"\" width=\"750\" height=\"847\" \/><\/p><h4 style=\"text-align: center;\">Mat\u00e9riau de haute qualit\u00e9, excellente finition<\/h4><p style=\"text-align: center;\">Le processus professionnel et la qualit\u00e9 se voient dans les moindres d\u00e9tails<\/p><p><img loading=\"lazy\" decoding=\"async\" src=\"https:\/\/hiti.be\/wp-content\/uploads\/2022\/08\/Slim-Outdoor-waterproof-Digital-Kiosk-Totem-12-633x1024.webp\" sizes=\"(max-width: 633px) 100vw, 633px\" srcset=\"https:\/\/hiti.be\/wp-content\/uploads\/2022\/08\/Slim-Outdoor-waterproof-Digital-Kiosk-Totem-12-633x1024.webp 633w, https:\/\/hiti.be\/wp-content\/uploads\/2022\/08\/Slim-Outdoor-waterproof-Digital-Kiosk-Totem-12-185x300.webp 185w, https:\/\/hiti.be\/wp-content\/uploads\/2022\/08\/Slim-Outdoor-waterproof-Digital-Kiosk-Totem-12-600x971.webp 600w, https:\/\/hiti.be\/wp-content\/uploads\/2022\/08\/Slim-Outdoor-waterproof-Digital-Kiosk-Totem-12.webp 750w\" alt=\"\" width=\"633\" height=\"1024\" \/><\/p><h4 style=\"text-align: center;\">Syst\u00e8me Android ou Windows<\/h4><p style=\"text-align: center;\">Nous fournissons des syst\u00e8mes d&rsquo;exploitation flexibles selon diff\u00e9rentes applications<\/p><p><img loading=\"lazy\" decoding=\"async\" src=\"https:\/\/hiti.be\/wp-content\/uploads\/2022\/08\/Smart-Outdoor-Digital-Signage-KioskTotem-9-1-1.webp\" sizes=\"(max-width: 750px) 100vw, 750px\" srcset=\"https:\/\/hiti.be\/wp-content\/uploads\/2022\/08\/Smart-Outdoor-Digital-Signage-KioskTotem-9-1-1.webp 750w, https:\/\/hiti.be\/wp-content\/uploads\/2022\/08\/Smart-Outdoor-Digital-Signage-KioskTotem-9-1-1-278x300.webp 278w, https:\/\/hiti.be\/wp-content\/uploads\/2022\/08\/Smart-Outdoor-Digital-Signage-KioskTotem-9-1-1-600x648.webp 600w\" alt=\"\" width=\"750\" height=\"810\" \/><\/p><h4 style=\"text-align: center;\">d\u00e9tails du produit<\/h4><p><img loading=\"lazy\" decoding=\"async\" src=\"https:\/\/hiti.be\/wp-content\/uploads\/2022\/08\/Smart-Outdoor-Digital-Signage-KioskTotem-14-1.webp\" sizes=\"(max-width: 750px) 100vw, 750px\" srcset=\"https:\/\/hiti.be\/wp-content\/uploads\/2022\/08\/Smart-Outdoor-Digital-Signage-KioskTotem-14-1.webp 750w, https:\/\/hiti.be\/wp-content\/uploads\/2022\/08\/Smart-Outdoor-Digital-Signage-KioskTotem-14-1-300x284.webp 300w, https:\/\/hiti.be\/wp-content\/uploads\/2022\/08\/Smart-Outdoor-Digital-Signage-KioskTotem-14-1-600x567.webp 600w\" alt=\"\" width=\"750\" height=\"709\" \/><\/p><h3 style=\"text-align: center;\">Applications populaires<\/h3><p><img loading=\"lazy\" decoding=\"async\" src=\"https:\/\/hiti.be\/wp-content\/uploads\/2022\/08\/Slim-Outdoor-waterproof-Digital-Kiosk-Totem-1-1.webp\" sizes=\"(max-width: 750px) 100vw, 750px\" srcset=\"https:\/\/hiti.be\/wp-content\/uploads\/2022\/08\/Slim-Outdoor-waterproof-Digital-Kiosk-Totem-1-1.webp 750w, https:\/\/hiti.be\/wp-content\/uploads\/2022\/08\/Slim-Outdoor-waterproof-Digital-Kiosk-Totem-1-1-250x300.webp 250w, https:\/\/hiti.be\/wp-content\/uploads\/2022\/08\/Slim-Outdoor-waterproof-Digital-Kiosk-Totem-1-1-600x719.webp 600w\" alt=\"\" width=\"750\" height=\"899\" \/><\/p>\t\t\t\t\t\t\t\t<\/div>\n\t\t\t\t<\/div>\n\t\t\t\t\t<\/div>\n\t\t<\/div>\n\t\t\t\t\t<\/div>\n\t\t<\/section>\n\t\t\t\t<section class=\"elementor-section elementor-top-section elementor-element elementor-element-aa420ec elementor-section-boxed elementor-section-height-default elementor-section-height-default\" data-id=\"aa420ec\" data-element_type=\"section\" data-e-type=\"section\" id=\"caracteristiques\" data-settings=\"{&quot;ekit_has_onepagescroll_dot&quot;:&quot;yes&quot;}\">\n\t\t\t\t\t\t<div class=\"elementor-container elementor-column-gap-default\">\n\t\t\t\t\t<div class=\"elementor-column elementor-col-100 elementor-top-column elementor-element elementor-element-e035ce3\" data-id=\"e035ce3\" data-element_type=\"column\" data-e-type=\"column\">\n\t\t\t<div class=\"elementor-widget-wrap elementor-element-populated\">\n\t\t\t\t\t\t<div class=\"elementor-element elementor-element-9a19566 caracteristiques elementor-widget elementor-widget-text-editor\" data-id=\"9a19566\" data-element_type=\"widget\" data-e-type=\"widget\" data-settings=\"{&quot;ekit_we_effect_on&quot;:&quot;none&quot;}\" data-widget_type=\"text-editor.default\">\n\t\t\t\t<div class=\"elementor-widget-container\">\n\t\t\t\t\t\t\t\t\t<p>\u00a0<\/p><p>\u00a0<\/p><table width=\"732\"><tbody><tr><td colspan=\"3\" width=\"202\">\u00a0<\/td><td colspan=\"2\" width=\"530\">\u00a0<\/td><\/tr><tr><td rowspan=\"10\" width=\"71\"><strong>Panneau<\/strong><\/td><td colspan=\"2\" width=\"130\">Taille d&rsquo;affichage (pouce)<\/td><td width=\"266\">43\u2033<\/td><td width=\"263\">55\u2033<\/td><\/tr><tr><td colspan=\"2\" width=\"130\">R\u00e9solution<\/td><td width=\"266\">1920\u00d71080<\/td><td width=\"263\">1920\u00d71080<\/td><\/tr><tr><td colspan=\"2\" width=\"130\">Zone d&rsquo;affichage active(mm)<\/td><td width=\"266\">941.2&#215;529.4<\/td><td width=\"263\">1209,6 x 680,4<\/td><\/tr><tr><td colspan=\"2\" width=\"130\">Ratio d&rsquo;aspect<\/td><td width=\"266\">16:09<\/td><td width=\"263\">16:09<\/td><\/tr><tr><td colspan=\"2\" width=\"130\">Luminosit\u00e9(cd\/m2)<\/td><td width=\"266\">2000nit<\/td><td width=\"263\">2000nit<\/td><\/tr><tr><td colspan=\"2\" width=\"130\">Rapport de contraste (Typ.)<\/td><td width=\"266\">1000:1<\/td><td width=\"263\">2000:1<\/td><\/tr><tr><td colspan=\"2\" width=\"130\">Angle de vue (H\/V)<\/td><td width=\"266\">178\/178<\/td><td width=\"263\">178\/178<\/td><\/tr><tr><td colspan=\"2\" width=\"130\">Couleur<\/td><td width=\"266\">16.7M<\/td><td width=\"263\">16.7M<\/td><\/tr><tr><td colspan=\"2\" width=\"130\">Temps de r\u00e9ponse (G \u00e0 G)<\/td><td width=\"266\">6ms<\/td><td width=\"263\">6ms<\/td><\/tr><tr><td colspan=\"2\" width=\"130\">Heure d&rsquo;ouverture<\/td><td width=\"266\">24\/7<\/td><td width=\"263\">24\/7<\/td><\/tr><tr><td width=\"71\"><strong>Du son<\/strong><\/td><td colspan=\"2\" width=\"130\">Haut-parleur<\/td><td width=\"266\">5W, 8\u03a9 (2 jeux)<\/td><td width=\"263\">5W, 8\u03a9 (2 jeux)<\/td><\/tr><tr><td rowspan=\"5\" width=\"71\"><strong>Du pouvoir<\/strong><\/td><td colspan=\"2\" width=\"130\">Taper<\/td><td width=\"266\">Interne<\/td><td width=\"263\">Interne<\/td><\/tr><tr><td colspan=\"2\" width=\"130\">Source de courant<\/td><td colspan=\"2\" width=\"530\">CA 100 \u2013 240 V~ (+\/- 10 %), 50\/60 Hz<\/td><\/tr><tr><td rowspan=\"3\" width=\"43\">Consommation d&rsquo;\u00e9nergie<\/td><td width=\"86\">Max[W\/h]<\/td><td width=\"266\">100<\/td><td width=\"263\">150<\/td><\/tr><tr><td width=\"86\">Mode veille<\/td><td width=\"266\">moins de 0.5W<\/td><td width=\"263\">moins de 0.5W<\/td><\/tr><tr><td width=\"86\">Arr\u00eat<\/td><td width=\"266\">moins de 0.5W<\/td><td width=\"263\">moins de 0.5W<\/td><\/tr><tr><td rowspan=\"2\" width=\"71\"><strong>Sp\u00e9cification m\u00e9canique<\/strong><\/td><td colspan=\"2\" width=\"130\">Verre de protection<\/td><td width=\"266\">Oui<\/td><td width=\"263\">Oui<\/td><\/tr><tr><td colspan=\"2\" width=\"130\">Type de support<\/td><td width=\"266\">Support de pied<\/td><td width=\"263\">Support de pied<\/td><\/tr><tr><td rowspan=\"6\" width=\"71\"><strong>Environnement<\/strong><\/td><td colspan=\"2\" width=\"130\">Temp\u00e9rature de fonctionnement<\/td><td width=\"266\">-40\u00b0C ~ 50\u00b0C<\/td><td width=\"263\">-40\u00b0C ~ 50\u00b0C<\/td><\/tr><tr><td colspan=\"2\" width=\"130\">Temp\u00e9rature de stockage<\/td><td width=\"266\">-30\u00b0C ~ 55\u00b0C<\/td><td width=\"263\">-30\u00b0C ~ 55\u00b0C<\/td><\/tr><tr><td colspan=\"2\" width=\"130\">humidit\u00e9 d&rsquo;exploitation<\/td><td width=\"266\">10\u00a0% ~ 80\u00a0%<\/td><td width=\"263\">10\u00a0% ~ 80\u00a0%<\/td><\/tr><tr><td colspan=\"2\" width=\"130\">Humidit\u00e9 de stockage<\/td><td width=\"266\">5% ~ 95%<\/td><td width=\"263\">5% ~ 95%<\/td><\/tr><tr><td colspan=\"2\" width=\"130\">Syst\u00e8me de refroidissement<\/td><td colspan=\"2\" width=\"530\">Turboventilateur puissant et ventilateur \u00e0 flux crois\u00e9s\/climatisation (en option)<\/td><\/tr><tr><td colspan=\"2\" width=\"130\">Protection contre l&rsquo;hypothermie<\/td><td colspan=\"2\" width=\"530\">Chauffage (r\u00e9chauffeur de feuilles d&rsquo;aluminium) (En option)<\/td><\/tr><tr><td rowspan=\"10\" width=\"71\"><strong>SE<\/strong><\/td><td rowspan=\"10\" width=\"43\">Lecteur multim\u00e9dia Android<\/td><td width=\"86\">Processeur<\/td><td colspan=\"2\" width=\"530\">Rockchip\u00ae 3288 (1,8 GHz, quadric\u0153ur)<\/td><\/tr><tr><td width=\"86\">RAM<\/td><td colspan=\"2\" width=\"530\">2G<\/td><\/tr><tr><td width=\"86\">\u00c9clat<\/td><td colspan=\"2\" width=\"530\">MEM 8G<\/td><\/tr><tr><td width=\"86\">USB<\/td><td colspan=\"2\" width=\"530\">H\u00d4TE USB2.0 (X2)<\/td><\/tr><tr><td width=\"86\">r\u00e9seau local<\/td><td colspan=\"2\" width=\"530\">Ethernet 10M\/100M (\u00e9cran de version r\u00e9seau uniquement)<\/td><\/tr><tr><td width=\"86\">M\u00e9moire externe<\/td><td colspan=\"2\" width=\"530\">Carte SD 8 Go (jusqu&rsquo;\u00e0 32 Go)<\/td><\/tr><tr><td width=\"86\">Multim\u00e9dia<\/td><td colspan=\"2\" width=\"530\">Vid\u00e9o (MPG, AVI, MP4, RM, RMVB, TS), Audio (MP3, WMA), Image (JPG, GIF, BMP, PNG)<\/td><\/tr><tr><td width=\"86\">R\u00e9solution multim\u00e9dia<\/td><td colspan=\"2\" width=\"530\">1920*1080<\/td><\/tr><tr><td width=\"86\">Wifi<\/td><td colspan=\"2\" width=\"530\">Ethernet 802.11b\/g\/n (\u00e9cran de version r\u00e9seau uniquement)<\/td><\/tr><tr><td width=\"86\">Syst\u00e8me op\u00e9rateur<\/td><td colspan=\"2\" width=\"530\">Android 7.1<\/td><\/tr><tr><td width=\"71\"><strong>Certificat<\/strong><\/td><td colspan=\"2\" width=\"130\">S\u00e9curit\u00e9<\/td><td colspan=\"2\" width=\"530\">CE ROHS IP65<\/td><\/tr><tr><td rowspan=\"3\" width=\"71\"><strong>Accessoires<\/strong><\/td><td colspan=\"2\" width=\"130\">Inclus<\/td><td colspan=\"2\" width=\"530\">Logiciel de planification, T\u00e9l\u00e9commande, Cl\u00e9, C\u00e2ble d&rsquo;alimentation, Carte SD<\/td><\/tr><tr><td colspan=\"2\" width=\"130\">Assurance qualit\u00e9<\/td><td colspan=\"2\" width=\"530\">1 an<\/td><\/tr><tr><td colspan=\"2\" width=\"130\">Genre d&#8217;emballage<\/td><td colspan=\"2\" width=\"530\">Bo\u00eete en Carton\/bo\u00eete en nid d&rsquo;abeille + caisse en bois<\/td><\/tr><\/tbody><\/table>\t\t\t\t\t\t\t\t<\/div>\n\t\t\t\t<\/div>\n\t\t\t\t\t<\/div>\n\t\t<\/div>\n\t\t\t\t\t<\/div>\n\t\t<\/section>\n\t\t\t\t<\/div>\n\t\t","protected":false},"excerpt":{"rendered":"<h2>Features Totem waterproof slim<\/h2>\n<p><strong>Our kiosk\/totem outdoor is IP65 dust-tight and water, it has a high brightness of 2000 ~ 3000 nits for outdoor use, it is designed specifically to withstand the weather, and to work in the heat, cold, rain, snow and dust. These kiosks\/totems digital remotes have an ultra slim design for maximum impact on the screen without distraction.<\/strong><\/p>\n<ul>\n<li><i class=\"bx bx-check\"><\/i>\u00a0Sizes : 43&#034; 55&#034;<\/li>\n<li>\u00a0Brightness : 2000~3000 nits<\/li>\n<li>\u00a0Resolution : 1920*1080<\/li>\n<li>\u00a0Installation\uff1a Kiosk \/ Totem<i class=\"bx bx-check\"><\/i><\/li>\n<\/ul>\n<p>&nbsp;<\/p>\n<div class=\"elementor-element elementor-element-67464460 elementor-widget elementor-widget-woocommerce-product-short-description\" data-id=\"67464460\" data-element_type=\"widget\" data-widget_type=\"woocommerce-product-short-description.default\">\n<div class=\"elementor-widget-container\">\n<div class=\"woocommerce-product-details__short-description\">\n<p>You are interested ? then your wait is over !<\/p>\n<p>\u201cThe display of the prices is not available,\u00a0<span style=\"color: #0000ff;\"><a style=\"color: #0000ff;\" href=\"https:\/\/www.ynova.be\/en\/devis\/\">please contact us to make an estimate\u00a0<\/a><\/span>\u201c<\/p>\n<\/div>\n<\/div>\n<\/div>\n<div class=\"elementor-element elementor-element-7303357 elementor-widget-divider--view-line elementor-widget elementor-widget-divider\" data-id=\"7303357\" data-element_type=\"widget\" data-widget_type=\"divider.default\">\n<div class=\"elementor-widget-container\">\n<div class=\"elementor-divider\"><\/div>\n<\/div>\n<\/div>","protected":false},"featured_media":29419,"template":"","meta":{"_acf_changed":false},"product_brand":[],"product_cat":[78],"product_tag":[],"class_list":{"0":"post-1194","1":"product","2":"type-product","3":"status-publish","4":"has-post-thumbnail","6":"product_cat-non-classe","8":"first","9":"instock","10":"taxable","11":"shipping-taxable","12":"product-type-simple"},"acf":[],"_links":{"self":[{"href":"https:\/\/www.ynova.be\/en\/wp-json\/wp\/v2\/product\/1194","targetHints":{"allow":["GET"]}}],"collection":[{"href":"https:\/\/www.ynova.be\/en\/wp-json\/wp\/v2\/product"}],"about":[{"href":"https:\/\/www.ynova.be\/en\/wp-json\/wp\/v2\/types\/product"}],"version-history":[{"count":0,"href":"https:\/\/www.ynova.be\/en\/wp-json\/wp\/v2\/product\/1194\/revisions"}],"wp:featuredmedia":[{"embeddable":true,"href":"https:\/\/www.ynova.be\/en\/wp-json\/wp\/v2\/media\/29419"}],"wp:attachment":[{"href":"https:\/\/www.ynova.be\/en\/wp-json\/wp\/v2\/media?parent=1194"}],"wp:term":[{"taxonomy":"product_brand","embeddable":true,"href":"https:\/\/www.ynova.be\/en\/wp-json\/wp\/v2\/product_brand?post=1194"},{"taxonomy":"product_cat","embeddable":true,"href":"https:\/\/www.ynova.be\/en\/wp-json\/wp\/v2\/product_cat?post=1194"},{"taxonomy":"product_tag","embeddable":true,"href":"https:\/\/www.ynova.be\/en\/wp-json\/wp\/v2\/product_tag?post=1194"}],"curies":[{"name":"wp","href":"https:\/\/api.w.org\/{rel}","templated":true}]}}