{"id":1111,"date":"2022-08-23T13:23:21","date_gmt":"2022-08-23T11:23:21","guid":{"rendered":"https:\/\/www.ynova.be\/?post_type=product&#038;p=1111"},"modified":"2022-08-29T16:02:26","modified_gmt":"2022-08-29T14:02:26","slug":"ecran-exterieur-haute-luminosite-ip65","status":"publish","type":"product","link":"https:\/\/www.ynova.be\/en\/product\/ecran-exterieur-haute-luminosite-ip65\/","title":{"rendered":"Outdoor screen high brightness IP65"},"content":{"rendered":"\t\t<div data-elementor-type=\"product-post\" data-elementor-id=\"1111\" class=\"elementor elementor-1111\" data-elementor-post-type=\"product\">\n\t\t\t\t\t\t<section class=\"elementor-section elementor-top-section elementor-element elementor-element-33f4a1f7 elementor-section-boxed elementor-section-height-default elementor-section-height-default\" data-id=\"33f4a1f7\" data-element_type=\"section\" data-e-type=\"section\" data-settings=\"{&quot;ekit_has_onepagescroll_dot&quot;:&quot;yes&quot;}\">\n\t\t\t\t\t\t<div class=\"elementor-container elementor-column-gap-default\">\n\t\t\t\t\t<div class=\"elementor-column elementor-col-100 elementor-top-column elementor-element elementor-element-37e4ced\" data-id=\"37e4ced\" data-element_type=\"column\" data-e-type=\"column\">\n\t\t\t<div class=\"elementor-widget-wrap elementor-element-populated\">\n\t\t\t\t\t\t<div class=\"elementor-element elementor-element-25413cf4 elementor-widget elementor-widget-text-editor\" data-id=\"25413cf4\" data-element_type=\"widget\" data-e-type=\"widget\" data-settings=\"{&quot;ekit_we_effect_on&quot;:&quot;none&quot;}\" data-widget_type=\"text-editor.default\">\n\t\t\t\t<div class=\"elementor-widget-container\">\n\t\t\t\t\t\t\t\t\t<h4 style=\"text-align: center;\">La description \/ <span style=\"color: #0000ff;\"><a style=\"color: #0000ff;\" href=\"#caracteristiques\">caract\u00e9ristiques<\/a><\/span><\/h4><p><strong>\u00c9cran ultra haute luminosit\u00e9 2000 ~ 3000 nits on le place en mode portrait ou paysage et est mont\u00e9e au mur\/plafond. Il poss\u00e8de aussi un verre tremp\u00e9 antireflet et est refroidi par air. Ce produit est id\u00e9al pour les transports en commun, les devantures de magasins, les h\u00f4tels, les \u00e9coles, les parcs, les banques, etc.<\/strong><\/p><p>Caract\u00e9ristiques et avantages:<\/p><ul><li>Prot\u00e9g\u00e9 de -30\u00b0C \u00e0 55\u00b0C avec chauffage interne et climatisation en option &#8211; le bo\u00eetier prot\u00e8ge vos \u00e9crans des temp\u00e9ratures extr\u00eames chaudes et froides, \u00e0 tout moment de l&rsquo;ann\u00e9e.<\/li><li>Prot\u00e9g\u00e9 contre la p\u00e9n\u00e9tration de liquide selon les normes IP65 &#8211; le bo\u00eetier prot\u00e8ge vos \u00e9crans dans des conditions humides, m\u00eame pendant les mois d&rsquo;hiver extr\u00eames.<\/li><li>Technologie brevet\u00e9e de rideau d&rsquo;air &#8211; la temp\u00e9rature de l&rsquo;air est maintenue constante tout au long, r\u00e9duisant le risque de dommages caus\u00e9s par les points de chaleur.<\/li><li>Dure jusqu&rsquo;\u00e0 une d\u00e9cennie &#8211; \u00e9changez, changez ou mettez \u00e0 niveau les \u00e9crans autant de fois que vous le souhaitez sans avoir \u00e0 investir dans de nouveaux logements.<\/li><li>Doubles verrous de s\u00e9curit\u00e9 non visibles &#8211; vos \u00e9crans sont r\u00e9sistants \u00e0 la falsification.<\/li><\/ul><h4 style=\"text-align: center;\">\u00c9cran ext\u00e9rieur haute luminosit\u00e9 IP65<\/h4><p style=\"text-align: center;\">21.5&Prime;32&Prime;43&Prime;49&Prime;55&Prime;65&Prime;75&Prime;86&Prime;98&Prime;<\/p><p style=\"text-align: center;\"><style>\/*! elementor - v3.7.2 - 21-08-2022 *\/<br \/>.elementor-widget-image{text-align:center}.elementor-widget-image a{display:inline-block}.elementor-widget-image a img[src$=\".svg\"]{width:48px}.elementor-widget-image img{vertical-align:middle;display:inline-block}<\/style><\/p><p><img fetchpriority=\"high\" decoding=\"async\" src=\"https:\/\/hiti.be\/wp-content\/uploads\/2022\/08\/IP65-Outdoor-Wall-mounted-Digital-Signage-Display-13.webp\" sizes=\"(max-width: 750px) 100vw, 750px\" srcset=\"https:\/\/hiti.be\/wp-content\/uploads\/2022\/08\/IP65-Outdoor-Wall-mounted-Digital-Signage-Display-13.webp 750w, https:\/\/hiti.be\/wp-content\/uploads\/2022\/08\/IP65-Outdoor-Wall-mounted-Digital-Signage-Display-13-264x300.webp 264w, https:\/\/hiti.be\/wp-content\/uploads\/2022\/08\/IP65-Outdoor-Wall-mounted-Digital-Signage-Display-13-600x681.webp 600w\" alt=\"\" width=\"750\" height=\"851\" \/><\/p><h4 style=\"text-align: center;\">Protection\u00a0 IP66<\/h4><p style=\"text-align: center;\">\u00c9tanche \u00e0 l&rsquo;eau, \u00e0 la poussi\u00e8re, \u00e0 la photoprotection, \u00e0 la foudre, aux chocs, \u00e0 la corrosion, au vol<\/p><p><img decoding=\"async\" src=\"https:\/\/hiti.be\/wp-content\/uploads\/2022\/08\/IP65-Outdoor-Wall-mounted-Digital-Signage-Display-9-1.webp\" sizes=\"(max-width: 750px) 100vw, 750px\" srcset=\"https:\/\/hiti.be\/wp-content\/uploads\/2022\/08\/IP65-Outdoor-Wall-mounted-Digital-Signage-Display-9-1.webp 750w, https:\/\/hiti.be\/wp-content\/uploads\/2022\/08\/IP65-Outdoor-Wall-mounted-Digital-Signage-Display-9-1-300x289.webp 300w, https:\/\/hiti.be\/wp-content\/uploads\/2022\/08\/IP65-Outdoor-Wall-mounted-Digital-Signage-Display-9-1-600x578.webp 600w\" alt=\"\" width=\"750\" height=\"723\" \/><\/p><h4 style=\"text-align: center;\">Angle de vision complet de 178\u00b0<\/h4><p style=\"text-align: center;\">le multi-angle apporte une qualit\u00e9 d&rsquo;image parfaite<\/p><p><img decoding=\"async\" src=\"https:\/\/hiti.be\/wp-content\/uploads\/2022\/08\/IP65-Outdoor-Wall-mounted-Digital-Signage-Display-11-1.webp\" sizes=\"(max-width: 750px) 100vw, 750px\" srcset=\"https:\/\/hiti.be\/wp-content\/uploads\/2022\/08\/IP65-Outdoor-Wall-mounted-Digital-Signage-Display-11-1.webp 750w, https:\/\/hiti.be\/wp-content\/uploads\/2022\/08\/IP65-Outdoor-Wall-mounted-Digital-Signage-Display-11-1-276x300.webp 276w, https:\/\/hiti.be\/wp-content\/uploads\/2022\/08\/IP65-Outdoor-Wall-mounted-Digital-Signage-Display-11-1-600x652.webp 600w\" alt=\"\" width=\"750\" height=\"815\" \/><\/p><h4 style=\"text-align: center;\">Prise en charge de plusieurs \u00e9crans partag\u00e9s<\/h4><p style=\"text-align: center;\">Prise en charge du mode \u00e9cran partag\u00e9 via le logiciel, sauvegarde, export-import ADS<\/p><p><img loading=\"lazy\" decoding=\"async\" src=\"https:\/\/hiti.be\/wp-content\/uploads\/2022\/08\/IP65-Outdoor-Wall-mounted-Digital-Signage-Display-3-1.webp\" sizes=\"(max-width: 750px) 100vw, 750px\" srcset=\"https:\/\/hiti.be\/wp-content\/uploads\/2022\/08\/IP65-Outdoor-Wall-mounted-Digital-Signage-Display-3-1.webp 750w, https:\/\/hiti.be\/wp-content\/uploads\/2022\/08\/IP65-Outdoor-Wall-mounted-Digital-Signage-Display-3-1-268x300.webp 268w, https:\/\/hiti.be\/wp-content\/uploads\/2022\/08\/IP65-Outdoor-Wall-mounted-Digital-Signage-Display-3-1-600x671.webp 600w\" alt=\"\" width=\"750\" height=\"839\" \/><\/p><h4 style=\"text-align: center;\">Verre anti-d\u00e9flagrant<\/h4><p style=\"text-align: center;\">Le verre tremp\u00e9 de haute qualit\u00e9 de 4 mm \u00e0 6 mm peut r\u00e9sister \u00e0 des chocs violents et prot\u00e8ge l&rsquo;\u00e9cran.<\/p><p><img loading=\"lazy\" decoding=\"async\" src=\"https:\/\/hiti.be\/wp-content\/uploads\/2022\/08\/IP65-Outdoor-Wall-mounted-Digital-Signage-Display-4-1.webp\" sizes=\"(max-width: 750px) 100vw, 750px\" srcset=\"https:\/\/hiti.be\/wp-content\/uploads\/2022\/08\/IP65-Outdoor-Wall-mounted-Digital-Signage-Display-4-1.webp 750w, https:\/\/hiti.be\/wp-content\/uploads\/2022\/08\/IP65-Outdoor-Wall-mounted-Digital-Signage-Display-4-1-282x300.webp 282w, https:\/\/hiti.be\/wp-content\/uploads\/2022\/08\/IP65-Outdoor-Wall-mounted-Digital-Signage-Display-4-1-600x638.webp 600w\" alt=\"\" width=\"750\" height=\"798\" \/><\/p><h4 style=\"text-align: center;\">\u00c9cran ultra-clair FHD \u00e0 gamme de couleurs 100\u00a0%<\/h4><p style=\"text-align: center;\">Une qualit\u00e9 d&rsquo;image qui peut afficher des couleurs brillantes avec plus de pr\u00e9cision et<br \/>de pr\u00e9cision, et s&rsquo;adapter \u00e0 tous les milieux<\/p><p><img loading=\"lazy\" decoding=\"async\" src=\"https:\/\/hiti.be\/wp-content\/uploads\/2022\/08\/IP65-Outdoor-Wall-mounted-Digital-Signage-Display-6-1.webp\" sizes=\"(max-width: 750px) 100vw, 750px\" srcset=\"https:\/\/hiti.be\/wp-content\/uploads\/2022\/08\/IP65-Outdoor-Wall-mounted-Digital-Signage-Display-6-1.webp 750w, https:\/\/hiti.be\/wp-content\/uploads\/2022\/08\/IP65-Outdoor-Wall-mounted-Digital-Signage-Display-6-1-300x268.webp 300w, https:\/\/hiti.be\/wp-content\/uploads\/2022\/08\/IP65-Outdoor-Wall-mounted-Digital-Signage-Display-6-1-600x537.webp 600w\" alt=\"\" width=\"750\" height=\"671\" \/><\/p><h4 style=\"text-align: center;\">\u00c9cran haute luminosit\u00e9<\/h4><p style=\"text-align: center;\">2000 ~ 3000nits haute luminosit\u00e9 et performances de travail 24 * 7, visibles sous le soleil direct, qui est un\u00a0affichage ext\u00e9rieur\u00a0lisible au soleil<\/p><p><img loading=\"lazy\" decoding=\"async\" src=\"https:\/\/hiti.be\/wp-content\/uploads\/2022\/08\/IP65-Outdoor-Wall-mounted-Digital-Signage-Display-7-1.webp\" sizes=\"(max-width: 750px) 100vw, 750px\" srcset=\"https:\/\/hiti.be\/wp-content\/uploads\/2022\/08\/IP65-Outdoor-Wall-mounted-Digital-Signage-Display-7-1.webp 750w, https:\/\/hiti.be\/wp-content\/uploads\/2022\/08\/IP65-Outdoor-Wall-mounted-Digital-Signage-Display-7-1-280x300.webp 280w, https:\/\/hiti.be\/wp-content\/uploads\/2022\/08\/IP65-Outdoor-Wall-mounted-Digital-Signage-Display-7-1-600x644.webp 600w\" alt=\"\" width=\"750\" height=\"805\" \/><\/p><h4 style=\"text-align: center;\">Contr\u00f4le intelligent du capteur de luminosit\u00e9<\/h4><p style=\"text-align: center;\">le capteur peut r\u00e9gler automatiquement la luminosit\u00e9 de l&rsquo;\u00e9cran LCD en fonction de la<br \/>luminosit\u00e9 de la lumi\u00e8re externe.<br \/>afin de r\u00e9duire au maximum la\u00a0consommation d&rsquo;\u00e9nergie, d&rsquo;\u00e9conomiser de l&rsquo;\u00e9nergie et de prot\u00e9ger l&rsquo;environnement<\/p><p><img loading=\"lazy\" decoding=\"async\" src=\"https:\/\/hiti.be\/wp-content\/uploads\/2022\/08\/IP65-Outdoor-Wall-mounted-Digital-Signage-Display-8-1.webp\" sizes=\"(max-width: 750px) 100vw, 750px\" srcset=\"https:\/\/hiti.be\/wp-content\/uploads\/2022\/08\/IP65-Outdoor-Wall-mounted-Digital-Signage-Display-8-1.webp 750w, https:\/\/hiti.be\/wp-content\/uploads\/2022\/08\/IP65-Outdoor-Wall-mounted-Digital-Signage-Display-8-1-275x300.webp 275w, https:\/\/hiti.be\/wp-content\/uploads\/2022\/08\/IP65-Outdoor-Wall-mounted-Digital-Signage-Display-8-1-600x654.webp 600w\" alt=\"\" width=\"750\" height=\"818\" \/><\/p><h4 style=\"text-align: center;\">Conception de structure de ventilation de qualit\u00e9<\/h4><p style=\"text-align: center;\">Adopte une conception de structure de ventilation de qualit\u00e9 militaire.\u00a0Lorsque la temp\u00e9rature de la machine augmente, elle peut refroidir rapidement sans affecter l&rsquo;utilisation normale<\/p><p><img loading=\"lazy\" decoding=\"async\" src=\"https:\/\/hiti.be\/wp-content\/uploads\/2022\/08\/IP65-Outdoor-Wall-mounted-Digital-Signage-Display-10-1.webp\" sizes=\"(max-width: 750px) 100vw, 750px\" srcset=\"https:\/\/hiti.be\/wp-content\/uploads\/2022\/08\/IP65-Outdoor-Wall-mounted-Digital-Signage-Display-10-1.webp 750w, https:\/\/hiti.be\/wp-content\/uploads\/2022\/08\/IP65-Outdoor-Wall-mounted-Digital-Signage-Display-10-1-285x300.webp 285w, https:\/\/hiti.be\/wp-content\/uploads\/2022\/08\/IP65-Outdoor-Wall-mounted-Digital-Signage-Display-10-1-600x631.webp 600w\" alt=\"\" width=\"750\" height=\"789\" \/><\/p><h4 style=\"text-align: center;\">Syst\u00e8me Android ou Windows<\/h4><p style=\"text-align: center;\">Nous fournissons des syst\u00e8mes d&rsquo;exploitation flexibles selon diff\u00e9rentes applications<\/p><p><img loading=\"lazy\" decoding=\"async\" src=\"https:\/\/hiti.be\/wp-content\/uploads\/2022\/08\/IP65-Outdoor-Wall-mounted-Digital-Signage-Display-5-1.webp\" sizes=\"(max-width: 750px) 100vw, 750px\" srcset=\"https:\/\/hiti.be\/wp-content\/uploads\/2022\/08\/IP65-Outdoor-Wall-mounted-Digital-Signage-Display-5-1.webp 750w, https:\/\/hiti.be\/wp-content\/uploads\/2022\/08\/IP65-Outdoor-Wall-mounted-Digital-Signage-Display-5-1-288x300.webp 288w, https:\/\/hiti.be\/wp-content\/uploads\/2022\/08\/IP65-Outdoor-Wall-mounted-Digital-Signage-Display-5-1-600x626.webp 600w\" alt=\"\" width=\"750\" height=\"782\" \/><\/p><h4 style=\"text-align: center;\">d\u00e9tails du produit<\/h4><p><img loading=\"lazy\" decoding=\"async\" src=\"https:\/\/hiti.be\/wp-content\/uploads\/2022\/08\/IP65-Outdoor-Wall-mounted-Digital-Signage-Display-12-1-707x1024.webp\" sizes=\"(max-width: 707px) 100vw, 707px\" srcset=\"https:\/\/hiti.be\/wp-content\/uploads\/2022\/08\/IP65-Outdoor-Wall-mounted-Digital-Signage-Display-12-1-707x1024.webp 707w, https:\/\/hiti.be\/wp-content\/uploads\/2022\/08\/IP65-Outdoor-Wall-mounted-Digital-Signage-Display-12-1-207x300.webp 207w, https:\/\/hiti.be\/wp-content\/uploads\/2022\/08\/IP65-Outdoor-Wall-mounted-Digital-Signage-Display-12-1-600x870.webp 600w, https:\/\/hiti.be\/wp-content\/uploads\/2022\/08\/IP65-Outdoor-Wall-mounted-Digital-Signage-Display-12-1.webp 750w\" alt=\"\" width=\"707\" height=\"1024\" \/><\/p><h3 style=\"text-align: center;\">Applications populaires<\/h3><p><img loading=\"lazy\" decoding=\"async\" src=\"https:\/\/hiti.be\/wp-content\/uploads\/2022\/08\/IP65-Outdoor-Wall-mounted-Digital-Signage-Display-1-1.webp\" sizes=\"(max-width: 750px) 100vw, 750px\" srcset=\"https:\/\/hiti.be\/wp-content\/uploads\/2022\/08\/IP65-Outdoor-Wall-mounted-Digital-Signage-Display-1-1.webp 750w, https:\/\/hiti.be\/wp-content\/uploads\/2022\/08\/IP65-Outdoor-Wall-mounted-Digital-Signage-Display-1-1-242x300.webp 242w, https:\/\/hiti.be\/wp-content\/uploads\/2022\/08\/IP65-Outdoor-Wall-mounted-Digital-Signage-Display-1-1-600x745.webp 600w\" alt=\"\" width=\"750\" height=\"931\" \/><\/p>\t\t\t\t\t\t\t\t<\/div>\n\t\t\t\t<\/div>\n\t\t\t\t\t<\/div>\n\t\t<\/div>\n\t\t\t\t\t<\/div>\n\t\t<\/section>\n\t\t\t\t<section class=\"elementor-section elementor-top-section elementor-element elementor-element-0d9886f elementor-section-boxed elementor-section-height-default elementor-section-height-default\" data-id=\"0d9886f\" data-element_type=\"section\" data-e-type=\"section\" id=\"caracteristiques\" data-settings=\"{&quot;ekit_has_onepagescroll_dot&quot;:&quot;yes&quot;}\">\n\t\t\t\t\t\t<div class=\"elementor-container elementor-column-gap-default\">\n\t\t\t\t\t<div class=\"elementor-column elementor-col-100 elementor-top-column elementor-element elementor-element-987f99b\" data-id=\"987f99b\" data-element_type=\"column\" data-e-type=\"column\">\n\t\t\t<div class=\"elementor-widget-wrap elementor-element-populated\">\n\t\t\t\t\t\t<div class=\"elementor-element elementor-element-d752cf9 elementor-widget elementor-widget-text-editor\" data-id=\"d752cf9\" data-element_type=\"widget\" data-e-type=\"widget\" data-settings=\"{&quot;ekit_we_effect_on&quot;:&quot;none&quot;}\" data-widget_type=\"text-editor.default\">\n\t\t\t\t<div class=\"elementor-widget-container\">\n\t\t\t\t\t\t\t\t\t<p>\u00a0<\/p><p>\u00a0<\/p><table width=\"742\"><tbody><tr><td colspan=\"3\" width=\"200\">\u00a0<\/td><td colspan=\"7\" width=\"542\">\u00a0<\/td><\/tr><tr><td rowspan=\"10\" width=\"64\"><strong><span>Panneau<\/span><\/strong><\/td><td colspan=\"2\" width=\"135\"><span>Taille d&rsquo;affichage (pouce)<\/span><\/td><td width=\"77\"><span>32\u2033<\/span><\/td><td width=\"77\"><span>43\u00a0\u00bb<\/span><\/td><td width=\"77\"><span>49\u2033<\/span><\/td><td width=\"77\"><span>55\u2033<\/span><\/td><td width=\"77\"><span>65\u2033<\/span><\/td><td width=\"77\"><span>75\u2033<\/span><\/td><td width=\"77\"><span>86\u2033<\/span><\/td><\/tr><tr><td colspan=\"2\" width=\"135\"><span>R\u00e9solution<\/span><\/td><td width=\"77\"><span>1920\u00d71080<\/span><p>\u00a0<\/p><p><span>(16:9)<\/span><\/p><\/td><td width=\"77\"><span>1920\u00d71080<\/span><p>\u00a0<\/p><p><span>(16:9)<\/span><\/p><\/td><td width=\"77\"><span>1920\u00d71080<\/span><p>\u00a0<\/p><p><span>(16:9)<\/span><\/p><\/td><td width=\"77\"><span>1920\u00d71080<\/span><p>\u00a0<\/p><p><span>(16:9)<\/span><\/p><\/td><td width=\"77\"><span>1920\u00d71080<\/span><p>\u00a0<\/p><p><span>(16:9)<\/span><\/p><\/td><td width=\"77\"><span>3840\u00d72160<\/span><p>\u00a0<\/p><p><span>(16:9)<\/span><\/p><\/td><td width=\"77\"><span>3840\u00d72160<\/span><p>\u00a0<\/p><p><span>(16:9)<\/span><\/p><\/td><\/tr><tr><td colspan=\"2\" width=\"135\"><span>Zone d&rsquo;affichage active(mm)<\/span><\/td><td width=\"77\"><span>700.5(H)<\/span><p>\u00a0<\/p><p><span>x394.8(V)<\/span><\/p><\/td><td width=\"77\"><span>941.2*532.4<\/span><\/td><td width=\"77\"><span>1073.5(H) x<\/span><p>\u00a0<\/p><p><span>603.0(V)<\/span><\/p><\/td><td width=\"77\"><span>1209.6(H)x<\/span><p>\u00a0<\/p><p><span>680.4(V)<\/span><\/p><\/td><td width=\"77\"><span>1428.5(H) x<\/span><p>\u00a0<\/p><p><span>803.5(V)<\/span><\/p><\/td><td width=\"77\"><span>1650.3(H) x<\/span><p>\u00a0<\/p><p><span>928.3(V)<\/span><\/p><\/td><td width=\"77\"><span>1938.2(H)x<\/span><p>\u00a0<\/p><p><span>1098.3(V)<\/span><\/p><\/td><\/tr><tr><td colspan=\"2\" width=\"135\"><span>Ratio d&rsquo;aspect<\/span><\/td><td width=\"77\"><span>16:09<\/span><\/td><td width=\"77\"><span>16:09<\/span><\/td><td width=\"77\"><span>16:09<\/span><\/td><td width=\"77\"><span>16:09<\/span><\/td><td width=\"77\"><span>16:09<\/span><\/td><td width=\"77\"><span>16:09<\/span><\/td><td width=\"77\"><span>16:09<\/span><\/td><\/tr><tr><td colspan=\"2\" width=\"135\"><span>Luminosit\u00e9(cd\/m2)<\/span><\/td><td width=\"77\"><span>1500nit<\/span><\/td><td width=\"77\"><span>2000nit<\/span><\/td><td width=\"77\"><span>2000nit<\/span><\/td><td width=\"77\"><span>2500nit<\/span><\/td><td width=\"77\"><span>2500nit<\/span><\/td><td width=\"77\"><span>3000nit<\/span><\/td><td width=\"77\"><span>3000nit<\/span><\/td><\/tr><tr><td colspan=\"2\" width=\"135\"><span>Rapport de contraste (Typ.)<\/span><\/td><td width=\"77\"><span>1000:1<\/span><\/td><td width=\"77\"><span>1200:1<\/span><\/td><td width=\"77\"><span>1500:1<\/span><\/td><td width=\"77\"><span>2000:1<\/span><\/td><td width=\"77\"><span>2000:1<\/span><\/td><td width=\"77\"><span>3000:1<\/span><\/td><td width=\"77\"><span>4000:1<\/span><\/td><\/tr><tr><td colspan=\"2\" width=\"135\"><span>Angle de vue (H\/V)<\/span><\/td><td colspan=\"7\" width=\"542\"><span>178\/178<\/span><\/td><\/tr><tr><td colspan=\"2\" width=\"135\"><span>Couleur<\/span><\/td><td colspan=\"7\" width=\"542\"><span>16.7M<\/span><\/td><\/tr><tr><td colspan=\"2\" width=\"135\"><span>Temps de r\u00e9ponse (G \u00e0 G)<\/span><\/td><td colspan=\"7\" width=\"542\"><span>6ms<\/span><\/td><\/tr><tr><td colspan=\"2\" width=\"135\"><span>Heure d&rsquo;ouverture<\/span><\/td><td colspan=\"7\" width=\"542\"><span>24\/7<\/span><\/td><\/tr><tr><td width=\"64\"><strong><span>Du son<\/span><\/strong><\/td><td colspan=\"2\" width=\"135\"><span>Haut-parleur<\/span><\/td><td colspan=\"7\" width=\"542\"><span>5W, 8\u03a9 (2 jeux)<\/span><\/td><\/tr><tr><td rowspan=\"5\" width=\"64\"><strong><span>Du pouvoir<\/span><\/strong><\/td><td colspan=\"2\" width=\"135\"><span>Taper<\/span><\/td><td colspan=\"7\" width=\"542\"><span>Interne<\/span><\/td><\/tr><tr><td colspan=\"2\" width=\"135\"><span>Source de courant<\/span><\/td><td colspan=\"7\" width=\"542\"><span>CA 100 \u2013 240 V~ (+\/- 10 %), 50\/60 Hz<\/span><\/td><\/tr><tr><td rowspan=\"3\" width=\"58\"><span>Consommation d&rsquo;\u00e9nergie<\/span><\/td><td width=\"77\"><span>Max[W\/h]<\/span><\/td><td width=\"77\"><span>100<\/span><\/td><td width=\"77\"><span>110<\/span><\/td><td width=\"77\"><span>120<\/span><\/td><td width=\"77\"><span>150<\/span><\/td><td width=\"77\"><span>260<\/span><\/td><td width=\"77\"><span>280<\/span><\/td><td width=\"77\"><span>360<\/span><\/td><\/tr><tr><td width=\"77\"><span>Mode veille<\/span><\/td><td colspan=\"7\" width=\"542\"><span>moins de 0.5W<\/span><\/td><\/tr><tr><td width=\"77\"><span>Arr\u00eat<\/span><\/td><td colspan=\"7\" width=\"542\"><span>moins de 0.5W<\/span><\/td><\/tr><tr><td rowspan=\"2\" width=\"64\"><strong><span>M\u00e9canique<\/span><\/strong><p>\u00a0<\/p><p><strong><span>Sp\u00e9cification<\/span><\/strong><\/p><\/td><td colspan=\"2\" width=\"135\"><span>Verre de protection<\/span><\/td><td colspan=\"7\" width=\"542\"><span>Oui<\/span><\/td><\/tr><tr><td colspan=\"2\" width=\"135\"><span>Type de support<\/span><\/td><td colspan=\"7\" width=\"542\"><span>Mural<\/span><\/td><\/tr><tr><td rowspan=\"6\" width=\"64\"><strong><span>Environnement<\/span><\/strong><\/td><td colspan=\"2\" width=\"135\"><span>Temp\u00e9rature de fonctionnement<\/span><\/td><td colspan=\"7\" width=\"542\"><span>-30\u00b0C ~ 50\u00b0C<\/span><\/td><\/tr><tr><td colspan=\"2\" width=\"135\"><span>Temp\u00e9rature de stockage<\/span><\/td><td colspan=\"7\" width=\"542\"><span>-30\u00b0C ~ 55\u00b0C<\/span><\/td><\/tr><tr><td colspan=\"2\" width=\"135\"><span>humidit\u00e9 d&rsquo;exploitation<\/span><\/td><td colspan=\"7\" width=\"542\"><span>10\u00a0% ~ 80\u00a0%<\/span><\/td><\/tr><tr><td colspan=\"2\" width=\"135\"><span>Humidit\u00e9 de stockage<\/span><\/td><td colspan=\"7\" width=\"542\"><span>5% ~ 95%<\/span><\/td><\/tr><tr><td colspan=\"2\" width=\"135\"><span>Syst\u00e8me de refroidissement<\/span><\/td><td colspan=\"7\" width=\"542\"><span>Turboventilateur puissant et ventilateur \u00e0 flux crois\u00e9s\/climatisation (en option)<\/span><\/td><\/tr><tr><td colspan=\"2\" width=\"135\"><span>Protection contre l&rsquo;hypothermie<\/span><\/td><td colspan=\"7\" width=\"542\"><span>Chauffage (r\u00e9chauffeur de feuilles d&rsquo;aluminium) (En option)<\/span><\/td><\/tr><tr><td rowspan=\"10\" width=\"64\"><strong><span>SE<\/span><\/strong><\/td><td rowspan=\"10\" width=\"58\"><span>Lecteur multim\u00e9dia Android<\/span><\/td><td width=\"77\"><span>Processeur<\/span><\/td><td colspan=\"7\" width=\"542\"><span>Rockchip\u00ae RK3288 (1,8 GHz, quadric\u0153ur)<\/span><\/td><\/tr><tr><td width=\"77\"><span>RAM<\/span><\/td><td colspan=\"7\" width=\"542\"><span>2G<\/span><\/td><\/tr><tr><td width=\"77\"><span>\u00c9clat<\/span><\/td><td colspan=\"7\" width=\"542\"><span>MEM 8G<\/span><\/td><\/tr><tr><td width=\"77\"><span>USB<\/span><\/td><td colspan=\"7\" width=\"542\"><span>H\u00d4TE USB2.0 (X2)<\/span><\/td><\/tr><tr><td width=\"77\"><span>r\u00e9seau local<\/span><\/td><td colspan=\"7\" width=\"542\"><span>Ethernet 10M\/100M (\u00e9cran de version r\u00e9seau uniquement)<\/span><\/td><\/tr><tr><td width=\"77\"><span>M\u00e9moire externe<\/span><\/td><td colspan=\"7\" width=\"542\"><span>Carte SD 8 Go (jusqu&rsquo;\u00e0 32 Go)<\/span><\/td><\/tr><tr><td width=\"77\"><span>Multim\u00e9dia<\/span><\/td><td colspan=\"7\" width=\"542\"><span>Vid\u00e9o (MPG, AVI, MP4, RM, RMVB, TS), Audio (MP3, WMA), Image (JPG, GIF, BMP, PNG)<\/span><\/td><\/tr><tr><td width=\"77\"><span>R\u00e9solution multim\u00e9dia<\/span><\/td><td colspan=\"7\" width=\"542\"><span>1920*1080<\/span><\/td><\/tr><tr><td width=\"77\"><span>Wifi<\/span><\/td><td colspan=\"7\" width=\"542\"><span>Ethernet 802.11b\/g\/n (\u00e9cran de version r\u00e9seau uniquement)<\/span><\/td><\/tr><tr><td width=\"77\"><span>Syst\u00e8me op\u00e9rateur<\/span><\/td><td colspan=\"7\" width=\"542\"><span>Android 7.1<\/span><\/td><\/tr><tr><td width=\"64\"><strong><span>Certificat<\/span><\/strong><\/td><td colspan=\"2\" width=\"135\"><span>S\u00e9curit\u00e9<\/span><\/td><td colspan=\"7\" width=\"542\"><span>CE ROHS IP65<\/span><\/td><\/tr><tr><td rowspan=\"3\" width=\"64\"><strong><span>Accessoires<\/span><\/strong><\/td><td colspan=\"2\" width=\"135\"><span>Inclus<\/span><\/td><td colspan=\"7\" width=\"542\"><span>Logiciel de planification, T\u00e9l\u00e9commande, Cl\u00e9, C\u00e2ble d&rsquo;alimentation, Carte SD, Support mural<\/span><\/td><\/tr><tr><td colspan=\"2\" width=\"135\"><span>Assurance qualit\u00e9<\/span><\/td><td colspan=\"7\" width=\"542\"><span>1 an<\/span><\/td><\/tr><tr><td colspan=\"2\" width=\"135\"><span>Genre d&#8217;emballage<\/span><\/td><td colspan=\"7\" width=\"542\"><span>Bo\u00eete en Carton\/bo\u00eete en nid d&rsquo;abeille + caisse en bois<\/span><\/td><\/tr><\/tbody><\/table>\t\t\t\t\t\t\t\t<\/div>\n\t\t\t\t<\/div>\n\t\t\t\t\t<\/div>\n\t\t<\/div>\n\t\t\t\t\t<\/div>\n\t\t<\/section>\n\t\t\t\t<\/div>\n\t\t","protected":false},"excerpt":{"rendered":"<p>Features<\/p>\n<p><strong>Screen, ultra-high brightness of 2000 ~ 3000 nits placed in portrait or landscape mode and is mounted to the wall\/ceiling. It also has a tempered glass, anti-reflective, and is cooled by air. This product is ideal for public transport, shop fronts, hotels, schools, parks, banks, etc.<\/strong><\/p>\n<ul>\n<li><i class=\"bx bx-check\"><\/i>\u00a0Sizes : 21,5&#034; 32&#034; 43&#034; 49&#034; 55&#034; 65&#034; 75&#034; 86&#034; 98&#034;<\/li>\n<li>\u00a0Brightness : 2000~3000 nits<\/li>\n<li>\u00a0Resolution : 1920*1080<\/li>\n<li>\u00a0Installation\uff1a Wall \/ Ceiling<\/li>\n<\/ul>\n<p>&nbsp;<\/p>\n<p>You are interested ? then your wait is over !<\/p>\n<p>\u201cThe display of the prices is not available,\u00a0<a href=\"https:\/\/www.ynova.be\/en\/devis\/\"><span style=\"color: #3366ff;\">please contact us to make an estimate\u00a0<\/span><\/a>\u201c<\/p>","protected":false},"featured_media":29396,"template":"","meta":{"_acf_changed":false},"product_brand":[],"product_cat":[655],"product_tag":[],"class_list":{"0":"post-1111","1":"product","2":"type-product","3":"status-publish","4":"has-post-thumbnail","6":"product_cat-kiosque-exterieur","8":"first","9":"instock","10":"taxable","11":"shipping-taxable","12":"product-type-simple"},"acf":[],"_links":{"self":[{"href":"https:\/\/www.ynova.be\/en\/wp-json\/wp\/v2\/product\/1111","targetHints":{"allow":["GET"]}}],"collection":[{"href":"https:\/\/www.ynova.be\/en\/wp-json\/wp\/v2\/product"}],"about":[{"href":"https:\/\/www.ynova.be\/en\/wp-json\/wp\/v2\/types\/product"}],"version-history":[{"count":0,"href":"https:\/\/www.ynova.be\/en\/wp-json\/wp\/v2\/product\/1111\/revisions"}],"wp:featuredmedia":[{"embeddable":true,"href":"https:\/\/www.ynova.be\/en\/wp-json\/wp\/v2\/media\/29396"}],"wp:attachment":[{"href":"https:\/\/www.ynova.be\/en\/wp-json\/wp\/v2\/media?parent=1111"}],"wp:term":[{"taxonomy":"product_brand","embeddable":true,"href":"https:\/\/www.ynova.be\/en\/wp-json\/wp\/v2\/product_brand?post=1111"},{"taxonomy":"product_cat","embeddable":true,"href":"https:\/\/www.ynova.be\/en\/wp-json\/wp\/v2\/product_cat?post=1111"},{"taxonomy":"product_tag","embeddable":true,"href":"https:\/\/www.ynova.be\/en\/wp-json\/wp\/v2\/product_tag?post=1111"}],"curies":[{"name":"wp","href":"https:\/\/api.w.org\/{rel}","templated":true}]}}